{"id":999,"date":"2025-03-07T12:35:40","date_gmt":"2025-03-07T12:35:40","guid":{"rendered":"https:\/\/centerprint.hu\/?page_id=999"},"modified":"2026-02-19T18:30:35","modified_gmt":"2026-02-19T18:30:35","slug":"katalogus","status":"publish","type":"page","link":"https:\/\/centerprint.hu\/ro\/katalogus\/","title":{"rendered":"Katal\u00f3gus"},"content":{"rendered":"<p style=\"text-align: center;\"><strong>Tekintse meg online c\u00e9ges katal\u00f3gusunkat!<\/strong><\/p>\n<p>online katal\u00f3gus<\/p>\n","protected":false},"excerpt":{"rendered":"<p>Tekintse meg online c\u00e9ges katal\u00f3gusunkat! online katal\u00f3gus<\/p>\n","protected":false},"author":3,"featured_media":0,"parent":0,"menu_order":0,"comment_status":"closed","ping_status":"closed","template":"","meta":{"_acf_changed":false,"footnotes":""},"class_list":["post-999","page","type-page","status-publish","hentry"],"acf":[],"_links":{"self":[{"href":"https:\/\/centerprint.hu\/ro\/wp-json\/wp\/v2\/pages\/999","targetHints":{"allow":["GET"]}}],"collection":[{"href":"https:\/\/centerprint.hu\/ro\/wp-json\/wp\/v2\/pages"}],"about":[{"href":"https:\/\/centerprint.hu\/ro\/wp-json\/wp\/v2\/types\/page"}],"author":[{"embeddable":true,"href":"https:\/\/centerprint.hu\/ro\/wp-json\/wp\/v2\/users\/3"}],"replies":[{"embeddable":true,"href":"https:\/\/centerprint.hu\/ro\/wp-json\/wp\/v2\/comments?post=999"}],"version-history":[{"count":3,"href":"https:\/\/centerprint.hu\/ro\/wp-json\/wp\/v2\/pages\/999\/revisions"}],"predecessor-version":[{"id":1114,"href":"https:\/\/centerprint.hu\/ro\/wp-json\/wp\/v2\/pages\/999\/revisions\/1114"}],"wp:attachment":[{"href":"https:\/\/centerprint.hu\/ro\/wp-json\/wp\/v2\/media?parent=999"}],"curies":[{"name":"wp","href":"https:\/\/api.w.org\/{rel}","templated":true}]}}