{"id":994,"date":"2025-01-09T06:17:34","date_gmt":"2025-01-09T06:17:34","guid":{"rendered":"https:\/\/centerprint.hu\/?page_id=994"},"modified":"2025-01-10T09:45:43","modified_gmt":"2025-01-10T09:45:43","slug":"termekmenedzser-nyomdai-kalkulator","status":"publish","type":"page","link":"https:\/\/centerprint.hu\/ro\/termekmenedzser-nyomdai-kalkulator\/","title":{"rendered":"TERM\u00c9KMENEDZSER &#8211; NYOMDAI KALKUL\u00c1TOR \u00c1LL\u00c1S DEBRECEN"},"content":{"rendered":"<p><img loading=\"lazy\" decoding=\"async\" width=\"1600\" height=\"840\" class=\"alignnone wp-image-367 size-large\" src=\"http:\/\/centerprint.hu\/wp-content\/uploads\/2022\/01\/Munkatarsat-keresunk-1600x840.jpg\" alt=\"TERM\u00c9KMENEDZSER - NYOMDAI KALKUL\u00c1TOR \u00c1LL\u00c1S DEBRECEN\" \/><\/p>\n<h2 id=\"offer\"><strong>TERM\u00c9KMENEDZSER &#8211; NYOMDAI KALKUL\u00c1TOR \u00c1LL\u00c1S DEBRECEN<\/strong><\/h2>\n<div>\n<p><strong>F\u0151bb feladatok:<\/strong><\/p>\n<ul>\n<li>be\u00e9rkez\u0151 \u00e1raj\u00e1nlatk\u00e9r\u00e9sek feldolgoz\u00e1sa, nyomdai kalkul\u00e1ci\u00f3k k\u00e9sz\u00edt\u00e9se<\/li>\n<li>kapcsolattart\u00e1s az \u00fcgyfelekkel, alv\u00e1llalkoz\u00f3kkal<\/li>\n<\/ul>\n<p><strong>Az \u00e1ll\u00e1s bet\u00f6lt\u00e9s\u00e9hez tartoz\u00f3 elv\u00e1r\u00e1sok:<\/strong><\/p>\n<ul>\n<li>legal\u00e1bb k\u00f6z\u00e9pfok\u00fa szakir\u00e1ny\u00fa v\u00e9gzetts\u00e9g<\/li>\n<li>nyomdaiparban szerzett tapasztalat minimum 3 \u00e9v<\/li>\n<li>\u00e1tfog\u00f3 gy\u00e1rt\u00e1stechnol\u00f3gia ismeret<\/li>\n<li>kiv\u00e1l\u00f3 kommunik\u00e1ci\u00f3s k\u00e9szs\u00e9g<\/li>\n<li>magas probl\u00e9mamegold\u00f3 \u00e9s logikai k\u00e9pess\u00e9g<\/li>\n<\/ul>\n<p><strong>Az \u00e1ll\u00e1s bet\u00f6lt\u00e9s\u00e9hez tartoz\u00f3 el\u0151ny\u00f6k:<\/strong><\/p>\n<ul>\n<li>Scroll nyomdai program ismerete<\/li>\n<li>g\u00e9pmesteri, k\u00f6t\u00e9szeti szakir\u00e1ny\u00fa v\u00e9gzetts\u00e9g<\/li>\n<li>j\u00f3 szervez\u0151i k\u00e9szs\u00e9g<\/li>\n<li>nyomdai grafikai programok ismerete<\/li>\n<\/ul>\n<p><strong>Amit k\u00edn\u00e1lunk:<\/strong><\/p>\n<ul>\n<li>teljes \u00e9rt\u00e9k\u0171 f\u0151\u00e1ll\u00e1s\u00fa, hat\u00e1rozatlan idej\u0171 munkaviszony<\/li>\n<li>stabil, megb\u00edzhat\u00f3 munkaad\u00f3i h\u00e1tt\u00e9r<\/li>\n<li>tervezett \u00e9s t\u00e1mogatott betanul\u00e1si program, folyamatos szakmai fejl\u0151d\u00e9s<\/li>\n<li>v\u00e1ltozatos szakmai feladatok<\/li>\n<li>magas sz\u00ednvonal\u00fa, innovat\u00edv munkak\u00f6rnyezet<\/li>\n<li>dinamikus csapat, csal\u00e1dias munkal\u00e9gk\u00f6r, t\u00e1mogat\u00f3 koll\u00e9g\u00e1k<\/li>\n<li>szabad h\u00e9tv\u00e9ge<\/li>\n<\/ul>\n<p><strong>Jelentkez\u00e9s szem\u00e9lyesen:<\/strong><br \/>\nCenter-Print Nyomda Kft.<br \/>\n4027 Debrecen, F\u00fcredi u. 76.<\/p>\n<p><strong>E-mailben:<\/strong> hr@centerprint.hu (\u00f6n\u00e9letrajz \u00e9s fizet\u00e9si ig\u00e9ny megad\u00e1s\u00e1val)<\/p>\n<p>V\u00c1RJUK JELENTKEZ\u00c9S\u00c9T!<\/p>\n<p>&nbsp;<\/p>\n<\/div>\n","protected":false},"excerpt":{"rendered":"<p>TERM\u00c9KMENEDZSER &#8211; NYOMDAI KALKUL\u00c1TOR \u00c1LL\u00c1S DEBRECEN F\u0151bb feladatok: be\u00e9rkez\u0151 \u00e1raj\u00e1nlatk\u00e9r\u00e9sek feldolgoz\u00e1sa, nyomdai kalkul\u00e1ci\u00f3k k\u00e9sz\u00edt\u00e9se kapcsolattart\u00e1s az \u00fcgyfelekkel, alv\u00e1llalkoz\u00f3kkal Az \u00e1ll\u00e1s bet\u00f6lt\u00e9s\u00e9hez tartoz\u00f3 elv\u00e1r\u00e1sok: legal\u00e1bb k\u00f6z\u00e9pfok\u00fa szakir\u00e1ny\u00fa v\u00e9gzetts\u00e9g nyomdaiparban szerzett tapasztalat minimum 3 \u00e9v \u00e1tfog\u00f3 gy\u00e1rt\u00e1stechnol\u00f3gia ismeret kiv\u00e1l\u00f3 kommunik\u00e1ci\u00f3s k\u00e9szs\u00e9g magas probl\u00e9mamegold\u00f3 \u00e9s logikai k\u00e9pess\u00e9g Az \u00e1ll\u00e1s bet\u00f6lt\u00e9s\u00e9hez tartoz\u00f3 el\u0151ny\u00f6k: Scroll nyomdai program ismerete g\u00e9pmesteri, k\u00f6t\u00e9szeti [&hellip;]<\/p>\n","protected":false},"author":3,"featured_media":0,"parent":0,"menu_order":0,"comment_status":"closed","ping_status":"closed","template":"","meta":{"_acf_changed":false,"footnotes":""},"class_list":["post-994","page","type-page","status-publish","hentry"],"acf":[],"_links":{"self":[{"href":"https:\/\/centerprint.hu\/ro\/wp-json\/wp\/v2\/pages\/994","targetHints":{"allow":["GET"]}}],"collection":[{"href":"https:\/\/centerprint.hu\/ro\/wp-json\/wp\/v2\/pages"}],"about":[{"href":"https:\/\/centerprint.hu\/ro\/wp-json\/wp\/v2\/types\/page"}],"author":[{"embeddable":true,"href":"https:\/\/centerprint.hu\/ro\/wp-json\/wp\/v2\/users\/3"}],"replies":[{"embeddable":true,"href":"https:\/\/centerprint.hu\/ro\/wp-json\/wp\/v2\/comments?post=994"}],"version-history":[{"count":1,"href":"https:\/\/centerprint.hu\/ro\/wp-json\/wp\/v2\/pages\/994\/revisions"}],"predecessor-version":[{"id":996,"href":"https:\/\/centerprint.hu\/ro\/wp-json\/wp\/v2\/pages\/994\/revisions\/996"}],"wp:attachment":[{"href":"https:\/\/centerprint.hu\/ro\/wp-json\/wp\/v2\/media?parent=994"}],"curies":[{"name":"wp","href":"https:\/\/api.w.org\/{rel}","templated":true}]}}