{"id":90,"date":"2018-04-08T16:03:35","date_gmt":"2018-04-08T16:03:35","guid":{"rendered":"http:\/\/centerprint.hu\/?page_id=90"},"modified":"2026-02-16T08:30:41","modified_gmt":"2026-02-16T08:30:41","slug":"karrier","status":"publish","type":"page","link":"https:\/\/centerprint.hu\/ro\/karrier\/","title":{"rendered":"Carier\u0103"},"content":{"rendered":"<p><strong>Aktu\u00e1lis \u00e1ll\u00e1saj\u00e1nlatunk<\/strong><\/p>\n<h3>2 f\u0151 K\u00d6T\u00c9SZETI MUNKAT\u00c1RS<\/h3>\n<p>A Center-Print Nyomda Kft. felv\u00e9telre keres 2 f\u0151 k\u00f6t\u00e9szeti munkat\u00e1rsat egym\u0171szakos munkarendbe, 8 \u00f3r\u00e1s munkaid\u0151be.<br \/>\nNyomd\u00e1ban szerzett szakmai tapasztalat el\u0151ny, de nem felt\u00e9tel. Kezd\u0151, szakmai tapasztalattal nem rendelkez\u0151 munkat\u00e1rsak jelentkez\u00e9s\u00e9t is v\u00e1rjuk.<\/p>\n<p><strong>F\u0151bb feladatok: <\/strong><\/p>\n<ul>\n<li>k\u00e9zi ragaszt\u00e1s<\/li>\n<li>\u00f6sszehord\u00e1s<\/li>\n<li>nyomdai ut\u00f3munk\u00e1k<\/li>\n<li>betanul\u00e1s ut\u00e1n egyszer\u0171 k\u00f6t\u00e9szeti g\u00e9pek kezel\u00e9se<\/li>\n<\/ul>\n<p><strong>Jelentkez\u00e9s szem\u00e9lyesen:<\/strong><br \/>\nCenter-Print Nyomda Kft.<br \/>\n4027 Debrecen, F\u00fcredi u. 76. (h\u00e1tul az udvarban)<\/p>\n<p><strong>E-mailben:<\/strong>&nbsp;szaboandrea@centerprint.hu (\u00f6n\u00e9letrajz \u00e9s fizet\u00e9si ig\u00e9ny megad\u00e1s\u00e1val)<br \/>\n<strong>Telefonon:<\/strong> 52\/340-041<\/p>\n<p>V\u00c1RJUK JELENTKEZ\u00c9S\u00c9T!<\/p>\n","protected":false},"excerpt":{"rendered":"<p>Aktu\u00e1lis \u00e1ll\u00e1saj\u00e1nlatunk 2 f\u0151 K\u00d6T\u00c9SZETI MUNKAT\u00c1RS A Center-Print Nyomda Kft. felv\u00e9telre keres 2 f\u0151 k\u00f6t\u00e9szeti munkat\u00e1rsat egym\u0171szakos munkarendbe, 8 \u00f3r\u00e1s munkaid\u0151be. Nyomd\u00e1ban szerzett szakmai tapasztalat el\u0151ny, de nem felt\u00e9tel. Kezd\u0151, szakmai tapasztalattal nem rendelkez\u0151 munkat\u00e1rsak jelentkez\u00e9s\u00e9t is v\u00e1rjuk. F\u0151bb feladatok: k\u00e9zi ragaszt\u00e1s \u00f6sszehord\u00e1s nyomdai ut\u00f3munk\u00e1k betanul\u00e1s ut\u00e1n egyszer\u0171 k\u00f6t\u00e9szeti g\u00e9pek kezel\u00e9se Jelentkez\u00e9s szem\u00e9lyesen: Center-Print Nyomda [&hellip;]<\/p>\n","protected":false},"author":1,"featured_media":0,"parent":0,"menu_order":5,"comment_status":"closed","ping_status":"closed","template":"","meta":{"_acf_changed":false,"footnotes":""},"class_list":["post-90","page","type-page","status-publish","hentry"],"acf":[],"_links":{"self":[{"href":"https:\/\/centerprint.hu\/ro\/wp-json\/wp\/v2\/pages\/90","targetHints":{"allow":["GET"]}}],"collection":[{"href":"https:\/\/centerprint.hu\/ro\/wp-json\/wp\/v2\/pages"}],"about":[{"href":"https:\/\/centerprint.hu\/ro\/wp-json\/wp\/v2\/types\/page"}],"author":[{"embeddable":true,"href":"https:\/\/centerprint.hu\/ro\/wp-json\/wp\/v2\/users\/1"}],"replies":[{"embeddable":true,"href":"https:\/\/centerprint.hu\/ro\/wp-json\/wp\/v2\/comments?post=90"}],"version-history":[{"count":4,"href":"https:\/\/centerprint.hu\/ro\/wp-json\/wp\/v2\/pages\/90\/revisions"}],"predecessor-version":[{"id":1014,"href":"https:\/\/centerprint.hu\/ro\/wp-json\/wp\/v2\/pages\/90\/revisions\/1014"}],"wp:attachment":[{"href":"https:\/\/centerprint.hu\/ro\/wp-json\/wp\/v2\/media?parent=90"}],"curies":[{"name":"wp","href":"https:\/\/api.w.org\/{rel}","templated":true}]}}