{"id":89,"date":"2018-04-08T15:55:34","date_gmt":"2018-04-08T15:55:34","guid":{"rendered":"http:\/\/centerprint.hu\/?page_id=89"},"modified":"2025-01-27T11:28:36","modified_gmt":"2025-01-27T11:28:36","slug":"csomagolastechnika","status":"publish","type":"page","link":"https:\/\/centerprint.hu\/ro\/szolgaltatasok\/csomagolastechnika\/","title":{"rendered":"Tehnici de ambalare"},"content":{"rendered":"<p>Descoperi\u021bi cele mai moderne solu\u021bii de ambalare cu ajutorul Center-Print \u0219i ridica\u021bi aspectul produselor dumneavoastr\u0103 la un nou nivel! Solicita\u021bi o ofert\u0103 chiar ast\u0103zi!<\/p>\n<p><img loading=\"lazy\" decoding=\"async\" width=\"1600\" height=\"773\" class=\"alignnone size-large wp-image-565\" src=\"http:\/\/centerprint.hu\/wp-content\/uploads\/2024\/08\/doboz-scaled-e1722848056430-1600x773.jpg\" alt=\"\" srcset=\"https:\/\/centerprint.hu\/wp-content\/uploads\/2024\/08\/doboz-scaled-e1722848056430-1600x773.jpg 1600w, https:\/\/centerprint.hu\/wp-content\/uploads\/2024\/08\/doboz-scaled-e1722848056430-1536x742.jpg 1536w, https:\/\/centerprint.hu\/wp-content\/uploads\/2024\/08\/doboz-scaled-e1722848056430-2048x990.jpg 2048w\" sizes=\"auto, (max-width: 1600px) 100vw, 1600px\" \/><\/p>\n<h3>Tehnici de ambalare \u2013 solu\u021bii inovatoare ale secolului 21 oferite de Center-Print<\/h3>\n<p>\u00cen domeniul tehnologiei de ambalare, echipa noastr\u0103 ofer\u0103 cele mai moderne \u0219i inovatoare solu\u021bii, astfel \u00eenc\u00e2t produsele dumneavoastr\u0103 s\u0103 se eviden\u021bieze garantat pe pia\u021b\u0103. Combin\u00e2nd estetica \u0219i func\u021bionalitatea, realiz\u0103m ambalaje atractive \u0219i practice, care \u00eendeplinesc pe deplin cerin\u021bele consumatorilor din zilele noastre.<\/p>\n<h3>Solu\u021bii de imprimare sigure pentru alimente (food safe) \u0219i sustenabilitate<\/h3>\n<p>\u00cen cazul ambalajelor pentru alimente, aplicarea tehnologiei de imprimare food safe este esen\u021bial\u0103. Cu o ma\u0219in\u0103 de imprimat offset dedicat\u0103, imprim\u0103m \u0219i trat\u0103m exclusiv produse destinate industriei alimentare, asigur\u00e2nd cel mai \u00eenalt nivel de siguran\u021b\u0103 \u0219i calitate. Astfel, garant\u0103m c\u0103 ambalajele noastre respect\u0103 toate reglement\u0103rile de siguran\u021b\u0103 alimentar\u0103, oferind \u00een acela\u0219i timp solu\u021bii sustenabile, ca o companie a secolului 21.<\/p>\n<h3>Servicii extinse de produc\u021bie \u0219i execu\u021bie<\/h3>\n<p>Oferim o gam\u0103 larg\u0103 de op\u021biuni pentru ambalajele alimentare, inclusiv cutii pentru street food, pr\u0103jituri, popcorn, cutii takeaway, conuri pentru chipsuri \u0219i sosuri, cutii pentru salate \u0219i cereale, precum \u0219i alte tipuri de cutii necesare pentru ambalarea alimentelor.<br \/>\nPentru dulciuri, fabric\u0103m cutii pentru bomboane, ciocolat\u0103 \u0219i biscui\u021bi, \u00een timp ce cutiile noastre pentru produse cosmetice \u0219i suplimente alimentare ofer\u0103 solu\u021bii elegante \u0219i func\u021bionale.<br \/>\nPunem la dispozi\u021bia clien\u021bilor no\u0219tri \u0219i pungi de h\u00e2rtie exclusiviste cu m\u00e2ner din \u0219nur \u0219i cutii de carton pentru b\u0103uturi, toate respect\u00e2nd cele mai \u00eenalte standarde de calitate.<\/p>\n<h3>Flexibilitate, oferte rapide, calitate<\/h3>\n<p>Echipa profesionist\u0103 de la tipografia Center-Print este m\u00e2ndr\u0103 s\u0103 ofere servicii rapide \u0219i flexibile. Abordarea noastr\u0103 orientat\u0103 spre client asigur\u0103 c\u0103 fiecare proiect \u00eendepline\u0219te cele mai \u00eenalte cerin\u021be de calitate \u0219i c\u0103 clien\u021bii no\u0219tri sunt pe deplin mul\u021bumi\u021bi de solu\u021biile oferite. Nu ezita\u021bi, contacta\u021bi-ne sau solicita\u021bi o ofert\u0103!<\/p>\n<p><img loading=\"lazy\" decoding=\"async\" width=\"1600\" height=\"914\" class=\"alignnone size-large wp-image-566\" src=\"http:\/\/centerprint.hu\/wp-content\/uploads\/2024\/08\/product-packaging-1600x914.jpeg\" alt=\"\" srcset=\"https:\/\/centerprint.hu\/wp-content\/uploads\/2024\/08\/product-packaging-1600x914.jpeg 1600w, https:\/\/centerprint.hu\/wp-content\/uploads\/2024\/08\/product-packaging-1536x878.jpeg 1536w, https:\/\/centerprint.hu\/wp-content\/uploads\/2024\/08\/product-packaging.jpeg 1792w\" sizes=\"auto, (max-width: 1600px) 100vw, 1600px\" \/><\/p>\n<h3>Ce \u00eenseamn\u0103 tehnologia de ambalare?<\/h3>\n<p>Tehnologia de ambalare este un domeniu complex, \u00een care trebuie luate \u00een considerare numeroase aspecte \u00een proiectarea cutiilor \u0219i a materialelor de ambalare. \u00centreb\u0103ri importante includ tipul de aliment sau produs care va fi ambalat, dac\u0103 acesta va intra \u00een contact cu gr\u0103simi sau uleiuri, dac\u0103 va fi congelat, \u0219i dac\u0103 este necesar\u0103 imprimarea unui logo sau design pe suprafa\u021b\u0103. Aceste detalii influen\u021beaz\u0103 alegerea materialului \u0219i designului ambalajului.<br \/>\nCa una dintre cele mai dinamice industrii din economia modern\u0103, tehnologia de ambalare joac\u0103 un rol cheie \u00een protejarea, depozitarea \u0219i comercializarea produselor. Ambalajul potrivit nu doar c\u0103 ofer\u0103 o valoare estetic\u0103 produsului, ci \u00eei asigur\u0103 integritatea pe durata transportului \u0219i depozit\u0103rii. Inova\u021bii precum ambalajele inteligente \u0219i utilizarea materialelor sustenabile contribuie semnificativ la reducerea impactului asupra mediului \u0219i la satisfacerea cerin\u021belor consumatorilor.<br \/>\nTehnologia de ambalare cuprinde o gam\u0103 larg\u0103 de materiale \u0219i tehnologii care permit un aspect unic \u0219i creativ al produselor, oferind \u00een acela\u0219i timp func\u021bionalitate maxim\u0103 \u0219i siguran\u021b\u0103.<\/p>\n<h3>Regulile nescrise \u0219i scrise ale tehnologiei de ambalare<\/h3>\n<p>Tehnologia de ambalare a evoluat \u00eentr-un domeniu de afaceri extins. Am creat o gam\u0103 larg\u0103 de produse pentru a satisface toate nevoile pie\u021bei, combin\u00e2nd cutiile cu procese de imprimare \u0219i finisare care permit personalizarea complet\u0103 a produselor \u00een func\u021bie de cerin\u021bele clien\u021bilor no\u0219tri.<br \/>\nOferta noastr\u0103 actual\u0103 acoper\u0103 o gam\u0103 larg\u0103 de tehnici \u0219i tipuri de produse utilizate \u00een fabricarea cutiilor. Parcul nostru de echipamente permite lipirea \u00een \u0219ase puncte, ideal\u0103 pentru producerea cutiilor mai complexe, garant\u00e2nd c\u0103 fiecare comand\u0103 atinge cele mai \u00eenalte standarde de calitate.<\/p>\n<h3>Oferim servicii extinse de produc\u021bie \u0219i execu\u021bie pentru urm\u0103toarele tipuri de produse:<\/h3>\n<p>Ambalaje alimentare (food safe):<\/p>\n<ul>\n<li>cutii pentru street food<\/li>\n<li>cutii pentru pr\u0103jituri<\/li>\n<li>cutii pentru popcorn<\/li>\n<li>cutii takeaway<\/li>\n<li>conuri pentru chipsuri \u0219i sosuri<\/li>\n<li>cutii pentru salate<\/li>\n<li>cutii pentru cereale<\/li>\n<li>alte cutii necesare pentru ambalarea alimentelor<\/li>\n<li>cutii de carton pentru b\u0103uturi<\/li>\n<\/ul>\n<p>Ambalaje pentru dulciuri (food safe):<\/p>\n<ul>\n<li>cutii pentru bomboane<\/li>\n<li>cutii pentru ciocolat\u0103<\/li>\n<li>cutii pentru biscui\u021bi<\/li>\n<li>alte tipuri de cutii<\/li>\n<\/ul>\n<p>Ambalaje pentru produse cosmetice \u0219i suplimente alimentare<br \/>\nCutii personalizate \u2013 cutii de cadouri<br \/>\nAmbalaje pentru echipamente tehnice \u2013 cutii<br \/>\nAmbalaje pentru echipamente informatice<br \/>\nCutii personalizate pentru piese<br \/>\nCutiile pentru utilizare general\u0103<br \/>\nCutiile pentru transport po\u0219tal<br \/>\nAmbalaje pentru cadouri<br \/>\nAmbalaje promo\u021bionale<br \/>\nPungi de h\u00e2rtie exclusiviste cu m\u00e2ner din \u0219nur<\/p>\n<p>Solicita\u021bi o ofert\u0103 chiar ast\u0103zi!<\/p>\n<p>Galerie<\/p>\n\t<!-- CSS Part Start From Here-->\n\t<style>\n\t\t#animated-thumbnails-510 a {\n\t\t\ttext-decoration: none !important;\n\t\t\tbox-shadow: 0 0px 0 0 currentcolor !important;\n\t\t}\n\n\n\t\t\/* Grayscale Effect *\/\n\t\t\n\t\t\n\t\t#animated-thumbnails-510 img {\n\t\t\twidth: 100% !important;\n\t\t\theight: auto !important;\n\t\t}\n\n\t\t.lg-icon {\n\t\t\tcolor:\n\t\t\t\tgold\t\t\t\t!important;\n\t\t}\n\n\t\t.pg-title {\n\t\t\tcolor:\n\t\t\t\twhite\t\t\t\t!important;\n\t\t}\n\n\t\t\t<\/style>\n\t\t<div id=\"animated-thumbnails-510\"\n\t\tclass=\"row all-images-510\">\n\t\t\t\t\t\t\t\t\t\t\t<a href=\"https:\/\/centerprint.hu\/wp-content\/uploads\/2024\/07\/img_1046-scaled.webp\"\n\t\t\t\t\t\tclass=\"single-image-510 col-lg-4 col-md-4 col-sm-4 col-xs-12\"\n\t\t\t\t\t\tdata-sub-html=\"egyedi d\u00edszdobozok\">\n\t\t\t\t\t\t<img class=\"thumbnail  \"\n\t\t\t\t\t\t\tsrc=\"https:\/\/centerprint.hu\/wp-content\/uploads\/2024\/07\/img_1046-scaled.webp\" alt=\"egyedi d\u00edszdobozok\" \/>\n\t\t\t\t\t<\/a>\n\t\t\t\t\n\t\t\t\t\n\t\t\t\t\t\t\t\t\t\t\t\t\t<a href=\"https:\/\/centerprint.hu\/wp-content\/uploads\/2024\/07\/img_1038-scaled.webp\"\n\t\t\t\t\t\tclass=\"single-image-510 col-lg-4 col-md-4 col-sm-4 col-xs-12\"\n\t\t\t\t\t\tdata-sub-html=\"egyedi d\u00edsz\u00e9ts\u0171 csomagol\u00e1s\">\n\t\t\t\t\t\t<img class=\"thumbnail  \"\n\t\t\t\t\t\t\tsrc=\"https:\/\/centerprint.hu\/wp-content\/uploads\/2024\/07\/img_1038-scaled.webp\" alt=\"egyedi d\u00edsz\u00e9ts\u0171 csomagol\u00e1s\" \/>\n\t\t\t\t\t<\/a>\n\t\t\t\t\n\t\t\t\t\n\t\t\t\t\t\t\t\t\t\t\t\t\t<a href=\"https:\/\/centerprint.hu\/wp-content\/uploads\/2024\/07\/img_1052-scaled.webp\"\n\t\t\t\t\t\tclass=\"single-image-510 col-lg-4 col-md-4 col-sm-4 col-xs-12\"\n\t\t\t\t\t\tdata-sub-html=\"egyedi d\u00edszdoboz\">\n\t\t\t\t\t\t<img class=\"thumbnail  \"\n\t\t\t\t\t\t\tsrc=\"https:\/\/centerprint.hu\/wp-content\/uploads\/2024\/07\/img_1052-scaled.webp\" alt=\"egyedi d\u00edszdoboz\" \/>\n\t\t\t\t\t<\/a>\n\t\t\t\t\n\t\t\t\t\n\t\t\t\t\t\t\t\t\t\t\t\t\t<a href=\"https:\/\/centerprint.hu\/wp-content\/uploads\/2023\/04\/dsc_0572.jpg\"\n\t\t\t\t\t\tclass=\"single-image-510 col-lg-4 col-md-4 col-sm-4 col-xs-12\"\n\t\t\t\t\t\tdata-sub-html=\"kozmetikai \u2013 sz\u00e9ps\u00e9g\u00e1pol\u00e1si egyedi csomagol\u00e1s\">\n\t\t\t\t\t\t<img class=\"thumbnail  \"\n\t\t\t\t\t\t\tsrc=\"https:\/\/centerprint.hu\/wp-content\/uploads\/2023\/04\/dsc_0572.jpg\" alt=\"kozmetikai \u2013 sz\u00e9ps\u00e9g\u00e1pol\u00e1si egyedi csomagol\u00e1s\" \/>\n\t\t\t\t\t<\/a>\n\t\t\t\t\n\t\t\t\t\n\t\t\t\t\t\t\t\t\t\t\t\t\t<a href=\"https:\/\/centerprint.hu\/wp-content\/uploads\/2024\/07\/img_1055-scaled.webp\"\n\t\t\t\t\t\tclass=\"single-image-510 col-lg-4 col-md-4 col-sm-4 col-xs-12\"\n\t\t\t\t\t\tdata-sub-html=\"eg\u00e9szs\u00e9g\u00fcgyi csomagol\u00e1s\">\n\t\t\t\t\t\t<img class=\"thumbnail  \"\n\t\t\t\t\t\t\tsrc=\"https:\/\/centerprint.hu\/wp-content\/uploads\/2024\/07\/img_1055-scaled.webp\" alt=\"eg\u00e9szs\u00e9g\u00fcgyi csomagol\u00e1s\" \/>\n\t\t\t\t\t<\/a>\n\t\t\t\t\n\t\t\t\t\n\t\t\t\t\t\t\t\t\t\t\t\t\t<a href=\"https:\/\/centerprint.hu\/wp-content\/uploads\/2024\/07\/doboz.jpg\"\n\t\t\t\t\t\tclass=\"single-image-510 col-lg-4 col-md-4 col-sm-4 col-xs-12\"\n\t\t\t\t\t\tdata-sub-html=\"d\u00edszdoboz\">\n\t\t\t\t\t\t<img class=\"thumbnail  \"\n\t\t\t\t\t\t\tsrc=\"https:\/\/centerprint.hu\/wp-content\/uploads\/2024\/07\/doboz.jpg\" alt=\"d\u00edszdoboz\" \/>\n\t\t\t\t\t<\/a>\n\t\t\t\t\n\t\t\t\t\n\t\t\t\t\t\t\t\t\t\t\t\t\t<a href=\"https:\/\/centerprint.hu\/wp-content\/uploads\/2024\/07\/img_1030-scaled.webp\"\n\t\t\t\t\t\tclass=\"single-image-510 col-lg-4 col-md-4 col-sm-4 col-xs-12\"\n\t\t\t\t\t\tdata-sub-html=\"d\u00edszdoboz\">\n\t\t\t\t\t\t<img class=\"thumbnail  \"\n\t\t\t\t\t\t\tsrc=\"https:\/\/centerprint.hu\/wp-content\/uploads\/2024\/07\/img_1030-scaled.webp\" alt=\"d\u00edszdoboz\" \/>\n\t\t\t\t\t<\/a>\n\t\t\t\t\n\t\t\t\t\n\t\t\t\t\t\t\t\t\t\t\t\t\t<a href=\"https:\/\/centerprint.hu\/wp-content\/uploads\/2024\/07\/img_1256-scaled.webp\"\n\t\t\t\t\t\tclass=\"single-image-510 col-lg-4 col-md-4 col-sm-4 col-xs-12\"\n\t\t\t\t\t\tdata-sub-html=\"nasi csomagol\u00e1s\">\n\t\t\t\t\t\t<img class=\"thumbnail  \"\n\t\t\t\t\t\t\tsrc=\"https:\/\/centerprint.hu\/wp-content\/uploads\/2024\/07\/img_1256-scaled.webp\" alt=\"nasi csomagol\u00e1s\" \/>\n\t\t\t\t\t<\/a>\n\t\t\t\t\n\t\t\t\t\n\t\t\t\t\t\t\t\t\t\t\t\t\t<a href=\"https:\/\/centerprint.hu\/wp-content\/uploads\/2024\/07\/img_1079-scaled.webp\"\n\t\t\t\t\t\tclass=\"single-image-510 col-lg-4 col-md-4 col-sm-4 col-xs-12\"\n\t\t\t\t\t\tdata-sub-html=\"\u00e9trendkieg\u00e9sz\u00edt\u0151 doboz\">\n\t\t\t\t\t\t<img class=\"thumbnail  \"\n\t\t\t\t\t\t\tsrc=\"https:\/\/centerprint.hu\/wp-content\/uploads\/2024\/07\/img_1079-scaled.webp\" alt=\"\u00e9trendkieg\u00e9sz\u00edt\u0151 doboz\" \/>\n\t\t\t\t\t<\/a>\n\t\t\t\t\n\t\t\t\t\n\t\t\t\t\t\t\t\t\t\t\t\t\t<a href=\"https:\/\/centerprint.hu\/wp-content\/uploads\/2024\/01\/papirdobozok-.webp\"\n\t\t\t\t\t\tclass=\"single-image-510 col-lg-4 col-md-4 col-sm-4 col-xs-12\"\n\t\t\t\t\t\tdata-sub-html=\"csokis doboz\">\n\t\t\t\t\t\t<img class=\"thumbnail  \"\n\t\t\t\t\t\t\tsrc=\"https:\/\/centerprint.hu\/wp-content\/uploads\/2024\/01\/papirdobozok-.webp\" alt=\"pap\u00edrdobozok\" \/>\n\t\t\t\t\t<\/a>\n\t\t\t\t\n\t\t\t\t\n\t\t\t\t\t\t\t\t\t\t\t\t\t<a href=\"https:\/\/centerprint.hu\/wp-content\/uploads\/2024\/01\/egyedi-kartondoboz.webp\"\n\t\t\t\t\t\tclass=\"single-image-510 col-lg-4 col-md-4 col-sm-4 col-xs-12\"\n\t\t\t\t\t\tdata-sub-html=\"egyedi kartondoboz\">\n\t\t\t\t\t\t<img class=\"thumbnail  \"\n\t\t\t\t\t\t\tsrc=\"https:\/\/centerprint.hu\/wp-content\/uploads\/2024\/01\/egyedi-kartondoboz.webp\" alt=\"egyedi kartondoboz\" \/>\n\t\t\t\t\t<\/a>\n\t\t\t\t\n\t\t\t\t\n\t\t\t\t\t\t\t\t\t\t\t\t\t<a href=\"https:\/\/centerprint.hu\/wp-content\/uploads\/2024\/01\/kartondoboz-rendeles02.webp\"\n\t\t\t\t\t\tclass=\"single-image-510 col-lg-4 col-md-4 col-sm-4 col-xs-12\"\n\t\t\t\t\t\tdata-sub-html=\"egyedi karton dobozok\">\n\t\t\t\t\t\t<img class=\"thumbnail  \"\n\t\t\t\t\t\t\tsrc=\"https:\/\/centerprint.hu\/wp-content\/uploads\/2024\/01\/kartondoboz-rendeles02.webp\" alt=\"kartondoboz rendel\u00e9s\" \/>\n\t\t\t\t\t<\/a>\n\t\t\t\t\n\t\t\t\t\n\t\t\t\t\t\t\t\t\t\t\t\t\t<a href=\"https:\/\/centerprint.hu\/wp-content\/uploads\/2024\/07\/img_1065-scaled.webp\"\n\t\t\t\t\t\tclass=\"single-image-510 col-lg-4 col-md-4 col-sm-4 col-xs-12\"\n\t\t\t\t\t\tdata-sub-html=\"sz\u00e9ps\u00e9g\u00e1pol\u00e1si csomagol\u00e1s\">\n\t\t\t\t\t\t<img class=\"thumbnail  \"\n\t\t\t\t\t\t\tsrc=\"https:\/\/centerprint.hu\/wp-content\/uploads\/2024\/07\/img_1065-scaled.webp\" alt=\"sz\u00e9ps\u00e9g\u00e1pol\u00e1si csomagol\u00e1s\" \/>\n\t\t\t\t\t<\/a>\n\t\t\t\t\n\t\t\t\t\n\t\t\t\t\t\t\t\t\t\t\t\t\t<a href=\"https:\/\/centerprint.hu\/wp-content\/uploads\/2024\/04\/artboard-5.jpg\"\n\t\t\t\t\t\tclass=\"single-image-510 col-lg-4 col-md-4 col-sm-4 col-xs-12\"\n\t\t\t\t\t\tdata-sub-html=\"zsinorf\u00fcles pap\u00edrt\u00e1ska\">\n\t\t\t\t\t\t<img class=\"thumbnail  \"\n\t\t\t\t\t\t\tsrc=\"https:\/\/centerprint.hu\/wp-content\/uploads\/2024\/04\/artboard-5.jpg\" alt=\"zsin\u00f3rf\u00fcles pap\u00edrt\u00e1ska\" \/>\n\t\t\t\t\t<\/a>\n\t\t\t\t\n\t\t\t\t\n\t\t\t\t\t\t\t\t\t\t\t\t\t<a href=\"https:\/\/centerprint.hu\/wp-content\/uploads\/2024\/07\/img_1044-scaled.webp\"\n\t\t\t\t\t\tclass=\"single-image-510 col-lg-4 col-md-4 col-sm-4 col-xs-12\"\n\t\t\t\t\t\tdata-sub-html=\"zsinorf\u00fcles pap\u00edrt\u00e1ska\">\n\t\t\t\t\t\t<img class=\"thumbnail  \"\n\t\t\t\t\t\t\tsrc=\"https:\/\/centerprint.hu\/wp-content\/uploads\/2024\/07\/img_1044-scaled.webp\" alt=\"zsinorf\u00fcles pap\u00edrt\u00e1ska\" \/>\n\t\t\t\t\t<\/a>\n\t\t\t\t\n\t\t\t\t\n\t\t\t\t\t<\/div>\n\t<script>\n\t\/\/thumbnail or fixed Size thumbnail\n\tjQuery(window).on('load', function () {\n\t\tjQuery('#animated-thumbnails-510').lightGallery({\n\t\t\tthumbnail: true,\n\t\t\tanimateThumb: true,\n\t\t\t\/\/show and hide thumb setting\n\t\t\tshowThumbByDefault: true,\n\t\t\tsubHtmlSelectorRelative: true,\n\t\t\t\t\t\t\t\t\t\t\t\tmode: 'lg-fade',\n\t\t\t\t\t});\n\n\t\t\t});\t\n<\/script>\n<style>\n\t.lg-backdrop.in {\n\t\topacity: 0.85;\n\t}\n\n\t.fixed-size.lg-outer .lg-inner {\n\t\tbackground-color: #FFF;\n\t}\n\n\t.fixed-size.lg-outer .lg-sub-html {\n\t\tposition: absolute;\n\t\ttext-align: left;\n\t}\n\n\t.fixed-size.lg-outer .lg-toolbar {\n\t\tbackground-color: transparent;\n\t\theight: 0;\n\t}\n\n\t.fixed-size.lg-outer .lg-toolbar .lg-icon {\n\t\tcolor: #FFF;\n\t}\n\n\t.fixed-size.lg-outer .lg-img-wrap {\n\t\tpadding: 12px;\n\t}\n<\/style>\n<script>\n\tjQuery(document).ready(function () {\n\t\t\/\/ isotope effect function\n\t\t\/\/ Method 1 - Initialize Isotope, then trigger layout after each image loads.\n\t\tvar $grid = jQuery('.all-images-510').isotope({\n\t\t\t\/\/ options...\n\t\t\titemSelector: '.single-image-510',\n\t\t});\n\t\t\/\/ layout Isotope after each image loads\n\t\t$grid.imagesLoaded().progress(function () {\n\t\t\t$grid.isotope('layout');\n\t\t});\n\t});\n<\/script>\n","protected":false},"excerpt":{"rendered":"<p>Descoperi\u021bi cele mai moderne solu\u021bii de ambalare cu ajutorul Center-Print \u0219i ridica\u021bi aspectul produselor dumneavoastr\u0103 la un nou nivel! Solicita\u021bi o ofert\u0103 chiar ast\u0103zi! Tehnici de ambalare \u2013 solu\u021bii inovatoare ale secolului 21 oferite de Center-Print \u00cen domeniul tehnologiei de ambalare, echipa noastr\u0103 ofer\u0103 cele mai moderne \u0219i inovatoare solu\u021bii, astfel \u00eenc\u00e2t produsele dumneavoastr\u0103 s\u0103 [&hellip;]<\/p>\n","protected":false},"author":1,"featured_media":0,"parent":57,"menu_order":0,"comment_status":"closed","ping_status":"closed","template":"","meta":{"_acf_changed":false,"footnotes":""},"class_list":["post-89","page","type-page","status-publish","hentry"],"acf":[],"_links":{"self":[{"href":"https:\/\/centerprint.hu\/ro\/wp-json\/wp\/v2\/pages\/89","targetHints":{"allow":["GET"]}}],"collection":[{"href":"https:\/\/centerprint.hu\/ro\/wp-json\/wp\/v2\/pages"}],"about":[{"href":"https:\/\/centerprint.hu\/ro\/wp-json\/wp\/v2\/types\/page"}],"author":[{"embeddable":true,"href":"https:\/\/centerprint.hu\/ro\/wp-json\/wp\/v2\/users\/1"}],"replies":[{"embeddable":true,"href":"https:\/\/centerprint.hu\/ro\/wp-json\/wp\/v2\/comments?post=89"}],"version-history":[{"count":2,"href":"https:\/\/centerprint.hu\/ro\/wp-json\/wp\/v2\/pages\/89\/revisions"}],"predecessor-version":[{"id":452,"href":"https:\/\/centerprint.hu\/ro\/wp-json\/wp\/v2\/pages\/89\/revisions\/452"}],"up":[{"embeddable":true,"href":"https:\/\/centerprint.hu\/ro\/wp-json\/wp\/v2\/pages\/57"}],"wp:attachment":[{"href":"https:\/\/centerprint.hu\/ro\/wp-json\/wp\/v2\/media?parent=89"}],"curies":[{"name":"wp","href":"https:\/\/api.w.org\/{rel}","templated":true}]}}