{"id":64,"date":"2018-04-07T19:47:17","date_gmt":"2018-04-07T19:47:17","guid":{"rendered":"http:\/\/centerprint.hu\/?page_id=64"},"modified":"2024-10-28T10:45:01","modified_gmt":"2024-10-28T10:45:01","slug":"teljes-koru-koteszeti-kivitelezes","status":"publish","type":"page","link":"https:\/\/centerprint.hu\/ro\/szolgaltatasok\/teljes-koru-koteszeti-kivitelezes\/","title":{"rendered":"Gama complet\u0103 de lucr\u0103ri specifice"},"content":{"rendered":"<p><img loading=\"lazy\" decoding=\"async\" width=\"1200\" height=\"547\" class=\"alignnone size-large wp-image-163\" src=\"http:\/\/centerprint.hu\/wp-content\/uploads\/2018\/04\/centerprint_koteszet_05-1200x547.jpg\" alt=\"Teljes k\u00f6r\u0171 k\u00f6t\u00e9szeti kivitelez\u00e9s\" \/><\/p>\n<h3><strong>Servicii complete de leg\u0103torie la Tipografia Center-Print!<\/strong><\/h3>\n<p>Speciali\u0219tii no\u0219tri \u0219i echipamentele noastre tehnice excelente garanteaz\u0103 c\u0103 clien\u021bii no\u0219tri vor primi produsul final la calitatea a\u0219teptat\u0103 \u0219i la termenul stabilit.<br \/>\nNe ocup\u0103m de realizarea de c\u0103r\u021bi cartonate \u2013 legate \u00een copert\u0103 tare \u2013 c\u0103r\u021bi legate cu adeziv (PUR), bro\u0219uri capsate, pliate, perforate sau numerotate.<br \/>\nOferim solu\u021bii complete de leg\u0103torie \u00een tiraje mici, medii \u0219i mari.<\/p>\n<h3><strong>Etapele noastre de leg\u0103torie:<\/strong><\/h3>\n<ul>\n<li>t\u0103iere<\/li>\n<li>biguire<\/li>\n<li>pliere<\/li>\n<li>perforare<\/li>\n<li>laminare<\/li>\n<li>foli\u021bare<\/li>\n<li>caserare<\/li>\n<li>capsare<\/li>\n<li>stan\u021bare<\/li>\n<li>legare cu adeziv<\/li>\n<li>spiralare<\/li>\n<li>sortare mecanic\u0103<\/li>\n<li>perforare pentru numerotare<\/li>\n<\/ul>\n<p>C\u0103r\u021bile noastre sunt, \u00een general, realizate \u00een formate standard A5, B5 \u0219i A4, dar putem produce \u0219i dimensiuni personalizate, p\u00e2n\u0103 la un maxim de 300 x 300 mm.<br \/>\nDe asemenea, realiz\u0103m coper\u021bi speciale, cum ar fi: piele, catifea, plu\u0219, p\u00e2nz\u0103 sau h\u00e2rtie cu folie.<\/p>\n<h3><strong>Produsele noastre de leg\u0103torie caracteristice:<\/strong><\/h3>\n<ul>\n<li>c\u0103r\u021bi<\/li>\n<li>ziare, reviste<\/li>\n<li>bro\u0219uri capsate<\/li>\n<li>cataloage, reviste<\/li>\n<li>descrieri tehnice \u0219i manuale de utilizare<\/li>\n<li>diplome, anuare<\/li>\n<li>dosare<\/li>\n<\/ul>\n<h3><strong>Solu\u021bii complete de leg\u0103torie oferite de Center-Print! De ce s\u0103 ne alege\u021bi?<\/strong><\/h3>\n<p>Dori\u021bi s\u0103 primi\u021bi publica\u021biile c\u00e2t mai repede posibil \u0219i la o calitate excelent\u0103? Aici g\u0103si\u021bi solu\u021bia!<br \/>\nAvem o experien\u021b\u0103 vast\u0103 \u00een realizarea publica\u021biilor. Echipa noastr\u0103 flexibil\u0103 se adapteaz\u0103 cu u\u0219urin\u021b\u0103 la diverse tehnologii de tip\u0103rire, inclusiv tip\u0103rirea offset \u0219i digital\u0103. \u00cen fiecare proiect, lu\u0103m \u00een considerare cerin\u021bele individuale, indiferent de tipul de publica\u021bie.<\/p>\n<h3><strong>Principiile noastre:<\/strong><\/h3>\n<ul>\n<li>Orientare c\u0103tre client \u0219i flexibilitate \u2013 \u00eendeplinim \u0219i cerin\u021bele speciale.<\/li>\n<li>Termene scurte \u0219i oferte rapide \u2013 oferim cota\u021bii rapide \u0219i livr\u0103m prompt dup\u0103 acceptare.<\/li>\n<li>Calitate superioar\u0103 \u2013 tehnologie modern\u0103 \u0219i expertiz\u0103 excelent\u0103 pentru eficien\u021b\u0103 continu\u0103.<\/li>\n<\/ul>\n<p><strong>Cum lucr\u0103m?<\/strong><\/p>\n<ul>\n<li>Tipografie modern\u0103, echipamente de ultim\u0103 genera\u021bie \u0219i cuno\u0219tin\u021be experte: asigur\u0103m servicii profesionale \u0219i cea mai \u00eenalt\u0103 calitate a\u0219teptat\u0103 pe pia\u021b\u0103.<\/li>\n<li>Gama larg\u0103 de produse: oferim o varietate larg\u0103 de produse tipografice.<\/li>\n<li>Acces FTP: fi\u0219ierele tipografice pot fi trimise \u0219i primite cu u\u0219urin\u021b\u0103 prin FTP.<\/li>\n<li>Program de gestionare a produc\u021biei personalizat: sistemul nostru specializat asigur\u0103 transmiterea rapid\u0103 a informa\u021biilor necesare pentru a ne asigura c\u0103 toate procesele decurg f\u0103r\u0103 probleme.<\/li>\n<\/ul>\n<p>Garant\u0103m c\u0103, \u00een c\u0103utarea celor mai bune solu\u021bii, ne vom ocupa de sarcinile atribuite rapid \u0219i eficient.<\/p>\n<p><strong>Galerie<\/strong><\/p>\n\t<!-- CSS Part Start From Here-->\n\t<style>\n\t\t#animated-thumbnails-554 a {\n\t\t\ttext-decoration: none !important;\n\t\t\tbox-shadow: 0 0px 0 0 currentcolor !important;\n\t\t}\n\n\n\t\t\/* Grayscale Effect *\/\n\t\t\n\t\t\n\t\t#animated-thumbnails-554 img {\n\t\t\twidth: 100% !important;\n\t\t\theight: auto !important;\n\t\t}\n\n\t\t.lg-icon {\n\t\t\tcolor:\n\t\t\t\tgold\t\t\t\t!important;\n\t\t}\n\n\t\t.pg-title {\n\t\t\tcolor:\n\t\t\t\twhite\t\t\t\t!important;\n\t\t}\n\n\t\t\t<\/style>\n\t\t<div id=\"animated-thumbnails-554\"\n\t\tclass=\"row all-images-554\">\n\t\t\t\t\t\t\t\t\t\t\t<a href=\"https:\/\/centerprint.hu\/wp-content\/uploads\/2018\/04\/nyomda-debrecen-fuzetek-naptarak-sajat-termekek-3.jpg\"\n\t\t\t\t\t\tclass=\"single-image-554 col-lg-4 col-md-4 col-sm-4 col-xs-12\"\n\t\t\t\t\t\tdata-sub-html=\"F\u00fczetek, napt\u00e1rak\">\n\t\t\t\t\t\t<img class=\"thumbnail  \"\n\t\t\t\t\t\t\tsrc=\"https:\/\/centerprint.hu\/wp-content\/uploads\/2018\/04\/nyomda-debrecen-fuzetek-naptarak-sajat-termekek-3.jpg\" alt=\"F\u00fczetek, napt\u00e1rak\" \/>\n\t\t\t\t\t<\/a>\n\t\t\t\t\n\t\t\t\t\n\t\t\t\t\t\t\t\t\t\t\t\t\t<a href=\"https:\/\/centerprint.hu\/wp-content\/uploads\/2024\/07\/img_1282-scaled.webp\"\n\t\t\t\t\t\tclass=\"single-image-554 col-lg-4 col-md-4 col-sm-4 col-xs-12\"\n\t\t\t\t\t\tdata-sub-html=\"k\u00f6nyvek\">\n\t\t\t\t\t\t<img class=\"thumbnail  \"\n\t\t\t\t\t\t\tsrc=\"https:\/\/centerprint.hu\/wp-content\/uploads\/2024\/07\/img_1282-scaled.webp\" alt=\"k\u00f6nyvek\" \/>\n\t\t\t\t\t<\/a>\n\t\t\t\t\n\t\t\t\t\n\t\t\t\t\t\t\t\t\t\t\t\t\t<a href=\"https:\/\/centerprint.hu\/wp-content\/uploads\/2018\/04\/nyomda-debrecen-konyv-katalogus-kemenykotes-ragasztott-1-2.jpg\"\n\t\t\t\t\t\tclass=\"single-image-554 col-lg-4 col-md-4 col-sm-4 col-xs-12\"\n\t\t\t\t\t\tdata-sub-html=\"K\u00f6nyvek, term\u00e9kkatal\u00f3gusok\">\n\t\t\t\t\t\t<img class=\"thumbnail  \"\n\t\t\t\t\t\t\tsrc=\"https:\/\/centerprint.hu\/wp-content\/uploads\/2018\/04\/nyomda-debrecen-konyv-katalogus-kemenykotes-ragasztott-1-2.jpg\" alt=\"K\u00f6nyvek, term\u00e9kkatal\u00f3gusok\" \/>\n\t\t\t\t\t<\/a>\n\t\t\t\t\n\t\t\t\t\n\t\t\t\t\t\t\t\t\t\t\t\t\t<a href=\"https:\/\/centerprint.hu\/wp-content\/uploads\/2024\/07\/img_1072-scaled.webp\"\n\t\t\t\t\t\tclass=\"single-image-554 col-lg-4 col-md-4 col-sm-4 col-xs-12\"\n\t\t\t\t\t\tdata-sub-html=\"IMG_1072\">\n\t\t\t\t\t\t<img class=\"thumbnail  \"\n\t\t\t\t\t\t\tsrc=\"https:\/\/centerprint.hu\/wp-content\/uploads\/2024\/07\/img_1072-scaled.webp\" alt=\"IMG_1072\" \/>\n\t\t\t\t\t<\/a>\n\t\t\t\t\n\t\t\t\t\n\t\t\t\t\t\t\t\t\t\t\t\t\t<a href=\"https:\/\/centerprint.hu\/wp-content\/uploads\/2024\/07\/img_1037-scaled.webp\"\n\t\t\t\t\t\tclass=\"single-image-554 col-lg-4 col-md-4 col-sm-4 col-xs-12\"\n\t\t\t\t\t\tdata-sub-html=\"katal\u00f3gus\">\n\t\t\t\t\t\t<img class=\"thumbnail  \"\n\t\t\t\t\t\t\tsrc=\"https:\/\/centerprint.hu\/wp-content\/uploads\/2024\/07\/img_1037-scaled.webp\" alt=\"katal\u00f3gus\" \/>\n\t\t\t\t\t<\/a>\n\t\t\t\t\n\t\t\t\t\n\t\t\t\t\t\t\t\t\t\t\t\t\t<a href=\"https:\/\/centerprint.hu\/wp-content\/uploads\/2024\/07\/2406-brochure-01.webp\"\n\t\t\t\t\t\tclass=\"single-image-554 col-lg-4 col-md-4 col-sm-4 col-xs-12\"\n\t\t\t\t\t\tdata-sub-html=\"2406 \u2013 brochure 01\">\n\t\t\t\t\t\t<img class=\"thumbnail  \"\n\t\t\t\t\t\t\tsrc=\"https:\/\/centerprint.hu\/wp-content\/uploads\/2024\/07\/2406-brochure-01.webp\" alt=\"sz\u00f3r\u00f3lap nyomtat\u00e1s \u00e1r\" \/>\n\t\t\t\t\t<\/a>\n\t\t\t\t\n\t\t\t\t\n\t\t\t\t\t\t\t\t\t\t\t\t\t<a href=\"https:\/\/centerprint.hu\/wp-content\/uploads\/2018\/04\/nyomda-debrecen-fuzetek-naptarak-sajat-termekek-4.jpg\"\n\t\t\t\t\t\tclass=\"single-image-554 col-lg-4 col-md-4 col-sm-4 col-xs-12\"\n\t\t\t\t\t\tdata-sub-html=\"F\u00fczetek, napt\u00e1rak\">\n\t\t\t\t\t\t<img class=\"thumbnail  \"\n\t\t\t\t\t\t\tsrc=\"https:\/\/centerprint.hu\/wp-content\/uploads\/2018\/04\/nyomda-debrecen-fuzetek-naptarak-sajat-termekek-4.jpg\" alt=\"F\u00fczetek, napt\u00e1rak\" \/>\n\t\t\t\t\t<\/a>\n\t\t\t\t\n\t\t\t\t\n\t\t\t\t\t\t\t\t\t\t\t\t\t<a href=\"https:\/\/centerprint.hu\/wp-content\/uploads\/2018\/04\/nyomda-debrecen-szorolapok-brossurak-leporellok-5.jpg\"\n\t\t\t\t\t\tclass=\"single-image-554 col-lg-4 col-md-4 col-sm-4 col-xs-12\"\n\t\t\t\t\t\tdata-sub-html=\"Sz\u00f3r\u00f3lapok, bross\u00far\u00e1k\">\n\t\t\t\t\t\t<img class=\"thumbnail  \"\n\t\t\t\t\t\t\tsrc=\"https:\/\/centerprint.hu\/wp-content\/uploads\/2018\/04\/nyomda-debrecen-szorolapok-brossurak-leporellok-5.jpg\" alt=\"Sz\u00f3r\u00f3lapok, bross\u00far\u00e1k\" \/>\n\t\t\t\t\t<\/a>\n\t\t\t\t\n\t\t\t\t\n\t\t\t\t\t\t\t\t\t\t\t\t\t<a href=\"https:\/\/centerprint.hu\/wp-content\/uploads\/2024\/04\/artboard-l.jpg\"\n\t\t\t\t\t\tclass=\"single-image-554 col-lg-4 col-md-4 col-sm-4 col-xs-12\"\n\t\t\t\t\t\tdata-sub-html=\"napt\u00e1r\">\n\t\t\t\t\t\t<img class=\"thumbnail  \"\n\t\t\t\t\t\t\tsrc=\"https:\/\/centerprint.hu\/wp-content\/uploads\/2024\/04\/artboard-l.jpg\" alt=\"egyedi napt\u00e1r nyomtat\u00e1s\" \/>\n\t\t\t\t\t<\/a>\n\t\t\t\t\n\t\t\t\t\n\t\t\t\t\t\t\t\t\t\t\t\t\t<a href=\"https:\/\/centerprint.hu\/wp-content\/uploads\/2024\/07\/img_1044-scaled.webp\"\n\t\t\t\t\t\tclass=\"single-image-554 col-lg-4 col-md-4 col-sm-4 col-xs-12\"\n\t\t\t\t\t\tdata-sub-html=\"zsinorf\u00fcles pap\u00edrt\u00e1ska\">\n\t\t\t\t\t\t<img class=\"thumbnail  \"\n\t\t\t\t\t\t\tsrc=\"https:\/\/centerprint.hu\/wp-content\/uploads\/2024\/07\/img_1044-scaled.webp\" alt=\"zsinorf\u00fcles pap\u00edrt\u00e1ska\" \/>\n\t\t\t\t\t<\/a>\n\t\t\t\t\n\t\t\t\t\n\t\t\t\t\t\t\t\t\t\t\t\t\t<a href=\"https:\/\/centerprint.hu\/wp-content\/uploads\/2024\/04\/artboard-5-1.jpg\"\n\t\t\t\t\t\tclass=\"single-image-554 col-lg-4 col-md-4 col-sm-4 col-xs-12\"\n\t\t\t\t\t\tdata-sub-html=\"Artboard 5\">\n\t\t\t\t\t\t<img class=\"thumbnail  \"\n\t\t\t\t\t\t\tsrc=\"https:\/\/centerprint.hu\/wp-content\/uploads\/2024\/04\/artboard-5-1.jpg\" alt=\"zsin\u00f3rf\u00fcles pap\u00edrt\u00e1ska\" \/>\n\t\t\t\t\t<\/a>\n\t\t\t\t\n\t\t\t\t\n\t\t\t\t\t\t\t\t\t\t\t\t\t<a href=\"https:\/\/centerprint.hu\/wp-content\/uploads\/2024\/04\/artboard-44.jpg\"\n\t\t\t\t\t\tclass=\"single-image-554 col-lg-4 col-md-4 col-sm-4 col-xs-12\"\n\t\t\t\t\t\tdata-sub-html=\"zsinorf\u00fcles pap\u00edrt\u00e1ska\">\n\t\t\t\t\t\t<img class=\"thumbnail  \"\n\t\t\t\t\t\t\tsrc=\"https:\/\/centerprint.hu\/wp-content\/uploads\/2024\/04\/artboard-44.jpg\" alt=\"pap\u00edrt\u00e1ska rendel\u00e9s\" \/>\n\t\t\t\t\t<\/a>\n\t\t\t\t\n\t\t\t\t\n\t\t\t\t\t\t\t\t\t\t\t\t\t<a href=\"https:\/\/centerprint.hu\/wp-content\/uploads\/2018\/04\/nyomda-debrecen-csomagoloanyagok-dobozok-papirtaskak-6.jpg\"\n\t\t\t\t\t\tclass=\"single-image-554 col-lg-4 col-md-4 col-sm-4 col-xs-12\"\n\t\t\t\t\t\tdata-sub-html=\"zsinorf\u00fcles pap\u00edrt\u00e1ska\">\n\t\t\t\t\t\t<img class=\"thumbnail  \"\n\t\t\t\t\t\t\tsrc=\"https:\/\/centerprint.hu\/wp-content\/uploads\/2018\/04\/nyomda-debrecen-csomagoloanyagok-dobozok-papirtaskak-6.jpg\" alt=\"Csomagol\u00e1stechnika\" \/>\n\t\t\t\t\t<\/a>\n\t\t\t\t\n\t\t\t\t\n\t\t\t\t\t\t\t\t\t\t\t\t\t<a href=\"https:\/\/centerprint.hu\/wp-content\/uploads\/2018\/04\/nyomda-debrecen-csomagoloanyagok-dobozok-papirtaskak-7.jpg\"\n\t\t\t\t\t\tclass=\"single-image-554 col-lg-4 col-md-4 col-sm-4 col-xs-12\"\n\t\t\t\t\t\tdata-sub-html=\"zsinorf\u00fcles pap\u00edrt\u00e1ska\">\n\t\t\t\t\t\t<img class=\"thumbnail  \"\n\t\t\t\t\t\t\tsrc=\"https:\/\/centerprint.hu\/wp-content\/uploads\/2018\/04\/nyomda-debrecen-csomagoloanyagok-dobozok-papirtaskak-7.jpg\" alt=\"Csomagol\u00e1stechnika\" \/>\n\t\t\t\t\t<\/a>\n\t\t\t\t\n\t\t\t\t\n\t\t\t\t\t<\/div>\n\t<script>\n\t\/\/thumbnail or fixed Size thumbnail\n\tjQuery(window).on('load', function () {\n\t\tjQuery('#animated-thumbnails-554').lightGallery({\n\t\t\tthumbnail: true,\n\t\t\tanimateThumb: true,\n\t\t\t\/\/show and hide thumb setting\n\t\t\tshowThumbByDefault: true,\n\t\t\tsubHtmlSelectorRelative: true,\n\t\t\t\t\t\t\t\t\t\t\t\tmode: 'lg-fade',\n\t\t\t\t\t});\n\n\t\t\t});\t\n<\/script>\n<style>\n\t.lg-backdrop.in {\n\t\topacity: 0.85;\n\t}\n\n\t.fixed-size.lg-outer .lg-inner {\n\t\tbackground-color: #FFF;\n\t}\n\n\t.fixed-size.lg-outer .lg-sub-html {\n\t\tposition: absolute;\n\t\ttext-align: left;\n\t}\n\n\t.fixed-size.lg-outer .lg-toolbar {\n\t\tbackground-color: transparent;\n\t\theight: 0;\n\t}\n\n\t.fixed-size.lg-outer .lg-toolbar .lg-icon {\n\t\tcolor: #FFF;\n\t}\n\n\t.fixed-size.lg-outer .lg-img-wrap {\n\t\tpadding: 12px;\n\t}\n<\/style>\n<script>\n\tjQuery(document).ready(function () {\n\t\t\/\/ isotope effect function\n\t\t\/\/ Method 1 - Initialize Isotope, then trigger layout after each image loads.\n\t\tvar $grid = jQuery('.all-images-554').isotope({\n\t\t\t\/\/ options...\n\t\t\titemSelector: '.single-image-554',\n\t\t});\n\t\t\/\/ layout Isotope after each image loads\n\t\t$grid.imagesLoaded().progress(function () {\n\t\t\t$grid.isotope('layout');\n\t\t});\n\t});\n<\/script>\n","protected":false},"excerpt":{"rendered":"<p>Servicii complete de leg\u0103torie la Tipografia Center-Print! Speciali\u0219tii no\u0219tri \u0219i echipamentele noastre tehnice excelente garanteaz\u0103 c\u0103 clien\u021bii no\u0219tri vor primi produsul final la calitatea a\u0219teptat\u0103 \u0219i la termenul stabilit. Ne ocup\u0103m de realizarea de c\u0103r\u021bi cartonate \u2013 legate \u00een copert\u0103 tare \u2013 c\u0103r\u021bi legate cu adeziv (PUR), bro\u0219uri capsate, pliate, perforate sau numerotate. Oferim solu\u021bii [&hellip;]<\/p>\n","protected":false},"author":1,"featured_media":0,"parent":57,"menu_order":5,"comment_status":"closed","ping_status":"closed","template":"","meta":{"_acf_changed":false,"footnotes":""},"class_list":["post-64","page","type-page","status-publish","hentry"],"acf":[],"_links":{"self":[{"href":"https:\/\/centerprint.hu\/ro\/wp-json\/wp\/v2\/pages\/64","targetHints":{"allow":["GET"]}}],"collection":[{"href":"https:\/\/centerprint.hu\/ro\/wp-json\/wp\/v2\/pages"}],"about":[{"href":"https:\/\/centerprint.hu\/ro\/wp-json\/wp\/v2\/types\/page"}],"author":[{"embeddable":true,"href":"https:\/\/centerprint.hu\/ro\/wp-json\/wp\/v2\/users\/1"}],"replies":[{"embeddable":true,"href":"https:\/\/centerprint.hu\/ro\/wp-json\/wp\/v2\/comments?post=64"}],"version-history":[{"count":2,"href":"https:\/\/centerprint.hu\/ro\/wp-json\/wp\/v2\/pages\/64\/revisions"}],"predecessor-version":[{"id":192,"href":"https:\/\/centerprint.hu\/ro\/wp-json\/wp\/v2\/pages\/64\/revisions\/192"}],"up":[{"embeddable":true,"href":"https:\/\/centerprint.hu\/ro\/wp-json\/wp\/v2\/pages\/57"}],"wp:attachment":[{"href":"https:\/\/centerprint.hu\/ro\/wp-json\/wp\/v2\/media?parent=64"}],"curies":[{"name":"wp","href":"https:\/\/api.w.org\/{rel}","templated":true}]}}