{"id":63,"date":"2018-04-07T19:47:00","date_gmt":"2018-04-07T19:47:00","guid":{"rendered":"http:\/\/centerprint.hu\/?page_id=63"},"modified":"2024-06-25T13:17:50","modified_gmt":"2024-06-25T13:17:50","slug":"szerkesszuk-meg-kozosen","status":"publish","type":"page","link":"https:\/\/centerprint.hu\/ro\/szolgaltatasok\/szerkesszuk-meg-kozosen\/","title":{"rendered":"S\u0103 o edit\u0103m \u00eempreun\u0103"},"content":{"rendered":"<p>Dac\u0103 dori\u021bi s\u0103 produce\u021bi o publica\u021bie tipografic\u0103 profesional\u0103 care s\u0103 \u00eendeplineasc\u0103 toate criteriile, \u00eentreba\u021bi-i pe exper\u021bi,\u00a0 deoarece tipografia profesional\u0103 este ca o rochie pentru un b\u0103rbat. Dac\u0103 apare pe publica\u021bii, logo-ul sau aspectul unei companii, dac\u0103 a fost preg\u0103tit de un specialist emite imediat \u00eencredere, \u00eenseamn\u0103 mult \u00een judecarea companiei.<\/p>\n<p>\u00cen plus, materialul surs\u0103 utilizat \u00een toate formele de tip\u0103rire este important pentru materialul de proiectare care urmeaz\u0103 s\u0103 fie fabricat, pentru parametrii tehnologiei de produc\u021bie. Acest lucru este deosebit de important pentru tip\u0103rirea offset, plotter, culoare direct\u0103, design vopsit \u0219i gravat.<\/p>\n<p><img loading=\"lazy\" decoding=\"async\" width=\"980\" height=\"310\" class=\"aligncenter size-full wp-image-156\" src=\"http:\/\/centerprint.hu\/wp-content\/uploads\/2018\/04\/dtp_tervezes01.jpg\" alt=\"\" \/><\/p>\n<h3>S\u0103 o edit\u0103m \u00eempreun\u0103!<\/h3>\n<p>Editarea \u0219i tip\u0103rirea de c\u0103r\u021bi, reviste,\u00a0 ziare, materiale de marketing \u0219i publicitate, bro\u0219uri, pliante, c\u0103r\u021bi de vizit\u0103, ambalaje, design de imagine \u00een Centru de imprimare.<\/p>\n<h3><strong>Fundal profesional, pregatire, decenii de experienta, echipa de profesionisti.<\/strong><\/h3>\n<p>Utilizarea serviciului nostru grafic poate reprezenta o decizie clar\u0103 pentru partenerii no\u0219tri str\u0103ini \u00een acest domeniu, dar putem ajuta \u0219i clien\u021bii care lucreaz\u0103 \u00een domeniul graficelor aplicate la nivel profesional, pentru c\u0103 pentru a crea un grafic trebuie s\u0103\u00a0 se \u00eendeplineasc\u0103 o mul\u021bime de parametri ai tehnologiei de fabrica\u021bie. Mul\u021bi profesioni\u0219ti nu \u0219tiu aceste lucruri sau depind de parametrii ordinului.<\/p>\n<p>V\u0103 recomand\u0103m s\u0103 urma\u021bi sloganul &#8220;\u00eencredin\u021ba\u021bi unui profesionist&#8221; atunci c\u00e2nd vi se cere s\u0103 crea\u021bi noua dvs. grafic\u0103. Noi proiect\u0103m, facem sugestii, oferim o varietate de solutii care ofer\u0103 cele mai bune rezultate \u00een func\u021bie de design.<\/p>\n<p>Ca rezultat, produsul final va fi unic, imaginativ \u0219i perfect potrivit scopului. \u00cen plus, va fi mai ieftin dec\u00e2t s\u0103 \u00eel preg\u0103ti\u021bi \u00eentr-un loc unde nu pute\u021bi livra materiale preg\u0103tite pentru tip\u0103rire, cum ar fi o surs\u0103 de material care are cel pu\u021bin aceea\u0219i munc\u0103 ca \u0219i designul. Prin proiectarea cu noi, pute\u021bi evita acest cost suplimentar.<\/p>\n<h3>Baza pentru tot &#8211; \u00eencrederea unui specialist!<\/h3>\n<p>Cum func\u021bioneaz\u0103 graficul? Ca un prim pas, vom discuta personal ideile \u0219i sarcinile cu clientul. El \u00ee\u0219i spune ideile, d\u0103 manuscrise, fotografii, logo-uri \u0219i orice resurse suplimentare, apoi las\u0103 procesul de planificare s\u0103 \u00ee\u0219i urmeze cursul.<\/p>\n<p>Pe baza discu\u021biilor, designerul nostru grafic preg\u0103te\u0219te variante vizuale, care sunt trimise clientului prin e-mail pentru revizuire, inspec\u021bie \u0219i repara\u021bii. Dac\u0103 este necesar, repararea \u0219i verificarea prin e-mail pot avea loc \u00een mai multe runde.<\/p>\n<p>Acceptarea graficei este confirmat\u0103 de client prin e-mail \u0219i numai atunci \u00a0materialul este planificat \u0219i preg\u0103tit pentru preg\u0103tirea produc\u021biei, astfel \u00eenc\u00e2t dup\u0103 cerere \/ comand\u0103 este cu siguran\u021b\u0103 \u00een primul flux de lucru.<\/p>\n<p><img loading=\"lazy\" decoding=\"async\" width=\"980\" height=\"310\" class=\"aligncenter size-full wp-image-157\" src=\"http:\/\/centerprint.hu\/wp-content\/uploads\/2018\/04\/dtp_tervezes02.jpg\" alt=\"\" \/><\/p>\n","protected":false},"excerpt":{"rendered":"<p>Dac\u0103 dori\u021bi s\u0103 produce\u021bi o publica\u021bie tipografic\u0103 profesional\u0103 care s\u0103 \u00eendeplineasc\u0103 toate criteriile, \u00eentreba\u021bi-i pe exper\u021bi,\u00a0 deoarece tipografia profesional\u0103 este ca o rochie pentru un b\u0103rbat. Dac\u0103 apare pe publica\u021bii, logo-ul sau aspectul unei companii, dac\u0103 a fost preg\u0103tit de un specialist emite imediat \u00eencredere, \u00eenseamn\u0103 mult \u00een judecarea companiei. \u00cen plus, materialul surs\u0103 utilizat [&hellip;]<\/p>\n","protected":false},"author":1,"featured_media":0,"parent":57,"menu_order":6,"comment_status":"closed","ping_status":"closed","template":"","meta":{"_acf_changed":false,"footnotes":""},"class_list":["post-63","page","type-page","status-publish","hentry"],"acf":[],"_links":{"self":[{"href":"https:\/\/centerprint.hu\/ro\/wp-json\/wp\/v2\/pages\/63","targetHints":{"allow":["GET"]}}],"collection":[{"href":"https:\/\/centerprint.hu\/ro\/wp-json\/wp\/v2\/pages"}],"about":[{"href":"https:\/\/centerprint.hu\/ro\/wp-json\/wp\/v2\/types\/page"}],"author":[{"embeddable":true,"href":"https:\/\/centerprint.hu\/ro\/wp-json\/wp\/v2\/users\/1"}],"replies":[{"embeddable":true,"href":"https:\/\/centerprint.hu\/ro\/wp-json\/wp\/v2\/comments?post=63"}],"version-history":[{"count":2,"href":"https:\/\/centerprint.hu\/ro\/wp-json\/wp\/v2\/pages\/63\/revisions"}],"predecessor-version":[{"id":191,"href":"https:\/\/centerprint.hu\/ro\/wp-json\/wp\/v2\/pages\/63\/revisions\/191"}],"up":[{"embeddable":true,"href":"https:\/\/centerprint.hu\/ro\/wp-json\/wp\/v2\/pages\/57"}],"wp:attachment":[{"href":"https:\/\/centerprint.hu\/ro\/wp-json\/wp\/v2\/media?parent=63"}],"curies":[{"name":"wp","href":"https:\/\/api.w.org\/{rel}","templated":true}]}}