{"id":62,"date":"2018-04-07T19:46:44","date_gmt":"2018-04-07T19:46:44","guid":{"rendered":"http:\/\/centerprint.hu\/?page_id=62"},"modified":"2026-02-18T17:12:06","modified_gmt":"2026-02-18T17:12:06","slug":"nagy-formatumu-nyomtatas","status":"publish","type":"page","link":"https:\/\/centerprint.hu\/ro\/szolgaltatasok\/nagy-formatumu-nyomtatas\/","title":{"rendered":"Imprimare mare format"},"content":{"rendered":"<p><img loading=\"lazy\" decoding=\"async\" width=\"1600\" height=\"682\" class=\"alignnone size-large wp-image-328\" src=\"http:\/\/centerprint.hu\/wp-content\/uploads\/2019\/02\/H1P_6866-1-e1721815490276-1600x682.jpg\" alt=\"\" srcset=\"https:\/\/centerprint.hu\/wp-content\/uploads\/2019\/02\/H1P_6866-1-e1721815490276-1600x682.jpg 1600w, https:\/\/centerprint.hu\/wp-content\/uploads\/2019\/02\/H1P_6866-1-e1721815490276-1536x655.jpg 1536w, https:\/\/centerprint.hu\/wp-content\/uploads\/2019\/02\/H1P_6866-1-e1721815490276.jpg 2000w\" sizes=\"auto, (max-width: 1600px) 100vw, 1600px\" \/><\/p>\n<h3><strong>Solu\u021bii tipografice de \u00eenalt\u0103 calitate \u2013 Format mare!<\/strong><\/h3>\n<p>Cu ajutorul imprimantelor de format mare, se poate imprima pe o lungime relativ nelimitat\u0103, \u00een func\u021bie de l\u0103\u021bimea rolei, astfel \u00eenc\u00e2t cele mai mari idei ale dumneavoastr\u0103 pot fi realizate cu siguran\u021b\u0103 la tipografia Center-Print!<br \/>\nFolosim materiale de calitate \u0219i durabile, care pot fi utilizate at\u00e2t \u00een exterior, c\u00e2t \u0219i \u00een interior.<br \/>\nDatorit\u0103 echipamentelor noastre moderne, putem imprima pe o l\u0103\u021bime de p\u00e2n\u0103 la 160 cm.<br \/>\nOferim timpi scur\u021bi de produc\u021bie, pre\u021buri corecte \u0219i produse de \u00eenalt\u0103 calitate clien\u021bilor no\u0219tri.<\/p>\n<h3><strong>Opera\u021biuni complementare:<\/strong><\/h3>\n<ul>\n<li>Lipire pe panouri<\/li>\n<li>Aplicare de folie de protec\u021bie<\/li>\n<li>Laminare<\/li>\n<li>Aplicare de inele<\/li>\n<li>Lipire<\/li>\n<li>T\u0103iere (cu cutter-plotter)<\/li>\n<\/ul>\n<h3><strong>Materiale pentru imprimarea de format mare:<\/strong><\/h3>\n<ul>\n<li>H\u00e2rtie pentru postere<\/li>\n<li>Folii PVC autoadezive<\/li>\n<li>PVC spumat<\/li>\n<li>Plase MESH<\/li>\n<li>Folie One Way Vision (folie perforat\u0103 pentru ferestre)<\/li>\n<li>Folie magnetic\u0103<\/li>\n<li>Tapet texturat<\/li>\n<\/ul>\n<h3><strong>Imprimarea de format mare este o tehnologie versatil\u0103, care permite realizarea urm\u0103toarelor tipuri de produse:<\/strong><\/h3>\n<ul>\n<li>Imprimare pe folie autoadeziv\u0103<\/li>\n<li>Tapete premium personalizate<\/li>\n<li>Bannere<\/li>\n<li>Afi\u0219e de mari dimensiuni<\/li>\n<li>Postere<\/li>\n<li>Plase pentru fa\u021bade<\/li>\n<li>Roll-Up-uri<\/li>\n<li>Materiale decorative pentru exterior \u0219i interior<\/li>\n<li>Autocolante pentru podea<\/li>\n<li>Decorare vehicule<\/li>\n<li>Autocolante<\/li>\n<li>Afi\u0219e multiple<\/li>\n<li>Afi\u0219e Citylight<\/li>\n<li>Panouri tip A<\/li>\n<\/ul>\n<h3><strong>Despre serviciul nostru, pe scurt:<\/strong><\/h3>\n<ul>\n<li>Un atelier modern, echipat cu cele mai recente tehnologii \u0219i speciali\u0219ti bine preg\u0103ti\u021bi stau la baza companiei noastre. Oferirea de servicii profesionale \u0219i asigurarea unor produse de \u00eenalt\u0103 calitate este o sarcin\u0103 zilnic\u0103 pentru noi.<\/li>\n<li>\u00cen plus fa\u021b\u0103 de gama noastr\u0103 larg\u0103 de produse, oferim acces FTP, astfel \u00eenc\u00e2t fi\u0219ierele tipografice pot fi trimise \u0219i primite rapid \u0219i eficient. Diversitatea produselor noastre ofer\u0103 clien\u021bilor no\u0219tri posibilit\u0103\u021bi aproape infinite.<\/li>\n<li>Programul nostru de management al produc\u021biei tipografice, adaptat specificului unit\u0103\u021bii noastre, asigur\u0103 c\u0103 toate informa\u021biile necesare sunt transmise imediat \u0219i cu precizie.<\/li>\n<\/ul>\n<h3><strong>Alte motive pentru care merit\u0103 s\u0103 ne alege\u021bi:<\/strong><\/h3>\n<ul>\n<li>Flexibilitate \u2013 \u00eendeplinim cerin\u021be personalizate<\/li>\n<li>Termene scurte \u0219i oferte rapide<\/li>\n<li>Calitate superioar\u0103<\/li>\n<\/ul>\n<p>Ne str\u0103duim \u00eentotdeauna s\u0103 oferim cele mai bune solu\u021bii \u0219i s\u0103 ne \u00eendeplinim sarcinile c\u00e2t mai rapid \u0219i eficient posibil.<\/p>\n<p><strong>Galerie<\/strong><\/p>\n\t<!-- CSS Part Start From Here-->\n\t<style>\n\t\t#animated-thumbnails-553 a {\n\t\t\ttext-decoration: none !important;\n\t\t\tbox-shadow: 0 0px 0 0 currentcolor !important;\n\t\t}\n\n\n\t\t\/* Grayscale Effect *\/\n\t\t\n\t\t\n\t\t#animated-thumbnails-553 img {\n\t\t\twidth: 100% !important;\n\t\t\theight: auto !important;\n\t\t}\n\n\t\t.lg-icon {\n\t\t\tcolor:\n\t\t\t\tgold\t\t\t\t!important;\n\t\t}\n\n\t\t.pg-title {\n\t\t\tcolor:\n\t\t\t\twhite\t\t\t\t!important;\n\t\t}\n\n\t\t\t<\/style>\n\t\t<div id=\"animated-thumbnails-553\"\n\t\tclass=\"row all-images-553\">\n\t\t\t\t\t\t\t\t\t\t\t<a href=\"https:\/\/centerprint.hu\/wp-content\/uploads\/2024\/07\/img_1284-scaled-e1722864189650.webp\"\n\t\t\t\t\t\tclass=\"single-image-553 col-lg-4 col-md-4 col-sm-4 col-xs-12\"\n\t\t\t\t\t\tdata-sub-html=\"\u00f3ri\u00e1s molin\u00f3\">\n\t\t\t\t\t\t<img class=\"thumbnail  \"\n\t\t\t\t\t\t\tsrc=\"https:\/\/centerprint.hu\/wp-content\/uploads\/2024\/07\/img_1284-scaled-e1722864189650.webp\" alt=\"\u00f3ri\u00e1s molin\u00f3\" \/>\n\t\t\t\t\t<\/a>\n\t\t\t\t\n\t\t\t\t\n\t\t\t\t\t\t\t\t\t\t\t\t\t<a href=\"https:\/\/centerprint.hu\/wp-content\/uploads\/2024\/07\/2406-plakat-02.webp\"\n\t\t\t\t\t\tclass=\"single-image-553 col-lg-4 col-md-4 col-sm-4 col-xs-12\"\n\t\t\t\t\t\tdata-sub-html=\"Plak\u00e1t 01\">\n\t\t\t\t\t\t<img class=\"thumbnail  \"\n\t\t\t\t\t\t\tsrc=\"https:\/\/centerprint.hu\/wp-content\/uploads\/2024\/07\/2406-plakat-02.webp\" alt=\"plak\u00e1t nyomtat\u00e1s\" \/>\n\t\t\t\t\t<\/a>\n\t\t\t\t\n\t\t\t\t\n\t\t\t\t\t\t\t\t\t\t\t\t\t<a href=\"https:\/\/centerprint.hu\/wp-content\/uploads\/2024\/07\/img_1202-scaled.webp\"\n\t\t\t\t\t\tclass=\"single-image-553 col-lg-4 col-md-4 col-sm-4 col-xs-12\"\n\t\t\t\t\t\tdata-sub-html=\"rollup\">\n\t\t\t\t\t\t<img class=\"thumbnail  \"\n\t\t\t\t\t\t\tsrc=\"https:\/\/centerprint.hu\/wp-content\/uploads\/2024\/07\/img_1202-scaled.webp\" alt=\"rollup\" \/>\n\t\t\t\t\t<\/a>\n\t\t\t\t\n\t\t\t\t\n\t\t\t\t\t\t\t\t\t\t\t\t\t<a href=\"https:\/\/centerprint.hu\/wp-content\/uploads\/2024\/07\/img_1120-scaled-e1721976403458.webp\"\n\t\t\t\t\t\tclass=\"single-image-553 col-lg-4 col-md-4 col-sm-4 col-xs-12\"\n\t\t\t\t\t\tdata-sub-html=\"v\u00e1szonk\u00e9p\">\n\t\t\t\t\t\t<img class=\"thumbnail  \"\n\t\t\t\t\t\t\tsrc=\"https:\/\/centerprint.hu\/wp-content\/uploads\/2024\/07\/img_1120-scaled-e1721976403458.webp\" alt=\"v\u00e1szonk\u00e9p\" \/>\n\t\t\t\t\t<\/a>\n\t\t\t\t\n\t\t\t\t\n\t\t\t\t\t\t\t\t\t\t\t\t\t<a href=\"https:\/\/centerprint.hu\/wp-content\/uploads\/2024\/07\/2406-plakat-01.webp\"\n\t\t\t\t\t\tclass=\"single-image-553 col-lg-4 col-md-4 col-sm-4 col-xs-12\"\n\t\t\t\t\t\tdata-sub-html=\"Plak\u00e1t 02\">\n\t\t\t\t\t\t<img class=\"thumbnail  \"\n\t\t\t\t\t\t\tsrc=\"https:\/\/centerprint.hu\/wp-content\/uploads\/2024\/07\/2406-plakat-01.webp\" alt=\"plak\u00e1t nyomtat\u00e1s\" \/>\n\t\t\t\t\t<\/a>\n\t\t\t\t\n\t\t\t\t\n\t\t\t\t\t<\/div>\n\t<script>\n\t\/\/thumbnail or fixed Size thumbnail\n\tjQuery(window).on('load', function () {\n\t\tjQuery('#animated-thumbnails-553').lightGallery({\n\t\t\tthumbnail: true,\n\t\t\tanimateThumb: true,\n\t\t\t\/\/show and hide thumb setting\n\t\t\tshowThumbByDefault: true,\n\t\t\tsubHtmlSelectorRelative: true,\n\t\t\t\t\t\t\t\t\t\t\t\tmode: 'lg-fade',\n\t\t\t\t\t});\n\n\t\t\t});\t\n<\/script>\n<style>\n\t.lg-backdrop.in {\n\t\topacity: 0.85;\n\t}\n\n\t.fixed-size.lg-outer .lg-inner {\n\t\tbackground-color: #FFF;\n\t}\n\n\t.fixed-size.lg-outer .lg-sub-html {\n\t\tposition: absolute;\n\t\ttext-align: left;\n\t}\n\n\t.fixed-size.lg-outer .lg-toolbar {\n\t\tbackground-color: transparent;\n\t\theight: 0;\n\t}\n\n\t.fixed-size.lg-outer .lg-toolbar .lg-icon {\n\t\tcolor: #FFF;\n\t}\n\n\t.fixed-size.lg-outer .lg-img-wrap {\n\t\tpadding: 12px;\n\t}\n<\/style>\n<script>\n\tjQuery(document).ready(function () {\n\t\t\/\/ isotope effect function\n\t\t\/\/ Method 1 - Initialize Isotope, then trigger layout after each image loads.\n\t\tvar $grid = jQuery('.all-images-553').isotope({\n\t\t\t\/\/ options...\n\t\t\titemSelector: '.single-image-553',\n\t\t});\n\t\t\/\/ layout Isotope after each image loads\n\t\t$grid.imagesLoaded().progress(function () {\n\t\t\t$grid.isotope('layout');\n\t\t});\n\t});\n<\/script>\n","protected":false},"excerpt":{"rendered":"<p>Solu\u021bii tipografice de \u00eenalt\u0103 calitate \u2013 Format mare! Cu ajutorul imprimantelor de format mare, se poate imprima pe o lungime relativ nelimitat\u0103, \u00een func\u021bie de l\u0103\u021bimea rolei, astfel \u00eenc\u00e2t cele mai mari idei ale dumneavoastr\u0103 pot fi realizate cu siguran\u021b\u0103 la tipografia Center-Print! Folosim materiale de calitate \u0219i durabile, care pot fi utilizate at\u00e2t \u00een [&hellip;]<\/p>\n","protected":false},"author":1,"featured_media":0,"parent":57,"menu_order":4,"comment_status":"closed","ping_status":"closed","template":"","meta":{"_acf_changed":false,"footnotes":""},"class_list":["post-62","page","type-page","status-publish","hentry"],"acf":[],"_links":{"self":[{"href":"https:\/\/centerprint.hu\/ro\/wp-json\/wp\/v2\/pages\/62","targetHints":{"allow":["GET"]}}],"collection":[{"href":"https:\/\/centerprint.hu\/ro\/wp-json\/wp\/v2\/pages"}],"about":[{"href":"https:\/\/centerprint.hu\/ro\/wp-json\/wp\/v2\/types\/page"}],"author":[{"embeddable":true,"href":"https:\/\/centerprint.hu\/ro\/wp-json\/wp\/v2\/users\/1"}],"replies":[{"embeddable":true,"href":"https:\/\/centerprint.hu\/ro\/wp-json\/wp\/v2\/comments?post=62"}],"version-history":[{"count":4,"href":"https:\/\/centerprint.hu\/ro\/wp-json\/wp\/v2\/pages\/62\/revisions"}],"predecessor-version":[{"id":1067,"href":"https:\/\/centerprint.hu\/ro\/wp-json\/wp\/v2\/pages\/62\/revisions\/1067"}],"up":[{"embeddable":true,"href":"https:\/\/centerprint.hu\/ro\/wp-json\/wp\/v2\/pages\/57"}],"wp:attachment":[{"href":"https:\/\/centerprint.hu\/ro\/wp-json\/wp\/v2\/media?parent=62"}],"curies":[{"name":"wp","href":"https:\/\/api.w.org\/{rel}","templated":true}]}}