{"id":568,"date":"2024-08-05T10:31:26","date_gmt":"2024-08-05T10:31:26","guid":{"rendered":"https:\/\/centerprint.hu\/?page_id=568"},"modified":"2024-12-04T07:03:51","modified_gmt":"2024-12-04T07:03:51","slug":"feluletnemesites","status":"publish","type":"page","link":"https:\/\/centerprint.hu\/ro\/szolgaltatasok\/feluletnemesites\/","title":{"rendered":"Tratament de suprafa\u021b\u0103"},"content":{"rendered":"<p><img loading=\"lazy\" decoding=\"async\" width=\"1600\" height=\"1200\" class=\"alignnone size-large wp-image-515\" src=\"http:\/\/centerprint.hu\/wp-content\/uploads\/2024\/07\/img_1035-1600x1200.webp\" alt=\"\" srcset=\"https:\/\/centerprint.hu\/wp-content\/uploads\/2024\/07\/img_1035-1600x1200.webp 1600w, https:\/\/centerprint.hu\/wp-content\/uploads\/2024\/07\/img_1035-1536x1152.webp 1536w, https:\/\/centerprint.hu\/wp-content\/uploads\/2024\/07\/img_1035-2048x1536.webp 2048w\" sizes=\"auto, (max-width: 1600px) 100vw, 1600px\" \/><\/p>\n<h3>Finisare suprafe\u021be, l\u0103cuire UV 3D \u0219i folitare 3D<\/h3>\n<p>Scoate\u021bi-v\u0103 produsele \u00een eviden\u021b\u0103 aleg\u00e2nd solu\u021biile de finisare de suprafa\u021b\u0103 \u0219i l\u0103cuire UV oferite de Center-Print! Contacta\u021bi-ne ast\u0103zi pentru a g\u0103si \u00eempreun\u0103 cea mai bun\u0103 solu\u021bie pentru dumneavoastr\u0103!<\/p>\n<h3>L\u0103cuire UV \u0219i finisare de suprafa\u021b\u0103 cu echipa Center-Print \u2013 De ce s\u0103 ne alege\u021bi?<\/h3>\n<p>Pe o pia\u021b\u0103 saturat\u0103, cheia succesului este calitatea \u0219i unicitatea. Cu echipa noastr\u0103 de exper\u021bi \u00een tipografie, ve\u021bi primi un serviciu premium care v\u0103 va oferi un avantaj competitiv. S\u0103 vedem ce ne face cu adev\u0103rat diferi\u021bi!<\/p>\n<h3>Solu\u021bii unice, creative \u0219i eficiente de finisare de suprafa\u021b\u0103<\/h3>\n<p>Cea mai recent\u0103 investi\u021bie a noastr\u0103 este un echipament <strong>MGI JETVARNISH 3D ONE<\/strong>, care deschide noi perspective \u00een lumea l\u0103cuirii \u0219i folitarii!<br \/>\n<strong>L\u0103cuirea UV 3D \u0219i foli\u021barea 3D<\/strong> sunt tehnologii inovatoare care ofer\u0103 un efect 3D spectaculos \u0219i fac produsele dumneavoastr\u0103 s\u0103 fie unice! De\u0219i folosim \u00een continuare metodele tradi\u021bionale de finisare de suprafa\u021b\u0103, echipamentul nostru MGI Jetvarnish a ridicat aceste procese la un nou nivel.<\/p>\n<p>Un avantaj important al acestei tehnologii digitale este eficien\u021ba \u00een timp \u0219i costuri, deoarece \u00eenlocuie\u0219te foli\u021barea tradi\u021bional\u0103 \u0219i nu necesit\u0103 clisee sau site \u00een timpul produc\u021biei. Este rentabil\u0103 chiar \u0219i pentru tiraje mici.<\/p>\n<p>Indiferent de cerin\u021be, v\u0103 oferim solu\u021bii personalizate.<\/p>\n<h3>Model de afaceri flexibil, orientat spre client<\/h3>\n<p>Oferim oferte rapide \u00een 1-3 zile lucr\u0103toare, flexibilitate maxim\u0103 \u0219i o abordare orientat\u0103 spre client \u2013 acestea sunt principiile noastre de baz\u0103.<br \/>\nScopul nostru este s\u0103 asigur\u0103m satisfac\u021bia clien\u021bilor \u0219i eficien\u021ba muncii \u00een fiecare proiect.<\/p>\n<h3><strong>Calitatea \u00eenainte de toate<\/strong><\/h3>\n<p>\u00cen fiecare proiect ne impunem cele mai \u00eenalte standarde de calitate. Nu ne dorim s\u0103 finaliz\u0103m un proiect doar pentru a-l \u00eencheia rapid.<\/p>\n<h3><strong>Cantitatea nu este o problem\u0103<\/strong><\/h3>\n<p>Dac\u0103 ave\u021bi nevoie de o comand\u0103 \u00een cantitate mare, pentru noi nu este o problem\u0103. Suntem preg\u0103ti\u021bi s\u0103 gestion\u0103m proiecte de volum mare, f\u0103r\u0103 a compromite calitatea, rapiditatea ofertei sau creativitatea.<\/p>\n<h3><strong>Ce \u00eenseamn\u0103 l\u0103cuirea UV \u0219i finisarea suprafe\u021bei?<\/strong><\/h3>\n<p>L\u0103cuirea UV \u0219i finisarea suprafe\u021belor sunt tehnici care \u00eembun\u0103t\u0103\u021besc nu doar estetic, ci \u0219i durabilitatea materialelor tip\u0103rite. L\u0103cuirea UV implic\u0103 aplicarea unui lac special pe suprafa\u021b\u0103, care se usuc\u0103 sub ac\u021biunea luminii UV, conferindu-i un finisaj lucios \u0219i o rezisten\u021b\u0103 crescut\u0103 la zg\u00e2rieturi \u0219i uzur\u0103.<\/p>\n<p>Finisarea suprafe\u021belor include tehnici precum foli\u021barea \u0219i laminarea, care contribuie la unicitatea \u0219i durabilitatea produsului final. Aceste procedee nu doar \u00eembun\u0103t\u0103\u021besc aspectul, ci \u0219i func\u021bionalitatea materialelor tip\u0103rite, asigur\u00e2nd o durat\u0103 lung\u0103 de via\u021b\u0103 \u0219i o calitate remarcabil\u0103.<\/p>\n<h3><strong>Alte tehnici de finisare a suprafe\u021belor \u0219i l\u0103cuire UV 3D<\/strong><\/h3>\n<p>Oferim o gam\u0103 larg\u0103 de tehnici de finisare a suprafe\u021belor, inclusiv foli\u021bare, diverse tehnici de l\u0103cuire \u0219i laminare, cum ar fi tehnologia <strong>3D UV<\/strong>, care este realizat\u0103 cu echipamentul nostru <strong>MGI JET Varnish 3D<\/strong>.<\/p>\n<p>Foli\u021barea ofer\u0103 o solu\u021bie elegant\u0103, d\u00e2nd textului sau imaginii un relief tactil \u0219i vizual, prin ridicarea sau adancirea suprafe\u021bei h\u00e2rtiei. Foli\u021barea 3D creeaz\u0103 un efect tridimensional pe produsele dumneavoastr\u0103, ideal pentru a eviden\u021bia anumite zone.<\/p>\n<p>L\u0103cuirea UV 3D este disponibil\u0103 \u00een mai multe forme, inclusiv mat, lucios sau cu lacuri texturate, oferind un aspect unic fiec\u0103rui produs. Laminarea adaug\u0103 un strat protector pe suprafa\u021ba tip\u0103rit\u0103, prelungindu-i durata de via\u021b\u0103 \u0219i protej\u00e2nd-o de umiditate, murd\u0103rie \u0219i alte factori d\u0103un\u0103tori.<\/p>\n<h3>Avantajele UV \u0219i 3D UV l\u0103cuirii:<\/h3>\n<p>\u2022 O solu\u021bie rentabil\u0103 chiar \u0219i pentru tiraje mici, grafica poate fi modificat\u0103 u\u0219or datorit\u0103 tehnologiei digitale.<\/p>\n<h3>Dezavantaje:<\/h3>\n<ul>\n<li>H\u00e2rtia cu structur\u0103 deschis\u0103, de tip offset, nu poate fi utilizat\u0103 pentru a crea un efect 3D \u0219i pentru l\u0103cuirea sub form\u0103 de UV, deoarece lacul poate p\u0103trunde cu u\u0219urin\u021b\u0103 \u00een h\u00e2rtie.<\/li>\n<li>Suprafa\u021ba foliei alimentare poate fi deteriorat\u0103 mai u\u0219or, deoarece iese minim de pe suprafa\u021b\u0103.<\/li>\n<\/ul>\n<p>Dac\u0103 ave\u021bi nevoie de solu\u021bii unice \u0219i creative, precum \u0219i de comenzi \u00een cantit\u0103\u021bi mari, sunte\u021bi \u00een locul potrivit. Scopul nostru este s\u0103 oferim clien\u021bilor no\u0219tri servicii de cea mai \u00eenalt\u0103 calitate, ajut\u00e2ndu-i s\u0103 ias\u0103 \u00een eviden\u021b\u0103 fa\u021b\u0103 de concuren\u021b\u0103.<\/p>\n<p><strong>Pentru ce produse recomand\u0103m tehnologia de finisare a suprafe\u021belor?<\/strong><\/p>\n<ul>\n<li>Ambalaje exclusiviste<\/li>\n<li>Ambalaje pentru b\u0103uturi \u0219i produse alimentare<\/li>\n<li>Ambalaje cosmetice<\/li>\n<li>Materiale publicitare<\/li>\n<li>C\u0103r\u021bi de vizit\u0103<\/li>\n<li>Crearea de texturi \u0219i efecte speciale<\/li>\n<li>Eviden\u021bierea graficii<\/li>\n<\/ul>\n<p>Galerie<\/p>\n\t<!-- CSS Part Start From Here-->\n\t<style>\n\t\t#animated-thumbnails-570 a {\n\t\t\ttext-decoration: none !important;\n\t\t\tbox-shadow: 0 0px 0 0 currentcolor !important;\n\t\t}\n\n\n\t\t\/* Grayscale Effect *\/\n\t\t\n\t\t\n\t\t#animated-thumbnails-570 img {\n\t\t\twidth: 100% !important;\n\t\t\theight: auto !important;\n\t\t}\n\n\t\t.lg-icon {\n\t\t\tcolor:\n\t\t\t\tgold\t\t\t\t!important;\n\t\t}\n\n\t\t.pg-title {\n\t\t\tcolor:\n\t\t\t\twhite\t\t\t\t!important;\n\t\t}\n\n\t\t\t<\/style>\n\t\t<div id=\"animated-thumbnails-570\"\n\t\tclass=\"row all-images-570\">\n\t\t\t\t\t\t\t\t\t\t\t<a href=\"https:\/\/centerprint.hu\/wp-content\/uploads\/2024\/07\/img_1163crop-scaled-e1721976386292.webp\"\n\t\t\t\t\t\tclass=\"single-image-570 col-lg-4 col-md-4 col-sm-4 col-xs-12\"\n\t\t\t\t\t\tdata-sub-html=\"3D uv lakk \u2013 fel\u00fcletnemes\u00edt\u00e9s\">\n\t\t\t\t\t\t<img class=\"thumbnail  \"\n\t\t\t\t\t\t\tsrc=\"https:\/\/centerprint.hu\/wp-content\/uploads\/2024\/07\/img_1163crop-scaled-e1721976386292.webp\" alt=\"3D uv lakk \u2013 fel\u00fcletnemes\u00edt\u00e9s\" \/>\n\t\t\t\t\t<\/a>\n\t\t\t\t\n\t\t\t\t\n\t\t\t\t\t\t\t\t\t\t\t\t\t<a href=\"https:\/\/centerprint.hu\/wp-content\/uploads\/2024\/07\/img_1022-scaled.webp\"\n\t\t\t\t\t\tclass=\"single-image-570 col-lg-4 col-md-4 col-sm-4 col-xs-12\"\n\t\t\t\t\t\tdata-sub-html=\"3D uv lakk - fel\u00fcletnemes\u00edt\u00e9s\">\n\t\t\t\t\t\t<img class=\"thumbnail  \"\n\t\t\t\t\t\t\tsrc=\"https:\/\/centerprint.hu\/wp-content\/uploads\/2024\/07\/img_1022-scaled.webp\" alt=\"3D uv lakk - fel\u00fcletnemes\u00edt\u00e9s\" \/>\n\t\t\t\t\t<\/a>\n\t\t\t\t\n\t\t\t\t\n\t\t\t\t\t\t\t\t\t\t\t\t\t<a href=\"https:\/\/centerprint.hu\/wp-content\/uploads\/2024\/07\/img_1162-scaled.webp\"\n\t\t\t\t\t\tclass=\"single-image-570 col-lg-4 col-md-4 col-sm-4 col-xs-12\"\n\t\t\t\t\t\tdata-sub-html=\"n\u00e9vjegyk\u00e1rtya \u2013 fel\u00fcletnemes\u00edtett\">\n\t\t\t\t\t\t<img class=\"thumbnail  \"\n\t\t\t\t\t\t\tsrc=\"https:\/\/centerprint.hu\/wp-content\/uploads\/2024\/07\/img_1162-scaled.webp\" alt=\"n\u00e9vjegyk\u00e1rtya \u2013 fel\u00fcletnemes\u00edtett\" \/>\n\t\t\t\t\t<\/a>\n\t\t\t\t\n\t\t\t\t\n\t\t\t\t\t\t\t\t\t\t\t\t\t<a href=\"https:\/\/centerprint.hu\/wp-content\/uploads\/2024\/07\/img_1160-scaled.webp\"\n\t\t\t\t\t\tclass=\"single-image-570 col-lg-4 col-md-4 col-sm-4 col-xs-12\"\n\t\t\t\t\t\tdata-sub-html=\"n\u00e9vjegyk\u00e1rtya \u2013 b\u00e1rson f\u00f3lia + 3D uv lakk\">\n\t\t\t\t\t\t<img class=\"thumbnail  \"\n\t\t\t\t\t\t\tsrc=\"https:\/\/centerprint.hu\/wp-content\/uploads\/2024\/07\/img_1160-scaled.webp\" alt=\"n\u00e9vjegyk\u00e1rtya \u2013 b\u00e1rson f\u00f3lia + 3D uv lakk\" \/>\n\t\t\t\t\t<\/a>\n\t\t\t\t\n\t\t\t\t\n\t\t\t\t\t\t\t\t\t\t\t\t\t<a href=\"https:\/\/centerprint.hu\/wp-content\/uploads\/2024\/07\/img_1154-scaled.webp\"\n\t\t\t\t\t\tclass=\"single-image-570 col-lg-4 col-md-4 col-sm-4 col-xs-12\"\n\t\t\t\t\t\tdata-sub-html=\"megh\u00edv\u00f3 \u2013 fel\u00fcletnemes\u00edt\u00e9s\">\n\t\t\t\t\t\t<img class=\"thumbnail  \"\n\t\t\t\t\t\t\tsrc=\"https:\/\/centerprint.hu\/wp-content\/uploads\/2024\/07\/img_1154-scaled.webp\" alt=\"megh\u00edv\u00f3 \u2013 fel\u00fcletnemes\u00edt\u00e9s\" \/>\n\t\t\t\t\t<\/a>\n\t\t\t\t\n\t\t\t\t\n\t\t\t\t\t\t\t\t\t\t\t\t\t<a href=\"https:\/\/centerprint.hu\/wp-content\/uploads\/2024\/07\/img_1052-scaled.webp\"\n\t\t\t\t\t\tclass=\"single-image-570 col-lg-4 col-md-4 col-sm-4 col-xs-12\"\n\t\t\t\t\t\tdata-sub-html=\"egyedi d\u00edszdoboz\">\n\t\t\t\t\t\t<img class=\"thumbnail  \"\n\t\t\t\t\t\t\tsrc=\"https:\/\/centerprint.hu\/wp-content\/uploads\/2024\/07\/img_1052-scaled.webp\" alt=\"egyedi d\u00edszdoboz\" \/>\n\t\t\t\t\t<\/a>\n\t\t\t\t\n\t\t\t\t\n\t\t\t\t\t\t\t\t\t\t\t\t\t<a href=\"https:\/\/centerprint.hu\/wp-content\/uploads\/2024\/07\/img_1038-scaled.webp\"\n\t\t\t\t\t\tclass=\"single-image-570 col-lg-4 col-md-4 col-sm-4 col-xs-12\"\n\t\t\t\t\t\tdata-sub-html=\"egyedi d\u00edsz\u00e9ts\u0171 csomagol\u00e1s\">\n\t\t\t\t\t\t<img class=\"thumbnail  \"\n\t\t\t\t\t\t\tsrc=\"https:\/\/centerprint.hu\/wp-content\/uploads\/2024\/07\/img_1038-scaled.webp\" alt=\"egyedi d\u00edsz\u00e9ts\u0171 csomagol\u00e1s\" \/>\n\t\t\t\t\t<\/a>\n\t\t\t\t\n\t\t\t\t\n\t\t\t\t\t\t\t\t\t\t\t\t\t<a href=\"https:\/\/centerprint.hu\/wp-content\/uploads\/2024\/07\/img_1046-scaled.webp\"\n\t\t\t\t\t\tclass=\"single-image-570 col-lg-4 col-md-4 col-sm-4 col-xs-12\"\n\t\t\t\t\t\tdata-sub-html=\"egyedi d\u00edszdobozok\">\n\t\t\t\t\t\t<img class=\"thumbnail  \"\n\t\t\t\t\t\t\tsrc=\"https:\/\/centerprint.hu\/wp-content\/uploads\/2024\/07\/img_1046-scaled.webp\" alt=\"egyedi d\u00edszdobozok\" \/>\n\t\t\t\t\t<\/a>\n\t\t\t\t\n\t\t\t\t\n\t\t\t\t\t\t\t\t\t\t\t\t\t<a href=\"https:\/\/centerprint.hu\/wp-content\/uploads\/2024\/07\/img_1058-scaled.webp\"\n\t\t\t\t\t\tclass=\"single-image-570 col-lg-4 col-md-4 col-sm-4 col-xs-12\"\n\t\t\t\t\t\tdata-sub-html=\"m\u0171sorf\u00fczet\">\n\t\t\t\t\t\t<img class=\"thumbnail  \"\n\t\t\t\t\t\t\tsrc=\"https:\/\/centerprint.hu\/wp-content\/uploads\/2024\/07\/img_1058-scaled.webp\" alt=\"m\u0171sorf\u00fczet\" \/>\n\t\t\t\t\t<\/a>\n\t\t\t\t\n\t\t\t\t\n\t\t\t\t\t\t\t\t\t\t\t\t\t<a href=\"https:\/\/centerprint.hu\/wp-content\/uploads\/2024\/07\/img_1062-scaled.webp\"\n\t\t\t\t\t\tclass=\"single-image-570 col-lg-4 col-md-4 col-sm-4 col-xs-12\"\n\t\t\t\t\t\tdata-sub-html=\"m\u0171sorf\u00fczet\">\n\t\t\t\t\t\t<img class=\"thumbnail  \"\n\t\t\t\t\t\t\tsrc=\"https:\/\/centerprint.hu\/wp-content\/uploads\/2024\/07\/img_1062-scaled.webp\" alt=\"m\u0171sorf\u00fczet\" \/>\n\t\t\t\t\t<\/a>\n\t\t\t\t\n\t\t\t\t\n\t\t\t\t\t\t\t\t\t\t\t\t\t<a href=\"https:\/\/centerprint.hu\/wp-content\/uploads\/2024\/07\/img_1037-scaled.webp\"\n\t\t\t\t\t\tclass=\"single-image-570 col-lg-4 col-md-4 col-sm-4 col-xs-12\"\n\t\t\t\t\t\tdata-sub-html=\"katal\u00f3gus\">\n\t\t\t\t\t\t<img class=\"thumbnail  \"\n\t\t\t\t\t\t\tsrc=\"https:\/\/centerprint.hu\/wp-content\/uploads\/2024\/07\/img_1037-scaled.webp\" alt=\"katal\u00f3gus\" \/>\n\t\t\t\t\t<\/a>\n\t\t\t\t\n\t\t\t\t\n\t\t\t\t\t\t\t\t\t\t\t\t\t<a href=\"https:\/\/centerprint.hu\/wp-content\/uploads\/2024\/07\/img_1044-scaled.webp\"\n\t\t\t\t\t\tclass=\"single-image-570 col-lg-4 col-md-4 col-sm-4 col-xs-12\"\n\t\t\t\t\t\tdata-sub-html=\"zsinorf\u00fcles pap\u00edrt\u00e1ska\">\n\t\t\t\t\t\t<img class=\"thumbnail  \"\n\t\t\t\t\t\t\tsrc=\"https:\/\/centerprint.hu\/wp-content\/uploads\/2024\/07\/img_1044-scaled.webp\" alt=\"zsinorf\u00fcles pap\u00edrt\u00e1ska\" \/>\n\t\t\t\t\t<\/a>\n\t\t\t\t\n\t\t\t\t\n\t\t\t\t\t<\/div>\n\t<script>\n\t\/\/thumbnail or fixed Size thumbnail\n\tjQuery(window).on('load', function () {\n\t\tjQuery('#animated-thumbnails-570').lightGallery({\n\t\t\tthumbnail: true,\n\t\t\tanimateThumb: true,\n\t\t\t\/\/show and hide thumb setting\n\t\t\tshowThumbByDefault: true,\n\t\t\tsubHtmlSelectorRelative: true,\n\t\t\t\t\t\t\t\t\t\t\t\tmode: 'lg-fade',\n\t\t\t\t\t});\n\n\t\t\t});\t\n<\/script>\n<style>\n\t.lg-backdrop.in {\n\t\topacity: 0.85;\n\t}\n\n\t.fixed-size.lg-outer .lg-inner {\n\t\tbackground-color: #FFF;\n\t}\n\n\t.fixed-size.lg-outer .lg-sub-html {\n\t\tposition: absolute;\n\t\ttext-align: left;\n\t}\n\n\t.fixed-size.lg-outer .lg-toolbar {\n\t\tbackground-color: transparent;\n\t\theight: 0;\n\t}\n\n\t.fixed-size.lg-outer .lg-toolbar .lg-icon {\n\t\tcolor: #FFF;\n\t}\n\n\t.fixed-size.lg-outer .lg-img-wrap {\n\t\tpadding: 12px;\n\t}\n<\/style>\n<script>\n\tjQuery(document).ready(function () {\n\t\t\/\/ isotope effect function\n\t\t\/\/ Method 1 - Initialize Isotope, then trigger layout after each image loads.\n\t\tvar $grid = jQuery('.all-images-570').isotope({\n\t\t\t\/\/ options...\n\t\t\titemSelector: '.single-image-570',\n\t\t});\n\t\t\/\/ layout Isotope after each image loads\n\t\t$grid.imagesLoaded().progress(function () {\n\t\t\t$grid.isotope('layout');\n\t\t});\n\t});\n<\/script>\n","protected":false},"excerpt":{"rendered":"<p>Finisare suprafe\u021be, l\u0103cuire UV 3D \u0219i folitare 3D Scoate\u021bi-v\u0103 produsele \u00een eviden\u021b\u0103 aleg\u00e2nd solu\u021biile de finisare de suprafa\u021b\u0103 \u0219i l\u0103cuire UV oferite de Center-Print! Contacta\u021bi-ne ast\u0103zi pentru a g\u0103si \u00eempreun\u0103 cea mai bun\u0103 solu\u021bie pentru dumneavoastr\u0103! L\u0103cuire UV \u0219i finisare de suprafa\u021b\u0103 cu echipa Center-Print \u2013 De ce s\u0103 ne alege\u021bi? Pe o pia\u021b\u0103 saturat\u0103, [&hellip;]<\/p>\n","protected":false},"author":3,"featured_media":0,"parent":57,"menu_order":3,"comment_status":"closed","ping_status":"closed","template":"","meta":{"_acf_changed":false,"footnotes":""},"class_list":["post-568","page","type-page","status-publish","hentry"],"acf":[],"_links":{"self":[{"href":"https:\/\/centerprint.hu\/ro\/wp-json\/wp\/v2\/pages\/568","targetHints":{"allow":["GET"]}}],"collection":[{"href":"https:\/\/centerprint.hu\/ro\/wp-json\/wp\/v2\/pages"}],"about":[{"href":"https:\/\/centerprint.hu\/ro\/wp-json\/wp\/v2\/types\/page"}],"author":[{"embeddable":true,"href":"https:\/\/centerprint.hu\/ro\/wp-json\/wp\/v2\/users\/3"}],"replies":[{"embeddable":true,"href":"https:\/\/centerprint.hu\/ro\/wp-json\/wp\/v2\/comments?post=568"}],"version-history":[{"count":1,"href":"https:\/\/centerprint.hu\/ro\/wp-json\/wp\/v2\/pages\/568\/revisions"}],"predecessor-version":[{"id":573,"href":"https:\/\/centerprint.hu\/ro\/wp-json\/wp\/v2\/pages\/568\/revisions\/573"}],"up":[{"embeddable":true,"href":"https:\/\/centerprint.hu\/ro\/wp-json\/wp\/v2\/pages\/57"}],"wp:attachment":[{"href":"https:\/\/centerprint.hu\/ro\/wp-json\/wp\/v2\/media?parent=568"}],"curies":[{"name":"wp","href":"https:\/\/api.w.org\/{rel}","templated":true}]}}