{"id":561,"date":"2024-07-29T12:12:59","date_gmt":"2024-07-29T12:12:59","guid":{"rendered":"https:\/\/centerprint.hu\/?page_id=561"},"modified":"2024-12-04T07:30:15","modified_gmt":"2024-12-04T07:30:15","slug":"ujsag-nyomtatas","status":"publish","type":"page","link":"https:\/\/centerprint.hu\/ro\/termekek\/ujsag-nyomtatas\/","title":{"rendered":"Tip\u0103rirea ziarelor"},"content":{"rendered":"<p>Dac\u0103 sunte\u021bi \u00een c\u0103utarea unei tipografii moderne din secolul XXI, care utilizeaz\u0103 tehnologii de tip\u0103rire fizic\u0103 \u0219i care poate tip\u0103ri ziare \u0219i reviste, avem o solu\u021bie excelent\u0103! Solicita\u021bi o ofert\u0103 echipei Center-Print!<\/p>\n<p><img loading=\"lazy\" decoding=\"async\" width=\"1595\" height=\"803\" class=\"alignnone size-full wp-image-562\" src=\"http:\/\/centerprint.hu\/wp-content\/uploads\/2024\/07\/2407-ujsag-print-01.webp\" alt=\"\u00fajs\u00e1g nyomtat\u00e1s\" srcset=\"https:\/\/centerprint.hu\/wp-content\/uploads\/2024\/07\/2407-ujsag-print-01.webp 1595w, https:\/\/centerprint.hu\/wp-content\/uploads\/2024\/07\/2407-ujsag-print-01-1536x773.webp 1536w\" sizes=\"auto, (max-width: 1595px) 100vw, 1595px\" \/><\/p>\n<h3><strong>Tip\u0103rirea ziarelor \u2013 de ce s\u0103 alege\u021bi Tipografia Center-Print?<\/strong><\/h3>\n<p>Tip\u0103rirea ziarelor nu a ie\u0219it \u00eenc\u0103 din mod\u0103, ci doar s-a transformat! Cu toate acestea, calitatea \u0219i cantitatea trebuie s\u0103 mearg\u0103 m\u00e2n\u0103 \u00een m\u00e2n\u0103.<br \/>\nParcul nostru modern de echipamente \u0219i speciali\u0219tii no\u0219tri cu inalta calificare garanteaz\u0103 c\u0103 fiecare proiect va fi realizat la cele mai \u00eenalte standarde profesionale. Ne ocup\u0103m de comenzi de mari dimensiuni, fie c\u0103 este vorba de reviste, cataloage sau alte publica\u021bii periodice. Haide\u021bi s\u0103 colabor\u0103m \u00een atelierul creativ al tipografiei Center-Print!<\/p>\n<p>Ce ne face unici?<\/p>\n<h3><strong>Realizarea comenzilor de mari dimensiuni<\/strong><\/h3>\n<p>Suntem specializa\u021bi \u00een comenzi de mari dimensiuni, f\u0103r\u0103 probleme pentru tiraje de zeci de mii de exemplare. Indiferent dac\u0103 este vorba de reviste, ziare sau periodice, ne pute\u021bi contacta cu \u00eencredere.<\/p>\n<h3><strong>Solu\u021bii de calitate<\/strong><\/h3>\n<p>Datorit\u0103 proceselor stricte de asigurare a calit\u0103\u021bii de la Tipografia Center-Print, toate produsele noastre tipografice sunt de \u00eenalt\u0103 calitate \u0219i estetic perfecte. Tip\u0103rirea noastr\u0103 bogat\u0103 \u00een culori \u0219i precizia detaliilor garanteaz\u0103 c\u0103 suprafe\u021bele tip\u0103rite vor ie\u0219i \u00een eviden\u021b\u0103 din mul\u021bime.<\/p>\n<h3><strong>Flexibilitate \u0219i ofertare rapid\u0103<\/strong><\/h3>\n<p>Oferim servicii rapide \u0219i precise de ofertare, astfel \u00eenc\u00e2t proiectele clien\u021bilor no\u0219tri s\u0103 progreseze f\u0103r\u0103 probleme. Echipa noastr\u0103 este \u00eentotdeauna disponibil\u0103 pentru a ajuta la g\u0103sirea celor mai potrivite solu\u021bii, indiferent de cerin\u021bele speciale.<\/p>\n<h3><strong>Viitorul tip\u0103ririi ziarelor \u0219i tehnicile din secolul XXI<\/strong><\/h3>\n<p>Tip\u0103rirea ziarelor \u00eenc\u0103 joac\u0103 un rol important \u00een lumea media, fie c\u0103 este vorba de formatul tradi\u021bional sau digital. Ziarele tip\u0103rite nu doar informeaz\u0103 \u0219i distreaz\u0103, ci pot deveni \u0219i amintiri valoroase pentru cititori, pe care adesea le p\u0103streaz\u0103 \u0219i le \u00eemp\u0103rt\u0103\u0219esc. Mai degrab\u0103 am spune c\u0103 tip\u0103rirea ziarelor este \u00eentr-o continu\u0103 evolu\u021bie \u00een secolul XXI, dec\u00e2t c\u0103 este pe cale de dispari\u021bie.<\/p>\n<p>Odat\u0103 cu avansarea tehnologiei digitale, tot mai multe oportunit\u0103\u021bi apar pentru a face ziarele interactive \u0219i personalizate. Platformele online \u0219i dispozitivele mobile ofer\u0103 noi formate \u0219i acces cititorilor. Dar sustenabilitatea \u0219i con\u0219tiin\u021ba ecologic\u0103 devin \u0219i ele tot mai importante \u00een produc\u021bia tipografic\u0103. \u00cen viitor, c\u00e2nd vine vorba de ziarele fizice, calitatea premium \u0219i con\u021binutul vor fi probabil cele mai importante aspecte.<\/p>\n<h3><strong>Principiile de baz\u0103 ale tip\u0103ririi \u0219i edit\u0103rii ziarelor<\/strong><\/h3>\n<p>Editarea \u0219i con\u021binutul ziarelor vizeaz\u0103 divertismentul, informarea \u0219i provocarea cititorilor. Printre principiile de baz\u0103 se num\u0103r\u0103 relevan\u021ba \u0219i autenticitatea con\u021binutului, precum \u0219i luarea \u00een considerare a intereselor \u0219i nevoilor cititorilor. Este important ca ziarele s\u0103 men\u021bin\u0103 un echilibru \u00eentre \u0219tiri \u0219i divertisment \u0219i ca stilul editorial s\u0103 reflecte caracterul publica\u021biei \u0219i publicul s\u0103u \u021bint\u0103.<\/p>\n<p>Tip\u0103rirea ziarelor implic\u0103 respectarea unor specifica\u021bii tehnice pentru a asigura o calitate ridicat\u0103 \u0219i o experien\u021b\u0103 de citit optim\u0103. Un aspect important este alegerea tipului potrivit de h\u00e2rtie, ideal din punct de vedere al con\u021binutului \u0219i durabilit\u0103\u021bii. De asemenea, dimensiunile \u0219i formatul ziarelor sunt esen\u021biale pentru o lectur\u0103 pl\u0103cut\u0103. Ne concentr\u0103m \u0219i pe dezvoltarea \u0219i aplicarea tehnologiilor tipografice pentru a asigura fidelitatea culorilor \u0219i reproducerea precis\u0103 a imaginilor, esen\u021biale pentru o prezentare profesional\u0103 \u0219i satisfac\u021bia cititorilor.<\/p>\n<p>Solicita\u021bi o ofert\u0103 de la noi!<\/p>\n<p>&nbsp;<\/p>\n<p style=\"text-align: center;\"><strong>Galerie<\/strong><\/p>\n\t<!-- CSS Part Start From Here-->\n\t<style>\n\t\t#animated-thumbnails-616 a {\n\t\t\ttext-decoration: none !important;\n\t\t\tbox-shadow: 0 0px 0 0 currentcolor !important;\n\t\t}\n\n\n\t\t\/* Grayscale Effect *\/\n\t\t\n\t\t\n\t\t#animated-thumbnails-616 img {\n\t\t\twidth: 100% !important;\n\t\t\theight: auto !important;\n\t\t}\n\n\t\t.lg-icon {\n\t\t\tcolor:\n\t\t\t\tgold\t\t\t\t!important;\n\t\t}\n\n\t\t.pg-title {\n\t\t\tcolor:\n\t\t\t\twhite\t\t\t\t!important;\n\t\t}\n\n\t\t\t<\/style>\n\t\t<div id=\"animated-thumbnails-616\"\n\t\tclass=\"row all-images-616\">\n\t\t\t\t\t\t\t\t\t\t\t<a href=\"https:\/\/centerprint.hu\/wp-content\/uploads\/2018\/04\/nyomda-debrecen-ujsag-hirlap-magazin-folyoirat-2.jpg\"\n\t\t\t\t\t\tclass=\"single-image-616 col-lg-4 col-md-4 col-sm-4 col-xs-12\"\n\t\t\t\t\t\tdata-sub-html=\"Foly\u00f3iratok, magazinok\">\n\t\t\t\t\t\t<img class=\"thumbnail  \"\n\t\t\t\t\t\t\tsrc=\"https:\/\/centerprint.hu\/wp-content\/uploads\/2018\/04\/nyomda-debrecen-ujsag-hirlap-magazin-folyoirat-2.jpg\" alt=\"Foly\u00f3iratok, magazinok\" \/>\n\t\t\t\t\t<\/a>\n\t\t\t\t\n\t\t\t\t\n\t\t\t\t\t\t\t\t\t\t\t\t\t<a href=\"https:\/\/centerprint.hu\/wp-content\/uploads\/2018\/04\/nyomda-debrecen-ujsag-hirlap-magazin-folyoirat-3.jpg\"\n\t\t\t\t\t\tclass=\"single-image-616 col-lg-4 col-md-4 col-sm-4 col-xs-12\"\n\t\t\t\t\t\tdata-sub-html=\"Foly\u00f3iratok, magazinok\">\n\t\t\t\t\t\t<img class=\"thumbnail  \"\n\t\t\t\t\t\t\tsrc=\"https:\/\/centerprint.hu\/wp-content\/uploads\/2018\/04\/nyomda-debrecen-ujsag-hirlap-magazin-folyoirat-3.jpg\" alt=\"Foly\u00f3iratok, magazinok\" \/>\n\t\t\t\t\t<\/a>\n\t\t\t\t\n\t\t\t\t\n\t\t\t\t\t\t\t\t\t\t\t\t\t<a href=\"https:\/\/centerprint.hu\/wp-content\/uploads\/2018\/04\/nyomda-debrecen-ujsag-hirlap-magazin-folyoirat-4.jpg\"\n\t\t\t\t\t\tclass=\"single-image-616 col-lg-4 col-md-4 col-sm-4 col-xs-12\"\n\t\t\t\t\t\tdata-sub-html=\"Foly\u00f3iratok, magazinok\">\n\t\t\t\t\t\t<img class=\"thumbnail  \"\n\t\t\t\t\t\t\tsrc=\"https:\/\/centerprint.hu\/wp-content\/uploads\/2018\/04\/nyomda-debrecen-ujsag-hirlap-magazin-folyoirat-4.jpg\" alt=\"Foly\u00f3iratok, magazinok\" \/>\n\t\t\t\t\t<\/a>\n\t\t\t\t\n\t\t\t\t\n\t\t\t\t\t\t\t\t\t\t\t\t\t<a href=\"https:\/\/centerprint.hu\/wp-content\/uploads\/2018\/04\/nyomda-debrecen-ujsag-hirlap-magazin-folyoirat-1.jpg\"\n\t\t\t\t\t\tclass=\"single-image-616 col-lg-4 col-md-4 col-sm-4 col-xs-12\"\n\t\t\t\t\t\tdata-sub-html=\"Foly\u00f3iratok, magazinok\">\n\t\t\t\t\t\t<img class=\"thumbnail  \"\n\t\t\t\t\t\t\tsrc=\"https:\/\/centerprint.hu\/wp-content\/uploads\/2018\/04\/nyomda-debrecen-ujsag-hirlap-magazin-folyoirat-1.jpg\" alt=\"Foly\u00f3iratok, magazinok\" \/>\n\t\t\t\t\t<\/a>\n\t\t\t\t\n\t\t\t\t\n\t\t\t\t\t\t\t\t\t\t\t\t\t<a href=\"https:\/\/centerprint.hu\/wp-content\/uploads\/2024\/07\/img_1035-scaled.webp\"\n\t\t\t\t\t\tclass=\"single-image-616 col-lg-4 col-md-4 col-sm-4 col-xs-12\"\n\t\t\t\t\t\tdata-sub-html=\"katal\u00f3gus\">\n\t\t\t\t\t\t<img class=\"thumbnail  \"\n\t\t\t\t\t\t\tsrc=\"https:\/\/centerprint.hu\/wp-content\/uploads\/2024\/07\/img_1035-scaled.webp\" alt=\"katal\u00f3gus\" \/>\n\t\t\t\t\t<\/a>\n\t\t\t\t\n\t\t\t\t\n\t\t\t\t\t\t\t\t\t\t\t\t\t<a href=\"https:\/\/centerprint.hu\/wp-content\/uploads\/2018\/04\/nyomda-debrecen-konyv-katalogus-kemenykotes-ragasztott-1-2.jpg\"\n\t\t\t\t\t\tclass=\"single-image-616 col-lg-4 col-md-4 col-sm-4 col-xs-12\"\n\t\t\t\t\t\tdata-sub-html=\"K\u00f6nyvek, term\u00e9kkatal\u00f3gusok\">\n\t\t\t\t\t\t<img class=\"thumbnail  \"\n\t\t\t\t\t\t\tsrc=\"https:\/\/centerprint.hu\/wp-content\/uploads\/2018\/04\/nyomda-debrecen-konyv-katalogus-kemenykotes-ragasztott-1-2.jpg\" alt=\"K\u00f6nyvek, term\u00e9kkatal\u00f3gusok\" \/>\n\t\t\t\t\t<\/a>\n\t\t\t\t\n\t\t\t\t\n\t\t\t\t\t<\/div>\n\t<script>\n\t\/\/thumbnail or fixed Size thumbnail\n\tjQuery(window).on('load', function () {\n\t\tjQuery('#animated-thumbnails-616').lightGallery({\n\t\t\tthumbnail: true,\n\t\t\tanimateThumb: true,\n\t\t\t\/\/show and hide thumb setting\n\t\t\tshowThumbByDefault: true,\n\t\t\tsubHtmlSelectorRelative: true,\n\t\t\t\t\t\t\t\t\t\t\t\tmode: 'lg-fade',\n\t\t\t\t\t});\n\n\t\t\t});\t\n<\/script>\n<style>\n\t.lg-backdrop.in {\n\t\topacity: 0.85;\n\t}\n\n\t.fixed-size.lg-outer .lg-inner {\n\t\tbackground-color: #FFF;\n\t}\n\n\t.fixed-size.lg-outer .lg-sub-html {\n\t\tposition: absolute;\n\t\ttext-align: left;\n\t}\n\n\t.fixed-size.lg-outer .lg-toolbar {\n\t\tbackground-color: transparent;\n\t\theight: 0;\n\t}\n\n\t.fixed-size.lg-outer .lg-toolbar .lg-icon {\n\t\tcolor: #FFF;\n\t}\n\n\t.fixed-size.lg-outer .lg-img-wrap {\n\t\tpadding: 12px;\n\t}\n<\/style>\n<script>\n\tjQuery(document).ready(function () {\n\t\t\/\/ isotope effect function\n\t\t\/\/ Method 1 - Initialize Isotope, then trigger layout after each image loads.\n\t\tvar $grid = jQuery('.all-images-616').isotope({\n\t\t\t\/\/ options...\n\t\t\titemSelector: '.single-image-616',\n\t\t});\n\t\t\/\/ layout Isotope after each image loads\n\t\t$grid.imagesLoaded().progress(function () {\n\t\t\t$grid.isotope('layout');\n\t\t});\n\t});\n<\/script>\n","protected":false},"excerpt":{"rendered":"<p>Dac\u0103 sunte\u021bi \u00een c\u0103utarea unei tipografii moderne din secolul XXI, care utilizeaz\u0103 tehnologii de tip\u0103rire fizic\u0103 \u0219i care poate tip\u0103ri ziare \u0219i reviste, avem o solu\u021bie excelent\u0103! Solicita\u021bi o ofert\u0103 echipei Center-Print! Tip\u0103rirea ziarelor \u2013 de ce s\u0103 alege\u021bi Tipografia Center-Print? Tip\u0103rirea ziarelor nu a ie\u0219it \u00eenc\u0103 din mod\u0103, ci doar s-a transformat! Cu toate [&hellip;]<\/p>\n","protected":false},"author":4,"featured_media":0,"parent":71,"menu_order":14,"comment_status":"closed","ping_status":"closed","template":"","meta":{"_acf_changed":false,"footnotes":""},"class_list":["post-561","page","type-page","status-publish","hentry"],"acf":[],"_links":{"self":[{"href":"https:\/\/centerprint.hu\/ro\/wp-json\/wp\/v2\/pages\/561","targetHints":{"allow":["GET"]}}],"collection":[{"href":"https:\/\/centerprint.hu\/ro\/wp-json\/wp\/v2\/pages"}],"about":[{"href":"https:\/\/centerprint.hu\/ro\/wp-json\/wp\/v2\/types\/page"}],"author":[{"embeddable":true,"href":"https:\/\/centerprint.hu\/ro\/wp-json\/wp\/v2\/users\/4"}],"replies":[{"embeddable":true,"href":"https:\/\/centerprint.hu\/ro\/wp-json\/wp\/v2\/comments?post=561"}],"version-history":[{"count":1,"href":"https:\/\/centerprint.hu\/ro\/wp-json\/wp\/v2\/pages\/561\/revisions"}],"predecessor-version":[{"id":711,"href":"https:\/\/centerprint.hu\/ro\/wp-json\/wp\/v2\/pages\/561\/revisions\/711"}],"up":[{"embeddable":true,"href":"https:\/\/centerprint.hu\/ro\/wp-json\/wp\/v2\/pages\/71"}],"wp:attachment":[{"href":"https:\/\/centerprint.hu\/ro\/wp-json\/wp\/v2\/media?parent=561"}],"curies":[{"name":"wp","href":"https:\/\/api.w.org\/{rel}","templated":true}]}}