{"id":51,"date":"2018-04-07T16:40:30","date_gmt":"2018-04-07T16:40:30","guid":{"rendered":"http:\/\/centerprint.hu\/?page_id=51"},"modified":"2024-08-22T13:50:22","modified_gmt":"2024-08-22T13:50:22","slug":"minoseg-es-kornyezeti-politika","status":"publish","type":"page","link":"https:\/\/centerprint.hu\/ro\/rolunk\/minoseg-es-kornyezeti-politika\/","title":{"rendered":"Politica de calitate \u0219i de mediu"},"content":{"rendered":"<p><strong>CENTER-PRINT NYOMDA KFT<\/strong>. \u00een conformitate cu strategia, cu obiectivele de afaceri \u0219i cu politica integrat\u0103 privind calitatea \u0219i managementul de mediu. Compania noastra sa angajat in acest domeniu din 1992.<\/p>\n<p><strong>Obiective:<\/strong><br \/>\nContinu\u00e2nd o afacere de \u00eenalt\u0103 calitate, industria tipografic\u0103, care \u021bine <strong>CENTER-PRINT NYOMDA KFT<\/strong>. \u00een concordan\u021b\u0103 cu satisfac\u021bia clien\u021bilor no\u0219tri \u0219i satisfacerea cerin\u021belor p\u0103r\u021bilor interesate. men\u021binerea \u0219i consolidarea pozi\u021biei sale pe pia\u021b\u0103.<\/p>\n<p><strong>Pentru a ne atinge obiectivele:<\/strong><\/p>\n<ul>\n<li>Consider\u0103m \u00eembun\u0103t\u0103\u021birea continu\u0103 a produc\u0103torilor de produse tipografice, capacitatea noastr\u0103 de servicii &#8211; bazat\u0103 pe o colaborare pe termen lung \u0219i reciproc avantajoas\u0103 cu clien\u021bii, furnizorii, subcontractan\u021bii &#8211; \u0219i \u00eembun\u0103t\u0103\u021birea condi\u021biilor noastre de produc\u021bie \u0219i infrastructur\u0103 ca sarcin\u0103 principal\u0103.<\/li>\n<li>\u00cen acest scop, oper\u0103m, evalu\u0103m \u00een mod regulat \u0219i dezvolt\u0103m continuu sistemul nostru integrat de management al calit\u0103\u021bii \u0219i mediului, \u00een conformitate cu standardele <strong>MSZ EN ISO 9001<\/strong> \u0219i <strong>MSZ EN ISO 14001.<\/strong><\/li>\n<li>Definirea, analizarea \u0219i evaluarea calit\u0103\u021bii, riscurilor \u0219i oportunit\u0103\u021bilor de mediu. cu m\u0103suri conexe, putem asigura satisfac\u021bia p\u0103r\u021bilor interesate. Evaluarea riscului de mediu ia \u00een considerare abordarea ciclului de via\u021b\u0103.<\/li>\n<li>\u00cen concordan\u021b\u0103 cu obiectivele noastre pe termen lung, realiz\u0103m obiectivele anuale privind calitatea \u0219i mediul, pe care le evalu\u0103m \u00een mod regulat.<\/li>\n<li>Conducerea se asigur\u0103 c\u0103 sunt disponibile condi\u021biile necesare, resurse umane, tehnice \u0219i financiare pentru a \u00eendeplini cerin\u021bele relevante.<\/li>\n<li>Activit\u0103\u021bile noastre se desf\u0103\u0219oar\u0103 \u00een conformitate cu legea, instruc\u021biunile interne ale companiei, eficien\u021ba afacerii \u0219i cerin\u021bele de calitate. Unit\u0103\u021bile noastre organiza\u021bionale \u00ee\u0219i desf\u0103\u0219oar\u0103 activit\u0103\u021bile \u00eentr-o manier\u0103 transparent\u0103 \u0219i fiabil\u0103, bazat\u0103 pe procese reglementate.<\/li>\n<li>Consider\u0103m c\u0103 este important s\u0103 men\u021binem controlul impactului asupra mediului al activit\u0103\u021bilor noastre, ader\u00e2nd la cerin\u021bele de mediu relevante \u0219i ridic\u00e2nd gradul de con\u0219tientizare a mediului \u00eenconjur\u0103tor al angaja\u021bilor.<\/li>\n<\/ul>\n<p>Ne a\u0219tept\u0103m ca to\u021bi s\u0103 cunoasc\u0103 impactul activit\u0103\u021bilor lor asupra calit\u0103\u021bii serviciilor noastre \u0219i a performan\u021bei noastre de mediu. To\u021bi angaja\u021bii no\u0219tri sunt responsabili pentru calitatea muncii lor.<\/p>\n<p>Managementul <strong>CENTER-PRINT NYOMDA KFT.<\/strong> consider\u0103 calitatea produselor \u0219i a serviciilor, protec\u021bia mediului \u0219i prevenirea polu\u0103rii ca factor determinant pentru func\u021bionarea \u0219i angajamentul \u00een aceast\u0103 direc\u021bie din partea tuturor angaja\u021bilor care lucreaz\u0103 \u00een numele companiei.<\/p>\n","protected":false},"excerpt":{"rendered":"<p>CENTER-PRINT NYOMDA KFT. \u00een conformitate cu strategia, cu obiectivele de afaceri \u0219i cu politica integrat\u0103 privind calitatea \u0219i managementul de mediu. Compania noastra sa angajat in acest domeniu din 1992. Obiective: Continu\u00e2nd o afacere de \u00eenalt\u0103 calitate, industria tipografic\u0103, care \u021bine CENTER-PRINT NYOMDA KFT. \u00een concordan\u021b\u0103 cu satisfac\u021bia clien\u021bilor no\u0219tri \u0219i satisfacerea cerin\u021belor p\u0103r\u021bilor interesate. [&hellip;]<\/p>\n","protected":false},"author":1,"featured_media":0,"parent":16,"menu_order":3,"comment_status":"closed","ping_status":"closed","template":"","meta":{"_acf_changed":false,"footnotes":""},"class_list":["post-51","page","type-page","status-publish","hentry"],"acf":[],"_links":{"self":[{"href":"https:\/\/centerprint.hu\/ro\/wp-json\/wp\/v2\/pages\/51","targetHints":{"allow":["GET"]}}],"collection":[{"href":"https:\/\/centerprint.hu\/ro\/wp-json\/wp\/v2\/pages"}],"about":[{"href":"https:\/\/centerprint.hu\/ro\/wp-json\/wp\/v2\/types\/page"}],"author":[{"embeddable":true,"href":"https:\/\/centerprint.hu\/ro\/wp-json\/wp\/v2\/users\/1"}],"replies":[{"embeddable":true,"href":"https:\/\/centerprint.hu\/ro\/wp-json\/wp\/v2\/comments?post=51"}],"version-history":[{"count":1,"href":"https:\/\/centerprint.hu\/ro\/wp-json\/wp\/v2\/pages\/51\/revisions"}],"predecessor-version":[{"id":722,"href":"https:\/\/centerprint.hu\/ro\/wp-json\/wp\/v2\/pages\/51\/revisions\/722"}],"up":[{"embeddable":true,"href":"https:\/\/centerprint.hu\/ro\/wp-json\/wp\/v2\/pages\/16"}],"wp:attachment":[{"href":"https:\/\/centerprint.hu\/ro\/wp-json\/wp\/v2\/media?parent=51"}],"curies":[{"name":"wp","href":"https:\/\/api.w.org\/{rel}","templated":true}]}}