{"id":463,"date":"2024-07-02T08:05:38","date_gmt":"2024-07-02T08:05:38","guid":{"rendered":"https:\/\/centerprint.hu\/?page_id=463"},"modified":"2024-12-04T07:28:31","modified_gmt":"2024-12-04T07:28:31","slug":"molino-keszites","status":"publish","type":"page","link":"https:\/\/centerprint.hu\/ro\/termekek\/molino-keszites\/","title":{"rendered":"Producerea de bannere"},"content":{"rendered":"<p><img loading=\"lazy\" decoding=\"async\" width=\"1600\" height=\"997\" class=\"alignnone size-large wp-image-550\" src=\"http:\/\/centerprint.hu\/wp-content\/uploads\/2024\/07\/img_1284-scaled-e1722864189650-1600x997.webp\" alt=\"\" srcset=\"https:\/\/centerprint.hu\/wp-content\/uploads\/2024\/07\/img_1284-scaled-e1722864189650-1600x997.webp 1600w, https:\/\/centerprint.hu\/wp-content\/uploads\/2024\/07\/img_1284-scaled-e1722864189650-1536x957.webp 1536w, https:\/\/centerprint.hu\/wp-content\/uploads\/2024\/07\/img_1284-scaled-e1722864189650-2048x1276.webp 2048w\" sizes=\"auto, (max-width: 1600px) 100vw, 1600px\" \/><\/p>\n<p>Nu exist\u0103 nimic mai atr\u0103g\u0103tor dec\u00e2t un banner publicitar mare \u2013 care, totu\u0219i, nu doar c\u0103 poate st\u00e2rni reac\u021bii pozitive, dar uneori \u0219i negative din partea oamenilor. Dac\u0103 dorim s\u0103 ne situ\u0103m pe partea pozitiv\u0103, trebuie s\u0103 ne str\u0103duim s\u0103 fim unici, s\u0103 ne adres\u0103m \u00eentr-un mod simpatic \u0219i s\u0103 cre\u0103m adev\u0103rate valori. Bannerul este fa\u021ba companiei.<\/p>\n<h3><strong>Producerea de bannere cu echipa Center-Print \u2013 de ce s\u0103 ne alege\u021bi pe noi?<\/strong><\/h3>\n<p>Avem o vast\u0103 experien\u021b\u0103 at\u00e2t \u00een producerea, c\u00e2t \u0219i \u00een proiectarea de bannere personalizate, fiind astfel alegerea optim\u0103 dac\u0103 dori\u021bi s\u0103 prezenta\u021bi mesajele dumneavoastr\u0103 pozitive \u00eentr-un mod unic c\u0103tre publicul \u021bint\u0103.<\/p>\n<h3><strong>De ce merit\u0103 s\u0103 comanda\u021bi de la noi? Iat\u0103 c\u00e2teva motive:<\/strong><\/h3>\n<ul>\n<li>Pre\u021buri competitive: obiectivul nostru este ca clien\u021bii no\u0219tri s\u0103 fie mul\u021bumi\u021bi, astfel c\u0103 ne str\u0103duim s\u0103 oferim cel mai bun raport calitate-pre\u021b \u00een stabilirea pre\u021burilor.<\/li>\n<li>Calitate superioar\u0103: utiliz\u0103m materiale stabile, durabile \u0219i tehnologii de tip\u0103rire inovatoare.<\/li>\n<li>Flexibilitate: \u00eendeplinim cerin\u021be speciale \u0219i personalizate.<\/li>\n<li>Termene scurte: produse finale cu termene de livrare scurte.<\/li>\n<li>Solu\u021bii speciale: putem aplica inele, margini pliate, lipire, laminare \u0219i folie de protec\u021bie \u00een procesul de produc\u021bie a bannerelor.<\/li>\n<\/ul>\n<p>Colaborarea cu echipa noastr\u0103 garanteaz\u0103 flexibilitate. Termenele noastre scurte permit realizarea rapid\u0103 a bannerelor. Cu bannere de \u00eenalt\u0103 calitate, ne asigur\u0103m c\u0103 at\u00e2t dumneavoastr\u0103, c\u00e2t \u0219i clien\u021bii dumneavoastr\u0103 ve\u021bi fi mul\u021bumi\u021bi de rezultatul final.<\/p>\n<h3><strong>De ce este necesar un banner?<\/strong><\/h3>\n<p>Bannerul este unul dintre cele mai eficiente instrumente publicitare, dac\u0103 nu chiar cel mai eficient, deoarece atrage aten\u021bia \u00eentr-un mod semnificativ, av\u00e2nd \u00een acela\u0219i timp costuri relativ sc\u0103zute. Culorile vii \u0219i dimensiunile mari permit ca mesajul dumneavoastr\u0103 s\u0103 fie vizibil de la distan\u021b\u0103, astfel \u00eenc\u00e2t s\u0103 v\u0103 pute\u021bi atinge u\u0219or publicul \u021bint\u0103.<br \/>\nEste deosebit de util pentru promovarea diferitelor evenimente, expozi\u021bii, t\u00e2rguri sau ore de deschidere, unde este important ca informa\u021biile s\u0103 ajung\u0103 rapid \u0219i clar la poten\u021bialii clien\u021bi.<br \/>\nPopularitatea sa se datoreaz\u0103, de asemenea, versatilit\u0103\u021bii. Este u\u0219or de transportat, simplu de montat \u0219i demontat, f\u0103c\u00e2ndu-l ideal pentru loca\u021bii temporare sau schimb\u0103toare. Un banner bine conceput nu doar c\u0103 este vizual atr\u0103g\u0103tor, ci reprezint\u0103 \u0219i un instrument eficient de construire a m\u0103rcii, deoarece poate transmite multe informa\u021bii c\u0103tre un public larg \u00eentr-un timp scurt.<\/p>\n<p><img loading=\"lazy\" decoding=\"async\" width=\"1595\" height=\"803\" class=\"alignnone size-full wp-image-468\" src=\"http:\/\/centerprint.hu\/wp-content\/uploads\/2024\/07\/2406-plakat-02.webp\" alt=\"plak\u00e1t nyomtat\u00e1s\" srcset=\"https:\/\/centerprint.hu\/wp-content\/uploads\/2024\/07\/2406-plakat-02.webp 1595w, https:\/\/centerprint.hu\/wp-content\/uploads\/2024\/07\/2406-plakat-02-1536x773.webp 1536w\" sizes=\"auto, (max-width: 1595px) 100vw, 1595px\" \/><\/p>\n<h3><strong>Producerea de bannere personalizate \u2013 ce face publicitatea special\u0103?<\/strong><\/h3>\n<p>Cu un banner personalizat, publicitatea dumneavoastr\u0103 va ie\u0219i garantat \u00een eviden\u021b\u0103 din mul\u021bime. Proiectarea personalizat\u0103 \u0219i utilizarea diferitelor tehnologii de tip\u0103rire asigur\u0103 faptul c\u0103 mesajul va fi atr\u0103g\u0103tor \u0219i memorabil. Fiecare banner este adaptat cerin\u021belor clientului, inclusiv dimensiunea, culorile \u0219i grafica, astfel \u00eenc\u00e2t s\u0103 se potriveasc\u0103 perfect cu identitatea m\u0103rcii \u0219i obiectivele sale.<br \/>\nDatorit\u0103 tip\u0103ririi de mari dimensiuni, detaliile r\u0103m\u00e2n precise \u0219i clare, \u00een timp ce utilizarea materialelor durabile asigur\u0103 c\u0103 bannerele rezist\u0103 condi\u021biilor meteorologice dificile. Fie c\u0103 este vorba de utilizare \u00een exterior sau \u00een interior, fiecare pies\u0103 este realizat\u0103 pentru a-\u0219i p\u0103stra calitatea \u0219i eficien\u021ba pe termen lung.<\/p>\n<h3><strong>Ce trebuie s\u0103 face\u021bi dup\u0103 producerea bannerului<\/strong><\/h3>\n<p>Dup\u0103 ce bannerul este finalizat, este important s\u0103-l amplasa\u021bi corect \u00een loca\u021bia dorit\u0103. Asigura\u021bi-v\u0103 c\u0103 bannerul este plasat \u00eentr-un loc vizibil \u0219i bine fixat, astfel \u00eenc\u00e2t s\u0103 profita\u021bi la maximum de oportunit\u0103\u021bile publicitare pe care le ofer\u0103. Dac\u0103 nu sunte\u021bi sigur de amplasarea corect\u0103, echipa noastr\u0103 v\u0103 poate ajuta cu instalarea.<br \/>\nVerifica\u021bi periodic starea bannerului, mai ales dac\u0103 este utilizat \u00een aer liber. Cur\u0103\u021ba\u021bi-l de murd\u0103rie \u0219i efectua\u021bi repara\u021bii minore, dac\u0103 este necesar, pentru a-l men\u021bine \u00eentr-o stare c\u00e2t mai bun\u0103. Astfel, v\u0103 asigura\u021bi c\u0103 bannerul va servi scopurilor dumneavoastr\u0103 pe termen lung \u0219i va atrage \u00een mod constant aten\u021bia.<\/p>\n<p style=\"text-align: center;\"><strong>Galerie<\/strong><\/p>\n\t<!-- CSS Part Start From Here-->\n\t<style>\n\t\t#animated-thumbnails-583 a {\n\t\t\ttext-decoration: none !important;\n\t\t\tbox-shadow: 0 0px 0 0 currentcolor !important;\n\t\t}\n\n\n\t\t\/* Grayscale Effect *\/\n\t\t\n\t\t\n\t\t#animated-thumbnails-583 img {\n\t\t\twidth: 100% !important;\n\t\t\theight: auto !important;\n\t\t}\n\n\t\t.lg-icon {\n\t\t\tcolor:\n\t\t\t\tgold\t\t\t\t!important;\n\t\t}\n\n\t\t.pg-title {\n\t\t\tcolor:\n\t\t\t\twhite\t\t\t\t!important;\n\t\t}\n\n\t\t\t<\/style>\n\t\t<div id=\"animated-thumbnails-583\"\n\t\tclass=\"row all-images-583\">\n\t\t\t\t\t\t\t\t\t\t\t<a href=\"https:\/\/centerprint.hu\/wp-content\/uploads\/2024\/07\/img_1284-scaled-e1722864189650.webp\"\n\t\t\t\t\t\tclass=\"single-image-583 col-lg-4 col-md-4 col-sm-4 col-xs-12\"\n\t\t\t\t\t\tdata-sub-html=\"\u00f3ri\u00e1s molin\u00f3\">\n\t\t\t\t\t\t<img class=\"thumbnail  \"\n\t\t\t\t\t\t\tsrc=\"https:\/\/centerprint.hu\/wp-content\/uploads\/2024\/07\/img_1284-scaled-e1722864189650.webp\" alt=\"\u00f3ri\u00e1s molin\u00f3\" \/>\n\t\t\t\t\t<\/a>\n\t\t\t\t\n\t\t\t\t\n\t\t\t\t\t\t\t\t\t\t\t\t\t<a href=\"https:\/\/centerprint.hu\/wp-content\/uploads\/2024\/07\/2406-plakat-02.webp\"\n\t\t\t\t\t\tclass=\"single-image-583 col-lg-4 col-md-4 col-sm-4 col-xs-12\"\n\t\t\t\t\t\tdata-sub-html=\"Plak\u00e1t 01\">\n\t\t\t\t\t\t<img class=\"thumbnail  \"\n\t\t\t\t\t\t\tsrc=\"https:\/\/centerprint.hu\/wp-content\/uploads\/2024\/07\/2406-plakat-02.webp\" alt=\"plak\u00e1t nyomtat\u00e1s\" \/>\n\t\t\t\t\t<\/a>\n\t\t\t\t\n\t\t\t\t\n\t\t\t\t\t\t\t\t\t\t\t\t\t<a href=\"https:\/\/centerprint.hu\/wp-content\/uploads\/2024\/07\/2406-plakat-01.webp\"\n\t\t\t\t\t\tclass=\"single-image-583 col-lg-4 col-md-4 col-sm-4 col-xs-12\"\n\t\t\t\t\t\tdata-sub-html=\"Plak\u00e1t 02\">\n\t\t\t\t\t\t<img class=\"thumbnail  \"\n\t\t\t\t\t\t\tsrc=\"https:\/\/centerprint.hu\/wp-content\/uploads\/2024\/07\/2406-plakat-01.webp\" alt=\"plak\u00e1t nyomtat\u00e1s\" \/>\n\t\t\t\t\t<\/a>\n\t\t\t\t\n\t\t\t\t\n\t\t\t\t\t<\/div>\n\t<script>\n\t\/\/thumbnail or fixed Size thumbnail\n\tjQuery(window).on('load', function () {\n\t\tjQuery('#animated-thumbnails-583').lightGallery({\n\t\t\tthumbnail: true,\n\t\t\tanimateThumb: true,\n\t\t\t\/\/show and hide thumb setting\n\t\t\tshowThumbByDefault: true,\n\t\t\tsubHtmlSelectorRelative: true,\n\t\t\t\t\t\t\t\t\t\t\t\tmode: 'lg-fade',\n\t\t\t\t\t});\n\n\t\t\t});\t\n<\/script>\n<style>\n\t.lg-backdrop.in {\n\t\topacity: 0.85;\n\t}\n\n\t.fixed-size.lg-outer .lg-inner {\n\t\tbackground-color: #FFF;\n\t}\n\n\t.fixed-size.lg-outer .lg-sub-html {\n\t\tposition: absolute;\n\t\ttext-align: left;\n\t}\n\n\t.fixed-size.lg-outer .lg-toolbar {\n\t\tbackground-color: transparent;\n\t\theight: 0;\n\t}\n\n\t.fixed-size.lg-outer .lg-toolbar .lg-icon {\n\t\tcolor: #FFF;\n\t}\n\n\t.fixed-size.lg-outer .lg-img-wrap {\n\t\tpadding: 12px;\n\t}\n<\/style>\n<script>\n\tjQuery(document).ready(function () {\n\t\t\/\/ isotope effect function\n\t\t\/\/ Method 1 - Initialize Isotope, then trigger layout after each image loads.\n\t\tvar $grid = jQuery('.all-images-583').isotope({\n\t\t\t\/\/ options...\n\t\t\titemSelector: '.single-image-583',\n\t\t});\n\t\t\/\/ layout Isotope after each image loads\n\t\t$grid.imagesLoaded().progress(function () {\n\t\t\t$grid.isotope('layout');\n\t\t});\n\t});\n<\/script>\n","protected":false},"excerpt":{"rendered":"<p>Nu exist\u0103 nimic mai atr\u0103g\u0103tor dec\u00e2t un banner publicitar mare \u2013 care, totu\u0219i, nu doar c\u0103 poate st\u00e2rni reac\u021bii pozitive, dar uneori \u0219i negative din partea oamenilor. Dac\u0103 dorim s\u0103 ne situ\u0103m pe partea pozitiv\u0103, trebuie s\u0103 ne str\u0103duim s\u0103 fim unici, s\u0103 ne adres\u0103m \u00eentr-un mod simpatic \u0219i s\u0103 cre\u0103m adev\u0103rate valori. Bannerul este [&hellip;]<\/p>\n","protected":false},"author":4,"featured_media":0,"parent":71,"menu_order":13,"comment_status":"closed","ping_status":"closed","template":"","meta":{"_acf_changed":false,"footnotes":""},"class_list":["post-463","page","type-page","status-publish","hentry"],"acf":[],"_links":{"self":[{"href":"https:\/\/centerprint.hu\/ro\/wp-json\/wp\/v2\/pages\/463","targetHints":{"allow":["GET"]}}],"collection":[{"href":"https:\/\/centerprint.hu\/ro\/wp-json\/wp\/v2\/pages"}],"about":[{"href":"https:\/\/centerprint.hu\/ro\/wp-json\/wp\/v2\/types\/page"}],"author":[{"embeddable":true,"href":"https:\/\/centerprint.hu\/ro\/wp-json\/wp\/v2\/users\/4"}],"replies":[{"embeddable":true,"href":"https:\/\/centerprint.hu\/ro\/wp-json\/wp\/v2\/comments?post=463"}],"version-history":[{"count":2,"href":"https:\/\/centerprint.hu\/ro\/wp-json\/wp\/v2\/pages\/463\/revisions"}],"predecessor-version":[{"id":584,"href":"https:\/\/centerprint.hu\/ro\/wp-json\/wp\/v2\/pages\/463\/revisions\/584"}],"up":[{"embeddable":true,"href":"https:\/\/centerprint.hu\/ro\/wp-json\/wp\/v2\/pages\/71"}],"wp:attachment":[{"href":"https:\/\/centerprint.hu\/ro\/wp-json\/wp\/v2\/media?parent=463"}],"curies":[{"name":"wp","href":"https:\/\/api.w.org\/{rel}","templated":true}]}}