{"id":459,"date":"2024-07-02T08:01:16","date_gmt":"2024-07-02T08:01:16","guid":{"rendered":"https:\/\/centerprint.hu\/?page_id=459"},"modified":"2024-12-04T07:27:17","modified_gmt":"2024-12-04T07:27:17","slug":"plakat-nyomtatas","status":"publish","type":"page","link":"https:\/\/centerprint.hu\/ro\/termekek\/plakat-nyomtatas\/","title":{"rendered":"Tip\u0103rirea de postere"},"content":{"rendered":"<p>Tip\u0103rirea de postere este unul dintre cele mai eficiente \u0219i spectaculoase elemente ale marketingului publicitar \u2013 dac\u0103 este f\u0103cut\u0103 corect. Dac\u0103 dori\u021bi s\u0103 ie\u0219i\u021bi \u00een eviden\u021b\u0103 din mul\u021bime, nu ezita\u021bi s\u0103 contacta\u021bi echipa tipografiei Center-Print!<\/p>\n<p><img loading=\"lazy\" decoding=\"async\" width=\"1595\" height=\"803\" class=\"alignnone size-full wp-image-468\" src=\"http:\/\/centerprint.hu\/wp-content\/uploads\/2024\/07\/2406-plakat-02.webp\" alt=\"plak\u00e1t nyomtat\u00e1s\" srcset=\"https:\/\/centerprint.hu\/wp-content\/uploads\/2024\/07\/2406-plakat-02.webp 1595w, https:\/\/centerprint.hu\/wp-content\/uploads\/2024\/07\/2406-plakat-02-1536x773.webp 1536w\" sizes=\"auto, (max-width: 1595px) 100vw, 1595px\" \/><\/p>\n<p><strong>Tip\u0103rire de postere: pentru echipa Center-Print, calitatea \u0219i cantitatea nu reprezint\u0103 o problem\u0103!<\/strong><\/p>\n<p>Noi credem \u00een postere pozitive, de calitate \u0219i care atrag aten\u021bia. Ca produc\u0103tori \u0219i furnizori ai dumneavoastr\u0103, scopul nostru principal este s\u0103 v\u0103 oferim produsele \u0219i serviciile care corespund nevoilor dumneavoastr\u0103.<\/p>\n<ul>\n<li><strong>Flexibilitate:<\/strong> pentru noi, flexibilitatea este un principiu de baz\u0103, de aceea lu\u0103m \u00een considerare orice cerin\u021b\u0103 specific\u0103 \u0219i oferim cele mai potrivite solu\u021bii de tip\u0103rire.<\/li>\n<li><strong>Ofertare rapid\u0103:<\/strong> lucr\u0103m cu termene scurte, nu ne place s\u0103 \u00eent\u00e2rziem sarcinile.<\/li>\n<li><strong>Calitate superioar\u0103:<\/strong> nu doar pia\u021ba necesit\u0103 calitate \u00eenalt\u0103, ci \u0219i un furnizor care se respect\u0103 trebuie s\u0103 o garanteze. Pentru noi, calitatea este o prioritate, \u0219i nu ne mul\u021bumim cu mai pu\u021bin dec\u00e2t cel mai bun rezultat posibil.<\/li>\n<li><strong>Realizarea comenzilor \u00een cantit\u0103\u021bi mari:<\/strong> suntem specializa\u021bi \u00een comenzi mari, astfel \u00eenc\u00e2t putem r\u0103spunde oric\u0103rei cerin\u021be de volum.<\/li>\n<\/ul>\n<p>Tipografia Center-Print ofer\u0103 o gam\u0103 larg\u0103 de servicii de tip\u0103rire de postere, care r\u0103spund tuturor cerin\u021belor. Indiferent dac\u0103 ave\u021bi nevoie de postere \u00een tiraj mic sau \u00een cantit\u0103\u021bi mai mari, pute\u021bi conta pe noi. Scopul nostru este ca to\u021bi clien\u021bii s\u0103 fie mul\u021bumi\u021bi, a\u0219a c\u0103 gestion\u0103m toate comenzile cu flexibilitate. At\u00e2t ofertarea, c\u00e2t \u0219i procesele de produc\u021bie se desf\u0103\u0219oar\u0103 rapid, astfel \u00eenc\u00e2t s\u0103 primi\u021bi posterele dorite \u00een cel mai scurt timp. Utiliz\u0103m cele mai moderne tehnologii pentru a asigura cea mai \u00eenalt\u0103 calitate pentru fiecare poster.<br \/>\nC\u0103uta\u021bi o alt\u0103 solu\u021bie sau dori\u021bi s\u0103 extinde\u021bi campania? Printre serviciile noastre se num\u0103r\u0103 \u0219i produc\u021bia de pliante, bannere, c\u0103r\u021bi de vizit\u0103 \u0219i alte elemente vizuale spectaculoase.<\/p>\n<p><img loading=\"lazy\" decoding=\"async\" width=\"1595\" height=\"803\" class=\"alignnone size-full wp-image-469\" src=\"http:\/\/centerprint.hu\/wp-content\/uploads\/2024\/07\/2406-plakat-01.webp\" alt=\"plak\u00e1t nyomtat\u00e1s\" srcset=\"https:\/\/centerprint.hu\/wp-content\/uploads\/2024\/07\/2406-plakat-01.webp 1595w, https:\/\/centerprint.hu\/wp-content\/uploads\/2024\/07\/2406-plakat-01-1536x773.webp 1536w\" sizes=\"auto, (max-width: 1595px) 100vw, 1595px\" \/><\/p>\n<p><strong>Avantajele tip\u0103ririi personalizate de postere \u00een marketingul publicitar<\/strong><\/p>\n<p>C\u00e2nd mergem pe strad\u0103, observ\u0103m cu u\u0219urin\u021b\u0103 c\u0103 exist\u0103 o mare diferen\u021b\u0103 \u00eentre diverse postere. Unele atrag aten\u021bia, altele sunt deranjante, iar unele postere trec neobservate, pentru c\u0103 nu provoac\u0103 nicio reac\u021bie emo\u021bional\u0103.<br \/>\nTip\u0103rirea personalizat\u0103 de postere este unul dintre cele mai eficiente instrumente din marketingul publicitar. Prin posterele atr\u0103g\u0103toare, tip\u0103rite profesional, v\u0103 pute\u021bi atinge cu u\u0219urin\u021b\u0103 publicul \u021bint\u0103 \u0219i pute\u021bi consolida prezen\u021ba brandului dvs.<\/p>\n<p>La Center-Print, posterele pot fi complet personalizate, astfel \u00eenc\u00e2t s\u0103 \u00eendeplineasc\u0103 toate cerin\u021bele grafice, fie c\u0103 este vorba de logo-uri, culori speciale sau dimensiuni personalizate. Cu posterele personalizate, v\u0103 cre\u0219te\u021bi rapid \u0219i eficient impactul campaniilor publicitare, l\u0103s\u00e2nd o impresie de durat\u0103 asupra poten\u021bialilor clien\u021bi. Acest lucru este esen\u021bial pentru a nu r\u0103m\u00e2ne \u201eun alt poster\u201d neobservat, ci pentru a atrage cu adev\u0103rat aten\u021bia.<\/p>\n<p><strong>Caracteristicile unei strategii eficiente de tip\u0103rire a posterelor<\/strong><\/p>\n<p>Baza unei strategii eficiente de tip\u0103rire a posterelor este identificarea clar\u0103 a publicului \u021bint\u0103 \u0219i designul creativ \u0219i unic. Echipa Center-Print v\u0103 ajut\u0103 s\u0103 selecta\u021bi cea mai potrivit\u0103 tehnologie de tip\u0103rire, fie c\u0103 este vorba de tip\u0103rire digital\u0103, offset sau de mari dimensiuni. Posterele realizate profesional nu sunt doar estetice, ci \u0219i durabile, servind astfel obiectivele dumneavoastr\u0103 de marketing pe termen lung.<br \/>\nDatorit\u0103 serviciilor noastre rapide \u0219i flexibile, pute\u021bi fi sigur c\u0103 campaniile dvs. vor fi realizate la timp \u0219i la o calitate excep\u021bional\u0103. Toate acestea necesit\u0103 o tipografie profesionist\u0103, care dispune de infrastructura necesar\u0103, de tehnologie modern\u0103 \u0219i de o echip\u0103 de exper\u021bi orientat\u0103 c\u0103tre solu\u021bionarea problemelor \u0219i satisfacerea nevoilor clien\u021bilor.<br \/>\nContacta\u021bi-ne, lucra\u021bi cu noi \u0219i haide\u021bi s\u0103 demonstr\u0103m unui public larg ce \u00eenseamn\u0103 o campanie de postere pozitiv\u0103!<\/p>\n","protected":false},"excerpt":{"rendered":"<p>Tip\u0103rirea de postere este unul dintre cele mai eficiente \u0219i spectaculoase elemente ale marketingului publicitar \u2013 dac\u0103 este f\u0103cut\u0103 corect. Dac\u0103 dori\u021bi s\u0103 ie\u0219i\u021bi \u00een eviden\u021b\u0103 din mul\u021bime, nu ezita\u021bi s\u0103 contacta\u021bi echipa tipografiei Center-Print! Tip\u0103rire de postere: pentru echipa Center-Print, calitatea \u0219i cantitatea nu reprezint\u0103 o problem\u0103! Noi credem \u00een postere pozitive, de calitate [&hellip;]<\/p>\n","protected":false},"author":4,"featured_media":0,"parent":71,"menu_order":12,"comment_status":"closed","ping_status":"closed","template":"","meta":{"_acf_changed":false,"footnotes":""},"class_list":["post-459","page","type-page","status-publish","hentry"],"acf":[],"_links":{"self":[{"href":"https:\/\/centerprint.hu\/ro\/wp-json\/wp\/v2\/pages\/459","targetHints":{"allow":["GET"]}}],"collection":[{"href":"https:\/\/centerprint.hu\/ro\/wp-json\/wp\/v2\/pages"}],"about":[{"href":"https:\/\/centerprint.hu\/ro\/wp-json\/wp\/v2\/types\/page"}],"author":[{"embeddable":true,"href":"https:\/\/centerprint.hu\/ro\/wp-json\/wp\/v2\/users\/4"}],"replies":[{"embeddable":true,"href":"https:\/\/centerprint.hu\/ro\/wp-json\/wp\/v2\/comments?post=459"}],"version-history":[{"count":1,"href":"https:\/\/centerprint.hu\/ro\/wp-json\/wp\/v2\/pages\/459\/revisions"}],"predecessor-version":[{"id":719,"href":"https:\/\/centerprint.hu\/ro\/wp-json\/wp\/v2\/pages\/459\/revisions\/719"}],"up":[{"embeddable":true,"href":"https:\/\/centerprint.hu\/ro\/wp-json\/wp\/v2\/pages\/71"}],"wp:attachment":[{"href":"https:\/\/centerprint.hu\/ro\/wp-json\/wp\/v2\/media?parent=459"}],"curies":[{"name":"wp","href":"https:\/\/api.w.org\/{rel}","templated":true}]}}