{"id":446,"date":"2024-05-06T07:39:22","date_gmt":"2024-05-06T07:39:22","guid":{"rendered":"https:\/\/centerprint.hu\/?page_id=446"},"modified":"2024-12-04T07:20:42","modified_gmt":"2024-12-04T07:20:42","slug":"nevjegykartya-nyomtatas","status":"publish","type":"page","link":"https:\/\/centerprint.hu\/ro\/termekek\/nevjegykartya-nyomtatas\/","title":{"rendered":"Tip\u0103rirea de c\u0103r\u021bi de vizit\u0103"},"content":{"rendered":"<p>Tip\u0103rirea de c\u0103r\u021bi de vizit\u0103 \u00een cantit\u0103\u021bi mici \u0219i mari la Center-Print \u2013 lua\u021bi leg\u0103tura cu noi!<\/p>\n<p><img loading=\"lazy\" decoding=\"async\" width=\"1595\" height=\"803\" class=\"alignnone size-full wp-image-448\" src=\"http:\/\/centerprint.hu\/wp-content\/uploads\/2024\/05\/2024.05.06-01.webp\" alt=\"n\u00e9vjegyk\u00e1rtya nyomtat\u00e1s\" srcset=\"https:\/\/centerprint.hu\/wp-content\/uploads\/2024\/05\/2024.05.06-01.webp 1595w, https:\/\/centerprint.hu\/wp-content\/uploads\/2024\/05\/2024.05.06-01-1536x773.webp 1536w\" sizes=\"auto, (max-width: 1595px) 100vw, 1595px\" \/><\/p>\n<h3><strong>Tip\u0103rirea de c\u0103r\u021bi de vizit\u0103 la Center-Print \u2013 de ce s\u0103 comanda\u021bi de la noi?<\/strong><\/h3>\n<p>Cartea de vizit\u0103 este \u0219i ast\u0103zi un instrument esen\u021bial \u00een construirea rela\u021biilor \u0219i \u00een comunicarea de afaceri. Iar modelele unice \u0219i atr\u0103g\u0103toare v\u0103 vor ajuta cu siguran\u021b\u0103 s\u0103 ie\u0219i\u021bi \u00een eviden\u021b\u0103 din mul\u021bime. Exact asta v\u0103 oferim \u2013 cu o serie de avantaje suplimentare! Acestea sunt beneficiile de care ve\u021bi avea parte dac\u0103 alege\u021bi s\u0103 realiza\u021bi cartea de vizit\u0103 \u00eempreun\u0103 cu noi.<\/p>\n<h3><strong>Produc\u021bie personalizat\u0103, adaptat\u0103 cerin\u021belor individuale<\/strong><\/h3>\n<p>Aspectul unic este, \u00een primul r\u00e2nd, cel care v\u0103 deosebe\u0219te de al\u021bii. Cu un logo \u0219i un design personalizat, cartea de vizit\u0103 devine imediat recunoscut\u0103 \u0219i \u00eent\u0103re\u0219te imaginea brandului dumneavoastr\u0103. La Center-Print ave\u021bi posibilitatea de a crea c\u0103r\u021bi de vizit\u0103 complet personalizate, astfel \u00eenc\u00e2t acestea s\u0103 reflecte perfect unicitatea \u0219i stilul dumneavoastr\u0103.<\/p>\n<h3><strong>Capacitate de tip\u0103rire \u00een cantit\u0103\u021bi mari<\/strong><\/h3>\n<p>Indiferent de dimensiunea comenzii, echipa noastr\u0103 are capacitatea necesar\u0103 pentru a realiza tip\u0103rirea rapid\u0103 \u0219i eficient\u0103 a c\u0103r\u021bilor de vizit\u0103. Astfel, putem livra comanda dumneavoastr\u0103 la cea mai \u00eenalt\u0103 calitate, chiar \u0219i \u00een termene scurte.<\/p>\n<h3><strong>Echipamente moderne, de ultim\u0103 genera\u021bie \u0219i tehnici speciale<\/strong><\/h3>\n<p>Cu ajutorul echipamentelor noastre tipografice de ultim\u0103 genera\u021bie, garant\u0103m c\u0103 c\u0103r\u021bile de vizit\u0103 vor fi produse la cea mai \u00eenalt\u0103 calitate. Prin tehnici speciale, putem oferi un aspect \u0219i mai exclusivist c\u0103r\u021bilor de vizit\u0103, cum ar fi embosarea, folierea sau l\u0103cuirea UV 3D.<\/p>\n<h3><strong>Termene scurte \u0219i livrare rapid\u0103<\/strong><\/h3>\n<p>Suntem mereu punctuali, nu pentru c\u0103 avem timp, ci pentru c\u0103 lucr\u0103m cu termene scurte \u0219i asigur\u0103m livrare rapid\u0103 \u00een toat\u0103 \u021bara. Vom finaliza \u0219i livra comenzile dumneavoastr\u0103 \u00een c\u00e2teva zile lucr\u0103toare.<\/p>\n<h3><strong>Echip\u0103 de exper\u021bi<\/strong><\/h3>\n<p>\u00cen culise, lucreaz\u0103 o echip\u0103 de exper\u021bi cu experien\u021b\u0103, care acord\u0103 aten\u021bie fiec\u0103rui detaliu, pentru ca rezultatul final s\u0103 fie perfect. Colegii no\u0219tri v\u0103 vor ajuta at\u00e2t \u00een procesul de proiectare, c\u00e2t \u0219i \u00een cel de realizare, pentru a v\u0103 asigura c\u0103 ve\u021bi fi pe deplin mul\u021bumi\u021bi de rezultat.<\/p>\n<p><img loading=\"lazy\" decoding=\"async\" width=\"1595\" height=\"803\" class=\"alignnone size-full wp-image-447\" src=\"http:\/\/centerprint.hu\/wp-content\/uploads\/2024\/05\/2024.05.06-02.webp\" alt=\"\" srcset=\"https:\/\/centerprint.hu\/wp-content\/uploads\/2024\/05\/2024.05.06-02.webp 1595w, https:\/\/centerprint.hu\/wp-content\/uploads\/2024\/05\/2024.05.06-02-1536x773.webp 1536w\" sizes=\"auto, (max-width: 1595px) 100vw, 1595px\" \/><\/p>\n<h3><strong>Tip\u0103rirea de c\u0103r\u021bi de vizit\u0103 de calitate<\/strong><\/h3>\n<p>Tip\u0103rirea c\u0103r\u021bilor de vizit\u0103 nu se rezum\u0103 doar la utilizarea de materiale de calitate \u0219i la realizarea profesional\u0103. Designul unic joac\u0103, de asemenea, un rol esen\u021bial, precum \u0219i modul \u00een care transmitem mesajul dorit.<br \/>\nEste important ca o carte de vizit\u0103 s\u0103 reflecte stilul \u0219i valorile afacerii sau ale individului \u0219i s\u0103 comunice clar un mesaj destinatarului. Aceasta face ca o carte de vizit\u0103 s\u0103 devin\u0103 aproape un instrument de marketing, care ajut\u0103 la v\u00e2nzarea unui serviciu sau produs \u0219i \u00eei convinge pe clien\u021bi c\u0103 colaborarea va fi profitabil\u0103.<\/p>\n<h3><strong>Tip\u0103rirea de c\u0103r\u021bi de vizit\u0103 \u00een secolul 21<\/strong><\/h3>\n<p>Cartea de vizit\u0103 nu va ie\u0219i niciodat\u0103 din mod\u0103. Antreprenori, avoca\u021bi, jurnali\u0219ti \u2013 probabil \u0219i noi am primit multe. Dar dac\u0103 dorim s\u0103 oferim \u0219i noi, \u0219i s\u0103 ne facem cunoscu\u021bi c\u00e2t mai multor persoane, vom avea nevoie de un model unic, care va atrage cu siguran\u021b\u0103 aten\u021bia.<br \/>\n\u00cen ciuda erei digitale, cartea de vizit\u0103 fizic\u0103 \u00eenc\u0103 joac\u0103 un rol extrem de important \u00een lumea afacerilor. Nu doar c\u0103 faciliteaz\u0103 schimbul de informa\u021bii, dar indic\u0103 \u0219i profesionalismul \u0219i angajamentul unei persoane sau afaceri. De aceea, este \u00een interesul nostru s\u0103 ne asigur\u0103m c\u0103 aceste c\u0103r\u021bi de vizit\u0103 sunt realizate folosind cea mai modern\u0103 tehnologie \u0219i \u00eendeplinesc cerin\u021bele \u0219i a\u0219tept\u0103rile actuale.<\/p>\n<p>La Center-Print, \u0219tim c\u0103 o carte de vizit\u0103 nu este doar o bucat\u0103 de h\u00e2rtie cu c\u00e2teva date de contact, ci un instrument de networking care ajut\u0103 partenerii no\u0219tri s\u0103-\u0219i ating\u0103 succesul \u00een afaceri. Prin urmare, putem considera aceste mici buc\u0103\u021bi de h\u00e2rtie ca pe cheia progresului, un instrument care transmite numeroase mesaje clare \u0219i subtile \u00een acela\u0219i timp. De aceea, garant\u0103m c\u0103 c\u0103r\u021bile dumneavoastr\u0103 de vizit\u0103 vor fi realizate la o calitate excep\u021bional\u0103 \u0219i c\u0103 vor atrage imediat aten\u021bia, r\u0103m\u00e2n\u00e2nd memorabile.<\/p>\n<p>Lua\u021bi leg\u0103tura cu noi \u0219i \u00eencredin\u021ba\u021bi-ne producerea c\u0103r\u021bilor dumneavoastr\u0103 de vizit\u0103 \u2013 \u0219i ne pute\u021bi contacta cu \u00eencredere \u0219i pentru tip\u0103rirea digital\u0103 sau orice alt serviciu oferit!<\/p>\n<p><strong>Galerie<\/strong><\/p>\n\t<!-- CSS Part Start From Here-->\n\t<style>\n\t\t#animated-thumbnails-581 a {\n\t\t\ttext-decoration: none !important;\n\t\t\tbox-shadow: 0 0px 0 0 currentcolor !important;\n\t\t}\n\n\n\t\t\/* Grayscale Effect *\/\n\t\t\n\t\t\n\t\t#animated-thumbnails-581 img {\n\t\t\twidth: 100% !important;\n\t\t\theight: auto !important;\n\t\t}\n\n\t\t.lg-icon {\n\t\t\tcolor:\n\t\t\t\tgold\t\t\t\t!important;\n\t\t}\n\n\t\t.pg-title {\n\t\t\tcolor:\n\t\t\t\twhite\t\t\t\t!important;\n\t\t}\n\n\t\t\t<\/style>\n\t\t<div id=\"animated-thumbnails-581\"\n\t\tclass=\"row all-images-581\">\n\t\t\t\t\t\t\t\t\t\t\t<a href=\"https:\/\/centerprint.hu\/wp-content\/uploads\/2024\/07\/img_1162-scaled.webp\"\n\t\t\t\t\t\tclass=\"single-image-581 col-lg-4 col-md-4 col-sm-4 col-xs-12\"\n\t\t\t\t\t\tdata-sub-html=\"n\u00e9vjegyk\u00e1rtya \u2013 fel\u00fcletnemes\u00edtett\">\n\t\t\t\t\t\t<img class=\"thumbnail  \"\n\t\t\t\t\t\t\tsrc=\"https:\/\/centerprint.hu\/wp-content\/uploads\/2024\/07\/img_1162-scaled.webp\" alt=\"n\u00e9vjegyk\u00e1rtya \u2013 fel\u00fcletnemes\u00edtett\" \/>\n\t\t\t\t\t<\/a>\n\t\t\t\t\n\t\t\t\t\n\t\t\t\t\t\t\t\t\t\t\t\t\t<a href=\"https:\/\/centerprint.hu\/wp-content\/uploads\/2024\/07\/img_1154-scaled.webp\"\n\t\t\t\t\t\tclass=\"single-image-581 col-lg-4 col-md-4 col-sm-4 col-xs-12\"\n\t\t\t\t\t\tdata-sub-html=\"megh\u00edv\u00f3 \u2013 fel\u00fcletnemes\u00edt\u00e9s\">\n\t\t\t\t\t\t<img class=\"thumbnail  \"\n\t\t\t\t\t\t\tsrc=\"https:\/\/centerprint.hu\/wp-content\/uploads\/2024\/07\/img_1154-scaled.webp\" alt=\"megh\u00edv\u00f3 \u2013 fel\u00fcletnemes\u00edt\u00e9s\" \/>\n\t\t\t\t\t<\/a>\n\t\t\t\t\n\t\t\t\t\n\t\t\t\t\t\t\t\t\t\t\t\t\t<a href=\"https:\/\/centerprint.hu\/wp-content\/uploads\/2024\/07\/img_1160-scaled.webp\"\n\t\t\t\t\t\tclass=\"single-image-581 col-lg-4 col-md-4 col-sm-4 col-xs-12\"\n\t\t\t\t\t\tdata-sub-html=\"n\u00e9vjegyk\u00e1rtya \u2013 b\u00e1rson f\u00f3lia + 3D uv lakk\">\n\t\t\t\t\t\t<img class=\"thumbnail  \"\n\t\t\t\t\t\t\tsrc=\"https:\/\/centerprint.hu\/wp-content\/uploads\/2024\/07\/img_1160-scaled.webp\" alt=\"n\u00e9vjegyk\u00e1rtya \u2013 b\u00e1rson f\u00f3lia + 3D uv lakk\" \/>\n\t\t\t\t\t<\/a>\n\t\t\t\t\n\t\t\t\t\n\t\t\t\t\t<\/div>\n\t<script>\n\t\/\/thumbnail or fixed Size thumbnail\n\tjQuery(window).on('load', function () {\n\t\tjQuery('#animated-thumbnails-581').lightGallery({\n\t\t\tthumbnail: true,\n\t\t\tanimateThumb: true,\n\t\t\t\/\/show and hide thumb setting\n\t\t\tshowThumbByDefault: true,\n\t\t\tsubHtmlSelectorRelative: true,\n\t\t\t\t\t\t\t\t\t\t\t\tmode: 'lg-fade',\n\t\t\t\t\t});\n\n\t\t\t});\t\n<\/script>\n<style>\n\t.lg-backdrop.in {\n\t\topacity: 0.85;\n\t}\n\n\t.fixed-size.lg-outer .lg-inner {\n\t\tbackground-color: #FFF;\n\t}\n\n\t.fixed-size.lg-outer .lg-sub-html {\n\t\tposition: absolute;\n\t\ttext-align: left;\n\t}\n\n\t.fixed-size.lg-outer .lg-toolbar {\n\t\tbackground-color: transparent;\n\t\theight: 0;\n\t}\n\n\t.fixed-size.lg-outer .lg-toolbar .lg-icon {\n\t\tcolor: #FFF;\n\t}\n\n\t.fixed-size.lg-outer .lg-img-wrap {\n\t\tpadding: 12px;\n\t}\n<\/style>\n<script>\n\tjQuery(document).ready(function () {\n\t\t\/\/ isotope effect function\n\t\t\/\/ Method 1 - Initialize Isotope, then trigger layout after each image loads.\n\t\tvar $grid = jQuery('.all-images-581').isotope({\n\t\t\t\/\/ options...\n\t\t\titemSelector: '.single-image-581',\n\t\t});\n\t\t\/\/ layout Isotope after each image loads\n\t\t$grid.imagesLoaded().progress(function () {\n\t\t\t$grid.isotope('layout');\n\t\t});\n\t});\n<\/script>\n","protected":false},"excerpt":{"rendered":"<p>Tip\u0103rirea de c\u0103r\u021bi de vizit\u0103 \u00een cantit\u0103\u021bi mici \u0219i mari la Center-Print \u2013 lua\u021bi leg\u0103tura cu noi! Tip\u0103rirea de c\u0103r\u021bi de vizit\u0103 la Center-Print \u2013 de ce s\u0103 comanda\u021bi de la noi? Cartea de vizit\u0103 este \u0219i ast\u0103zi un instrument esen\u021bial \u00een construirea rela\u021biilor \u0219i \u00een comunicarea de afaceri. Iar modelele unice \u0219i atr\u0103g\u0103toare v\u0103 [&hellip;]<\/p>\n","protected":false},"author":4,"featured_media":0,"parent":71,"menu_order":9,"comment_status":"closed","ping_status":"closed","template":"","meta":{"_acf_changed":false,"footnotes":""},"class_list":["post-446","page","type-page","status-publish","hentry"],"acf":[],"_links":{"self":[{"href":"https:\/\/centerprint.hu\/ro\/wp-json\/wp\/v2\/pages\/446","targetHints":{"allow":["GET"]}}],"collection":[{"href":"https:\/\/centerprint.hu\/ro\/wp-json\/wp\/v2\/pages"}],"about":[{"href":"https:\/\/centerprint.hu\/ro\/wp-json\/wp\/v2\/types\/page"}],"author":[{"embeddable":true,"href":"https:\/\/centerprint.hu\/ro\/wp-json\/wp\/v2\/users\/4"}],"replies":[{"embeddable":true,"href":"https:\/\/centerprint.hu\/ro\/wp-json\/wp\/v2\/comments?post=446"}],"version-history":[{"count":1,"href":"https:\/\/centerprint.hu\/ro\/wp-json\/wp\/v2\/pages\/446\/revisions"}],"predecessor-version":[{"id":580,"href":"https:\/\/centerprint.hu\/ro\/wp-json\/wp\/v2\/pages\/446\/revisions\/580"}],"up":[{"embeddable":true,"href":"https:\/\/centerprint.hu\/ro\/wp-json\/wp\/v2\/pages\/71"}],"wp:attachment":[{"href":"https:\/\/centerprint.hu\/ro\/wp-json\/wp\/v2\/media?parent=446"}],"curies":[{"name":"wp","href":"https:\/\/api.w.org\/{rel}","templated":true}]}}