{"id":429,"date":"2024-04-15T12:10:19","date_gmt":"2024-04-15T12:10:19","guid":{"rendered":"https:\/\/centerprint.hu\/?page_id=429"},"modified":"2024-12-04T07:22:39","modified_gmt":"2024-12-04T07:22:39","slug":"papirtaska-rendeles","status":"publish","type":"page","link":"https:\/\/centerprint.hu\/ro\/termekek\/papirtaska-rendeles\/","title":{"rendered":"Pungi din h\u00e2rtie personalizate"},"content":{"rendered":"<p>Pungi din h\u00e2rtie personalizate, de \u00eenalt\u0103 calitate \u0219i \u00een cantit\u0103\u021bi mari la Center Print \u2013 comanda\u021bi cu \u00eencredere chiar ast\u0103zi!<\/p>\n<p><img loading=\"lazy\" decoding=\"async\" width=\"997\" height=\"623\" class=\"size-full wp-image-438 aligncenter\" src=\"http:\/\/centerprint.hu\/wp-content\/uploads\/2024\/04\/artboard-44.jpg\" alt=\"pap\u00edrt\u00e1ska rendel\u00e9s\" \/><\/p>\n<h3><strong>Comandarea pungilor din h\u00e2rtie la Center Print \u2013 de ce s\u0103 ne alege\u021bi?<\/strong><\/h3>\n<p>Dac\u0103 sunte\u021bi \u00een c\u0103utarea unei alternative economice \u0219i sustenabile la pungile din plastic, produc\u021bia de pungi din h\u00e2rtie personalizate poate reprezenta imaginea unei companii moderne \u0219i ecologice din secolul 21.<br \/>\nComandarea de la Center-Print este o alegere excelent\u0103 din mai multe puncte de vedere.<\/p>\n<ul>\n<li>Comanda dumneavoastr\u0103 va fi gestionat\u0103 \u0219i finalizat\u0103 cu flexibilitate de colegii no\u0219tri exper\u021bi, asigur\u00e2ndu-v\u0103 c\u0103 produsele dorite vor fi livrate la timp \u0219i cu precizie.<\/li>\n<li>Pungile noastre din h\u00e2rtie sunt tip\u0103rite folosind o tehnologie special\u0103, care garanteaz\u0103 o calitate superioar\u0103 \u0219i un aspect unic. Echipa noastr\u0103 dispune de un vast suport tehnologic, astfel \u00eenc\u00e2t putem satisface orice cerin\u021b\u0103 specific\u0103.<\/li>\n<li>Unitatea noastr\u0103 modern\u0103 \u0219i echipamentele noastre avansate asigur\u0103 un serviciu profesional \u0219i o calitate ridicat\u0103. Portofoliul nostru divers de produse tipografice este gestionat f\u0103r\u0103 probleme \u0219i \u00een mod fiabil.<\/li>\n<li>Nu \u00een ultimul r\u00e2nd, oferim un serviciu rapid \u0219i eficient. Lucr\u0103m cu termene scurte, astfel \u00eenc\u00e2t nu doar c\u0103 ve\u021bi primi informa\u021biile \u0219i ofertele necesare rapid, dar \u0219i produsele comandate vor fi livrate \u00een cel mai scurt timp posibil.<\/li>\n<\/ul>\n<p>Astfel, ve\u021bi beneficia de un serviciu flexibil \u0219i de \u00eenalt\u0103 calitate, care combin\u0103 termene scurte \u0219i satisfacerea cerin\u021belor personalizate. Garan\u021bia noastr\u0103 este c\u0103 ne str\u0103duim \u00eentotdeauna s\u0103 oferim cele mai bune solu\u021bii \u0219i s\u0103 atingem cea mai \u00eenalt\u0103 calitate pentru fiecare comand\u0103.<\/p>\n<h3><strong>Comandarea \u0219i tip\u0103rirea pungilor din h\u00e2rtie personalizate pentru cerin\u021be individuale<\/strong><\/h3>\n<p>\u00cen timpul produc\u021biei pot ap\u0103rea numeroase cerin\u021be specifice. Fiecare client are o viziune diferit\u0103. Tocmai de aceea lucr\u0103m orienta\u021bi c\u0103tre client, pentru a r\u0103spunde cerin\u021belor individuale. Scopul nostru este ca fiecare client s\u0103 primeasc\u0103 produse care s\u0103 corespund\u0103 perfect nevoilor \u0219i a\u0219tept\u0103rilor sale, deoarece produsul pe care \u00eel realiz\u0103m devine instrumentul \u0219i simbolul afacerii lor.<br \/>\nClien\u021bii no\u0219tri cer adesea dimensiuni \u0219i forme specifice pentru a se asigura c\u0103 pungile din h\u00e2rtie se potrivesc perfect produselor sau scopurilor lor. Bine\u00een\u021beles, acest lucru este posibil, deoarece \u0219tim c\u0103 nu exist\u0103 o dimensiune universal\u0103 care s\u0103 fie potrivit\u0103 pentru toat\u0103 lumea.<br \/>\n\u00cen procesul de tip\u0103rire a graficii, logo-urilor sau altor elemente de design, este important ca ambalajul s\u0103 fie unic, u\u0219or de re\u021binut \u0219i ecologic. La nevoie, colegii no\u0219tri pot ajuta, astfel \u00eenc\u00e2t pute\u021bi apela cu \u00eencredere la noi pentru orice \u00eentrebare.<br \/>\nProtec\u021bia \u0219i siguran\u021ba produselor sunt, de asemenea, aspecte cheie. \u00cen unele cazuri, ambalajul trebuie s\u0103 fie adaptat caracteristicilor unice ale produselor \u0219i sensibilit\u0103\u021bii acestora.<\/p>\n<h3><strong>Ce tipuri de pungi din h\u00e2rtie producem?<\/strong><\/h3>\n<p>Pute\u021bi alege dintr-o varietate de pungi din h\u00e2rtie, care au diverse func\u021bii \u0219i stiluri:<\/p>\n<ul>\n<li><strong>Pungi din h\u00e2rtie cu m\u00e2ner din panglic\u0103<\/strong> \u2013 ofer\u0103 un aspect elegant \u0219i o solu\u021bie confortabil\u0103 pentru cump\u0103r\u0103tori. Fabricate din h\u00e2rtie rezistent\u0103 \u0219i groas\u0103, aceste pungi asigur\u0103 o baz\u0103 stabil\u0103 pentru produsele ambalate. O gam\u0103 larg\u0103 de panglici permite personalizarea designului \u0219i culorilor \u00een func\u021bie de cerin\u021bele dvs.<br \/>\n<strong>Pungi din h\u00e2rtie cu m\u00e2ner din sfoar\u0103<\/strong> \u2013 o op\u021biune u\u0219oar\u0103, dar durabil\u0103 pentru cump\u0103r\u0103tori. M\u00e2nerele din sfoar\u0103, frumos lucrate, se potrivesc confortabil \u00een m\u00e2n\u0103, f\u0103c\u00e2nd punga u\u0219or de transportat. La comandarea pungilor din h\u00e2rtie, ave\u021bi posibilitatea de a alege dimensiunea \u0219i culoarea care se potrivesc cel mai bine afacerii dvs.<br \/>\n<strong>Pungi din h\u00e2rtie cu m\u00e2ner r\u0103sucit<\/strong> \u2013 ofer\u0103 un aspect unic pentru ambalarea produselor. M\u00e2nerele r\u0103sucite confer\u0103 o textur\u0103 \u0219i o senza\u021bie special\u0103 pungii, ceea ce atrage clien\u021bii. Aceste pungi sunt de \u00eenalt\u0103 calitate \u0219i durabile, fiind ideale pentru utilizarea \u00een diverse medii de afaceri.<\/li>\n<\/ul>\n<p>Cu tipurile de pungi din h\u00e2rtie \u0219i op\u021biunile personalizate disponibile la noi, pute\u021bi alege solu\u021bia optim\u0103 de ambalare pentru afacerea dvs., care reflect\u0103 cel mai bine brandul \u0219i stilul companiei dvs. Astfel, ve\u021bi putea asigura o experien\u021b\u0103 de cump\u0103rare pl\u0103cut\u0103, gener\u00e2nd \u00eencredere \u0219i satisfac\u021bie clien\u021bilor dvs.<\/p>\n<p><strong>Alte tehnologii de tip\u0103rire disponibile:<\/strong> tip\u0103rire offset, tip\u0103rire de mari dimensiuni \u0219i tip\u0103rire digital\u0103.<\/p>\n<p style=\"text-align: center;\"><strong>Galerie<\/strong><\/p>\n\t<!-- CSS Part Start From Here-->\n\t<style>\n\t\t#animated-thumbnails-579 a {\n\t\t\ttext-decoration: none !important;\n\t\t\tbox-shadow: 0 0px 0 0 currentcolor !important;\n\t\t}\n\n\n\t\t\/* Grayscale Effect *\/\n\t\t\n\t\t\n\t\t#animated-thumbnails-579 img {\n\t\t\twidth: 100% !important;\n\t\t\theight: auto !important;\n\t\t}\n\n\t\t.lg-icon {\n\t\t\tcolor:\n\t\t\t\tgold\t\t\t\t!important;\n\t\t}\n\n\t\t.pg-title {\n\t\t\tcolor:\n\t\t\t\twhite\t\t\t\t!important;\n\t\t}\n\n\t\t\t<\/style>\n\t\t<div id=\"animated-thumbnails-579\"\n\t\tclass=\"row all-images-579\">\n\t\t\t\t\t\t\t\t\t\t\t<a href=\"https:\/\/centerprint.hu\/wp-content\/uploads\/2024\/07\/img_1044-scaled.webp\"\n\t\t\t\t\t\tclass=\"single-image-579 col-lg-4 col-md-4 col-sm-4 col-xs-12\"\n\t\t\t\t\t\tdata-sub-html=\"zsinorf\u00fcles pap\u00edrt\u00e1ska\">\n\t\t\t\t\t\t<img class=\"thumbnail  \"\n\t\t\t\t\t\t\tsrc=\"https:\/\/centerprint.hu\/wp-content\/uploads\/2024\/07\/img_1044-scaled.webp\" alt=\"zsinorf\u00fcles pap\u00edrt\u00e1ska\" \/>\n\t\t\t\t\t<\/a>\n\t\t\t\t\n\t\t\t\t\n\t\t\t\t\t\t\t\t\t\t\t\t\t<a href=\"https:\/\/centerprint.hu\/wp-content\/uploads\/2024\/04\/artboard-44.jpg\"\n\t\t\t\t\t\tclass=\"single-image-579 col-lg-4 col-md-4 col-sm-4 col-xs-12\"\n\t\t\t\t\t\tdata-sub-html=\"zsinorf\u00fcles pap\u00edrt\u00e1ska\">\n\t\t\t\t\t\t<img class=\"thumbnail  \"\n\t\t\t\t\t\t\tsrc=\"https:\/\/centerprint.hu\/wp-content\/uploads\/2024\/04\/artboard-44.jpg\" alt=\"pap\u00edrt\u00e1ska rendel\u00e9s\" \/>\n\t\t\t\t\t<\/a>\n\t\t\t\t\n\t\t\t\t\n\t\t\t\t\t\t\t\t\t\t\t\t\t<a href=\"https:\/\/centerprint.hu\/wp-content\/uploads\/2024\/08\/tasak_02.png\"\n\t\t\t\t\t\tclass=\"single-image-579 col-lg-4 col-md-4 col-sm-4 col-xs-12\"\n\t\t\t\t\t\tdata-sub-html=\"tasak_02\">\n\t\t\t\t\t\t<img class=\"thumbnail  \"\n\t\t\t\t\t\t\tsrc=\"https:\/\/centerprint.hu\/wp-content\/uploads\/2024\/08\/tasak_02.png\" alt=\"tasak_02\" \/>\n\t\t\t\t\t<\/a>\n\t\t\t\t\n\t\t\t\t\n\t\t\t\t\t\t\t\t\t\t\t\t\t<a href=\"https:\/\/centerprint.hu\/wp-content\/uploads\/2018\/04\/nyomda-debrecen-csomagoloanyagok-dobozok-papirtaskak-7.jpg\"\n\t\t\t\t\t\tclass=\"single-image-579 col-lg-4 col-md-4 col-sm-4 col-xs-12\"\n\t\t\t\t\t\tdata-sub-html=\"zsinorf\u00fcles pap\u00edrt\u00e1ska\">\n\t\t\t\t\t\t<img class=\"thumbnail  \"\n\t\t\t\t\t\t\tsrc=\"https:\/\/centerprint.hu\/wp-content\/uploads\/2018\/04\/nyomda-debrecen-csomagoloanyagok-dobozok-papirtaskak-7.jpg\" alt=\"Csomagol\u00e1stechnika\" \/>\n\t\t\t\t\t<\/a>\n\t\t\t\t\n\t\t\t\t\n\t\t\t\t\t\t\t\t\t\t\t\t\t<a href=\"https:\/\/centerprint.hu\/wp-content\/uploads\/2018\/04\/nyomda-debrecen-csomagoloanyagok-dobozok-papirtaskak-6.jpg\"\n\t\t\t\t\t\tclass=\"single-image-579 col-lg-4 col-md-4 col-sm-4 col-xs-12\"\n\t\t\t\t\t\tdata-sub-html=\"zsinorf\u00fcles pap\u00edrt\u00e1ska\">\n\t\t\t\t\t\t<img class=\"thumbnail  \"\n\t\t\t\t\t\t\tsrc=\"https:\/\/centerprint.hu\/wp-content\/uploads\/2018\/04\/nyomda-debrecen-csomagoloanyagok-dobozok-papirtaskak-6.jpg\" alt=\"Csomagol\u00e1stechnika\" \/>\n\t\t\t\t\t<\/a>\n\t\t\t\t\n\t\t\t\t\n\t\t\t\t\t<\/div>\n\t<script>\n\t\/\/thumbnail or fixed Size thumbnail\n\tjQuery(window).on('load', function () {\n\t\tjQuery('#animated-thumbnails-579').lightGallery({\n\t\t\tthumbnail: true,\n\t\t\tanimateThumb: true,\n\t\t\t\/\/show and hide thumb setting\n\t\t\tshowThumbByDefault: true,\n\t\t\tsubHtmlSelectorRelative: true,\n\t\t\t\t\t\t\t\t\t\t\t\tmode: 'lg-fade',\n\t\t\t\t\t});\n\n\t\t\t});\t\n<\/script>\n<style>\n\t.lg-backdrop.in {\n\t\topacity: 0.85;\n\t}\n\n\t.fixed-size.lg-outer .lg-inner {\n\t\tbackground-color: #FFF;\n\t}\n\n\t.fixed-size.lg-outer .lg-sub-html {\n\t\tposition: absolute;\n\t\ttext-align: left;\n\t}\n\n\t.fixed-size.lg-outer .lg-toolbar {\n\t\tbackground-color: transparent;\n\t\theight: 0;\n\t}\n\n\t.fixed-size.lg-outer .lg-toolbar .lg-icon {\n\t\tcolor: #FFF;\n\t}\n\n\t.fixed-size.lg-outer .lg-img-wrap {\n\t\tpadding: 12px;\n\t}\n<\/style>\n<script>\n\tjQuery(document).ready(function () {\n\t\t\/\/ isotope effect function\n\t\t\/\/ Method 1 - Initialize Isotope, then trigger layout after each image loads.\n\t\tvar $grid = jQuery('.all-images-579').isotope({\n\t\t\t\/\/ options...\n\t\t\titemSelector: '.single-image-579',\n\t\t});\n\t\t\/\/ layout Isotope after each image loads\n\t\t$grid.imagesLoaded().progress(function () {\n\t\t\t$grid.isotope('layout');\n\t\t});\n\t});\n<\/script>\n","protected":false},"excerpt":{"rendered":"<p>Pungi din h\u00e2rtie personalizate, de \u00eenalt\u0103 calitate \u0219i \u00een cantit\u0103\u021bi mari la Center Print \u2013 comanda\u021bi cu \u00eencredere chiar ast\u0103zi! Comandarea pungilor din h\u00e2rtie la Center Print \u2013 de ce s\u0103 ne alege\u021bi? Dac\u0103 sunte\u021bi \u00een c\u0103utarea unei alternative economice \u0219i sustenabile la pungile din plastic, produc\u021bia de pungi din h\u00e2rtie personalizate poate reprezenta imaginea [&hellip;]<\/p>\n","protected":false},"author":4,"featured_media":0,"parent":71,"menu_order":10,"comment_status":"closed","ping_status":"closed","template":"","meta":{"_acf_changed":false,"footnotes":""},"class_list":["post-429","page","type-page","status-publish","hentry"],"acf":[],"_links":{"self":[{"href":"https:\/\/centerprint.hu\/ro\/wp-json\/wp\/v2\/pages\/429","targetHints":{"allow":["GET"]}}],"collection":[{"href":"https:\/\/centerprint.hu\/ro\/wp-json\/wp\/v2\/pages"}],"about":[{"href":"https:\/\/centerprint.hu\/ro\/wp-json\/wp\/v2\/types\/page"}],"author":[{"embeddable":true,"href":"https:\/\/centerprint.hu\/ro\/wp-json\/wp\/v2\/users\/4"}],"replies":[{"embeddable":true,"href":"https:\/\/centerprint.hu\/ro\/wp-json\/wp\/v2\/comments?post=429"}],"version-history":[{"count":2,"href":"https:\/\/centerprint.hu\/ro\/wp-json\/wp\/v2\/pages\/429\/revisions"}],"predecessor-version":[{"id":578,"href":"https:\/\/centerprint.hu\/ro\/wp-json\/wp\/v2\/pages\/429\/revisions\/578"}],"up":[{"embeddable":true,"href":"https:\/\/centerprint.hu\/ro\/wp-json\/wp\/v2\/pages\/71"}],"wp:attachment":[{"href":"https:\/\/centerprint.hu\/ro\/wp-json\/wp\/v2\/media?parent=429"}],"curies":[{"name":"wp","href":"https:\/\/api.w.org\/{rel}","templated":true}]}}