{"id":419,"date":"2024-02-28T12:21:04","date_gmt":"2024-02-28T12:21:04","guid":{"rendered":"https:\/\/centerprint.hu\/?page_id=419"},"modified":"2024-12-04T07:12:37","modified_gmt":"2024-12-04T07:12:37","slug":"matricanyomtatas","status":"publish","type":"page","link":"https:\/\/centerprint.hu\/ro\/termekek\/matricanyomtatas\/","title":{"rendered":"Imprimare autocolantelor"},"content":{"rendered":"<h3>Autocolante personalizate, produse cu logo de \u00eenalt\u0103 calitate. Imprimare autocolantelor cu echipa Center-Print \u2013 plasa\u021bi comanda \u00een cantit\u0103\u021bi mari chiar ast\u0103zi!<\/h3>\n<p><img loading=\"lazy\" decoding=\"async\" width=\"800\" height=\"400\" class=\"alignnone size-full wp-image-423\" src=\"http:\/\/centerprint.hu\/wp-content\/uploads\/2024\/02\/matricanyomtatas-debrecen.webp\" alt=\"Matricanyomtat\u00e1s Debrecen\" \/><\/p>\n<h3><strong>Tip\u0103rirea autocolantelor cu Center-Print \u2013 de ce s\u0103 ne alege\u021bi pe noi?<\/strong><\/h3>\n<p>Dori\u021bi s\u0103 comanda\u021bi \u00een cantit\u0103\u021bi mari, dar s\u0103 primi\u021bi autocolantele rapid \u0219i de bun\u0103 calitate? Iat\u0103 ocazia!<br \/>\nAvem o vast\u0103 experien\u021b\u0103 \u00een gestionarea comenzilor de mari dimensiuni, inclusiv \u00een cantit\u0103\u021bi de milioane. Echipa noastr\u0103 se adapteaz\u0103 flexibil la diverse tehnologii, inclusiv tip\u0103rirea offset, digital\u0103 \u0219i de mari dimensiuni. \u021ainem cont de cerin\u021bele unice ale fiec\u0103rui proiect, indiferent de tipul \u0219i cantitatea de autocolante tip\u0103rite.<\/p>\n<h3><strong>Ce ne sus\u021bine:<\/strong><\/h3>\n<ul>\n<li>Atelier modern, echipamente de ultim\u0103 genera\u021bie \u0219i expertiz\u0103 \u00eenalt\u0103: oferim servicii profesionale \u0219i asigur\u0103m calitatea a\u0219teptat\u0103 \u00een zilele noastre.<\/li>\n<li>Gama larg\u0103 de produse \u0219i acces FTP: asigur\u0103m trimiterea \u0219i primirea fi\u0219ierelor tipografice prin acces FTP. Gama variat\u0103 de produse garanteaz\u0103 aproape posibilit\u0103\u021bi infinite.<\/li>\n<li>Program de gestionare a produc\u021biei personalizat pentru tipografie: printr-un sistem special, asigur\u0103m transmiterea rapid\u0103 a informa\u021biilor necesare.<\/li>\n<\/ul>\n<h3><strong>Alte motive pentru care merit\u0103 s\u0103 ne alege\u021bi:<\/strong><\/h3>\n<ul>\n<li>Orientare c\u0103tre client \u0219i flexibilitate \u2013 \u00eendeplinim cerin\u021bele speciale \u0219i personalizate.<\/li>\n<li>Termene scurte \u0219i oferte rapide \u2013 \u00een c\u00e2teva ore, dac\u0103 este necesar.<\/li>\n<li>Calitate superioar\u0103 \u2013 cuvintele noastre-cheie sunt modernitate, expertiz\u0103, eficien\u021b\u0103.<\/li>\n<\/ul>\n<p>Garan\u021bia noastr\u0103 este c\u0103 vom c\u0103uta \u00eentotdeauna cele mai bune solu\u021bii \u0219i vom executa munca rapid \u0219i eficient.<\/p>\n<h3><strong>Tip\u0103rirea autocolantelor cu cerin\u021be personalizate<\/strong><\/h3>\n<p>Tip\u0103rirea autocolantelor este un instrument esen\u021bial \u00een lumea afacerilor, oferind o utilizare variat\u0103. Fie c\u0103 este vorba despre etichete de produse, ambalaje, materiale promo\u021bionale sau decorarea vehiculelor, autocolantele personalizate ajut\u0103 la eviden\u021bierea produselor \u0219i a m\u0103rcii din mul\u021bime.<br \/>\nDatorit\u0103 flexibilit\u0103\u021bii \u0219i eficien\u021bei costurilor, tip\u0103rirea autocolantelor este o solu\u021bie ideal\u0103 at\u00e2t pentru companiile mici, c\u00e2t \u0219i pentru cele mari care doresc s\u0103-\u0219i consolideze prezen\u021ba pe pia\u021b\u0103 \u0219i s\u0103-\u0219i scoat\u0103 \u00een eviden\u021b\u0103 produsele \u00een fa\u021ba concuren\u021bei.<\/p>\n<p>Fie c\u0103 este vorba de o etichet\u0103, un logo sau un autocolant de identificare a produsului, flexibilitatea \u0219i versatilitatea tip\u0103ririi autocolantelor permit transformarea aproape oric\u0103rei idei \u00een realitate. Cu ajutorul tehnologiilor inovatoare, putem produce rapid \u0219i precis cantit\u0103\u021bi mari de autocolante, permi\u021b\u00e2nd clien\u021bilor no\u0219tri s\u0103 reac\u021bioneze prompt la schimb\u0103rile \u0219i cerin\u021bele pie\u021bei.<br \/>\nDac\u0103 ave\u021bi nevoie de tip\u0103rirea unei cantit\u0103\u021bi mari de autocolante, nu c\u0103uta\u021bi mai departe! Echipa Center-Print garanteaz\u0103 o munc\u0103 eficient\u0103 \u0219i precis\u0103. Tehnologiile noastre flexibile ne permit s\u0103 producem autocolante care se potrivesc perfect celor mai variate cerin\u021be, indiferent de dimensiunea sau forma produsului.<\/p>\n<h3><strong>Op\u021biuni \u0219i posibilit\u0103\u021bi pentru produc\u021bia de autocolante<\/strong><\/h3>\n<p>O gam\u0103 variat\u0103 de autocolante v\u0103 a\u0219teapt\u0103, pe care le pute\u021bi personaliza \u0219i comanda la Center-Print. Ave\u021bi nevoie de autocolante autoadezive, transparente, impermeabile sau din vinil? Noi avem solu\u021bia potrivit\u0103 pentru dumneavoastr\u0103. Colegii no\u0219tri exper\u021bi v\u0103 vor ajuta s\u0103 naviga\u021bi printre diferitele op\u021biuni pentru a g\u0103si tipul de autocolant care se potrive\u0219te cel mai bine nevoilor dumneavoastr\u0103.<\/p>\n<p>\u00cen timp ce ne concentr\u0103m pe calitatea \u0219i eficien\u021ba tip\u0103ririi autocolantelor, consider\u0103m la fel de important\u0103 \u0219i satisfac\u021bia clien\u021bilor. Echipa noastr\u0103 este preg\u0103tit\u0103 s\u0103 se adapteze flexibil la cerin\u021bele dumneavoastr\u0103 unice \u0219i s\u0103 se asigure c\u0103 rezultatul final corespunde exact a\u0219tept\u0103rilor dumneavoastr\u0103.<\/p>\n<p>Explora\u021bi mai multe dintre op\u021biunile noastre \u0219i \u00eemp\u0103rt\u0103\u0219i\u021bi-ne detaliile autocolantelor pe care le imagina\u021bi. L\u0103sa\u021bi-ne pe noi s\u0103 ne ocup\u0103m de design \u0219i produc\u021bie, \u00een timp ce dumneavoastr\u0103 v\u0103 concentra\u021bi pe alte activit\u0103\u021bi de afaceri, av\u00e2nd certitudinea c\u0103 autocolantele dumneavoastr\u0103 vor fi precise, livrate la timp \u0219i de o calitate excep\u021bional\u0103.<\/p>\n","protected":false},"excerpt":{"rendered":"<p>Autocolante personalizate, produse cu logo de \u00eenalt\u0103 calitate. Imprimare autocolantelor cu echipa Center-Print \u2013 plasa\u021bi comanda \u00een cantit\u0103\u021bi mari chiar ast\u0103zi! Tip\u0103rirea autocolantelor cu Center-Print \u2013 de ce s\u0103 ne alege\u021bi pe noi? Dori\u021bi s\u0103 comanda\u021bi \u00een cantit\u0103\u021bi mari, dar s\u0103 primi\u021bi autocolantele rapid \u0219i de bun\u0103 calitate? Iat\u0103 ocazia! Avem o vast\u0103 experien\u021b\u0103 \u00een [&hellip;]<\/p>\n","protected":false},"author":4,"featured_media":0,"parent":71,"menu_order":5,"comment_status":"closed","ping_status":"closed","template":"","meta":{"_acf_changed":false,"footnotes":""},"class_list":["post-419","page","type-page","status-publish","hentry"],"acf":[],"_links":{"self":[{"href":"https:\/\/centerprint.hu\/ro\/wp-json\/wp\/v2\/pages\/419","targetHints":{"allow":["GET"]}}],"collection":[{"href":"https:\/\/centerprint.hu\/ro\/wp-json\/wp\/v2\/pages"}],"about":[{"href":"https:\/\/centerprint.hu\/ro\/wp-json\/wp\/v2\/types\/page"}],"author":[{"embeddable":true,"href":"https:\/\/centerprint.hu\/ro\/wp-json\/wp\/v2\/users\/4"}],"replies":[{"embeddable":true,"href":"https:\/\/centerprint.hu\/ro\/wp-json\/wp\/v2\/comments?post=419"}],"version-history":[{"count":1,"href":"https:\/\/centerprint.hu\/ro\/wp-json\/wp\/v2\/pages\/419\/revisions"}],"predecessor-version":[{"id":708,"href":"https:\/\/centerprint.hu\/ro\/wp-json\/wp\/v2\/pages\/419\/revisions\/708"}],"up":[{"embeddable":true,"href":"https:\/\/centerprint.hu\/ro\/wp-json\/wp\/v2\/pages\/71"}],"wp:attachment":[{"href":"https:\/\/centerprint.hu\/ro\/wp-json\/wp\/v2\/media?parent=419"}],"curies":[{"name":"wp","href":"https:\/\/api.w.org\/{rel}","templated":true}]}}