{"id":417,"date":"2024-02-28T12:13:14","date_gmt":"2024-02-28T12:13:14","guid":{"rendered":"https:\/\/centerprint.hu\/?page_id=417"},"modified":"2024-12-04T07:10:03","modified_gmt":"2024-12-04T07:10:03","slug":"cimkenyomtatas","status":"publish","type":"page","link":"https:\/\/centerprint.hu\/ro\/termekek\/cimkenyomtatas\/","title":{"rendered":"Imprimarea etichetelor"},"content":{"rendered":"<p>Etichete autocolante, etichete tipar digital \u0219i solu\u021bii personalizate cu logo? Tip\u0103rirea etichetelor \u00een cantit\u0103\u021bi mari de la Center Print \u2013 pentru a v\u0103 diferen\u021bia de concuren\u021b\u0103! Contacta\u021bi-ne \u0219i plasa\u021bi comanda!<\/p>\n<p><img loading=\"lazy\" decoding=\"async\" width=\"800\" height=\"400\" class=\"size-full wp-image-422 aligncenter\" src=\"http:\/\/centerprint.hu\/wp-content\/uploads\/2024\/02\/cimkenyomtatas-debrecen.webp\" alt=\"C\u00edmkenyomtat\u00e1s Debrecen\" \/><\/p>\n<h3>Tip\u0103rirea etichetelor cu echipa Center Print \u2013 de aceea s\u0103 ne alege\u021bi pe noi!<\/h3>\n<p><strong>Dori\u021bi s\u0103 comanda\u021bi etichete \u00een cantit\u0103\u021bi mari, la cea mai \u00eenalt\u0103 calitate posibil\u0103? Alege\u021bi siguran\u021ba!<\/strong><\/p>\n<p>Avem o experienta extraordinar\u0103 \u00een realizarea comenzilor de volum mare, inclusiv \u00een cazul milioanelor de unit\u0103\u021bi. Echipa noastr\u0103 se adapteaz\u0103 flexibil la diverse tehnologii, fie c\u0103 este vorba despre tip\u0103rirea offset, tip\u0103rirea digital\u0103 sau tip\u0103rirea de mari dimensiuni. \u021ainem cont de nevoile specifice fiec\u0103rui proiect, indiferent de tipul \u0219i cantitatea de etichete care trebuie tip\u0103rite.<\/p>\n<p><strong>Despre serviciul nostru, pe scurt:<\/strong><\/p>\n<ul>\n<li>Firma noastr\u0103 se bazeaz\u0103 pe un atelier de produc\u021bie modern, echipat cu cele mai noi tehnologii \u0219i speciali\u0219ti cu \u00eenalt\u0103 calificare. Pentru noi, furnizarea de servicii profesionale \u0219i asigurarea produselor de \u00eenalt\u0103 calitate este o sarcin\u0103 zilnic\u0103.<\/li>\n<li>Pe l\u00e2ng\u0103 gama noastr\u0103 variat\u0103 de produse, oferim \u0219i acces FTP, permi\u021b\u00e2nd trimiterea \u0219i primirea rapid\u0103 \u0219i eficient\u0103 a fi\u0219ierelor de tip\u0103rire. Diversitatea produselor noastre ofer\u0103 clien\u021bilor no\u0219tri posibilit\u0103\u021bi aproape nelimitate.<\/li>\n<li>Programul nostru de management al produc\u021biei de tip\u0103rire, personalizat pentru atelierul nostru, asigur\u0103 transmiterea imediat\u0103 \u0219i precis\u0103 a tuturor informa\u021biilor necesare.<\/li>\n<\/ul>\n<p><strong>Alte motive pentru care merit\u0103 s\u0103 ne alege\u021bi:<\/strong><\/p>\n<ul>\n<li><strong>Flexibilitate<\/strong> \u2013 \u00eendeplinirea cerin\u021belor personalizate<\/li>\n<li><strong>Termene scurte \u0219i oferte rapide<\/strong><\/li>\n<li><strong>Calitate superioar\u0103<\/strong><\/li>\n<\/ul>\n<p>\u00cen toate cazurile, ne str\u0103duim s\u0103 oferim cele mai bune solu\u021bii, realiz\u00e2nd c\u00e2t mai rapid \u0219i eficient sarcinile care ne sunt \u00eencredin\u021bate.<\/p>\n<h3>Tip\u0103rirea etichetelor personalizate conform cerin\u021belor speciale ale clien\u021bilor<\/h3>\n<p>Fie c\u0103 vorbim de industria alimentar\u0103, farmaceutic\u0103, logistic\u0103 sau alte domenii, etichetele joac\u0103 un rol important \u00een identificarea produselor, urm\u0103rirea acestora \u0219i informarea consumatorilor. Odat\u0103 cu evolu\u021bia tehnologiilor moderne, tip\u0103rirea etichetelor, permite producerea rapid\u0103 \u0219i eficient\u0103 de etichete de \u00eenalt\u0103 calitate, durabile \u0219i extrem de precise, care respect\u0103 standardele \u0219i reglement\u0103rile din industrie.<\/p>\n<p>Oferim clien\u021bilor no\u0219tri o gam\u0103 larg\u0103 de servicii \u00een domeniul tip\u0103ririi de etichete, inclusiv etichete autocolante, etichete digitale \u0219i solu\u021bii personalizate cu logo.<\/p>\n<p>Oferim servicii profesionale \u0219i flexibile \u00een ceea ce prive\u0219te realizarea comenzilor \u00een volum mare, \u021bin\u00e2nd cont de cerin\u021bele specifice fiec\u0103rui proiect \u0219i de cele mai \u00eenalte standarde de calitate. Firma noastr\u0103 se bazeaz\u0103 pe un atelier modern de produc\u021bie \u0219i pe speciali\u0219ti \u00eenalt califica\u021bi, care lucreaz\u0103 cu echipamente de ultim\u0103 genera\u021bie.<\/p>\n<p>\u00cendeplinirea cerin\u021belor personalizate, termene scurte \u0219i calitate superioar\u0103 sunt caracteristicile activit\u0103\u021bii noastre, a\u0219a c\u0103, \u00een toate cazurile, c\u0103ut\u0103m cele mai bune solu\u021bii pentru a realiza sarcinile care ne sunt \u00eencredin\u021bate. Contacta\u021bi-ne \u0219i l\u0103sa\u021bi-ne s\u0103 ne ocup\u0103m de tip\u0103rirea etichetelor dumneavoastr\u0103!<\/p>\n<h3>Ce tipuri de etichete se pot tip\u0103ri?<\/h3>\n<p>\u00cen procesul de tip\u0103rire a etichetelor, exist\u0103 multe op\u021biuni pentru personalizarea acestora, inclusiv diferite dimensiuni, forme, culori \u0219i materiale. Astfel, afacerile pot alege etichetele care se potrivesc cel mai bine produselor lor \u0219i publicului \u021bint\u0103.<\/p>\n<p>Etichetele sunt disponibile \u00een diverse forme \u0219i tipuri \u00een procesul de tip\u0103rire. Acestea includ tip\u0103rirea de autocolante, dar \u0219i tip\u0103rirea etichetelor de identificare, etichetelor pentru sticle de vin sau alte etichete personalizate.<\/p>\n<p>Etichetele sunt utilizate pentru a marca produse gata de utilizare, pentru a afi\u0219a logo-uri, informa\u021bii sau avertismente \u0219i pentru alte scopuri de marketing. Fiecare tip de etichet\u0103 are un domeniu de utilizare specific, iar \u00een procesul de tip\u0103rire trebuie respectate cele mai \u00eenalte standarde de calitate.<\/p>\n","protected":false},"excerpt":{"rendered":"<p>Etichete autocolante, etichete tipar digital \u0219i solu\u021bii personalizate cu logo? Tip\u0103rirea etichetelor \u00een cantit\u0103\u021bi mari de la Center Print \u2013 pentru a v\u0103 diferen\u021bia de concuren\u021b\u0103! Contacta\u021bi-ne \u0219i plasa\u021bi comanda! Tip\u0103rirea etichetelor cu echipa Center Print \u2013 de aceea s\u0103 ne alege\u021bi pe noi! Dori\u021bi s\u0103 comanda\u021bi etichete \u00een cantit\u0103\u021bi mari, la cea mai \u00eenalt\u0103 [&hellip;]<\/p>\n","protected":false},"author":4,"featured_media":0,"parent":71,"menu_order":4,"comment_status":"closed","ping_status":"closed","template":"","meta":{"_acf_changed":false,"footnotes":""},"class_list":["post-417","page","type-page","status-publish","hentry"],"acf":[],"_links":{"self":[{"href":"https:\/\/centerprint.hu\/ro\/wp-json\/wp\/v2\/pages\/417","targetHints":{"allow":["GET"]}}],"collection":[{"href":"https:\/\/centerprint.hu\/ro\/wp-json\/wp\/v2\/pages"}],"about":[{"href":"https:\/\/centerprint.hu\/ro\/wp-json\/wp\/v2\/types\/page"}],"author":[{"embeddable":true,"href":"https:\/\/centerprint.hu\/ro\/wp-json\/wp\/v2\/users\/4"}],"replies":[{"embeddable":true,"href":"https:\/\/centerprint.hu\/ro\/wp-json\/wp\/v2\/comments?post=417"}],"version-history":[{"count":1,"href":"https:\/\/centerprint.hu\/ro\/wp-json\/wp\/v2\/pages\/417\/revisions"}],"predecessor-version":[{"id":702,"href":"https:\/\/centerprint.hu\/ro\/wp-json\/wp\/v2\/pages\/417\/revisions\/702"}],"up":[{"embeddable":true,"href":"https:\/\/centerprint.hu\/ro\/wp-json\/wp\/v2\/pages\/71"}],"wp:attachment":[{"href":"https:\/\/centerprint.hu\/ro\/wp-json\/wp\/v2\/media?parent=417"}],"curies":[{"name":"wp","href":"https:\/\/api.w.org\/{rel}","templated":true}]}}