{"id":413,"date":"2024-02-20T11:17:47","date_gmt":"2024-02-20T11:17:47","guid":{"rendered":"https:\/\/centerprint.hu\/?page_id=413"},"modified":"2024-10-28T11:21:35","modified_gmt":"2024-10-28T11:21:35","slug":"elviteles-papirdoboz-egyedi-nyomtatassal","status":"publish","type":"page","link":"https:\/\/centerprint.hu\/ro\/termekek\/elviteles-papirdoboz-egyedi-nyomtatassal\/","title":{"rendered":"Comand\u0103 de cutii de h\u00e2rtie pentru livrare"},"content":{"rendered":"<p><img loading=\"lazy\" decoding=\"async\" width=\"1600\" height=\"914\" class=\"alignnone wp-image-577 size-large\" src=\"http:\/\/centerprint.hu\/wp-content\/uploads\/2024\/08\/elviteles-papir-doboz-1600x914.jpeg\" alt=\"Comand\u0103 de cutii de h\u00e2rtie pentru livrare\" srcset=\"https:\/\/centerprint.hu\/wp-content\/uploads\/2024\/08\/elviteles-papir-doboz-1600x914.jpeg 1600w, https:\/\/centerprint.hu\/wp-content\/uploads\/2024\/08\/elviteles-papir-doboz-1536x878.jpeg 1536w, https:\/\/centerprint.hu\/wp-content\/uploads\/2024\/08\/elviteles-papir-doboz.jpeg 1792w\" sizes=\"auto, (max-width: 1600px) 100vw, 1600px\" \/><\/p>\n<p>&nbsp;<\/p>\n<h3><strong>Comand\u0103 de cutii de h\u00e2rtie pentru livrare \u2013 De ce s\u0103 alege\u021bi echipa Center-Print!<\/strong><\/h3>\n<p><strong>Comanda\u021bi cutii de h\u00e2rtie personalizate pentru livrare \u00een cantit\u0103\u021bi mari de la Center-Print!<\/strong><\/p>\n<p>Avem o expertiz\u0103 excep\u021bional\u0103 \u00een gestionarea comenzilor de mari dimensiuni, inclusiv \u00een cazul celor de ordinul milioanelor.<\/p>\n<p>Cutiile noastre de h\u00e2rtie pentru livrare sunt tip\u0103rite prin tehnologia offset. Cu toate acestea, echipa noastr\u0103 poate adapta comanda \u0219i la alte tehnologii, cum ar fi tip\u0103rirea digital\u0103 \u0219i tip\u0103rirea de format mare. Ne asigur\u0103m c\u0103 cerin\u021bele unice ale proiectului dumneavoastr\u0103 sunt \u00eendeplinite, fie c\u0103 este vorba de cutii de h\u00e2rtie, pahare de h\u00e2rtie sau cutii de carton personalizate.<\/p>\n<ul>\n<li>Fabrica noastr\u0103 modern\u0103, echipamentele noastre de ultim\u0103 genera\u021bie \u0219i echipa noastr\u0103 de speciali\u0219ti asigur\u0103 servicii profesionale \u0219i calitatea a\u0219teptat\u0103 pentru clien\u021bii no\u0219tri.<\/li>\n<li>\u00cen portofoliul nostru de produse tipografice, se reg\u0103sesc o mare varietate de produse tip\u0103rite. Oferim clien\u021bilor no\u0219tri acces FTP pentru trimiterea \u0219i primirea fi\u0219ierelor tipografice. Procesarea \u0219i verificarea fi\u0219ierelor se desf\u0103\u0219oar\u0103 f\u0103r\u0103 probleme \u0219i \u00een siguran\u021b\u0103, indiferent de loca\u021bia global\u0103.<\/li>\n<li>Realizarea ofertelor \u0219i calculelor se efectueaz\u0103 rapid, printr-un program de gestionare a produc\u021biei tipografice personalizat pentru uzina noastr\u0103, care permite furnizarea imediat\u0103 a informa\u021biilor necesare clien\u021bilor. Astfel, de la primul contact p\u00e2n\u0103 la produc\u021bia final\u0103 a materialelor, trece relativ pu\u021bin timp \u2013 ceea ce ne permite s\u0103 realiz\u0103m \u0219i comenzi urgente f\u0103r\u0103 probleme.<\/li>\n<\/ul>\n<p><strong>De ce s\u0103 comanda\u021bi de la noi?<\/strong><\/p>\n<ul>\n<li>Flexibilitate (\u00eendeplinirea cerin\u021belor speciale \u0219i personalizate)<\/li>\n<li>Realizare rapid\u0103 a ofertelor<\/li>\n<li>Calitate superioar\u0103<\/li>\n<\/ul>\n<p>Acestea sunt cuvintele noastre cheie. Garant\u0103m c\u0103 \u00eentotdeauna c\u0103ut\u0103m cele mai bune solu\u021bii, finaliz\u00e2nd sarcinile c\u00e2t mai rapid posibil \u0219i cu cea mai mare aten\u021bie la calitate. \u0218tim c\u0103 produsele noastre devin fundamentul brandingului \u0219i marketingului unei alte afaceri, astfel \u00eenc\u00e2t trat\u0103m fiecare sarcin\u0103 cu respect \u0219i aten\u021bie.<\/p>\n<h3><strong>Producerea cutiilor de h\u00e2rtie pentru livrare cu cerin\u021be personalizate<\/strong><\/h3>\n<p>Produc\u021bia cutiilor de h\u00e2rtie pentru livrare poate implica o gam\u0103 larg\u0103 de cerin\u021be personalizate, care sunt esen\u021biale pentru satisfac\u021bia clien\u021bilor \u0219i utilizarea func\u021bional\u0103 corect\u0103 a produsului. Clien\u021bii no\u0219tri solicit\u0103 adesea dimensiuni \u0219i forme specifice pentru a se potrivi perfect produselor transportate, sau pentru a atinge obiectivele de prezentare dorite.<\/p>\n<p>\u00cen plus, elementele de design imprimate, precum graficele sau logo-urile, trebuie s\u0103 fie unice, u\u0219or de memorat \u0219i ecologice. Acest lucru \u00eei ajut\u0103 pe clien\u021bii no\u0219tri s\u0103 se diferen\u021bieze \u0219i s\u0103 ias\u0103 \u00een eviden\u021b\u0103 \u00een fa\u021ba concuren\u021bei.<\/p>\n<p>Protec\u021bia \u0219i siguran\u021ba produselor sunt, de asemenea, factori cruciali. Ambalajele trebuie s\u0103 fie adaptate la caracteristicile \u0219i sensibilitatea produselor. De exemplu, \u00een cazul alimentelor, este important s\u0103 se men\u021bin\u0103 igiena \u0219i prospe\u021bimea, iar pentru echipamentele electronice, prevenirea deterior\u0103rilor este esen\u021bial\u0103.<\/p>\n<h3><strong>La ce sunt utile cutiile de h\u00e2rtie pentru livrare?<\/strong><\/h3>\n<p>Cutiile de h\u00e2rtie pentru livrare sunt versatile \u0219i pot fi utilizate \u00een diverse aplica\u021bii. Sunt ideale pentru restaurante, cafenele \u0219i alte locuri de servit m\u00e2ncare care au nevoie de ambalaje pentru livrare sau pentru take-away. Aceste cutii sunt perfecte pentru transportul alimentelor, produselor de patiserie, pizza sau alte produse alimentare proaspete.<\/p>\n<p>Designul \u0219i personalizarea cutiilor permit clien\u021bilor no\u0219tri s\u0103 creeze un brand unic care atrage aten\u021bia \u0219i face produsele memorabile.<\/p>\n","protected":false},"excerpt":{"rendered":"<p>&nbsp; Comand\u0103 de cutii de h\u00e2rtie pentru livrare \u2013 De ce s\u0103 alege\u021bi echipa Center-Print! Comanda\u021bi cutii de h\u00e2rtie personalizate pentru livrare \u00een cantit\u0103\u021bi mari de la Center-Print! Avem o expertiz\u0103 excep\u021bional\u0103 \u00een gestionarea comenzilor de mari dimensiuni, inclusiv \u00een cazul celor de ordinul milioanelor. Cutiile noastre de h\u00e2rtie pentru livrare sunt tip\u0103rite prin tehnologia [&hellip;]<\/p>\n","protected":false},"author":4,"featured_media":0,"parent":71,"menu_order":1,"comment_status":"closed","ping_status":"closed","template":"","meta":{"_acf_changed":false,"footnotes":""},"class_list":["post-413","page","type-page","status-publish","hentry"],"acf":[],"_links":{"self":[{"href":"https:\/\/centerprint.hu\/ro\/wp-json\/wp\/v2\/pages\/413","targetHints":{"allow":["GET"]}}],"collection":[{"href":"https:\/\/centerprint.hu\/ro\/wp-json\/wp\/v2\/pages"}],"about":[{"href":"https:\/\/centerprint.hu\/ro\/wp-json\/wp\/v2\/types\/page"}],"author":[{"embeddable":true,"href":"https:\/\/centerprint.hu\/ro\/wp-json\/wp\/v2\/users\/4"}],"replies":[{"embeddable":true,"href":"https:\/\/centerprint.hu\/ro\/wp-json\/wp\/v2\/comments?post=413"}],"version-history":[{"count":1,"href":"https:\/\/centerprint.hu\/ro\/wp-json\/wp\/v2\/pages\/413\/revisions"}],"predecessor-version":[{"id":576,"href":"https:\/\/centerprint.hu\/ro\/wp-json\/wp\/v2\/pages\/413\/revisions\/576"}],"up":[{"embeddable":true,"href":"https:\/\/centerprint.hu\/ro\/wp-json\/wp\/v2\/pages\/71"}],"wp:attachment":[{"href":"https:\/\/centerprint.hu\/ro\/wp-json\/wp\/v2\/media?parent=413"}],"curies":[{"name":"wp","href":"https:\/\/api.w.org\/{rel}","templated":true}]}}