{"id":411,"date":"2024-02-20T11:10:06","date_gmt":"2024-02-20T11:10:06","guid":{"rendered":"https:\/\/centerprint.hu\/?page_id=411"},"modified":"2026-02-19T08:43:34","modified_gmt":"2026-02-19T08:43:34","slug":"csokis-doboz-egyedi-nyomtatassal","status":"publish","type":"page","link":"https:\/\/centerprint.hu\/ro\/termekek\/csokis-doboz-egyedi-nyomtatassal\/","title":{"rendered":"Cutii pentru ciocolat\u0103 cu imprimare personalizat\u0103"},"content":{"rendered":"<p><img loading=\"lazy\" decoding=\"async\" width=\"800\" height=\"415\" class=\"wp-image-412 size-full aligncenter\" src=\"http:\/\/centerprint.hu\/wp-content\/uploads\/2024\/02\/csokis-doboz-nyomtatas.webp\" alt=\"csokis doboz nyomtat\u00e1s\" \/><\/p>\n<h3>Cutii pentru ciocolat\u0103 cu imprimare personalizat\u0103<\/h3>\n<p>Cutia pentru ciocolat\u0103 este ca o copert\u0103 de carte. Oric\u00e2t de bun ar fi con\u021binutul, aspectul exterior este cel care atrage privirile. Comanda\u021bi de la Center-Print cu imprimare personalizat\u0103 \u0219i ave\u021bi cele mai frumoase ambalaje de pe pia\u021b\u0103!<\/p>\n<h3>Comand\u0103 cutii pentru ciocolat\u0103 \u2013 de ce s\u0103 alege\u021bi echipa Center-Print!<\/h3>\n<p>Avem o expertiz\u0103 deosebit\u0103 \u00een realizarea comenzilor de volum mare, a\u0219a c\u0103 suntem o alegere optim\u0103 dac\u0103 dori\u021bi s\u0103 comanda\u021bi \u00een cantit\u0103\u021bi mari, chiar \u0219i \u00een milioane de unit\u0103\u021bi.<br \/>\nEchipa noastr\u0103 flexibil\u0103 lucreaz\u0103 cu diverse tehnologii, inclusiv imprimare digital\u0103, offset \u0219i de mari dimensiuni, asigur\u00e2ndu-se c\u0103 toate nevoile unice ale proiectului dumneavoastr\u0103 sunt \u00eendeplinite. \u0218tim c\u00e2t de important este ca produsul s\u0103 ajung\u0103 la clien\u021bi \u00eentr-un ambalaj adecvat, iar sarcina noastr\u0103 este s\u0103 asigur\u0103m acest lucru f\u0103r\u0103 compromisuri. Cutii noastre, produse cu tehnologii moderne, reprezint\u0103 \u00eentotdeauna o calitate de excep\u021bie, \u00eendeplinindu-v\u0103 a\u0219tept\u0103rile.<\/p>\n<h3>De ce merit\u0103 s\u0103 comanda\u021bi de la noi:<\/h3>\n<ul>\n<li>Flexibilitate (\u00eendeplinirea cerin\u021belor speciale \u0219i personalizate)<\/li>\n<li>Termene scurte, oferte \u00een 1-2 zile lucr\u0103toare<\/li>\n<li>Calitate excelent\u0103<\/li>\n<\/ul>\n<p>Colaborarea cu echipa noastr\u0103 garanteaz\u0103 flexibilitatea. Termenele noastre scurte permit preg\u0103tirea rapid\u0103 \u0219i eficient\u0103 a ofertelor, \u00een doar 1-2 zile lucr\u0103toare. \u00cen final, cu cutii pentru ciocolat\u0103 de cea mai \u00eenalt\u0103 calitate, v\u0103 asigur\u0103m c\u0103 at\u00e2t dumneavoastr\u0103, c\u00e2t \u0219i clien\u021bii dumneavoastr\u0103 ve\u021bi fi pe deplin mul\u021bumi\u021bi de rezultatul final.<\/p>\n<h3>Cum asigur\u0103m calitatea \u00eenalt\u0103 a comenzilor?<\/h3>\n<p>Serviciul profesional \u0219i calitatea \u00eenalt\u0103 pe care le a\u0219teapt\u0103 clien\u021bii no\u0219tri sunt asigurate de un atelier modern, echipamente de ultim\u0103 genera\u021bie \u0219i o echip\u0103 de speciali\u0219ti excelen\u021bi.<br \/>\nGama noastr\u0103 variat\u0103 de produse tipografice este vast\u0103. Oferim acces FTP pentru trimiterea \u0219i primirea fi\u0219ierelor de imprimare, astfel \u00eenc\u00e2t procesarea \u0219i verificarea fi\u0219ierelor se desf\u0103\u0219oar\u0103 f\u0103r\u0103 probleme, indiferent de loca\u021bia clientului. Datorit\u0103 acestui fapt, putem gestiona cu flexibilitate nu doar comenzile, ci \u0219i clien\u021bii, respect\u00e2nd toate cerin\u021bele acestora.<br \/>\nPreg\u0103tirea rapid\u0103 a ofertelor \u0219i calculelor este sus\u021binut\u0103 de un program de management al produc\u021biei tipografice, personalizat pentru atelierul nostru, care ne permite s\u0103 oferim imediat informa\u021biile necesare clien\u021bilor no\u0219tri. Drept urmare, ofertele sunt preg\u0103tite \u00een c\u00e2teva zile lucr\u0103toare, iar procesul de produc\u021bie se desf\u0103\u0219oar\u0103 rapid.<\/p>\n<h3>Produc\u021bie de cutii pentru ciocolat\u0103 cu cerin\u021be personalizate<\/h3>\n<p>Realiz\u0103m cutii pentru ciocolat\u0103 adaptate cerin\u021belor individuale. Chiar \u0219i \u00eentr-o lume virtual\u0103 \u00een expansiune, credem \u00een eficien\u021ba produselor tip\u0103rite palpabile. Iar produsele de calitate sunt asigurate de echipamentele moderne destinate fiec\u0103rui scop.<br \/>\nSuntem dedica\u021bi \u00eendeplinirii cerin\u021belor personalizate \u0219i designurilor speciale, asigur\u00e2nd astfel c\u0103 fiecare ambalaj este unic \u0219i se potrive\u0219te stilului companiei dumneavoastr\u0103. Dar ne pute\u021bi contacta cu \u00eencredere \u0219i dac\u0103 designul final nu este \u00eenc\u0103 preg\u0103tit, deoarece speciali\u0219tii no\u0219tri v\u0103 pot oferi asisten\u021b\u0103 \u0219i \u00een acest domeniu.<br \/>\nUtiliz\u0103m produse unice \u0219i personalizate care r\u0103spund nevoilor individuale sau de afaceri.<br \/>\nDac\u0103 sunte\u021bi \u00een c\u0103utarea unor cutii pentru ciocolat\u0103 pe care s\u0103 le comanda\u021bi \u00een cantit\u0103\u021bi mari \u0219i unice pe pia\u021b\u0103, v\u0103 rug\u0103m s\u0103 ne contacta\u021bi cu \u00eencredere!<\/p>\n<h3>Pentru ce pot fi folosite cutiile pentru ciocolat\u0103?<\/h3>\n<p>Posibilit\u0103\u021bile de utilizare a cutiilor pentru ciocolat\u0103 sunt foarte variate. Unul dintre primele g\u00e2nduri este ambalajul pentru dulciuri: cutii elegante \u0219i atr\u0103g\u0103toare pentru bomboane \u0219i ciocolat\u0103. Dar acestea pot fi perfecte \u0219i pentru cadouri, nun\u021bi sau chiar evenimente de afaceri. Ambalaje atr\u0103g\u0103toare, ciocolat\u0103 delicioas\u0103 \u2013 ce altceva mai pute\u021bi dori?<br \/>\nCutiile noastre pentru ciocolat\u0103 nu sunt perfecte doar pentru ambalarea dulciurilor, ci \u0219i pentru multe alte scopuri. Fie c\u0103 este vorba despre ambalaje pentru cadouri sau campanii de marketing creative, echipa Center-Print va g\u0103si cu siguran\u021b\u0103 solu\u021bii pentru fiecare \u00eentrebuin\u021bare.<\/p>\n<p style=\"text-align: center;\"><strong>Galerie\u00a0<\/strong><\/p>\n\t<!-- CSS Part Start From Here-->\n\t<style>\n\t\t#animated-thumbnails-572 a {\n\t\t\ttext-decoration: none !important;\n\t\t\tbox-shadow: 0 0px 0 0 currentcolor !important;\n\t\t}\n\n\n\t\t\/* Grayscale Effect *\/\n\t\t\n\t\t\n\t\t#animated-thumbnails-572 img {\n\t\t\twidth: 100% !important;\n\t\t\theight: auto !important;\n\t\t}\n\n\t\t.lg-icon {\n\t\t\tcolor:\n\t\t\t\tgold\t\t\t\t!important;\n\t\t}\n\n\t\t.pg-title {\n\t\t\tcolor:\n\t\t\t\twhite\t\t\t\t!important;\n\t\t}\n\n\t\t\t<\/style>\n\t\t<div id=\"animated-thumbnails-572\"\n\t\tclass=\"row all-images-572\">\n\t\t\t\t\t\t\t\t\t\t\t<a href=\"https:\/\/centerprint.hu\/wp-content\/uploads\/2024\/08\/product-packaging.jpeg\"\n\t\t\t\t\t\tclass=\"single-image-572 col-lg-4 col-md-4 col-sm-4 col-xs-12\"\n\t\t\t\t\t\tdata-sub-html=\"product packaging\">\n\t\t\t\t\t\t<img class=\"thumbnail  \"\n\t\t\t\t\t\t\tsrc=\"https:\/\/centerprint.hu\/wp-content\/uploads\/2024\/08\/product-packaging.jpeg\" alt=\"product packaging\" \/>\n\t\t\t\t\t<\/a>\n\t\t\t\t\n\t\t\t\t\n\t\t\t\t\t\t\t\t\t\t\t\t\t<a href=\"https:\/\/centerprint.hu\/wp-content\/uploads\/2024\/01\/egyedi-kartondoboz.webp\"\n\t\t\t\t\t\tclass=\"single-image-572 col-lg-4 col-md-4 col-sm-4 col-xs-12\"\n\t\t\t\t\t\tdata-sub-html=\"egyedi kartondoboz\">\n\t\t\t\t\t\t<img class=\"thumbnail  \"\n\t\t\t\t\t\t\tsrc=\"https:\/\/centerprint.hu\/wp-content\/uploads\/2024\/01\/egyedi-kartondoboz.webp\" alt=\"egyedi kartondoboz\" \/>\n\t\t\t\t\t<\/a>\n\t\t\t\t\n\t\t\t\t\n\t\t\t\t\t\t\t\t\t\t\t\t\t<a href=\"https:\/\/centerprint.hu\/wp-content\/uploads\/2024\/01\/papirdobozok-.webp\"\n\t\t\t\t\t\tclass=\"single-image-572 col-lg-4 col-md-4 col-sm-4 col-xs-12\"\n\t\t\t\t\t\tdata-sub-html=\"csokis doboz\">\n\t\t\t\t\t\t<img class=\"thumbnail  \"\n\t\t\t\t\t\t\tsrc=\"https:\/\/centerprint.hu\/wp-content\/uploads\/2024\/01\/papirdobozok-.webp\" alt=\"pap\u00edrdobozok\" \/>\n\t\t\t\t\t<\/a>\n\t\t\t\t\n\t\t\t\t\n\t\t\t\t\t\t\t\t\t\t\t\t\t<a href=\"https:\/\/centerprint.hu\/wp-content\/uploads\/2024\/07\/doboz.jpg\"\n\t\t\t\t\t\tclass=\"single-image-572 col-lg-4 col-md-4 col-sm-4 col-xs-12\"\n\t\t\t\t\t\tdata-sub-html=\"d\u00edszdoboz\">\n\t\t\t\t\t\t<img class=\"thumbnail  \"\n\t\t\t\t\t\t\tsrc=\"https:\/\/centerprint.hu\/wp-content\/uploads\/2024\/07\/doboz.jpg\" alt=\"d\u00edszdoboz\" \/>\n\t\t\t\t\t<\/a>\n\t\t\t\t\n\t\t\t\t\n\t\t\t\t\t\t\t\t\t\t\t\t\t<a href=\"https:\/\/centerprint.hu\/wp-content\/uploads\/2024\/01\/kartondoboz-rendeles02.webp\"\n\t\t\t\t\t\tclass=\"single-image-572 col-lg-4 col-md-4 col-sm-4 col-xs-12\"\n\t\t\t\t\t\tdata-sub-html=\"egyedi karton dobozok\">\n\t\t\t\t\t\t<img class=\"thumbnail  \"\n\t\t\t\t\t\t\tsrc=\"https:\/\/centerprint.hu\/wp-content\/uploads\/2024\/01\/kartondoboz-rendeles02.webp\" alt=\"kartondoboz rendel\u00e9s\" \/>\n\t\t\t\t\t<\/a>\n\t\t\t\t\n\t\t\t\t\n\t\t\t\t\t<\/div>\n\t<script>\n\t\/\/thumbnail or fixed Size thumbnail\n\tjQuery(window).on('load', function () {\n\t\tjQuery('#animated-thumbnails-572').lightGallery({\n\t\t\tthumbnail: true,\n\t\t\tanimateThumb: true,\n\t\t\t\/\/show and hide thumb setting\n\t\t\tshowThumbByDefault: true,\n\t\t\tsubHtmlSelectorRelative: true,\n\t\t\t\t\t\t\t\t\t\t\t\tmode: 'lg-fade',\n\t\t\t\t\t});\n\n\t\t\t});\t\n<\/script>\n<style>\n\t.lg-backdrop.in {\n\t\topacity: 0.85;\n\t}\n\n\t.fixed-size.lg-outer .lg-inner {\n\t\tbackground-color: #FFF;\n\t}\n\n\t.fixed-size.lg-outer .lg-sub-html {\n\t\tposition: absolute;\n\t\ttext-align: left;\n\t}\n\n\t.fixed-size.lg-outer .lg-toolbar {\n\t\tbackground-color: transparent;\n\t\theight: 0;\n\t}\n\n\t.fixed-size.lg-outer .lg-toolbar .lg-icon {\n\t\tcolor: #FFF;\n\t}\n\n\t.fixed-size.lg-outer .lg-img-wrap {\n\t\tpadding: 12px;\n\t}\n<\/style>\n<script>\n\tjQuery(document).ready(function () {\n\t\t\/\/ isotope effect function\n\t\t\/\/ Method 1 - Initialize Isotope, then trigger layout after each image loads.\n\t\tvar $grid = jQuery('.all-images-572').isotope({\n\t\t\t\/\/ options...\n\t\t\titemSelector: '.single-image-572',\n\t\t});\n\t\t\/\/ layout Isotope after each image loads\n\t\t$grid.imagesLoaded().progress(function () {\n\t\t\t$grid.isotope('layout');\n\t\t});\n\t});\n<\/script>\n","protected":false},"excerpt":{"rendered":"<p>Cutii pentru ciocolat\u0103 cu imprimare personalizat\u0103 Cutia pentru ciocolat\u0103 este ca o copert\u0103 de carte. Oric\u00e2t de bun ar fi con\u021binutul, aspectul exterior este cel care atrage privirile. Comanda\u021bi de la Center-Print cu imprimare personalizat\u0103 \u0219i ave\u021bi cele mai frumoase ambalaje de pe pia\u021b\u0103! Comand\u0103 cutii pentru ciocolat\u0103 \u2013 de ce s\u0103 alege\u021bi echipa Center-Print! [&hellip;]<\/p>\n","protected":false},"author":4,"featured_media":0,"parent":71,"menu_order":0,"comment_status":"closed","ping_status":"closed","template":"","meta":{"_acf_changed":false,"footnotes":""},"class_list":["post-411","page","type-page","status-publish","hentry"],"acf":[],"_links":{"self":[{"href":"https:\/\/centerprint.hu\/ro\/wp-json\/wp\/v2\/pages\/411","targetHints":{"allow":["GET"]}}],"collection":[{"href":"https:\/\/centerprint.hu\/ro\/wp-json\/wp\/v2\/pages"}],"about":[{"href":"https:\/\/centerprint.hu\/ro\/wp-json\/wp\/v2\/types\/page"}],"author":[{"embeddable":true,"href":"https:\/\/centerprint.hu\/ro\/wp-json\/wp\/v2\/users\/4"}],"replies":[{"embeddable":true,"href":"https:\/\/centerprint.hu\/ro\/wp-json\/wp\/v2\/comments?post=411"}],"version-history":[{"count":3,"href":"https:\/\/centerprint.hu\/ro\/wp-json\/wp\/v2\/pages\/411\/revisions"}],"predecessor-version":[{"id":1106,"href":"https:\/\/centerprint.hu\/ro\/wp-json\/wp\/v2\/pages\/411\/revisions\/1106"}],"up":[{"embeddable":true,"href":"https:\/\/centerprint.hu\/ro\/wp-json\/wp\/v2\/pages\/71"}],"wp:attachment":[{"href":"https:\/\/centerprint.hu\/ro\/wp-json\/wp\/v2\/media?parent=411"}],"curies":[{"name":"wp","href":"https:\/\/api.w.org\/{rel}","templated":true}]}}