{"id":392,"date":"2024-01-12T07:45:21","date_gmt":"2024-01-12T07:45:21","guid":{"rendered":"https:\/\/centerprint.hu\/?page_id=392"},"modified":"2024-12-04T07:06:03","modified_gmt":"2024-12-04T07:06:03","slug":"papirdoboz","status":"publish","type":"page","link":"https:\/\/centerprint.hu\/ro\/termekek\/papirdoboz\/","title":{"rendered":"Cutia din carton"},"content":{"rendered":"<h3>Cutia din carton<\/h3>\n<p>Cutia din carton este una dintre cele mai populare tehnici de ambalare, \u0219i nu f\u0103r\u0103 motiv. Cutii personalizate, cu logo, sunt excelente pentru a diferen\u021bia compania de concuren\u021b\u0103. Produse personalizate cu logo, \u00een cantit\u0103\u021bi mari, de la Center-Print! Plasa\u021bi comanda chiar ast\u0103zi!<\/p>\n<p><img loading=\"lazy\" decoding=\"async\" width=\"1200\" height=\"634\" class=\"size-full wp-image-476 aligncenter\" src=\"http:\/\/centerprint.hu\/wp-content\/uploads\/2024\/07\/doboz.jpg\" alt=\"\" \/><\/p>\n<h3><strong>Ce tipuri de cutii din carton oferim?<\/strong><\/h3>\n<p>Tipografia Center-Print produce cutii din carton \u00een diverse tipuri \u0219i dimensiuni.<\/p>\n<p><strong>Cutie cu capac<\/strong> \u2013 ofer\u0103 protec\u021bie excelent\u0103 pentru con\u021binutul ambalajului datorit\u0103 capacului integrat. Cutia cu capac este ideal\u0103 pentru situa\u021biile \u00een care ambalajul trebuie s\u0103 \u00eendeplineasc\u0103 at\u00e2t un rol estetic, c\u00e2t \u0219i unul de protec\u021bie.<\/p>\n<p><strong>Cutii dreptunghiulare<\/strong> \u2013 disponibile \u00een mai multe dimensiuni \u0219i ad\u00e2ncimi. Datorit\u0103 designului lor flexibil, se pot adapta u\u0219or la diferite dimensiuni \u0219i forme de produse. Versatilitatea \u0219i simplitatea cutiilor dreptunghiulare le fac o solu\u021bie de ambalare popular\u0103 \u00een diverse industrii.<\/p>\n<p><strong>Cutii din carton cu forme personalizate<\/strong> \u2013 disponibile \u00een diverse forme, precum triunghiulare sau rotunde, unicitatea lor ajut\u00e2nd produsele s\u0103 se eviden\u021bieze fa\u021b\u0103 de concuren\u021b\u0103. Exist\u0103 \u0219i alte tipuri de cutii din carton concepute pentru scopuri speciale, cum ar fi cele destinate siguran\u021bei alimentare, ideale pentru depozitarea \u0219i transportul alimentelor.<\/p>\n<h3><strong>Comandarea cutiilor din carton la Center-Print<\/strong><\/h3>\n<p>Ast\u0103zi, comanda personalizat\u0103 de tip\u0103rire a cutiilor din carton \u00een cantit\u0103\u021bi mari este foarte simpl\u0103. Ne pute\u021bi contacta de pe \u00eentreg teritoriul \u021b\u0103rii.<br \/>\nTipografia Center-Print este specializat\u0103 \u00een comenzi de mari dimensiuni, personalizate, cu logo, fie c\u0103 este vorba de cutii din carton, cutii din h\u00e2rtie sau alte produse. De asemenea, pute\u021bi comanda de la noi cutii pentru takeaway sau cutii cadou.<\/p>\n<h3><strong>De ce s\u0103 comanda\u021bi de la noi?<\/strong><\/h3>\n<p><strong>Comanda\u021bi de la Center-Print!<\/strong><br \/>\nComenzile de cutii din carton \u00een cantit\u0103\u021bi mari vin cu numeroase avantaje. Suntem specializa\u021bi \u00een executarea comenzilor de mari dimensiuni, astfel c\u0103 suntem alegerea ideal\u0103 dac\u0103 dori\u021bi s\u0103 comanda\u021bi zeci sau chiar milioane de buc\u0103\u021bi. Indiferent de tipul de produs, garant\u0103m c\u0103 vom satisface cerin\u021bele proiectului dumneavoastr\u0103.<\/p>\n<p>\u00cen categoria de pungi, cutii \u0219i pahare din h\u00e2rtie cu m\u00e2ner din sfoar\u0103, echipa noastr\u0103 urmeaz\u0103 linia de marketing publicitar. Practic, nu oferim produse simple, f\u0103r\u0103 model, ci ne concentr\u0103m pe comenzi personalizate, care includ logo \u0219i tip\u0103rire.<br \/>\nDac\u0103 proiectul include \u0219i pungi din h\u00e2rtie simple, albe sau maro, cu m\u00e2ner din sfoar\u0103, le putem gestiona flexibil. \u00cens\u0103, ne concentr\u0103m \u00een principal pe solu\u021bii grafice personalizate, asigur\u00e2ndu-ne astfel c\u0103 fiecare produs este unic \u0219i atr\u0103g\u0103tor.<br \/>\nGarant\u0103m c\u0103 cutiile din carton \u2013 sau alte produse \u2013 vor fi realizate flexibil, \u00een termene scurte \u0219i la o calitate \u00eenalt\u0103. Dac\u0103 dori\u021bi solu\u021bii personalizate care s\u0103 v\u0103 diferen\u021bieze pe pia\u021b\u0103, nu ezita\u021bi s\u0103 ne contacta\u021bi!<\/p>\n<h3><strong>Avantajele practice ale cutiilor din carton<\/strong><\/h3>\n<p>Unul dintre principalele avantaje ale cutiilor din carton este caracterul lor ecologic. Produc\u021bia acestora necesit\u0103 mai pu\u021bin\u0103 energie \u0219i resurse \u00een compara\u021bie cu alte materiale de ambalare, iar cartonul este u\u0219or reciclabil. Se degradeaz\u0103 biologic u\u0219or, ceea ce reduce impactul asupra mediului. Un alt avantaj este personalizarea u\u0219oar\u0103.<br \/>\nCutiile din carton sunt u\u0219or de personalizat, fie c\u0103 este vorba de logo-uri, etichete sau modele tip\u0103rite personalizate. Tip\u0103rirea personalizat\u0103 \u00eent\u0103re\u0219te imaginea de brand \u0219i aspectul unic al produselor. Acest lucru ofer\u0103 companiilor o oportunitate excelent\u0103 de a-\u0219i exprima identitatea vizual\u0103. De asemenea, ofer\u0103 protec\u021bie produselor \u00eempotriva deterior\u0103rilor \u0219i murd\u0103riei.<\/p>\n<p style=\"text-align: center;\"><strong>Galerie<\/strong><\/p>\n<p>&nbsp;<\/p>\n\t<!-- CSS Part Start From Here-->\n\t<style>\n\t\t#animated-thumbnails-613 a {\n\t\t\ttext-decoration: none !important;\n\t\t\tbox-shadow: 0 0px 0 0 currentcolor !important;\n\t\t}\n\n\n\t\t\/* Grayscale Effect *\/\n\t\t\n\t\t\n\t\t#animated-thumbnails-613 img {\n\t\t\twidth: 100% !important;\n\t\t\theight: auto !important;\n\t\t}\n\n\t\t.lg-icon {\n\t\t\tcolor:\n\t\t\t\tgold\t\t\t\t!important;\n\t\t}\n\n\t\t.pg-title {\n\t\t\tcolor:\n\t\t\t\twhite\t\t\t\t!important;\n\t\t}\n\n\t\t\t<\/style>\n\t\t<div id=\"animated-thumbnails-613\"\n\t\tclass=\"row all-images-613\">\n\t\t\t\t\t\t\t\t\t\t\t<a href=\"https:\/\/centerprint.hu\/wp-content\/uploads\/2024\/08\/elviteles-papir-doboz.jpeg\"\n\t\t\t\t\t\tclass=\"single-image-613 col-lg-4 col-md-4 col-sm-4 col-xs-12\"\n\t\t\t\t\t\tdata-sub-html=\"elviteles papir doboz\">\n\t\t\t\t\t\t<img class=\"thumbnail  \"\n\t\t\t\t\t\t\tsrc=\"https:\/\/centerprint.hu\/wp-content\/uploads\/2024\/08\/elviteles-papir-doboz.jpeg\" alt=\"elviteles papir doboz\" \/>\n\t\t\t\t\t<\/a>\n\t\t\t\t\n\t\t\t\t\n\t\t\t\t\t\t\t\t\t\t\t\t\t<a href=\"https:\/\/centerprint.hu\/wp-content\/uploads\/2024\/08\/doboz-scaled-e1722848056430.jpg\"\n\t\t\t\t\t\tclass=\"single-image-613 col-lg-4 col-md-4 col-sm-4 col-xs-12\"\n\t\t\t\t\t\tdata-sub-html=\"doboz\">\n\t\t\t\t\t\t<img class=\"thumbnail  \"\n\t\t\t\t\t\t\tsrc=\"https:\/\/centerprint.hu\/wp-content\/uploads\/2024\/08\/doboz-scaled-e1722848056430.jpg\" alt=\"doboz\" \/>\n\t\t\t\t\t<\/a>\n\t\t\t\t\n\t\t\t\t\n\t\t\t\t\t\t\t\t\t\t\t\t\t<a href=\"https:\/\/centerprint.hu\/wp-content\/uploads\/2024\/07\/img_1256-scaled.webp\"\n\t\t\t\t\t\tclass=\"single-image-613 col-lg-4 col-md-4 col-sm-4 col-xs-12\"\n\t\t\t\t\t\tdata-sub-html=\"nasi csomagol\u00e1s\">\n\t\t\t\t\t\t<img class=\"thumbnail  \"\n\t\t\t\t\t\t\tsrc=\"https:\/\/centerprint.hu\/wp-content\/uploads\/2024\/07\/img_1256-scaled.webp\" alt=\"nasi csomagol\u00e1s\" \/>\n\t\t\t\t\t<\/a>\n\t\t\t\t\n\t\t\t\t\n\t\t\t\t\t\t\t\t\t\t\t\t\t<a href=\"https:\/\/centerprint.hu\/wp-content\/uploads\/2024\/07\/img_1046-scaled.webp\"\n\t\t\t\t\t\tclass=\"single-image-613 col-lg-4 col-md-4 col-sm-4 col-xs-12\"\n\t\t\t\t\t\tdata-sub-html=\"egyedi d\u00edszdobozok\">\n\t\t\t\t\t\t<img class=\"thumbnail  \"\n\t\t\t\t\t\t\tsrc=\"https:\/\/centerprint.hu\/wp-content\/uploads\/2024\/07\/img_1046-scaled.webp\" alt=\"egyedi d\u00edszdobozok\" \/>\n\t\t\t\t\t<\/a>\n\t\t\t\t\n\t\t\t\t\n\t\t\t\t\t\t\t\t\t\t\t\t\t<a href=\"https:\/\/centerprint.hu\/wp-content\/uploads\/2024\/07\/img_1052-scaled.webp\"\n\t\t\t\t\t\tclass=\"single-image-613 col-lg-4 col-md-4 col-sm-4 col-xs-12\"\n\t\t\t\t\t\tdata-sub-html=\"egyedi d\u00edszdoboz\">\n\t\t\t\t\t\t<img class=\"thumbnail  \"\n\t\t\t\t\t\t\tsrc=\"https:\/\/centerprint.hu\/wp-content\/uploads\/2024\/07\/img_1052-scaled.webp\" alt=\"egyedi d\u00edszdoboz\" \/>\n\t\t\t\t\t<\/a>\n\t\t\t\t\n\t\t\t\t\n\t\t\t\t\t\t\t\t\t\t\t\t\t<a href=\"https:\/\/centerprint.hu\/wp-content\/uploads\/2024\/08\/product-packaging.jpeg\"\n\t\t\t\t\t\tclass=\"single-image-613 col-lg-4 col-md-4 col-sm-4 col-xs-12\"\n\t\t\t\t\t\tdata-sub-html=\"product packaging\">\n\t\t\t\t\t\t<img class=\"thumbnail  \"\n\t\t\t\t\t\t\tsrc=\"https:\/\/centerprint.hu\/wp-content\/uploads\/2024\/08\/product-packaging.jpeg\" alt=\"product packaging\" \/>\n\t\t\t\t\t<\/a>\n\t\t\t\t\n\t\t\t\t\n\t\t\t\t\t\t\t\t\t\t\t\t\t<a href=\"https:\/\/centerprint.hu\/wp-content\/uploads\/2024\/07\/img_1038-scaled.webp\"\n\t\t\t\t\t\tclass=\"single-image-613 col-lg-4 col-md-4 col-sm-4 col-xs-12\"\n\t\t\t\t\t\tdata-sub-html=\"egyedi d\u00edsz\u00e9ts\u0171 csomagol\u00e1s\">\n\t\t\t\t\t\t<img class=\"thumbnail  \"\n\t\t\t\t\t\t\tsrc=\"https:\/\/centerprint.hu\/wp-content\/uploads\/2024\/07\/img_1038-scaled.webp\" alt=\"egyedi d\u00edsz\u00e9ts\u0171 csomagol\u00e1s\" \/>\n\t\t\t\t\t<\/a>\n\t\t\t\t\n\t\t\t\t\n\t\t\t\t\t\t\t\t\t\t\t\t\t<a href=\"https:\/\/centerprint.hu\/wp-content\/uploads\/2024\/07\/img_1053-scaled.webp\"\n\t\t\t\t\t\tclass=\"single-image-613 col-lg-4 col-md-4 col-sm-4 col-xs-12\"\n\t\t\t\t\t\tdata-sub-html=\"\u00e9lelmiszer csomagol\u00e1s p\u00e1nt\">\n\t\t\t\t\t\t<img class=\"thumbnail  \"\n\t\t\t\t\t\t\tsrc=\"https:\/\/centerprint.hu\/wp-content\/uploads\/2024\/07\/img_1053-scaled.webp\" alt=\"\u00e9lelmiszer csomagol\u00e1s p\u00e1nt\" \/>\n\t\t\t\t\t<\/a>\n\t\t\t\t\n\t\t\t\t\n\t\t\t\t\t\t\t\t\t\t\t\t\t<a href=\"https:\/\/centerprint.hu\/wp-content\/uploads\/2024\/07\/img_1030-scaled.webp\"\n\t\t\t\t\t\tclass=\"single-image-613 col-lg-4 col-md-4 col-sm-4 col-xs-12\"\n\t\t\t\t\t\tdata-sub-html=\"d\u00edszdoboz\">\n\t\t\t\t\t\t<img class=\"thumbnail  \"\n\t\t\t\t\t\t\tsrc=\"https:\/\/centerprint.hu\/wp-content\/uploads\/2024\/07\/img_1030-scaled.webp\" alt=\"d\u00edszdoboz\" \/>\n\t\t\t\t\t<\/a>\n\t\t\t\t\n\t\t\t\t\n\t\t\t\t\t\t\t\t\t\t\t\t\t<a href=\"https:\/\/centerprint.hu\/wp-content\/uploads\/2024\/07\/img_1055-scaled.webp\"\n\t\t\t\t\t\tclass=\"single-image-613 col-lg-4 col-md-4 col-sm-4 col-xs-12\"\n\t\t\t\t\t\tdata-sub-html=\"eg\u00e9szs\u00e9g\u00fcgyi csomagol\u00e1s\">\n\t\t\t\t\t\t<img class=\"thumbnail  \"\n\t\t\t\t\t\t\tsrc=\"https:\/\/centerprint.hu\/wp-content\/uploads\/2024\/07\/img_1055-scaled.webp\" alt=\"eg\u00e9szs\u00e9g\u00fcgyi csomagol\u00e1s\" \/>\n\t\t\t\t\t<\/a>\n\t\t\t\t\n\t\t\t\t\n\t\t\t\t\t\t\t\t\t\t\t\t\t<a href=\"https:\/\/centerprint.hu\/wp-content\/uploads\/2024\/07\/img_1065-scaled.webp\"\n\t\t\t\t\t\tclass=\"single-image-613 col-lg-4 col-md-4 col-sm-4 col-xs-12\"\n\t\t\t\t\t\tdata-sub-html=\"sz\u00e9ps\u00e9g\u00e1pol\u00e1si csomagol\u00e1s\">\n\t\t\t\t\t\t<img class=\"thumbnail  \"\n\t\t\t\t\t\t\tsrc=\"https:\/\/centerprint.hu\/wp-content\/uploads\/2024\/07\/img_1065-scaled.webp\" alt=\"sz\u00e9ps\u00e9g\u00e1pol\u00e1si csomagol\u00e1s\" \/>\n\t\t\t\t\t<\/a>\n\t\t\t\t\n\t\t\t\t\n\t\t\t\t\t<\/div>\n\t<script>\n\t\/\/thumbnail or fixed Size thumbnail\n\tjQuery(window).on('load', function () {\n\t\tjQuery('#animated-thumbnails-613').lightGallery({\n\t\t\tthumbnail: true,\n\t\t\tanimateThumb: true,\n\t\t\t\/\/show and hide thumb setting\n\t\t\tshowThumbByDefault: true,\n\t\t\tsubHtmlSelectorRelative: true,\n\t\t\t\t\t\t\t\t\t\t\t\tmode: 'lg-fade',\n\t\t\t\t\t});\n\n\t\t\t});\t\n<\/script>\n<style>\n\t.lg-backdrop.in {\n\t\topacity: 0.85;\n\t}\n\n\t.fixed-size.lg-outer .lg-inner {\n\t\tbackground-color: #FFF;\n\t}\n\n\t.fixed-size.lg-outer .lg-sub-html {\n\t\tposition: absolute;\n\t\ttext-align: left;\n\t}\n\n\t.fixed-size.lg-outer .lg-toolbar {\n\t\tbackground-color: transparent;\n\t\theight: 0;\n\t}\n\n\t.fixed-size.lg-outer .lg-toolbar .lg-icon {\n\t\tcolor: #FFF;\n\t}\n\n\t.fixed-size.lg-outer .lg-img-wrap {\n\t\tpadding: 12px;\n\t}\n<\/style>\n<script>\n\tjQuery(document).ready(function () {\n\t\t\/\/ isotope effect function\n\t\t\/\/ Method 1 - Initialize Isotope, then trigger layout after each image loads.\n\t\tvar $grid = jQuery('.all-images-613').isotope({\n\t\t\t\/\/ options...\n\t\t\titemSelector: '.single-image-613',\n\t\t});\n\t\t\/\/ layout Isotope after each image loads\n\t\t$grid.imagesLoaded().progress(function () {\n\t\t\t$grid.isotope('layout');\n\t\t});\n\t});\n<\/script>\n","protected":false},"excerpt":{"rendered":"<p>Cutia din carton Cutia din carton este una dintre cele mai populare tehnici de ambalare, \u0219i nu f\u0103r\u0103 motiv. Cutii personalizate, cu logo, sunt excelente pentru a diferen\u021bia compania de concuren\u021b\u0103. Produse personalizate cu logo, \u00een cantit\u0103\u021bi mari, de la Center-Print! Plasa\u021bi comanda chiar ast\u0103zi! Ce tipuri de cutii din carton oferim? Tipografia Center-Print produce [&hellip;]<\/p>\n","protected":false},"author":4,"featured_media":0,"parent":71,"menu_order":2,"comment_status":"closed","ping_status":"closed","template":"","meta":{"_acf_changed":false,"footnotes":""},"class_list":["post-392","page","type-page","status-publish","hentry"],"acf":[],"_links":{"self":[{"href":"https:\/\/centerprint.hu\/ro\/wp-json\/wp\/v2\/pages\/392","targetHints":{"allow":["GET"]}}],"collection":[{"href":"https:\/\/centerprint.hu\/ro\/wp-json\/wp\/v2\/pages"}],"about":[{"href":"https:\/\/centerprint.hu\/ro\/wp-json\/wp\/v2\/types\/page"}],"author":[{"embeddable":true,"href":"https:\/\/centerprint.hu\/ro\/wp-json\/wp\/v2\/users\/4"}],"replies":[{"embeddable":true,"href":"https:\/\/centerprint.hu\/ro\/wp-json\/wp\/v2\/comments?post=392"}],"version-history":[{"count":2,"href":"https:\/\/centerprint.hu\/ro\/wp-json\/wp\/v2\/pages\/392\/revisions"}],"predecessor-version":[{"id":614,"href":"https:\/\/centerprint.hu\/ro\/wp-json\/wp\/v2\/pages\/392\/revisions\/614"}],"up":[{"embeddable":true,"href":"https:\/\/centerprint.hu\/ro\/wp-json\/wp\/v2\/pages\/71"}],"wp:attachment":[{"href":"https:\/\/centerprint.hu\/ro\/wp-json\/wp\/v2\/media?parent=392"}],"curies":[{"name":"wp","href":"https:\/\/api.w.org\/{rel}","templated":true}]}}