{"id":387,"date":"2024-01-12T07:33:24","date_gmt":"2024-01-12T07:33:24","guid":{"rendered":"https:\/\/centerprint.hu\/?page_id=387"},"modified":"2024-12-04T07:08:31","modified_gmt":"2024-12-04T07:08:31","slug":"kartondoboz-rendeles-egyedi-nyomtatassal","status":"publish","type":"page","link":"https:\/\/centerprint.hu\/ro\/termekek\/kartondoboz-rendeles-egyedi-nyomtatassal\/","title":{"rendered":"Comand\u0103 cutii din carton personalizate cu imprimare unic\u0103"},"content":{"rendered":"<p><img loading=\"lazy\" decoding=\"async\" width=\"960\" height=\"480\" class=\"aligncenter wp-image-389 size-full\" src=\"http:\/\/centerprint.hu\/wp-content\/uploads\/2024\/01\/egyedi-kartondoboz.webp\" alt=\"egyedi kartondoboz\" \/><\/p>\n<h3><strong>Comand\u0103 cutii din carton personalizate cu imprimare unic\u0103<\/strong><\/h3>\n<p>Comand\u0103 cutii din carton personalizate \u2013 garant\u0103m c\u0103 aici vei g\u0103si tot ceea ce ai nevoie, de la ambalaje creative p\u00e2n\u0103 la produse personalizate.<\/p>\n<h3><strong>Comand\u0103 cutii din carton<\/strong><\/h3>\n<p>Center-Print preia comenzi pentru cutii din carton personalizate \u0219i tip\u0103rite \u00een cantit\u0103\u021bi mari, at\u00e2t pe teritoriul \u021b\u0103rii, c\u00e2t \u0219i pentru livr\u0103ri interna\u021bionale. Cutii din carton personalizate \u0219i produse \u00een cantit\u0103\u021bi mari ofer\u0103 numeroase posibilit\u0103\u021bi de utilizare. La noi vei g\u0103si solu\u021bia perfect\u0103 pentru producerea lor.<br \/>\nCenter-Print se adapteaz\u0103 flexibil la diverse nevoi \u0219i ofer\u0103 solu\u021bii ideale pentru diferite situa\u021bii. Cutii noastre din carton sunt realizate \u00eentotdeauna pe baza cerin\u021belor clien\u021bilor no\u0219tri. Companiile pot ob\u021bine cele mai bune produse de calitate, chiar \u0219i \u00een cantit\u0103\u021bi de milioane, asigur\u00e2nd astfel solu\u021bii de ambalare eficiente \u0219i de \u00eencredere.<\/p>\n<h3><strong>Produc\u021bie de cutii din carton personalizate \u2013 de ce s\u0103 comanzi de la noi?<\/strong><\/h3>\n<p>Comand\u0103 cutii din carton personalizate \u00een cantit\u0103\u021bi mari de la Center-Print!<br \/>\nSuntem specializa\u021bi \u00een \u00eendeplinirea comenzilor de mari dimensiuni, astfel \u00eenc\u00e2t suntem alegerea ideal\u0103 dac\u0103 dore\u0219ti s\u0103 comanzi zeci sau chiar milioane de buc\u0103\u021bi. \u00cen plus, suntem renumi\u021bi pentru livrarea rapid\u0103 a comenzilor.<br \/>\nEchipa noastr\u0103 gestioneaz\u0103 flexibil \u0219i alte comenzi utiliz\u00e2nd diverse tehnologii, precum tip\u0103rirea digital\u0103, tip\u0103rirea offset sau tip\u0103rirea de mari dimensiuni, garant\u00e2nd conformitatea complet\u0103 a proiectului cu cerin\u021bele individuale. Ne concentr\u0103m pe client, deoarece tu \u2013 clientul nostru \u2013 cuno\u0219ti cel mai bine afacerea \u0219i brandul t\u0103u. Suntem exper\u021bi \u00een domeniul nostru, dar tu e\u0219ti cel care cunoa\u0219te cel mai bine parametrii \u0219i designul produsului t\u0103u. Acord\u0103m o aten\u021bie deosebit\u0103 clientului: oferim consultan\u021b\u0103 la cerere \u0219i te ajut\u0103m chiar \u0219i \u00een procesul de proiectare, dar producem produsele pe baza datelor specificate de tine.<\/p>\n<h3><strong>De ce s\u0103 comanzi de la noi?<\/strong><\/h3>\n<ul>\n<li>Flexibilitate (\u00eencerc\u0103m s\u0103 \u00eendeplinim cerin\u021bele speciale)<\/li>\n<li>Timp de livrare rapid, ofert\u0103 \u00een 1-2 zile lucr\u0103toare<\/li>\n<li>Calitate superioar\u0103<\/li>\n<\/ul>\n<p>Echipa noastr\u0103 urmeaz\u0103 linia de marketing publicitar. Aceasta \u00eenseamn\u0103 c\u0103 ne angaj\u0103m \u00een mod special la comenzi care implic\u0103 imprimare \u0219i personalizare. Ne concentr\u0103m pe solu\u021bii grafice personalizate \u0219i unice, asigur\u00e2ndu-ne c\u0103 fiecare produs este distinctiv \u0219i atr\u0103g\u0103tor. Dac\u0103 \u00eenc\u0103 nu ai designul finalizat, speciali\u0219tii no\u0219tri sunt bucuro\u0219i s\u0103 te ajute \u00een dezvoltarea acestuia.<\/p>\n<p><img loading=\"lazy\" decoding=\"async\" width=\"800\" height=\"400\" class=\"size-full wp-image-395 aligncenter\" src=\"http:\/\/centerprint.hu\/wp-content\/uploads\/2024\/01\/kartondoboz-rendeles02.webp\" alt=\"kartondoboz rendel\u00e9s\" \/><\/p>\n<h3><strong>Ce rol joac\u0103 cutia din carton \u00een via\u021ba noastr\u0103 de zi cu zi?<\/strong><\/h3>\n<p>Cutii din carton, datorit\u0103 prezen\u021bei lor universale, joac\u0103 un rol esen\u021bial \u00een via\u021ba noastr\u0103 de zi cu zi. Aceste mijloace versatile de ambalare nu doar c\u0103 faciliteaz\u0103 transportul sigur al m\u0103rfurilor, dar sunt utilizate \u0219i pentru depozitare, expunere \u0219i uz casnic. Datorit\u0103 combina\u021biei de u\u0219urin\u021b\u0103 \u0219i rezisten\u021b\u0103, ele sunt ideale pentru ambalarea produselor, iar dimensiunile variate permit adaptarea la o gam\u0103 larg\u0103 de produse.<\/p>\n<p>Le \u00eent\u00e2lnim adesea \u0219i pe rafturile magazinelor, ajut\u00e2nd la afi\u0219area atr\u0103g\u0103toare \u0219i accesibilitatea u\u0219oar\u0103 a produselor. Datorit\u0103 caracteristicilor lor ecologice, cutiile din carton sunt tot mai frecvent utilizate \u00een ambalajele sustenabile \u0219i \u00een procesele de reciclare, devenind astfel o solu\u021bie ecologic\u0103 pentru via\u021ba de zi cu zi. De asemenea, cutiile personalizate cu design unic pot juca un rol important \u00een promovarea brandului \u0219i \u00een activit\u0103\u021bile de marketing.<br \/>\nDac\u0103 e\u0219ti \u00een c\u0103utarea unei companii care produce cutii din carton personalizate, unice pe pia\u021b\u0103, \u00een cantit\u0103\u021bi mari, contacteaz\u0103-ne cu \u00eencredere!<\/p>\n<p style=\"text-align: center;\"><strong>Galerie<\/strong><\/p>\n<p>&nbsp;<\/p>\n\t<!-- CSS Part Start From Here-->\n\t<style>\n\t\t#animated-thumbnails-575 a {\n\t\t\ttext-decoration: none !important;\n\t\t\tbox-shadow: 0 0px 0 0 currentcolor !important;\n\t\t}\n\n\n\t\t\/* Grayscale Effect *\/\n\t\t\n\t\t\n\t\t#animated-thumbnails-575 img {\n\t\t\twidth: 100% !important;\n\t\t\theight: auto !important;\n\t\t}\n\n\t\t.lg-icon {\n\t\t\tcolor:\n\t\t\t\tgold\t\t\t\t!important;\n\t\t}\n\n\t\t.pg-title {\n\t\t\tcolor:\n\t\t\t\twhite\t\t\t\t!important;\n\t\t}\n\n\t\t\t<\/style>\n\t\t<div id=\"animated-thumbnails-575\"\n\t\tclass=\"row all-images-575\">\n\t\t\t\t\t\t\t\t\t\t\t<a href=\"https:\/\/centerprint.hu\/wp-content\/uploads\/2024\/07\/img_1256-scaled.webp\"\n\t\t\t\t\t\tclass=\"single-image-575 col-lg-4 col-md-4 col-sm-4 col-xs-12\"\n\t\t\t\t\t\tdata-sub-html=\"nasi csomagol\u00e1s\">\n\t\t\t\t\t\t<img class=\"thumbnail  \"\n\t\t\t\t\t\t\tsrc=\"https:\/\/centerprint.hu\/wp-content\/uploads\/2024\/07\/img_1256-scaled.webp\" alt=\"nasi csomagol\u00e1s\" \/>\n\t\t\t\t\t<\/a>\n\t\t\t\t\n\t\t\t\t\n\t\t\t\t\t\t\t\t\t\t\t\t\t<a href=\"https:\/\/centerprint.hu\/wp-content\/uploads\/2024\/07\/img_1055-scaled.webp\"\n\t\t\t\t\t\tclass=\"single-image-575 col-lg-4 col-md-4 col-sm-4 col-xs-12\"\n\t\t\t\t\t\tdata-sub-html=\"eg\u00e9szs\u00e9g\u00fcgyi csomagol\u00e1s\">\n\t\t\t\t\t\t<img class=\"thumbnail  \"\n\t\t\t\t\t\t\tsrc=\"https:\/\/centerprint.hu\/wp-content\/uploads\/2024\/07\/img_1055-scaled.webp\" alt=\"eg\u00e9szs\u00e9g\u00fcgyi csomagol\u00e1s\" \/>\n\t\t\t\t\t<\/a>\n\t\t\t\t\n\t\t\t\t\n\t\t\t\t\t\t\t\t\t\t\t\t\t<a href=\"https:\/\/centerprint.hu\/wp-content\/uploads\/2024\/01\/papirdobozok-.webp\"\n\t\t\t\t\t\tclass=\"single-image-575 col-lg-4 col-md-4 col-sm-4 col-xs-12\"\n\t\t\t\t\t\tdata-sub-html=\"csokis doboz\">\n\t\t\t\t\t\t<img class=\"thumbnail  \"\n\t\t\t\t\t\t\tsrc=\"https:\/\/centerprint.hu\/wp-content\/uploads\/2024\/01\/papirdobozok-.webp\" alt=\"pap\u00edrdobozok\" \/>\n\t\t\t\t\t<\/a>\n\t\t\t\t\n\t\t\t\t\n\t\t\t\t\t\t\t\t\t\t\t\t\t<a href=\"https:\/\/centerprint.hu\/wp-content\/uploads\/2024\/07\/img_1046-scaled.webp\"\n\t\t\t\t\t\tclass=\"single-image-575 col-lg-4 col-md-4 col-sm-4 col-xs-12\"\n\t\t\t\t\t\tdata-sub-html=\"egyedi d\u00edszdobozok\">\n\t\t\t\t\t\t<img class=\"thumbnail  \"\n\t\t\t\t\t\t\tsrc=\"https:\/\/centerprint.hu\/wp-content\/uploads\/2024\/07\/img_1046-scaled.webp\" alt=\"egyedi d\u00edszdobozok\" \/>\n\t\t\t\t\t<\/a>\n\t\t\t\t\n\t\t\t\t\n\t\t\t\t\t\t\t\t\t\t\t\t\t<a href=\"https:\/\/centerprint.hu\/wp-content\/uploads\/2024\/07\/img_1038-scaled.webp\"\n\t\t\t\t\t\tclass=\"single-image-575 col-lg-4 col-md-4 col-sm-4 col-xs-12\"\n\t\t\t\t\t\tdata-sub-html=\"egyedi d\u00edsz\u00e9ts\u0171 csomagol\u00e1s\">\n\t\t\t\t\t\t<img class=\"thumbnail  \"\n\t\t\t\t\t\t\tsrc=\"https:\/\/centerprint.hu\/wp-content\/uploads\/2024\/07\/img_1038-scaled.webp\" alt=\"egyedi d\u00edsz\u00e9ts\u0171 csomagol\u00e1s\" \/>\n\t\t\t\t\t<\/a>\n\t\t\t\t\n\t\t\t\t\n\t\t\t\t\t\t\t\t\t\t\t\t\t<a href=\"https:\/\/centerprint.hu\/wp-content\/uploads\/2024\/07\/img_1052-scaled.webp\"\n\t\t\t\t\t\tclass=\"single-image-575 col-lg-4 col-md-4 col-sm-4 col-xs-12\"\n\t\t\t\t\t\tdata-sub-html=\"egyedi d\u00edszdoboz\">\n\t\t\t\t\t\t<img class=\"thumbnail  \"\n\t\t\t\t\t\t\tsrc=\"https:\/\/centerprint.hu\/wp-content\/uploads\/2024\/07\/img_1052-scaled.webp\" alt=\"egyedi d\u00edszdoboz\" \/>\n\t\t\t\t\t<\/a>\n\t\t\t\t\n\t\t\t\t\n\t\t\t\t\t<\/div>\n\t<script>\n\t\/\/thumbnail or fixed Size thumbnail\n\tjQuery(window).on('load', function () {\n\t\tjQuery('#animated-thumbnails-575').lightGallery({\n\t\t\tthumbnail: true,\n\t\t\tanimateThumb: true,\n\t\t\t\/\/show and hide thumb setting\n\t\t\tshowThumbByDefault: true,\n\t\t\tsubHtmlSelectorRelative: true,\n\t\t\t\t\t\t\t\t\t\t\t\tmode: 'lg-fade',\n\t\t\t\t\t});\n\n\t\t\t});\t\n<\/script>\n<style>\n\t.lg-backdrop.in {\n\t\topacity: 0.85;\n\t}\n\n\t.fixed-size.lg-outer .lg-inner {\n\t\tbackground-color: #FFF;\n\t}\n\n\t.fixed-size.lg-outer .lg-sub-html {\n\t\tposition: absolute;\n\t\ttext-align: left;\n\t}\n\n\t.fixed-size.lg-outer .lg-toolbar {\n\t\tbackground-color: transparent;\n\t\theight: 0;\n\t}\n\n\t.fixed-size.lg-outer .lg-toolbar .lg-icon {\n\t\tcolor: #FFF;\n\t}\n\n\t.fixed-size.lg-outer .lg-img-wrap {\n\t\tpadding: 12px;\n\t}\n<\/style>\n<script>\n\tjQuery(document).ready(function () {\n\t\t\/\/ isotope effect function\n\t\t\/\/ Method 1 - Initialize Isotope, then trigger layout after each image loads.\n\t\tvar $grid = jQuery('.all-images-575').isotope({\n\t\t\t\/\/ options...\n\t\t\titemSelector: '.single-image-575',\n\t\t});\n\t\t\/\/ layout Isotope after each image loads\n\t\t$grid.imagesLoaded().progress(function () {\n\t\t\t$grid.isotope('layout');\n\t\t});\n\t});\n<\/script>\n","protected":false},"excerpt":{"rendered":"<p>Comand\u0103 cutii din carton personalizate cu imprimare unic\u0103 Comand\u0103 cutii din carton personalizate \u2013 garant\u0103m c\u0103 aici vei g\u0103si tot ceea ce ai nevoie, de la ambalaje creative p\u00e2n\u0103 la produse personalizate. Comand\u0103 cutii din carton Center-Print preia comenzi pentru cutii din carton personalizate \u0219i tip\u0103rite \u00een cantit\u0103\u021bi mari, at\u00e2t pe teritoriul \u021b\u0103rii, c\u00e2t \u0219i [&hellip;]<\/p>\n","protected":false},"author":4,"featured_media":0,"parent":71,"menu_order":3,"comment_status":"closed","ping_status":"closed","template":"","meta":{"_acf_changed":false,"footnotes":""},"class_list":["post-387","page","type-page","status-publish","hentry"],"acf":[],"_links":{"self":[{"href":"https:\/\/centerprint.hu\/ro\/wp-json\/wp\/v2\/pages\/387","targetHints":{"allow":["GET"]}}],"collection":[{"href":"https:\/\/centerprint.hu\/ro\/wp-json\/wp\/v2\/pages"}],"about":[{"href":"https:\/\/centerprint.hu\/ro\/wp-json\/wp\/v2\/types\/page"}],"author":[{"embeddable":true,"href":"https:\/\/centerprint.hu\/ro\/wp-json\/wp\/v2\/users\/4"}],"replies":[{"embeddable":true,"href":"https:\/\/centerprint.hu\/ro\/wp-json\/wp\/v2\/comments?post=387"}],"version-history":[{"count":2,"href":"https:\/\/centerprint.hu\/ro\/wp-json\/wp\/v2\/pages\/387\/revisions"}],"predecessor-version":[{"id":574,"href":"https:\/\/centerprint.hu\/ro\/wp-json\/wp\/v2\/pages\/387\/revisions\/574"}],"up":[{"embeddable":true,"href":"https:\/\/centerprint.hu\/ro\/wp-json\/wp\/v2\/pages\/71"}],"wp:attachment":[{"href":"https:\/\/centerprint.hu\/ro\/wp-json\/wp\/v2\/media?parent=387"}],"curies":[{"name":"wp","href":"https:\/\/api.w.org\/{rel}","templated":true}]}}