{"id":371,"date":"2023-02-06T09:37:05","date_gmt":"2023-02-06T09:37:05","guid":{"rendered":"http:\/\/centerprint.hu\/?page_id=371"},"modified":"2024-08-26T05:40:29","modified_gmt":"2024-08-26T05:40:29","slug":"impresszum","status":"publish","type":"page","link":"https:\/\/centerprint.hu\/ro\/impresszum\/","title":{"rendered":"Impresszum"},"content":{"rendered":"<h3>C\u00e9gadatok<\/h3>\n<p><strong>C\u00e9gn\u00e9v:<\/strong> Center-Print Nyomda Kft.<br \/>\n<strong>Sz\u00e9khely:<\/strong> 4027 Debrecen, F\u00fcredi \u00fat 76.<br \/>\n<strong>Ad\u00f3sz\u00e1m:<\/strong> 11142030-2-09<br \/>\n<strong>Telefon:<\/strong> +36 (52) 532-190<br \/>\n<strong>E-mail c\u00edm:<\/strong> info@centerprint.hu<\/p>\n<h3>T\u00e1rhelyszolg\u00e1ltat\u00f3<\/h3>\n<p><strong>Szolg\u00e1ltat\u00f3 neve:<\/strong> Rackforest Kft.<br \/>\n<strong>Sz\u00e9khelye:<\/strong> 1132 Budapest, Victor Hugo utca 11.<br \/>\n<strong>Ad\u00f3sz\u00e1m:<\/strong> 14671858-2-41<br \/>\n<strong>Telefon:<\/strong> +36 (1) 211 0044<br \/>\n<strong>E-mail:<\/strong> info@rackforest.com<\/p>\n<h3>Weboldal k\u00e9sz\u00edt\u00e9s<\/h3>\n<p><strong>C\u00e9gn\u00e9v:<\/strong> Szab\u00f3 P\u00e9ter Zsolt EV<br \/>\n<strong>Sz\u00e9khelye:<\/strong> 4200 Hajd\u00faszoboszl\u00f3, Ady Endre u. 38\/A<br \/>\n<strong>Ad\u00f3sz\u00e1m:<\/strong> 66699240-1-29<br \/>\n<strong>E-mail:<\/strong> info@digitalform.hu<br \/>\n<strong>Weboldal:<\/strong> <a href=\"https:\/\/digitalform.hu\" target=\"_blank\" title=\"Wordpress web\u00e1ruh\u00e1z k\u00e9sz\u00edt\u00e9s\" rel=\"noopener noreferrer\">https:\/\/digitalform.hu<\/a><\/p>\n<p><strong>A honlapon tal\u00e1lhat\u00f3 k\u00e9peket \u00e9s sz\u00f6vegeket \u00e9s minden egy\u00e9b inform\u00e1ci\u00f3t szerz\u0151i jogok v\u00e9dik, azok felhaszn\u00e1l\u00e1sa enged\u00e9lyk\u00f6teles.<\/strong><\/p>\n","protected":false},"excerpt":{"rendered":"<p>C\u00e9gadatok C\u00e9gn\u00e9v: Center-Print Nyomda Kft. Sz\u00e9khely: 4027 Debrecen, F\u00fcredi \u00fat 76. Ad\u00f3sz\u00e1m: 11142030-2-09 Telefon: +36 (52) 532-190 E-mail c\u00edm: info@centerprint.hu T\u00e1rhelyszolg\u00e1ltat\u00f3 Szolg\u00e1ltat\u00f3 neve: Rackforest Kft. Sz\u00e9khelye: 1132 Budapest, Victor Hugo utca 11. Ad\u00f3sz\u00e1m: 14671858-2-41 Telefon: +36 (1) 211 0044 E-mail: info@rackforest.com Weboldal k\u00e9sz\u00edt\u00e9s C\u00e9gn\u00e9v: Szab\u00f3 P\u00e9ter Zsolt EV Sz\u00e9khelye: 4200 Hajd\u00faszoboszl\u00f3, Ady Endre u. 38\/A [&hellip;]<\/p>\n","protected":false},"author":1,"featured_media":0,"parent":0,"menu_order":11,"comment_status":"closed","ping_status":"closed","template":"","meta":{"_acf_changed":false,"footnotes":""},"class_list":["post-371","page","type-page","status-publish","hentry"],"acf":[],"_links":{"self":[{"href":"https:\/\/centerprint.hu\/ro\/wp-json\/wp\/v2\/pages\/371","targetHints":{"allow":["GET"]}}],"collection":[{"href":"https:\/\/centerprint.hu\/ro\/wp-json\/wp\/v2\/pages"}],"about":[{"href":"https:\/\/centerprint.hu\/ro\/wp-json\/wp\/v2\/types\/page"}],"author":[{"embeddable":true,"href":"https:\/\/centerprint.hu\/ro\/wp-json\/wp\/v2\/users\/1"}],"replies":[{"embeddable":true,"href":"https:\/\/centerprint.hu\/ro\/wp-json\/wp\/v2\/comments?post=371"}],"version-history":[{"count":2,"href":"https:\/\/centerprint.hu\/ro\/wp-json\/wp\/v2\/pages\/371\/revisions"}],"predecessor-version":[{"id":728,"href":"https:\/\/centerprint.hu\/ro\/wp-json\/wp\/v2\/pages\/371\/revisions\/728"}],"wp:attachment":[{"href":"https:\/\/centerprint.hu\/ro\/wp-json\/wp\/v2\/media?parent=371"}],"curies":[{"name":"wp","href":"https:\/\/api.w.org\/{rel}","templated":true}]}}