{"id":368,"date":"2023-04-06T11:55:50","date_gmt":"2023-04-06T11:55:50","guid":{"rendered":"http:\/\/centerprint.hu\/?page_id=368"},"modified":"2024-12-04T07:00:05","modified_gmt":"2024-12-04T07:00:05","slug":"digitalis-nyomtatas","status":"publish","type":"page","link":"https:\/\/centerprint.hu\/ro\/szolgaltatasok\/digitalis-nyomtatas\/","title":{"rendered":"Imprimare digital\u0103"},"content":{"rendered":"<p>Sec\u021bia de tipografie digital\u0103 Center-Print \u2013 comanda\u021bi produse tip\u0103rite \u0219i beneficia\u021bi \u0219i de serviciile noastre de design grafic!<\/p>\n<h3>Center-Print, tipografia inovatoare a secolului 21!<\/h3>\n<p>Digitalizarea este deja un concept de baz\u0103. Lumea tipografiei este \u0219i ea \u00een plin\u0103 transformare. Nu e de mirare c\u0103 tipografia digital\u0103 \u0219i-a f\u0103cut apari\u021bia \u00een noul mileniu. Folosind tehnologii de imprimare inovatoare \u0219i sustenabile, toat\u0103 lumea are de c\u00e2\u0219tigat, iar noi perspective se deschid pentru oportunit\u0103\u021bile companiilor.<\/p>\n<p>Sec\u021bia noastr\u0103 de tipografie digital\u0103 inovatoare din secolul 21 folose\u0219te cele mai moderne tehnologii:<\/p>\n<ul>\n<li>Producem tip\u0103rituri digitale de \u00eenalt\u0103 calitate \u0219i rezolu\u021bie pe aproape orice suprafa\u021b\u0103 \u0219i material.<\/li>\n<li>Oper\u0103m cu procese automatizate, care permit trecerea rapid\u0103 \u00eentre diferite lucr\u0103ri, minimiz\u00e2nd timpul \u0219i costurile.<\/li>\n<\/ul>\n<p>Nu doar producem \u0219i fabric\u0103m, ci oferim \u0219i servicii, sprijinindu-ne partenerii de la faza de brainstorming p\u00e2n\u0103 la realizarea produsului final.<\/p>\n<h3>Ce face oferta noastr\u0103 unic\u0103 pe pia\u021b\u0103:<\/h3>\n<p>Sec\u021bia de tipografie digital\u0103 a Center-Print ofer\u0103 calitate excelent\u0103, livrare rapid\u0103 \u0219i flexibilitate.<\/p>\n<ul>\n<li>Introducem tehnologia 3D UV lac, care ofer\u0103 produselor dumneavoastr\u0103 un aspect cu adev\u0103rat special.<\/li>\n<li>Parcul nostru de echipamente moderne \u0219i solu\u021biile noastre complexe de leg\u0103torie r\u0103spund celor mai variate cerin\u021be de tip\u0103rire, fie c\u0103 este vorba despre c\u0103r\u021bi, postere, materiale de marketing sau c\u0103r\u021bi de vizit\u0103.<\/li>\n<li>Ne-am extins portofoliul cu culori albe \u0219i aurii pentru a oferi solu\u021bii \u0219i mai spectaculoase.<\/li>\n<li>Ne angaj\u0103m s\u0103 producem diverse tipuri de produse \u00een cel mai scurt timp posibil.<\/li>\n<\/ul>\n<p>Solicita\u021bi o ofert\u0103, iar colegii no\u0219tri v\u0103 vor ajuta s\u0103 selecta\u021bi cea mai optim\u0103 tehnologie, astfel \u00eenc\u00e2t s\u0103 ave\u021bi \u00een m\u00e2n\u0103 un produs de calitate garantat\u0103.<\/p>\n<p><img loading=\"lazy\" decoding=\"async\" width=\"1000\" height=\"678\" class=\"alignnone size-full wp-image-377\" src=\"http:\/\/centerprint.hu\/wp-content\/uploads\/2023\/04\/dsc_0572.jpg\" alt=\"\" \/><br \/>\nAmbalaje exclusive cu l\u0103cuire 3D (Foto: Ol\u00e1h Tibor)<\/p>\n<h3>Avantajele tip\u0103ririi digitale<\/h3>\n<p>Tip\u0103rirea digital\u0103 ofer\u0103 o solu\u021bie eficient\u0103 din punct de vedere al costurilor pentru comenzi de tiraj mic \u0219i mediu. Fie c\u0103 ave\u021bi nevoie de tip\u0103rire alb-negru sau color, pe o fa\u021b\u0103 sau pe ambele fe\u021be, cu parcul nostru de echipamente moderne \u0219i solu\u021biile noastre complexe de leg\u0103torie, garant\u0103m o calitate excelent\u0103.<br \/>\nPutem tip\u0103ri produse personalizate \u0219i cu date variabile. Materialele de tip\u0103rit pot fi trimise online simultan cu comanda, fie prin e-mail, FTP sau alte servicii de partajare a fi\u0219ierelor. Sunte\u021bi nesigur cu privire la formatele de fi\u0219iere? Contacta\u021bi-ne cu \u00eencredere!<br \/>\nDac\u0103 ave\u021bi nevoie de design grafic, designerii no\u0219tri califica\u021bi v\u0103 vor realiza ideile, fie c\u0103 este vorba de design de brand sau de creare de logo-uri. De asemenea, oferim \u0219i op\u021biuni de finisare speciale, cum ar fi 3D UV lac \u0219i folie metalic\u0103.<\/p>\n<h3>Extinderea tipografiilor digitale \u00een noul mileniu<\/h3>\n<p>S\u0103 nu uit\u0103m c\u0103 nevoile oamenilor \u2013 clien\u021bilor \u2013 s-au schimbat \u00een ultimii ani, pun\u00e2ndu-se tot mai mult accent pe personalizare, termene scurte \u0219i eficien\u021ba costurilor. Tipografiile digitale ofer\u0103 aceast\u0103 flexibilitate: fie c\u0103 este vorba de produse personalizate, fie de tip\u0103rituri cu date variabile, ma\u0219inile digitale moderne sunt capabile s\u0103 se adapteze rapid \u0219i eficient. Tehnicile speciale de finisare, cum ar fi l\u0103cuirea UV 3D sau folia metalic\u0103, devin din ce \u00een ce mai populare, permi\u021b\u00e2nd companiilor s\u0103 se eviden\u021bieze prin unicitatea \u0219i aspectul lor premium.<br \/>\nEvolu\u021bia tip\u0103ririi digitale nu se datoreaz\u0103 doar inova\u021biilor tehnologice, ci \u0219i eforturilor de sustenabilitate. Tipografiile digitale produc mai pu\u021bine de\u0219euri, deoarece nu necesit\u0103 pl\u0103ci de imprimare \u0219i folosesc materiale \u00een cantit\u0103\u021bi minime. Astfel, impactul asupra mediului este redus, un aspect tot mai important la nivel global pentru companii \u0219i persoane fizice deopotriv\u0103.<\/p>\n<p>Center-Print este dedicat con\u0219tientiz\u0103rii ecologice. Contribuim activ la atingerea obiectivelor globale de sustenabilitate \u0219i ne str\u0103duim s\u0103 ne desf\u0103\u0219ur\u0103m serviciile de tip\u0103rire cu un impact minim asupra mediului.<\/p>\n<p>\u00cen concluzie, cre\u0219terea tipografiilor digitale \u00een noul mileniu se datoreaz\u0103 avantajelor precum rapiditatea, flexibilitatea, eficien\u021ba costurilor \u0219i sustenabilitatea.<\/p>\n<p style=\"text-align: center;\"><strong>Galerie<\/strong><\/p>\n\t<!-- CSS Part Start From Here-->\n\t<style>\n\t\t#animated-thumbnails-511 a {\n\t\t\ttext-decoration: none !important;\n\t\t\tbox-shadow: 0 0px 0 0 currentcolor !important;\n\t\t}\n\n\n\t\t\/* Grayscale Effect *\/\n\t\t\n\t\t\n\t\t#animated-thumbnails-511 img {\n\t\t\twidth: 100% !important;\n\t\t\theight: auto !important;\n\t\t}\n\n\t\t.lg-icon {\n\t\t\tcolor:\n\t\t\t\tgold\t\t\t\t!important;\n\t\t}\n\n\t\t.pg-title {\n\t\t\tcolor:\n\t\t\t\twhite\t\t\t\t!important;\n\t\t}\n\n\t\t\t<\/style>\n\t\t<div id=\"animated-thumbnails-511\"\n\t\tclass=\"row all-images-511\">\n\t\t\t\t\t\t\t\t\t\t\t<a href=\"https:\/\/centerprint.hu\/wp-content\/uploads\/2024\/07\/img_1037-scaled.webp\"\n\t\t\t\t\t\tclass=\"single-image-511 col-lg-4 col-md-4 col-sm-4 col-xs-12\"\n\t\t\t\t\t\tdata-sub-html=\"katal\u00f3gus\">\n\t\t\t\t\t\t<img class=\"thumbnail  \"\n\t\t\t\t\t\t\tsrc=\"https:\/\/centerprint.hu\/wp-content\/uploads\/2024\/07\/img_1037-scaled.webp\" alt=\"katal\u00f3gus\" \/>\n\t\t\t\t\t<\/a>\n\t\t\t\t\n\t\t\t\t\n\t\t\t\t\t\t\t\t\t\t\t\t\t<a href=\"https:\/\/centerprint.hu\/wp-content\/uploads\/2024\/07\/img_1035-scaled.webp\"\n\t\t\t\t\t\tclass=\"single-image-511 col-lg-4 col-md-4 col-sm-4 col-xs-12\"\n\t\t\t\t\t\tdata-sub-html=\"katal\u00f3gus\">\n\t\t\t\t\t\t<img class=\"thumbnail  \"\n\t\t\t\t\t\t\tsrc=\"https:\/\/centerprint.hu\/wp-content\/uploads\/2024\/07\/img_1035-scaled.webp\" alt=\"katal\u00f3gus\" \/>\n\t\t\t\t\t<\/a>\n\t\t\t\t\n\t\t\t\t\n\t\t\t\t\t\t\t\t\t\t\t\t\t<a href=\"https:\/\/centerprint.hu\/wp-content\/uploads\/2024\/07\/img_1058-scaled.webp\"\n\t\t\t\t\t\tclass=\"single-image-511 col-lg-4 col-md-4 col-sm-4 col-xs-12\"\n\t\t\t\t\t\tdata-sub-html=\"m\u0171sorf\u00fczet\">\n\t\t\t\t\t\t<img class=\"thumbnail  \"\n\t\t\t\t\t\t\tsrc=\"https:\/\/centerprint.hu\/wp-content\/uploads\/2024\/07\/img_1058-scaled.webp\" alt=\"m\u0171sorf\u00fczet\" \/>\n\t\t\t\t\t<\/a>\n\t\t\t\t\n\t\t\t\t\n\t\t\t\t\t\t\t\t\t\t\t\t\t<a href=\"https:\/\/centerprint.hu\/wp-content\/uploads\/2024\/07\/img_1062-scaled.webp\"\n\t\t\t\t\t\tclass=\"single-image-511 col-lg-4 col-md-4 col-sm-4 col-xs-12\"\n\t\t\t\t\t\tdata-sub-html=\"m\u0171sorf\u00fczet\">\n\t\t\t\t\t\t<img class=\"thumbnail  \"\n\t\t\t\t\t\t\tsrc=\"https:\/\/centerprint.hu\/wp-content\/uploads\/2024\/07\/img_1062-scaled.webp\" alt=\"m\u0171sorf\u00fczet\" \/>\n\t\t\t\t\t<\/a>\n\t\t\t\t\n\t\t\t\t\n\t\t\t\t\t\t\t\t\t\t\t\t\t<a href=\"https:\/\/centerprint.hu\/wp-content\/uploads\/2024\/07\/img_1163crop-scaled-e1721976386292.webp\"\n\t\t\t\t\t\tclass=\"single-image-511 col-lg-4 col-md-4 col-sm-4 col-xs-12\"\n\t\t\t\t\t\tdata-sub-html=\"3D uv lakk \u2013 fel\u00fcletnemes\u00edt\u00e9s\">\n\t\t\t\t\t\t<img class=\"thumbnail  \"\n\t\t\t\t\t\t\tsrc=\"https:\/\/centerprint.hu\/wp-content\/uploads\/2024\/07\/img_1163crop-scaled-e1721976386292.webp\" alt=\"3D uv lakk \u2013 fel\u00fcletnemes\u00edt\u00e9s\" \/>\n\t\t\t\t\t<\/a>\n\t\t\t\t\n\t\t\t\t\n\t\t\t\t\t\t\t\t\t\t\t\t\t<a href=\"https:\/\/centerprint.hu\/wp-content\/uploads\/2024\/07\/img_1154-scaled.webp\"\n\t\t\t\t\t\tclass=\"single-image-511 col-lg-4 col-md-4 col-sm-4 col-xs-12\"\n\t\t\t\t\t\tdata-sub-html=\"megh\u00edv\u00f3 \u2013 fel\u00fcletnemes\u00edt\u00e9s\">\n\t\t\t\t\t\t<img class=\"thumbnail  \"\n\t\t\t\t\t\t\tsrc=\"https:\/\/centerprint.hu\/wp-content\/uploads\/2024\/07\/img_1154-scaled.webp\" alt=\"megh\u00edv\u00f3 \u2013 fel\u00fcletnemes\u00edt\u00e9s\" \/>\n\t\t\t\t\t<\/a>\n\t\t\t\t\n\t\t\t\t\n\t\t\t\t\t\t\t\t\t\t\t\t\t<a href=\"https:\/\/centerprint.hu\/wp-content\/uploads\/2024\/07\/img_1162-scaled.webp\"\n\t\t\t\t\t\tclass=\"single-image-511 col-lg-4 col-md-4 col-sm-4 col-xs-12\"\n\t\t\t\t\t\tdata-sub-html=\"n\u00e9vjegyk\u00e1rtya \u2013 fel\u00fcletnemes\u00edtett\">\n\t\t\t\t\t\t<img class=\"thumbnail  \"\n\t\t\t\t\t\t\tsrc=\"https:\/\/centerprint.hu\/wp-content\/uploads\/2024\/07\/img_1162-scaled.webp\" alt=\"n\u00e9vjegyk\u00e1rtya \u2013 fel\u00fcletnemes\u00edtett\" \/>\n\t\t\t\t\t<\/a>\n\t\t\t\t\n\t\t\t\t\n\t\t\t\t\t\t\t\t\t\t\t\t\t<a href=\"https:\/\/centerprint.hu\/wp-content\/uploads\/2024\/07\/img_1160-scaled.webp\"\n\t\t\t\t\t\tclass=\"single-image-511 col-lg-4 col-md-4 col-sm-4 col-xs-12\"\n\t\t\t\t\t\tdata-sub-html=\"n\u00e9vjegyk\u00e1rtya \u2013 b\u00e1rson f\u00f3lia + 3D uv lakk\">\n\t\t\t\t\t\t<img class=\"thumbnail  \"\n\t\t\t\t\t\t\tsrc=\"https:\/\/centerprint.hu\/wp-content\/uploads\/2024\/07\/img_1160-scaled.webp\" alt=\"n\u00e9vjegyk\u00e1rtya \u2013 b\u00e1rson f\u00f3lia + 3D uv lakk\" \/>\n\t\t\t\t\t<\/a>\n\t\t\t\t\n\t\t\t\t\n\t\t\t\t\t<\/div>\n\t<script>\n\t\/\/thumbnail or fixed Size thumbnail\n\tjQuery(window).on('load', function () {\n\t\tjQuery('#animated-thumbnails-511').lightGallery({\n\t\t\tthumbnail: true,\n\t\t\tanimateThumb: true,\n\t\t\t\/\/show and hide thumb setting\n\t\t\tshowThumbByDefault: true,\n\t\t\tsubHtmlSelectorRelative: true,\n\t\t\t\t\t\t\t\t\t\t\t\tmode: 'lg-fade',\n\t\t\t\t\t});\n\n\t\t\t});\t\n<\/script>\n<style>\n\t.lg-backdrop.in {\n\t\topacity: 0.85;\n\t}\n\n\t.fixed-size.lg-outer .lg-inner {\n\t\tbackground-color: #FFF;\n\t}\n\n\t.fixed-size.lg-outer .lg-sub-html {\n\t\tposition: absolute;\n\t\ttext-align: left;\n\t}\n\n\t.fixed-size.lg-outer .lg-toolbar {\n\t\tbackground-color: transparent;\n\t\theight: 0;\n\t}\n\n\t.fixed-size.lg-outer .lg-toolbar .lg-icon {\n\t\tcolor: #FFF;\n\t}\n\n\t.fixed-size.lg-outer .lg-img-wrap {\n\t\tpadding: 12px;\n\t}\n<\/style>\n<script>\n\tjQuery(document).ready(function () {\n\t\t\/\/ isotope effect function\n\t\t\/\/ Method 1 - Initialize Isotope, then trigger layout after each image loads.\n\t\tvar $grid = jQuery('.all-images-511').isotope({\n\t\t\t\/\/ options...\n\t\t\titemSelector: '.single-image-511',\n\t\t});\n\t\t\/\/ layout Isotope after each image loads\n\t\t$grid.imagesLoaded().progress(function () {\n\t\t\t$grid.isotope('layout');\n\t\t});\n\t});\n<\/script>\n","protected":false},"excerpt":{"rendered":"<p>Sec\u021bia de tipografie digital\u0103 Center-Print \u2013 comanda\u021bi produse tip\u0103rite \u0219i beneficia\u021bi \u0219i de serviciile noastre de design grafic! Center-Print, tipografia inovatoare a secolului 21! Digitalizarea este deja un concept de baz\u0103. Lumea tipografiei este \u0219i ea \u00een plin\u0103 transformare. Nu e de mirare c\u0103 tipografia digital\u0103 \u0219i-a f\u0103cut apari\u021bia \u00een noul mileniu. Folosind tehnologii de [&hellip;]<\/p>\n","protected":false},"author":3,"featured_media":0,"parent":57,"menu_order":1,"comment_status":"closed","ping_status":"closed","template":"","meta":{"_acf_changed":false,"footnotes":""},"class_list":["post-368","page","type-page","status-publish","hentry"],"acf":[],"_links":{"self":[{"href":"https:\/\/centerprint.hu\/ro\/wp-json\/wp\/v2\/pages\/368","targetHints":{"allow":["GET"]}}],"collection":[{"href":"https:\/\/centerprint.hu\/ro\/wp-json\/wp\/v2\/pages"}],"about":[{"href":"https:\/\/centerprint.hu\/ro\/wp-json\/wp\/v2\/types\/page"}],"author":[{"embeddable":true,"href":"https:\/\/centerprint.hu\/ro\/wp-json\/wp\/v2\/users\/3"}],"replies":[{"embeddable":true,"href":"https:\/\/centerprint.hu\/ro\/wp-json\/wp\/v2\/comments?post=368"}],"version-history":[{"count":2,"href":"https:\/\/centerprint.hu\/ro\/wp-json\/wp\/v2\/pages\/368\/revisions"}],"predecessor-version":[{"id":379,"href":"https:\/\/centerprint.hu\/ro\/wp-json\/wp\/v2\/pages\/368\/revisions\/379"}],"up":[{"embeddable":true,"href":"https:\/\/centerprint.hu\/ro\/wp-json\/wp\/v2\/pages\/57"}],"wp:attachment":[{"href":"https:\/\/centerprint.hu\/ro\/wp-json\/wp\/v2\/media?parent=368"}],"curies":[{"name":"wp","href":"https:\/\/api.w.org\/{rel}","templated":true}]}}