{"id":172,"date":"2018-11-08T20:26:25","date_gmt":"2018-11-08T20:26:25","guid":{"rendered":"http:\/\/centerprint.hu\/?page_id=172"},"modified":"2026-02-09T11:26:53","modified_gmt":"2026-02-09T11:26:53","slug":"ginop-palyazataink","status":"publish","type":"page","link":"https:\/\/centerprint.hu\/ro\/rolunk\/ginop-palyazataink\/","title":{"rendered":"GINOP p\u00e1ly\u00e1zataink"},"content":{"rendered":"<h3>GINOP_PLUSZ-1.2.4-25-2025-01787<\/h3>\n<p><strong>Kedvezm\u00e9nyezett neve:<\/strong> Center-Print Nyomda Ipari \u00e9s Szolg\u00e1ltat\u00f3 Korl\u00e1tolt Felel\u0151ss\u00e9g\u0171 T\u00e1rsas\u00e1g<br \/>\n<strong>Fejleszt\u00e9s t\u00e1rgya:<\/strong> Technol\u00f3giai korszer\u0171s\u00edt\u00e9s a Center-Print Nyomda Kft-n\u00e9l<br \/>\n<strong>Szerz\u0151d\u00f6tt t\u00e1mogat\u00e1s \u00f6sszege:<\/strong> 61 898 751 Forint<br \/>\n<strong>A projekt tartalm\u00e1nak r\u00e9szletes bemutat\u00e1sa:<\/strong> V\u00e1llalkoz\u00e1sunk a doboz \u00e9s egyedi csomagol\u00e1sk\u00e9sz\u00edt\u0151 r\u00e9szleg\u00e9nek fejleszt\u00e9s\u00e9t, hat\u00e9konys\u00e1gn\u00f6vel\u00e9s\u00e9t tervezi megval\u00f3s\u00edtani a projekt keret\u00e9ben. A projekt keret\u00e9ben beszerz\u00e9sre ker\u00fcl 1 db Easymatrix 106 CS stancol\u00f3g\u00e9p; 1 db ScrollMAX Nyomdai Rendszer Gy\u00e1rt\u00e1s- \u00e9s szolg\u00e1ltat\u00e1sir\u00e1ny\u00edt\u00e1s hat\u00e9konys\u00e1g\u00e1nak n\u00f6vel\u00e9se r\u00e9szter\u00fcletre, valamint 1 db ScrollMAX Nyomdai Rendszer Kontrolling \u00e9s d\u00f6nt\u00e9st\u00e1mogat\u00e1s r\u00e9szter\u00fcletre. B\u0151v\u00edtett szolg\u00e1ltat\u00e1sainkkal nem csup\u00e1n a megrendel\u0151ink ig\u00e9nyeit (hat\u00e1rid\u0151, kedvez\u0151 \u00e1r, kiv\u00e1l\u00f3 min\u0151s\u00e9g) tudjuk magas szinten biztos\u00edtani, de e mellett a k\u00f6rnyez\u0151 nyomd\u00e1knak is alv\u00e1llalkoz\u00f3i, ill. besz\u00e1ll\u00edt\u00f3i lehet\u00fcnk. Az \u00faj eszk\u00f6z beszerz\u00e9s\u00e9vel radik\u00e1lisan cs\u00f6kkenthet\u0151 a k\u00e9zi m\u0171veletek sz\u00e1ma ez\u00e1ltal hat\u00e9konyabb munkav\u00e9gz\u00e9s \u00e9s jelent\u0151sen jobb min\u0151s\u00e9g \u00e9rhet\u0151 el. A fejleszt\u00e9st k\u00f6vet\u0151en a rendelkez\u00e9sre \u00e1ll\u00f3 korszer\u0171, modern technol\u00f3gi\u00e1k r\u00e9v\u00e9n n\u00f6velni tudjuk \u00fczem\u00fcnk termel\u00e9si kapacit\u00e1s\u00e1t. Gyorsabb \u00e9s min\u0151s\u00e9gibb munkav\u00e9gz\u00e9st tesznek lehet\u0151v\u00e9 a korszer\u0171 technol\u00f3giai berendez\u00e9sek, a megfelel\u0151 anyag \u00e9s id\u0151gazd\u00e1lkod\u00e1s mellett. A ScrollMAX Nyomdai Rendszer 2 funkcion\u00e1lis r\u00e9szter\u00fclete pedig a v\u00e1llalkoz\u00e1sunk hat\u00e9konys\u00e1g\u00e1t jelent\u0151s m\u00e9rt\u00e9kben jav\u00edtja.<\/p>\n<p><strong>A projekt tervezett befejez\u00e9si d\u00e1tuma:<\/strong> 2027.04.30.<br \/>\n&#8220;A PROJEKT AZ EUR\u00d3PAI UNI\u00d3 T\u00c1MOGAT\u00c1S\u00c1VAL, A MAGYAR \u00c1LLAM T\u00c1RSFINANSZ\u00cdROZ\u00c1S\u00c1VAL VAL\u00d3SULT MEG.&#8221;<\/p>\n<hr \/>\n<h3>GINOP-1.2.1-16-2017-00520<\/h3>\n<p><strong>Kedvezm\u00e9nyezett neve:<\/strong> Center-Print Nyomda Ipari \u00e9s Szolg\u00e1ltat\u00f3 Korl\u00e1tolt Felel\u0151ss\u00e9g\u0171 T\u00e1rsas\u00e1g<br \/>\n<strong>Projekt c\u00edme:<\/strong> A Center-Print Nyomda Kft. termel\u00e9si kapacit\u00e1s\u00e1nak b\u0151v\u00edt\u00e9se az el\u0151\u00e1ll\u00edtott term\u00e9kek min\u0151s\u00e9g\u00e9nek maximaliz\u00e1l\u00e1s\u00e1val<br \/>\n<strong>T\u00e1mogat\u00e1s \u00f6sszege:<\/strong> 175.072.655 Ft<br \/>\n<strong>T\u00e1mogat\u00e1s m\u00e9rt\u00e9ke:<\/strong> 50 %<br \/>\n<strong>Befejez\u00e9s d\u00e1tuma:<\/strong> 2019.03.08.<br \/>\n<strong>Projekt azonos\u00edt\u00f3 sz\u00e1ma:<\/strong> GINOP-1.2.1-16-2017-00520<br \/>\n<strong>Projekt megval\u00f3s\u00edt\u00e1s helye:<\/strong> 4027 Debrecen, F\u00fcredi \u00fat 76.; 19930\/A\/7 hrsz<\/p>\n<p><strong>Projekt tartalm\u00e1nak bemutat\u00e1sa:<\/strong><\/p>\n<p>A v\u00e1llalkoz\u00e1s projektben megfogalmazott fejleszt\u00e9s\u00e9t jellemz\u0151en azon probl\u00e9ma induk\u00e1lta, hogy az ofszetnyom\u00f3 technol\u00f3gia r\u00e9v\u00e9n el\u0151\u00e1ll\u00edthat\u00f3 min\u0151s\u00e9gi term\u00e9kek ir\u00e1nti ig\u00e9ny line\u00e1risan n\u0151, valamint \u00faj ig\u00e9nyek jelentek meg, melynek sor\u00e1n a termel\u00e9si kapacit\u00e1s maxim\u00e1lis kihaszn\u00e1lts\u00e1ga korl\u00e1tozza tov\u00e1bbfejl\u0151d\u00e9si lehet\u0151s\u00e9geket. A v\u00e1llalkoz\u00e1sfejleszt\u00e9s fizikai megval\u00f3s\u00edt\u00e1s\u00e1ra \u00e9s a b\u0151v\u00edt\u00e9sre alkalmas ter\u00fclettel rendelkezett, a n\u00f6veked\u00e9s\u00e9t \u00e9s tov\u00e1bbfejl\u0151d\u00e9si lehet\u0151s\u00e9geit technol\u00f3gia berendez\u00e9sei \u00e1llom\u00e1ny\u00e1nak, gy\u00e1rt\u00f3, termel\u00e9si kapacit\u00e1s n\u00f6vel\u00e9s\u00e9vel k\u00e9pes volt el\u00e9rni. A v\u00e1llalkoz\u00e1s menedzsmentje m\u00e1r kor\u00e1bban strat\u00e9giai c\u00e9lk\u00e9nt t\u0171zte ki hossz\u00fa t\u00e1von a sz\u00e9les portf\u00f3li\u00f3 el\u00e9r\u00e9se, b\u0151v\u00edt\u00e9se \u00e9rdek\u00e9ben a technol\u00f3giai \u00e1llom\u00e1nyuk folyamatos b\u0151v\u00edt\u00e9s\u00e9t, moderniz\u00e1l\u00e1s\u00e1t a t\u00e9rs\u00e9gbeli meghat\u00e1roz\u00f3 poz\u00edci\u00f3 el\u00e9r\u00e9se \u00e9rdek\u00e9ben. A v\u00e1llalkoz\u00e1s piacon elfoglalt poz\u00edci\u00f3ja j\u00f3, legf\u0151bb v\u00e1s\u00e1rl\u00f3i a kelet-magyarorsz\u00e1gi \u00e9s rom\u00e1niai mag\u00e1nszem\u00e9lyek, valamint mikro, kis \u00e9s k\u00f6zepes v\u00e1llalkoz\u00e1sok. A j\u00f6v\u0151ben n\u00f6veked\u00e9st realiz\u00e1l mind a hazai, mind az export piac tekintet\u00e9ben, mely min\u0151s\u00e9gi term\u00e9kek ir\u00e1nti ig\u00e9ny n\u00f6veked\u00e9se teszi sz\u00fcks\u00e9gess\u00e9 a kapacit\u00e1sb\u0151v\u00edt\u00e9st. A c\u00e9g az al\u00e1bbi term\u00e9keket \u00e1ll\u00edtja el\u0151 megrendel\u0151i ig\u00e9nyeknek megfelel\u0151en: k\u00f6nyvek, \u00fajs\u00e1gok, programf\u00fczetek, foly\u00f3iratok, magazinok, \u00fcgyviteli nyomtatv\u00e1nyok, sz\u00e1ml\u00e1k, csekkek, gy\u00f3gyszerc\u00edmk\u00e9k, stancolt \u00e9s ragasztott dobozok, prospektusok, jegyzett\u00f6mb\u00f6k, rekl\u00e1manyagok, sz\u00f3r\u00f3lapok, bross\u00far\u00e1k, m\u0171szaki le\u00edr\u00e1sok, haszn\u00e1lati \u00fatmutat\u00f3k, napt\u00e1rak, megh\u00edv\u00f3k, bel\u00e9p\u0151jegyek, b\u00e9rletek, CD bor\u00edt\u00f3k, megh\u00edv\u00f3k, oklevelek, perszonaliz\u00e1lt, megszem\u00e9lyes\u00edtett term\u00e9kek, postai k\u00fcldem\u00e9nyek. A c\u00e9g tev\u00e9kenys\u00e9ge biztos\u00edt\u00e1s\u00e1hoz megfelel\u0151 v\u00e9gzetts\u00e9ggel, tapasztalattal \u00e9s szak\u00e9rtelemmel rendelkez\u0151 munkav\u00e1llal\u00f3kat foglalkoztat. A technol\u00f3giai fejleszt\u00e9s megval\u00f3s\u00edt\u00e1sa r\u00e9v\u00e9n a v\u00e1llalkoz\u00e1s \u00faj piacra t\u00f6rt\u00e9n\u0151 bel\u00e9p\u00e9s\u00e9t is megval\u00f3s\u00edtja, mely a nagy volumen\u0171 gy\u00f3gyszeripari, valamint a kissz\u00e9ri\u00e1s, egyedi, kis sorozatgy\u00e1rt\u00e1s\u00fa ig\u00e9nyes csomagol\u00e1s piac\u00e1n jelenik meg. Elmondhat\u00f3, hogy a projekt r\u00e9szek\u00e9nt beszerzett eszk\u00f6zzel a v\u00e1llalkoz\u00e1s a jelenlegi tev\u00e9kenys\u00e9geihez kapcsol\u00f3d\u00f3an \u00e9s azokon t\u00fal is \u00faj term\u00e9k el\u0151\u00e1ll\u00edt\u00e1s\u00e1t, szolg\u00e1ltat\u00e1s biztos\u00edt\u00e1s\u00e1t tudni ny\u00fajtani, vagyis t\u00f6bbf\u00e9le term\u00e9k el\u0151\u00e1ll\u00edt\u00e1s\u00e1ra, szolg\u00e1ltat\u00e1s ny\u00fajt\u00e1s\u00e1ra k\u00e9pes, mely a v\u00e1llalkoz\u00e1s j\u00f6vedelmez\u0151s\u00e9g\u00e9t, stabilit\u00e1s\u00e1t \u00e9s exportk\u00e9pess\u00e9g\u00e9t jelent\u0151sen jav\u00edtja \u00e9s egy intenz\u00edv n\u00f6veked\u00e9si p\u00e1ly\u00e1ra helyezi. A projekt eredm\u00e9nyek\u00e9nt b\u0151v\u00fclt a v\u00e1llalkoz\u00e1s korszer\u0171 technol\u00f3gi\u00e1ra \u00e9p\u00fcl\u0151 eszk\u00f6zparkja.<\/p>\n<p>A projekt keret\u00e9ben az al\u00e1bbi eszk\u00f6z, technol\u00f3giai g\u00e9p, berendez\u00e9s beszerez\u00e9se val\u00f3sult meg: 1 db KOMORI GL-540C H-UV Hybrid konfigur\u00e1ci\u00f3j\u00fa \u00edves ofszet nyom\u00f3g\u00e9p<\/p>\n<hr \/>\n<h3>GINOP-2.1.8-17-2017-01274<\/h3>\n<p><strong>Kedvezm\u00e9nyezett neve:<\/strong> Center-Print Nyomda Ipari \u00e9s Szolg\u00e1ltat\u00f3 Korl\u00e1tolt Felel\u0151ss\u00e9g\u0171 T\u00e1rsas\u00e1g<br \/>\n<strong>Projekt c\u00edme:<\/strong> A Center-Print Nyomda Kft. versenyk\u00e9pess\u00e9g\u00e9nek n\u00f6vel\u00e9se adapt\u00edv technol\u00f3giai innov\u00e1ci\u00f3 r\u00e9v\u00e9n<br \/>\n<strong>T\u00e1mogat\u00e1s \u00f6sszege:<\/strong> 15 000 000 Ft<br \/>\n<strong>T\u00e1mogat\u00e1s m\u00e9rt\u00e9ke:<\/strong> 47,74 %<br \/>\n<strong>Megval\u00f3s\u00edt\u00e1s kezdete:<\/strong> 2018.04.13.<br \/>\n<strong>Befejez\u00e9s d\u00e1tuma:<\/strong> 2018.06.08.<br \/>\n<strong>Projekt azonos\u00edt\u00f3 sz\u00e1ma:<\/strong> GINOP-2.1.8-17-2017-01274<br \/>\n<strong>Projekt megval\u00f3s\u00edt\u00e1s helye:<\/strong> 4027 Debrecen, F\u00fcredi \u00fat 76.; 19930\/A\/7 hrsz<\/p>\n<p><strong>Projekt tartalm\u00e1nak bemutat\u00e1sa:<\/strong><br \/>\nA projekt r\u00e9szek\u00e9nt beszerzett eszk\u00f6zzel a v\u00e1llalkoz\u00e1s a jelenlegi tev\u00e9kenys\u00e9geihez kapcsol\u00f3d\u00f3an \u00faj term\u00e9k, szolg\u00e1ltat\u00e1s j\u00f6n l\u00e9tre, vagyis t\u00f6bbf\u00e9le term\u00e9k el\u0151\u00e1ll\u00edt\u00e1s\u00e1ra, szolg\u00e1ltat\u00e1s ny\u00fajt\u00e1s\u00e1ra lesz k\u00e9pes, mely a v\u00e1llalkoz\u00e1s j\u00f6vedelmez\u0151s\u00e9g\u00e9t, stabilit\u00e1s\u00e1t \u00e9s exportk\u00e9pess\u00e9g\u00e9t jelent\u0151sen jav\u00edtja \u00e9s egy intenz\u00edv n\u00f6veked\u00e9si p\u00e1ly\u00e1ra tudja helyezni. \u00c1lland\u00f3 termel\u00e9si \u00e9rt\u00e9k mellett a r\u00e1ford\u00edt\u00e1sok cs\u00f6kkent\u00e9s\u00e9vel n\u0151 a hozz\u00e1adott \u00e9rt\u00e9k \u00e9s a sz\u00fcks\u00e9ges alv\u00e1llalkoz\u00f3i szolg\u00e1ltat\u00e1s ig\u00e9nybev\u00e9tele is cs\u00f6kken. A projekt eredm\u00e9nyek\u00e9nt b\u0151v\u00fcl a v\u00e1llalkoz\u00e1s korszer\u0171 technol\u00f3gi\u00e1ra \u00e9p\u00fcl\u0151 eszk\u00f6zparkja. A projekt eredm\u00e9nyek\u00e9nt beszerzend\u0151 bros\u00faragy\u00e1rt\u00f3 berendez\u00e9ssel a v\u00e1llalkoz\u00e1s az ig\u00e9nybe vett alv\u00e1llalkoz\u00f3i szolg\u00e1ltat\u00e1sok m\u00e9rt\u00e9k\u00e9t jelent\u0151sen cs\u00f6kkenteni tudja, mely hozz\u00e1j\u00e1rul a v\u00e1llalkoz\u00e1s j\u00f6vedelmez\u0151s\u00e9g\u00e9hez, a pontos gy\u00e1rt\u00e1si hat\u00e1rid\u0151k betart\u00e1s\u00e1hoz, valamint a versenyk\u00e9pes \u00e1rk\u00e9pz\u00e9si strat\u00e9gia megteremt\u00e9s\u00e9hez. A Center-Print Nyomda Ipari \u00e9s Szolg\u00e1ltat\u00f3 Korl\u00e1tolt Felel\u0151ss\u00e9g\u0171 T\u00e1rsas\u00e1g olyan \u00faj term\u00e9kek el\u0151\u00e1ll\u00edt\u00e1s\u00e1t fogja tudni \u00f6n\u00e1ll\u00f3an elv\u00e9gezni, melyre eddig nem ker\u00fclhetett sor, mivel a rendelkez\u00e9sre \u00e1ll\u00f3 g\u00e9ppark nem tette lehet\u0151v\u00e9 ezek el\u0151\u00e1ll\u00edt\u00e1s\u00e1t. Ezen term\u00e9kek a fekv\u0151 A4 m\u00e9ret\u0171 bros\u00far\u00e1k gy\u00e1rt\u00e1sa. A jelenlegi term\u00e9kpalett\u00e1n a nyomdaterm\u00e9kek sz\u00e9les sk\u00e1l\u00e1ja megtal\u00e1lhat\u00f3 eg\u00e9szen a kis p\u00e9ld\u00e1nysz\u00e1m\u00fa n\u00e9vk\u00e1rty\u00e1kt\u00f3l a nagyp\u00e9ld\u00e1nysz\u00e1m\u00fa k\u00f6nyveken, a sz\u00e9les form\u00e1tum\u00fa marketing anyagokig, \u00e9p\u00fcleth\u00e1l\u00f3kig. A Horizon VAC-1000L\/SPF-200A bros\u00faragy\u00e1rt\u00f3 berendez\u00e9s beszerz\u00e9se a v\u00e1llalkoz\u00e1s sz\u00e1m\u00e1ra abszol\u00fat pozit\u00edv hat\u00e1ssal b\u00edr\u00f3 beruh\u00e1z\u00e1s. A beruh\u00e1z\u00e1s megval\u00f3s\u00edt\u00e1s\u00e1val, teh\u00e1t az adapt\u00edv innov\u00e1ci\u00f3 r\u00e9v\u00e9n n\u0151 a v\u00e1llalkoz\u00e1s versenyk\u00e9pess\u00e9ge, mivel a jelenlegi tev\u00e9kenys\u00e9geihez kapcsol\u00f3d\u00f3an \u00faj term\u00e9k, szolg\u00e1ltat\u00e1s j\u00f6n l\u00e9tre, vagyis t\u00f6bbf\u00e9le term\u00e9k el\u0151\u00e1ll\u00edt\u00e1s\u00e1ra, szolg\u00e1ltat\u00e1s ny\u00fajt\u00e1s\u00e1ra lesz k\u00e9pes, valamint a jelenlegi tev\u00e9kenys\u00e9geihez kapcsol\u00f3d\u00f3an l\u00e9nyegesen m\u00f3dos\u00edtott, vagy jobb min\u0151s\u00e9g\u0171 term\u00e9k, szolg\u00e1ltat\u00e1s j\u00f6n l\u00e9tre. \u00c1lland\u00f3 termel\u00e9si \u00e9rt\u00e9k mellett a r\u00e1ford\u00edt\u00e1sok cs\u00f6kkent\u00e9s\u00e9vel n\u0151 a hozz\u00e1adott \u00e9rt\u00e9k \u00e9s a sz\u00fcks\u00e9ges alv\u00e1llalkoz\u00f3i szolg\u00e1ltat\u00e1s ig\u00e9nybev\u00e9tele is cs\u00f6kken. Ennek megfelel\u0151en n\u0151 a v\u00e1llalkoz\u00e1s j\u00f6vedelmez\u0151s\u00e9ge, mivel a term\u00e9k el\u0151\u00e1ll\u00edt\u00e1s\u00e1val kapcsolatos k\u00f6lts\u00e9gek jelent\u0151sen cs\u00f6kkenthet\u0151ek, az alv\u00e1llalkoz\u00f3i munka ig\u00e9nybev\u00e9tel\u00e9nek cs\u00f6kkent\u00e9s\u00e9vel. Egyre nagyobb ig\u00e9ny jelentkezik a v\u00e1llalkoz\u00e1s megl\u00e9v\u0151 \u00fcgyf\u00e9lk\u00f6re \u00e9s az aj\u00e1nlatk\u00e9r\u0151 \u00faj \u00fcgyfelek r\u00e9sz\u00e9r\u0151l a n\u00e9h\u00e1ny lapos r\u00f6piratok, kis terjedelm\u0171 k\u00f6nyvek k\u00e9sz\u00edt\u00e9s\u00e9re, melyeket csak jelent\u0151s alv\u00e1llalkoz\u00f3i ig\u00e9nybev\u00e9tellel tud sz\u00e1ll\u00edtani a v\u00e1llalkoz\u00e1s a megrendel\u0151ik r\u00e9sz\u00e9re. Az A4 m\u00e9ret\u0171 bros\u00far\u00e1k el\u0151\u00e1ll\u00edt\u00e1s\u00e1val \u00faj piacokon val\u00f3 megjelen\u00e9s lehet\u0151s\u00e9ge is megny\u00edlik a v\u00e1llalkoz\u00e1s el\u0151tt. A v\u00e1llalkoz\u00e1s vezet\u0151je az el\u0151zetes egyeztet\u00e9sek alapj\u00e1n b\u00edzik abban, hogy a beruh\u00e1z\u00e1s megval\u00f3s\u00edt\u00e1s\u00e1t k\u00f6vet\u0151en export piaci lehet\u0151s\u00e9gek is ny\u00edlnak a sz\u00e1mukra, f\u0151k\u00e9nt Rom\u00e1ni\u00e1ba \u00e9s a k\u00f6rnyez\u0151 orsz\u00e1gokba \u00e9s eur\u00f3pai v\u00e1llalatok sz\u00e1m\u00e1ra t\u00f6rt\u00e9n\u0151 sz\u00e1ll\u00edt\u00e1sok tekintet\u00e9ben.<\/p>\n<p>A projekt keret\u00e9ben az al\u00e1bbi eszk\u00f6z, technol\u00f3giai g\u00e9p, berendez\u00e9s beszerez\u00e9se val\u00f3sult meg: 1 db Horizon VAC-1000LSPF-200A bros\u00faragy\u00e1rt\u00f3 berendez\u00e9s<\/p>\n<hr \/>\n<h3><strong>GINOP-1.2.8-20-2020-01242<\/strong><\/h3>\n<p><strong>Kedvezm\u00e9nyezett neve:<\/strong> Center-Print Nyomda Ipari \u00e9s Szolg\u00e1ltat\u00f3 Korl\u00e1tolt Felel\u0151ss\u00e9g\u0171 T\u00e1rsas\u00e1g<br \/>\n<strong>Projekt c\u00edme:<\/strong> Hat\u00e9konys\u00e1gn\u00f6vel\u00e9s a CENTER-PRINT Nyomda Kft-n\u00e9l<br \/>\n<strong>T\u00e1mogat\u00e1s \u00f6sszege:<\/strong> 35 298 796 Ft<br \/>\n<strong>Projekt elsz\u00e1molhat\u00f3 k\u00f6lts\u00e9ge \u00f6sszesen:<\/strong> 56 685\u00a0006 Ft<br \/>\n<strong>T\u00e1mogat\u00e1s m\u00e9rt\u00e9ke:<\/strong> 62,27%<br \/>\n<strong>Megval\u00f3s\u00edt\u00e1s kezdete:<\/strong> 2020.07.17.<br \/>\n<strong>Befejez\u00e9s d\u00e1tuma:<\/strong> 2021.04.01.<br \/>\n<strong>Projektazonos\u00edt\u00f3 sz\u00e1ma:<\/strong> GINOP-1.2.8-20-2020-01242<br \/>\n<strong>Projekt megval\u00f3s\u00edt\u00e1s helye:<\/strong> 4027 Debrecen, F\u00fcredi \u00fat 76.; 19930\/A\/7 hrsz<\/p>\n<p><strong>Projekt tartalm\u00e1nak bemutat\u00e1sa:<\/strong><br \/>\nA CENTER-PRINT NYOMDA Kft, k\u00f6t\u00e9szeti \u00e9s a digit\u00e1lis nyomda r\u00e9szleg\u00e9nek fejleszt\u00e9s\u00e9t val\u00f3s\u00edtotta meg. A v\u00e1llalkoz\u00e1s jelenleg is megb\u00edzhat\u00f3 g\u00e9pparkkal rendelkezik, melynek nem a cser\u00e9je, hanem a b\u0151v\u00edt\u00e9se, korszer\u0171s\u00edt\u00e9se, hat\u00e9konys\u00e1g\u00e1nak a fejleszt\u00e9se val\u00f3sult meg. C\u00e9g\u00fcnk folyamatosan karbantartja, valamint korszer\u0171s\u00edti \u00e9s b\u0151v\u00edti eszk\u00f6zparkj\u00e1t. Az elm\u00falt \u00e9vek fejleszt\u00e9sei az \u00fczem m\u00e1s egy\u00e9b fejleszt\u00e9seit, technol\u00f3giai korszer\u0171s\u00edt\u00e9seit voltak hivatottak szolg\u00e1lni, de a jelen projekt keret\u00e9ben megval\u00f3sul\u00f3 fejleszt\u00e9s a k\u00f6t\u00e9szet \u00e9s a digit\u00e1lis nyomtat\u00e1s r\u00e9szleg\u00e9nek hat\u00e9konys\u00e1gn\u00f6vel\u00e9s\u00e9t val\u00f3s\u00edtja meg. Jelen projekt keret\u00e9ben beszerz\u00e9sre ker\u00fclt 1 db Bacciottini PIT STOP D2H High Speed automata biegel\u0151- \u00e9s perfor\u00e1l\u00f3g\u00e9p; 2 db Horizon VAC-1000m \u00f6sszehord\u00f3g\u00e9p; 1 db MAGRAF KO 50 x 70 PLUS F\u00e9lautomata kem\u00e9nyt\u00e1bla k\u00e9sz\u00edt\u0151 berendez\u00e9s; 1 db Magraf \u201eUK 46\u201d beakaszt\u00f3 g\u00e9p; 1 db Horda QJ-80 sarok lev\u00e1g\u00f3 berendez\u00e9s \u00e9s 1 db Mutoh VJ1604X nyomtat\u00f3 + SummaCut D140FX v\u00e1g\u00f3plotter. Els\u0151sorban a nyomdaipari szolg\u00e1ltat\u00e1sok min\u00e9l sz\u00e9lesebb sk\u00e1l\u00e1j\u00e1nak kisz\u00e9les\u00edt\u00e9s\u00e9t val\u00f3s\u00edtottuk meg. B\u0151v\u00edtett szolg\u00e1ltat\u00e1sainkkal nem csup\u00e1n a megrendel\u0151ink ig\u00e9nyeit (hat\u00e1rid\u0151, kedvez\u0151 \u00e1r, kiv\u00e1l\u00f3 min\u0151s\u00e9g) tudjuk magas szinten biztos\u00edtani, de e mellett a k\u00f6rnyez\u0151 nyomd\u00e1knak is besz\u00e1ll\u00edt\u00f3iv\u00e1 tudunk v\u00e1lni. A jelenlegi fejleszt\u00e9s megval\u00f3s\u00edt\u00e1s\u00e1val c\u00e9g\u00fcnk az orsz\u00e1g keleti fel\u00e9nek meghat\u00e1roz\u00f3 nyomdaipari v\u00e1llalkoz\u00e1s\u00e1v\u00e1 tud fejl\u0151dni, mellyel f\u0151v\u00e1llalkoz\u00f3i, vagy jelent\u0151s sz\u00e1m\u00fa alv\u00e1llalkoz\u00f3i munk\u00e1k elv\u00e9gz\u00e9se v\u00e1lik lehet\u0151v\u00e9. Az \u00faj eszk\u00f6z\u00f6k megl\u00e9t\u00e9vel radik\u00e1lisan cs\u00f6kkenthet\u0151ek a k\u00f6lts\u00e9gek, cs\u00f6kken a k\u00e9zi m\u0171veletek sz\u00e1ma, ez\u00e1ltal hat\u00e9konyabb munkav\u00e9gz\u00e9s \u00e9s jelent\u0151sen jobb min\u0151s\u00e9g \u00e9rhet\u0151 el. A fejleszt\u00e9st k\u00f6vet\u0151en a v\u00e1llalkoz\u00e1s a rendelkez\u00e9s\u00e9re \u00e1ll\u00f3 korszer\u0171, modern technol\u00f3gi\u00e1k r\u00e9v\u00e9n r\u00f6vid \u00e9s hossz\u00fa t\u00e1von n\u00f6velni tudja termel\u00e9si kapacit\u00e1s\u00e1t. Gyorsabb \u00e9s min\u0151s\u00e9gibb munkav\u00e9gz\u00e9st tesznek lehet\u0151v\u00e9 a korszer\u0171 technol\u00f3giai berendez\u00e9sek, a megfelel\u0151 anyag \u00e9s id\u0151gazd\u00e1lkod\u00e1s mellett. V\u00e1llalkoz\u00e1sunk a tervek szerint b\u00e9rmunka keret\u00e9n bel\u00fcl is tervezi b\u0151v\u00edteni megrendel\u00e9sit a hasonl\u00f3 tev\u00e9kenys\u00e9gi k\u00f6rrel rendelkez\u0151 v\u00e1llalkoz\u00e1sok r\u00e9sz\u00e9re.<\/p>\n<hr \/>\n<h3><strong>GINOP-4.1.4-19-2020-01373<\/strong><\/h3>\n<p><strong>Kedvezm\u00e9nyezett neve:<\/strong> Center-Print Nyomda Ipari \u00e9s Szolg\u00e1ltat\u00f3 Korl\u00e1tolt Felel\u0151ss\u00e9g\u0171 T\u00e1rsas\u00e1g<br \/>\n<strong>Projekt c\u00edme:<\/strong> A Center-Print Nyomda Kft. energiaell\u00e1t\u00e1s\u00e1nak t\u00e1mogat\u00e1sa napelemes meg\u00fajul\u00f3 energiatermel\u0151 rendszerrel<br \/>\n<strong>T\u00e1mogat\u00e1s \u00f6sszege:<\/strong> 7 904 818 Ft<br \/>\n<strong>Projekt elsz\u00e1molhat\u00f3 k\u00f6lts\u00e9ge \u00f6sszesen:<\/strong> 14 372 399 Ft<br \/>\n<strong>T\u00e1mogat\u00e1s m\u00e9rt\u00e9ke:<\/strong> 55%<br \/>\n<strong>Megval\u00f3s\u00edt\u00e1s kezdete:<\/strong> 2021.04.27.<br \/>\n<strong>Befejez\u00e9s d\u00e1tuma:<\/strong> 2021.09.10.<br \/>\n<strong>Projektazonos\u00edt\u00f3 sz\u00e1ma:<\/strong> GINOP-4.1.4-19-2020-01373<br \/>\n<strong>Projekt megval\u00f3s\u00edt\u00e1s helye:<\/strong> 4027 Debrecen, F\u00fcredi \u00fat 76.; 19930\/A\/7 hrsz<\/p>\n<p><strong>Projekt tartalm\u00e1nak bemutat\u00e1sa:<\/strong><\/p>\n<p>A fejleszt\u00e9s eredm\u00e9nyek\u00e9nt l\u00e9trej\u00f6tt egy 49,56kW teljes\u00edtm\u00e9ny\u0171 napelem rendszer, mely 118 db Canadiansolar CS3W 420 P napelemb\u0151l \u00e9s 2 db Solaredge SE25K inverterb\u0151l \u00e9s a sz\u00fcks\u00e9ges kieg\u00e9sz\u00edt\u0151kb\u0151l \u00e1ll. A projekt keret\u00e9ben 1 c\u00e9lter\u00fcleten ker\u00fclt megval\u00f3s\u00edt\u00e1sra a fejleszt\u00e9s, m\u00e9gpedig a napelemes rendszer telep\u00edt\u00e9se h\u00e1l\u00f3zati villamosenergia-termel\u00e9s c\u00e9lj\u00e1b\u00f3l. A rendszer telep\u00edt\u00e9s\u00e9vel \u00e9ves szinten megtermelhet\u0151 villamos energia mennyis\u00e9ge 55.000 kWh, mely az \u00e9ves 266.588,25 kWh villamos energia ig\u00e9ny 20,63 %-a. Ez a megtakar\u00edt\u00e1s jelent\u0151s m\u00e9rt\u00e9k\u0171 \u00e9s jelent\u0151s m\u00e9rt\u00e9kben mutatkozik a v\u00e1llalkoz\u00e1s kiad\u00e1sainak megtakar\u00edt\u00e1sa sor\u00e1n is. A projekt megval\u00f3s\u00edt\u00e1sa r\u00e9v\u00e9n az \u00fcvegh\u00e1zhat\u00e1s\u00fa g\u00e1zok becs\u00fclt \u00e9ves cs\u00f6kken\u00e9se 41,01 t\/\u00e9v. Az energiahat\u00e9konys\u00e1gi fejleszt\u00e9sek \u00e1ltal el\u00e9rt primer energia felhaszn\u00e1l\u00e1s cs\u00f6kken\u00e9s 294,39 GJ\/\u00e9v.<\/p>\n","protected":false},"excerpt":{"rendered":"<p>GINOP_PLUSZ-1.2.4-25-2025-01787 Kedvezm\u00e9nyezett neve: Center-Print Nyomda Ipari \u00e9s Szolg\u00e1ltat\u00f3 Korl\u00e1tolt Felel\u0151ss\u00e9g\u0171 T\u00e1rsas\u00e1g Fejleszt\u00e9s t\u00e1rgya: Technol\u00f3giai korszer\u0171s\u00edt\u00e9s a Center-Print Nyomda Kft-n\u00e9l Szerz\u0151d\u00f6tt t\u00e1mogat\u00e1s \u00f6sszege: 61 898 751 Forint A projekt tartalm\u00e1nak r\u00e9szletes bemutat\u00e1sa: V\u00e1llalkoz\u00e1sunk a doboz \u00e9s egyedi csomagol\u00e1sk\u00e9sz\u00edt\u0151 r\u00e9szleg\u00e9nek fejleszt\u00e9s\u00e9t, hat\u00e9konys\u00e1gn\u00f6vel\u00e9s\u00e9t tervezi megval\u00f3s\u00edtani a projekt keret\u00e9ben. A projekt keret\u00e9ben beszerz\u00e9sre ker\u00fcl 1 db Easymatrix 106 CS [&hellip;]<\/p>\n","protected":false},"author":1,"featured_media":0,"parent":16,"menu_order":2,"comment_status":"closed","ping_status":"closed","template":"","meta":{"_acf_changed":false,"footnotes":""},"class_list":["post-172","page","type-page","status-publish","hentry"],"acf":[],"_links":{"self":[{"href":"https:\/\/centerprint.hu\/ro\/wp-json\/wp\/v2\/pages\/172","targetHints":{"allow":["GET"]}}],"collection":[{"href":"https:\/\/centerprint.hu\/ro\/wp-json\/wp\/v2\/pages"}],"about":[{"href":"https:\/\/centerprint.hu\/ro\/wp-json\/wp\/v2\/types\/page"}],"author":[{"embeddable":true,"href":"https:\/\/centerprint.hu\/ro\/wp-json\/wp\/v2\/users\/1"}],"replies":[{"embeddable":true,"href":"https:\/\/centerprint.hu\/ro\/wp-json\/wp\/v2\/comments?post=172"}],"version-history":[{"count":4,"href":"https:\/\/centerprint.hu\/ro\/wp-json\/wp\/v2\/pages\/172\/revisions"}],"predecessor-version":[{"id":1008,"href":"https:\/\/centerprint.hu\/ro\/wp-json\/wp\/v2\/pages\/172\/revisions\/1008"}],"up":[{"embeddable":true,"href":"https:\/\/centerprint.hu\/ro\/wp-json\/wp\/v2\/pages\/16"}],"wp:attachment":[{"href":"https:\/\/centerprint.hu\/ro\/wp-json\/wp\/v2\/media?parent=172"}],"curies":[{"name":"wp","href":"https:\/\/api.w.org\/{rel}","templated":true}]}}