{"id":17,"date":"2018-04-04T19:28:52","date_gmt":"2018-04-04T19:28:52","guid":{"rendered":"http:\/\/centerprint.hu\/?page_id=17"},"modified":"2024-10-16T12:23:00","modified_gmt":"2024-10-16T12:23:00","slug":"bemutatkozas","status":"publish","type":"page","link":"https:\/\/centerprint.hu\/ro\/rolunk\/bemutatkozas\/","title":{"rendered":"Debut"},"content":{"rendered":"<h3>Misiunea noastr\u0103<\/h3>\n<p>\u00cen lumea virtual\u0103 a internetului, credem, de asemenea, \u00een eficien\u021ba produselor tip\u0103rite tangibile. Cartea de vizit\u0103, bro\u0219ura, catalogul contribuie la succesul afacerii, cartea, ziarul, revista ofer\u0103 informa\u021bii, educa\u021bie, panourile, molino \u0219i posterele \u0219i a\u0219a mai departe. Sunt instrumente indispensabile pentru publicitate \u0219i decorare.<\/p>\n<p>Instrumentele moderne orientate ofer\u0103 produsul de calitate care este a\u0219teptat \u00een toate domeniile vie\u021bii de ast\u0103zi, o cerin\u021b\u0103 legitim\u0103 pentru clien\u021bi.<\/p>\n<p><img loading=\"lazy\" decoding=\"async\" width=\"640\" height=\"464\" class=\"alignnone size-full wp-image-83\" src=\"http:\/\/centerprint.hu\/wp-content\/uploads\/2018\/04\/center_print_bejarat.jpg\" alt=\"CenterPrint Nyomda bej\u00e1rat\" \/><\/p>\n<hr \/>\n<h3>Cine suntem noi?<\/h3>\n<p><span class=\"HwtZe\" lang=\"ro\"><span class=\"jCAhz ChMk0b\"><span class=\"ryNqvb\">Center Print pres\u0103 de tipar poate privi \u00eenapoi la peste 30 de ani de istorie.<\/span><\/span><\/span> Ca urmare a dezvolt\u0103rii continue \u0219i atente, am devenit unul dintre cele mai importante tipografii din Debrecen si din jude\u021b. Fabrica modern\u0103, ma\u0219inile de ultim\u0103 genera\u021bie \u0219i personalul profesionist asigur\u0103 servicii profesionale \u0219i calitate pe care clien\u021bii no\u0219tri le a\u0219teapt\u0103. Gama noastr\u0103 de produse include o gam\u0103 larg\u0103 de produse de imprimare.<\/p>\n<p>Cu acces continuu la Internet \u00een band\u0103 larg\u0103 (FTP), oferim clien\u021bilor no\u0219tri posibilitatea de a trimite \/ primi fi\u0219iere de imprimare. Procesarea \u0219i controlul fi\u0219ierelor de oriunde din \u021bar\u0103 \u0219i din lume se realizeaz\u0103 f\u0103r\u0103 probleme \u0219i \u00een mod fiabil.<\/p>\n<p>Pregatirea rapida a preturilor si calculelor este sustinuta de un program special de management al productiei de tiparit, adaptat fabricii noastre, ceea ce ne permite sa furnizam imediat informatiile necesare clientilor nostri.<\/p>\n<p>Fiabilitatea noastr\u0103 este \u00eembun\u0103t\u0103\u021bit\u0103 \u00een continuare de sistemele de management al calit\u0103\u021bii ISO 9001 \u0219i de managementul de mediu ISO 14001.<\/p>\n","protected":false},"excerpt":{"rendered":"<p>Misiunea noastr\u0103 \u00cen lumea virtual\u0103 a internetului, credem, de asemenea, \u00een eficien\u021ba produselor tip\u0103rite tangibile. Cartea de vizit\u0103, bro\u0219ura, catalogul contribuie la succesul afacerii, cartea, ziarul, revista ofer\u0103 informa\u021bii, educa\u021bie, panourile, molino \u0219i posterele \u0219i a\u0219a mai departe. Sunt instrumente indispensabile pentru publicitate \u0219i decorare. Instrumentele moderne orientate ofer\u0103 produsul de calitate care este a\u0219teptat [&hellip;]<\/p>\n","protected":false},"author":1,"featured_media":0,"parent":16,"menu_order":1,"comment_status":"closed","ping_status":"closed","template":"","meta":{"_acf_changed":false,"footnotes":""},"class_list":["post-17","page","type-page","status-publish","hentry"],"acf":[],"_links":{"self":[{"href":"https:\/\/centerprint.hu\/ro\/wp-json\/wp\/v2\/pages\/17","targetHints":{"allow":["GET"]}}],"collection":[{"href":"https:\/\/centerprint.hu\/ro\/wp-json\/wp\/v2\/pages"}],"about":[{"href":"https:\/\/centerprint.hu\/ro\/wp-json\/wp\/v2\/types\/page"}],"author":[{"embeddable":true,"href":"https:\/\/centerprint.hu\/ro\/wp-json\/wp\/v2\/users\/1"}],"replies":[{"embeddable":true,"href":"https:\/\/centerprint.hu\/ro\/wp-json\/wp\/v2\/comments?post=17"}],"version-history":[{"count":1,"href":"https:\/\/centerprint.hu\/ro\/wp-json\/wp\/v2\/pages\/17\/revisions"}],"predecessor-version":[{"id":409,"href":"https:\/\/centerprint.hu\/ro\/wp-json\/wp\/v2\/pages\/17\/revisions\/409"}],"up":[{"embeddable":true,"href":"https:\/\/centerprint.hu\/ro\/wp-json\/wp\/v2\/pages\/16"}],"wp:attachment":[{"href":"https:\/\/centerprint.hu\/ro\/wp-json\/wp\/v2\/media?parent=17"}],"curies":[{"name":"wp","href":"https:\/\/api.w.org\/{rel}","templated":true}]}}