{"id":168,"date":"2018-06-12T08:26:52","date_gmt":"2018-06-12T08:26:52","guid":{"rendered":"http:\/\/centerprint.hu\/?page_id=168"},"modified":"2019-01-09T09:08:27","modified_gmt":"2019-01-09T09:08:27","slug":"koszonjuk","status":"publish","type":"page","link":"https:\/\/centerprint.hu\/ro\/ajanlatkeres\/koszonjuk\/","title":{"rendered":"K\u00f6sz\u00f6nj\u00fck"},"content":{"rendered":"<p>Kedves \u00c9rdekl\u0151d\u0151!<\/p>\n<p>Level\u00e9t megkaptuk. Koll\u00e9g\u00e1nk hamarosan felveszi \u00d6nnel a kapcsolatot a megadott el\u00e9rhet\u0151s\u00e9gek egyik\u00e9n.<\/p>\n<p>\u00dcdv\u00f6zlettel:<br \/>\n<strong>Center-Print Nyomda Kft.<\/strong><br \/>\n4027 Debrecen, F\u00fcredi \u00fat 76.<br \/>\nHUNGARY<\/p>\n","protected":false},"excerpt":{"rendered":"<p>Kedves \u00c9rdekl\u0151d\u0151! Level\u00e9t megkaptuk. Koll\u00e9g\u00e1nk hamarosan felveszi \u00d6nnel a kapcsolatot a megadott el\u00e9rhet\u0151s\u00e9gek egyik\u00e9n. \u00dcdv\u00f6zlettel: Center-Print Nyomda Kft. 4027 Debrecen, F\u00fcredi \u00fat 76. HUNGARY<\/p>\n","protected":false},"author":1,"featured_media":0,"parent":164,"menu_order":0,"comment_status":"closed","ping_status":"closed","template":"","meta":{"_acf_changed":false,"footnotes":""},"class_list":["post-168","page","type-page","status-publish","hentry"],"acf":[],"_links":{"self":[{"href":"https:\/\/centerprint.hu\/ro\/wp-json\/wp\/v2\/pages\/168","targetHints":{"allow":["GET"]}}],"collection":[{"href":"https:\/\/centerprint.hu\/ro\/wp-json\/wp\/v2\/pages"}],"about":[{"href":"https:\/\/centerprint.hu\/ro\/wp-json\/wp\/v2\/types\/page"}],"author":[{"embeddable":true,"href":"https:\/\/centerprint.hu\/ro\/wp-json\/wp\/v2\/users\/1"}],"replies":[{"embeddable":true,"href":"https:\/\/centerprint.hu\/ro\/wp-json\/wp\/v2\/comments?post=168"}],"version-history":[{"count":1,"href":"https:\/\/centerprint.hu\/ro\/wp-json\/wp\/v2\/pages\/168\/revisions"}],"predecessor-version":[{"id":188,"href":"https:\/\/centerprint.hu\/ro\/wp-json\/wp\/v2\/pages\/168\/revisions\/188"}],"up":[{"embeddable":true,"href":"https:\/\/centerprint.hu\/ro\/wp-json\/wp\/v2\/pages\/164"}],"wp:attachment":[{"href":"https:\/\/centerprint.hu\/ro\/wp-json\/wp\/v2\/media?parent=168"}],"curies":[{"name":"wp","href":"https:\/\/api.w.org\/{rel}","templated":true}]}}