{"id":140,"date":"2018-04-08T19:08:16","date_gmt":"2018-04-08T19:08:16","guid":{"rendered":"http:\/\/centerprint.hu\/?page_id=140"},"modified":"2024-10-17T06:52:44","modified_gmt":"2024-10-17T06:52:44","slug":"grafika-tervezes-dtp","status":"publish","type":"page","link":"https:\/\/centerprint.hu\/ro\/szolgaltatasok\/grafika-tervezes-dtp\/","title":{"rendered":"Grafica, Design, DTP"},"content":{"rendered":"<p><img loading=\"lazy\" decoding=\"async\" width=\"1024\" height=\"458\" class=\"size-large wp-image-44 aligncenter\" src=\"http:\/\/centerprint.hu\/wp-content\/uploads\/2018\/04\/img_centerprint_aboutus__01-1024x458.jpg\" alt=\"CenterPrint Nyomda Debrecen\" srcset=\"https:\/\/centerprint.hu\/wp-content\/uploads\/2018\/04\/img_centerprint_aboutus__01-1024x458.jpg 1024w, https:\/\/centerprint.hu\/wp-content\/uploads\/2018\/04\/img_centerprint_aboutus__01.jpg 1050w\" sizes=\"auto, (max-width: 1024px) 100vw, 1024px\" \/><\/p>\n<h3>Hai s\u0103 facem brainstorming \u0219i s\u0103 planific\u0103m \u00eempreun\u0103!<\/h3>\n<p>Designul grafic necesit\u0103 \u00eentotdeauna o abordare creativ\u0103, indiferent dac\u0103 este vorba de proiectarea unui produs tip\u0103rit sau a unei identit\u0103\u021bi digitale.<\/p>\n<p>\u00cen esen\u021b\u0103, procesul de design const\u0103 din c\u00e2\u021biva pa\u0219i importan\u021bi:<\/p>\n<p><strong>1, Evaluarea detaliat\u0103 a cerin\u021belor<\/strong><br \/>\nPentru a dezvolta un material grafic de calitate, este esen\u021bial s\u0103 realiz\u0103m o evaluare am\u0103nun\u021bit\u0103 a cerin\u021belor, astfel \u00eenc\u00e2t s\u0103 putem crea lucrarea \u00een cea mai bun\u0103 calitate \u0219i s\u0103 ne adapt\u0103m pe deplin la nevoile clien\u021bilor.<\/p>\n<p><strong>2, \u00cen timpul evalu\u0103rii cerin\u021belor, trebuie s\u0103 analiz\u0103m urm\u0103toarele detalii:<\/strong><\/p>\n<ul>\n<li>Care este publicul \u021bint\u0103?<\/li>\n<li>Materialul grafic va ap\u0103rea pe platforme online \u0219i\/sau offline?<\/li>\n<li>Sunt disponibile imagini sau alte materiale grafice?<\/li>\n<li>Exist\u0103 un ghid de identitate vizual\u0103 existent? (culori, fonturi etc., pe care trebuie s\u0103 le lu\u0103m \u00een considerare \u00een timpul proiect\u0103rii)<\/li>\n<li>Vor exista elemente textuale pe materialul grafic? (con\u021binutul textual este \u00eentotdeauna furnizat de clien\u021bii no\u0219tri)<\/li>\n<\/ul>\n<p><strong>3, Prezentarea schi\u021belor \u0219i conceptelor de design grafic<\/strong><br \/>\n\u00cen aceast\u0103 etap\u0103 a proiect\u0103rii sunt realizate primele schi\u021be, care vor servi drept piloni principali \u00een formarea conceptului final. La cerere, putem crea mai multe concepte vizuale pentru a facilita alegerea.<\/p>\n<p><strong>4, Dup\u0103 ce s-a selectat conceptul vizual potrivit, realiz\u0103m materialele grafice finale \u2013 Artwork.<\/strong> La cerere, din aceste materiale grafice pot fi realizate:<\/p>\n<ul>\n<li>Mockup-uri 3D<\/li>\n<li>Prototipuri tip\u0103rite sau netip\u0103rite<\/li>\n<li>Probe digitale corecte din punct de vedere al culorilor, pentru verificare<\/li>\n<\/ul>\n","protected":false},"excerpt":{"rendered":"<p>Hai s\u0103 facem brainstorming \u0219i s\u0103 planific\u0103m \u00eempreun\u0103! Designul grafic necesit\u0103 \u00eentotdeauna o abordare creativ\u0103, indiferent dac\u0103 este vorba de proiectarea unui produs tip\u0103rit sau a unei identit\u0103\u021bi digitale. \u00cen esen\u021b\u0103, procesul de design const\u0103 din c\u00e2\u021biva pa\u0219i importan\u021bi: 1, Evaluarea detaliat\u0103 a cerin\u021belor Pentru a dezvolta un material grafic de calitate, este esen\u021bial s\u0103 [&hellip;]<\/p>\n","protected":false},"author":1,"featured_media":0,"parent":57,"menu_order":6,"comment_status":"closed","ping_status":"closed","template":"","meta":{"_acf_changed":false,"footnotes":""},"class_list":["post-140","page","type-page","status-publish","hentry"],"acf":[],"_links":{"self":[{"href":"https:\/\/centerprint.hu\/ro\/wp-json\/wp\/v2\/pages\/140","targetHints":{"allow":["GET"]}}],"collection":[{"href":"https:\/\/centerprint.hu\/ro\/wp-json\/wp\/v2\/pages"}],"about":[{"href":"https:\/\/centerprint.hu\/ro\/wp-json\/wp\/v2\/types\/page"}],"author":[{"embeddable":true,"href":"https:\/\/centerprint.hu\/ro\/wp-json\/wp\/v2\/users\/1"}],"replies":[{"embeddable":true,"href":"https:\/\/centerprint.hu\/ro\/wp-json\/wp\/v2\/comments?post=140"}],"version-history":[{"count":1,"href":"https:\/\/centerprint.hu\/ro\/wp-json\/wp\/v2\/pages\/140\/revisions"}],"predecessor-version":[{"id":454,"href":"https:\/\/centerprint.hu\/ro\/wp-json\/wp\/v2\/pages\/140\/revisions\/454"}],"up":[{"embeddable":true,"href":"https:\/\/centerprint.hu\/ro\/wp-json\/wp\/v2\/pages\/57"}],"wp:attachment":[{"href":"https:\/\/centerprint.hu\/ro\/wp-json\/wp\/v2\/media?parent=140"}],"curies":[{"name":"wp","href":"https:\/\/api.w.org\/{rel}","templated":true}]}}