{"id":133,"date":"2018-04-08T19:05:43","date_gmt":"2018-04-08T19:05:43","guid":{"rendered":"http:\/\/centerprint.hu\/?page_id=133"},"modified":"2024-12-04T07:17:55","modified_gmt":"2024-12-04T07:17:55","slug":"fuzetek-naptarak","status":"publish","type":"page","link":"https:\/\/centerprint.hu\/ro\/termekek\/fuzetek-naptarak\/","title":{"rendered":"Caiete calendare"},"content":{"rendered":"<p>Realizarea de calendare personalizate \u00een tiraje mari, de \u00eenalt\u0103 calitate. Echipa Center-Print ofer\u0103 solu\u021bii profesionale pentru realizarea de calendare. Cantit\u0103\u021bile mari nu reprezint\u0103 o problem\u0103 \u2013 calitatea r\u0103m\u00e2ne la cel mai \u00eenalt nivel pe tot parcursul procesului. Lua\u021bi leg\u0103tura cu noi!<\/p>\n<p><img loading=\"lazy\" decoding=\"async\" width=\"1000\" height=\"678\" class=\"alignnone size-full wp-image-433 aligncenter\" src=\"http:\/\/centerprint.hu\/wp-content\/uploads\/2024\/04\/artboard-2.jpg\" alt=\"napt\u00e1r rendel\u00e9s\" \/><\/p>\n<h3><strong>Realizarea de calendare cu echipa Center-Print \u2013 de ce s\u0103 ne alege\u021bi pe noi?<\/strong><\/h3>\n<p>De ce merit\u0103 s\u0103 ne alege\u021bi? Pe scurt: oferim calendare personalizate \u0219i de \u00eenalt\u0103 calitate pentru afacerea dumneavoastr\u0103, care se potrivesc perfect cerin\u021belor \u0219i a\u0219tept\u0103rilor dumneavoastr\u0103. S\u0103 vedem \u00een detaliu:<\/p>\n<h3><strong>Flexibilitate \u0219i expertiz\u0103<\/strong><\/h3>\n<ul>\n<li>Avem un grad ridicat de flexibilitate \u00een producerea \u0219i tip\u0103rirea calendarelor.<\/li>\n<li>Folosim tehnologie specializat\u0103 \u0219i expertiz\u0103 profesional\u0103 pentru a garanta realizarea unui calendar perfect pentru dumneavoastr\u0103.<\/li>\n<\/ul>\n<h3><strong>Satisfacerea cerin\u021belor personalizate<\/strong><\/h3>\n<ul>\n<li>Clien\u021bii no\u0219tri solicit\u0103 adesea dimensiuni \u0219i forme specifice pentru calendarele lor, astfel \u00eenc\u00e2t acestea s\u0103 se potriveasc\u0103 perfect obiectivelor stabilite.<\/li>\n<li>Cu grafice imprimate, logo-uri \u0219i alte elemente de design, garant\u0103m c\u0103 calendarele dumneavoastr\u0103 vor fi unice, u\u0219or de re\u021binut \u0219i stilate.<\/li>\n<\/ul>\n<h3><strong>Calitate \u00eenalt\u0103 \u0219i tehnologie modern\u0103<\/strong><\/h3>\n<ul>\n<li>Realiz\u0103m calendarele doar din materiale de \u00eenalt\u0103 calitate \u0219i cu ajutorul celor mai noi tehnologii, pentru a asigura durabilitatea \u0219i estetica.<\/li>\n<li>Unitatea noastr\u0103 modern\u0103 \u0219i echipamentele noastre avansate, permit o deservire profesional\u0103 \u0219i cea mai \u00eenalt\u0103 calitate posibil\u0103.<\/li>\n<\/ul>\n<p>La noi, orientarea c\u0103tre client este esen\u021bial\u0103, iar tehnologia cu care lucr\u0103m este de cel mai \u00eenalt nivel.<\/p>\n<h3><strong>Op\u021biuni personalizate pentru realizarea calendarelor cu tehnologii de tip\u0103rire specializate<\/strong><\/h3>\n<p>Totul este preg\u0103tit pentru a crea calendarul personalizat pe care l-a\u021bi visat:<\/p>\n<ul>\n<li><strong>Realizarea de calendare personalizate:<\/strong> Dac\u0103 dori\u021bi un calendar cu stil \u0219i design unic, v\u0103 oferim posibilitatea de a-l personaliza \u00een func\u021bie de nevoile dumneavoastr\u0103.<\/li>\n<li><strong>Realizarea de calendare de birou:<\/strong> Produse practice \u0219i confortabile pentru utilizare at\u00e2t la birou, c\u00e2t \u0219i acas\u0103.<\/li>\n<li><strong>Realizarea de calendare de perete:<\/strong> Calendare mari \u0219i bine vizibile, disponibile \u00eentr-o varietate de dimensiuni \u0219i stiluri.<\/li>\n<li><strong>Tip\u0103rirea calendarelor lunare:<\/strong> Oferim calendare cu dispunere lunar\u0103, care v\u0103 ajut\u0103 s\u0103 vizualiza\u021bi u\u0219or evenimentele \u0219i termenele lunare.<\/li>\n<li><strong>Realizarea agendelor:<\/strong> Agendele ajut\u0103 la optimizarea timpului \u0219i gestionarea eficient\u0103 a termenelor, iar noi v\u0103 oferim posibilitatea de a crea agende personalizate \u00een func\u021bie de cerin\u021bele dumneavoastr\u0103.<\/li>\n<\/ul>\n<p>Indiferent de tipul de calendar de care ave\u021bi nevoie, colabor\u00e2nd cu Center-Print, ve\u021bi ob\u021bine cu siguran\u021b\u0103 calitatea \u0219i stilul dorit!<\/p>\n<h3><strong>Realizarea calendarelor \u2013 pentru cine \u0219i de ce este necesar\u0103?<\/strong><\/h3>\n<ul>\n<li>Companiile folosesc frecvent calendarele pentru scopuri de marketing \u0219i promovare, permi\u021b\u00e2ndu-le s\u0103 \u00ee\u0219i promoveze eficient produsele \u0219i serviciile c\u0103tre clien\u021bi, parteneri de afaceri \u0219i poten\u021biali cump\u0103r\u0103tori.<\/li>\n<li>Designul personalizat al calendarelor \u0219i imprimarea logo-urilor permit companiilor s\u0103 comunice eficient mesajul lor de brand \u0219i valorile, fiind, de asemenea, un cadou corporativ excelent \u0219i un produs promo\u021bional eficient.<\/li>\n<li>Organiza\u021biile non-profit utilizeaz\u0103 de asemenea calendarele pentru campanii, evenimente \u0219i str\u00e2ngeri de fonduri, astfel \u00eenc\u00e2t s\u0103 \u00ee\u0219i r\u0103sp\u00e2ndeasc\u0103 mesajul pe scar\u0103 larg\u0103 \u0219i s\u0103 reaminteasc\u0103 oamenilor de diferite evenimente sau date importante.<\/li>\n<\/ul>\n<p>\u00cen concluzie, calendarele realizate \u00een tiraje mari sunt instrumente eficiente pentru atingerea obiectivelor de afaceri \u0219i organiza\u021bionale. Fie c\u0103 este vorba de cre\u0219terea con\u0219tientiz\u0103rii brandului, promovare sau promovarea unui eveniment, acestea permit transmiterea eficient\u0103 a mesajului c\u0103tre publicul \u021bint\u0103 \u0219i asigur\u0103 vizibilitate pe termen lung pentru organiza\u021bia sau afacerea respectiv\u0103.<\/p>\n<h3><strong>Alte servicii oferite: tip\u0103rire offset, tip\u0103rire digital\u0103 \u0219i de mari dimensiuni.<\/strong><\/h3>\n<p style=\"text-align: center;\"><strong>Galerie<\/strong><\/p>\n\t<!-- CSS Part Start From Here-->\n\t<style>\n\t\t#animated-thumbnails-612 a {\n\t\t\ttext-decoration: none !important;\n\t\t\tbox-shadow: 0 0px 0 0 currentcolor !important;\n\t\t}\n\n\n\t\t\/* Grayscale Effect *\/\n\t\t\n\t\t\n\t\t#animated-thumbnails-612 img {\n\t\t\twidth: 100% !important;\n\t\t\theight: auto !important;\n\t\t}\n\n\t\t.lg-icon {\n\t\t\tcolor:\n\t\t\t\tgold\t\t\t\t!important;\n\t\t}\n\n\t\t.pg-title {\n\t\t\tcolor:\n\t\t\t\twhite\t\t\t\t!important;\n\t\t}\n\n\t\t\t<\/style>\n\t\t<div id=\"animated-thumbnails-612\"\n\t\tclass=\"row all-images-612\">\n\t\t\t\t\t\t\t\t\t\t\t<a href=\"https:\/\/centerprint.hu\/wp-content\/uploads\/2018\/04\/nyomda-debrecen-fuzetek-naptarak-sajat-termekek-0.jpg\"\n\t\t\t\t\t\tclass=\"single-image-612 col-lg-4 col-md-4 col-sm-4 col-xs-12\"\n\t\t\t\t\t\tdata-sub-html=\"F\u00fczetek, napt\u00e1rak\">\n\t\t\t\t\t\t<img class=\"thumbnail  \"\n\t\t\t\t\t\t\tsrc=\"https:\/\/centerprint.hu\/wp-content\/uploads\/2018\/04\/nyomda-debrecen-fuzetek-naptarak-sajat-termekek-0.jpg\" alt=\"F\u00fczetek, napt\u00e1rak\" \/>\n\t\t\t\t\t<\/a>\n\t\t\t\t\n\t\t\t\t\n\t\t\t\t\t\t\t\t\t\t\t\t\t<a href=\"https:\/\/centerprint.hu\/wp-content\/uploads\/2018\/04\/nyomda-debrecen-fuzetek-naptarak-sajat-termekek-3.jpg\"\n\t\t\t\t\t\tclass=\"single-image-612 col-lg-4 col-md-4 col-sm-4 col-xs-12\"\n\t\t\t\t\t\tdata-sub-html=\"F\u00fczetek, napt\u00e1rak\">\n\t\t\t\t\t\t<img class=\"thumbnail  \"\n\t\t\t\t\t\t\tsrc=\"https:\/\/centerprint.hu\/wp-content\/uploads\/2018\/04\/nyomda-debrecen-fuzetek-naptarak-sajat-termekek-3.jpg\" alt=\"F\u00fczetek, napt\u00e1rak\" \/>\n\t\t\t\t\t<\/a>\n\t\t\t\t\n\t\t\t\t\n\t\t\t\t\t\t\t\t\t\t\t\t\t<a href=\"https:\/\/centerprint.hu\/wp-content\/uploads\/2018\/04\/nyomda-debrecen-fuzetek-naptarak-sajat-termekek-4.jpg\"\n\t\t\t\t\t\tclass=\"single-image-612 col-lg-4 col-md-4 col-sm-4 col-xs-12\"\n\t\t\t\t\t\tdata-sub-html=\"F\u00fczetek, napt\u00e1rak\">\n\t\t\t\t\t\t<img class=\"thumbnail  \"\n\t\t\t\t\t\t\tsrc=\"https:\/\/centerprint.hu\/wp-content\/uploads\/2018\/04\/nyomda-debrecen-fuzetek-naptarak-sajat-termekek-4.jpg\" alt=\"F\u00fczetek, napt\u00e1rak\" \/>\n\t\t\t\t\t<\/a>\n\t\t\t\t\n\t\t\t\t\n\t\t\t\t\t\t\t\t\t\t\t\t\t<a href=\"https:\/\/centerprint.hu\/wp-content\/uploads\/2024\/04\/artboard-ll.jpg\"\n\t\t\t\t\t\tclass=\"single-image-612 col-lg-4 col-md-4 col-sm-4 col-xs-12\"\n\t\t\t\t\t\tdata-sub-html=\"fali napt\u00e1r\">\n\t\t\t\t\t\t<img class=\"thumbnail  \"\n\t\t\t\t\t\t\tsrc=\"https:\/\/centerprint.hu\/wp-content\/uploads\/2024\/04\/artboard-ll.jpg\" alt=\"napt\u00e1r rendel\u00e9s\" \/>\n\t\t\t\t\t<\/a>\n\t\t\t\t\n\t\t\t\t\n\t\t\t\t\t\t\t\t\t\t\t\t\t<a href=\"https:\/\/centerprint.hu\/wp-content\/uploads\/2024\/04\/artboard-l.jpg\"\n\t\t\t\t\t\tclass=\"single-image-612 col-lg-4 col-md-4 col-sm-4 col-xs-12\"\n\t\t\t\t\t\tdata-sub-html=\"napt\u00e1r\">\n\t\t\t\t\t\t<img class=\"thumbnail  \"\n\t\t\t\t\t\t\tsrc=\"https:\/\/centerprint.hu\/wp-content\/uploads\/2024\/04\/artboard-l.jpg\" alt=\"egyedi napt\u00e1r nyomtat\u00e1s\" \/>\n\t\t\t\t\t<\/a>\n\t\t\t\t\n\t\t\t\t\n\t\t\t\t\t<\/div>\n\t<script>\n\t\/\/thumbnail or fixed Size thumbnail\n\tjQuery(window).on('load', function () {\n\t\tjQuery('#animated-thumbnails-612').lightGallery({\n\t\t\tthumbnail: true,\n\t\t\tanimateThumb: true,\n\t\t\t\/\/show and hide thumb setting\n\t\t\tshowThumbByDefault: true,\n\t\t\tsubHtmlSelectorRelative: true,\n\t\t\t\t\t\t\t\t\t\t\t\tmode: 'lg-fade',\n\t\t\t\t\t});\n\n\t\t\t});\t\n<\/script>\n<style>\n\t.lg-backdrop.in {\n\t\topacity: 0.85;\n\t}\n\n\t.fixed-size.lg-outer .lg-inner {\n\t\tbackground-color: #FFF;\n\t}\n\n\t.fixed-size.lg-outer .lg-sub-html {\n\t\tposition: absolute;\n\t\ttext-align: left;\n\t}\n\n\t.fixed-size.lg-outer .lg-toolbar {\n\t\tbackground-color: transparent;\n\t\theight: 0;\n\t}\n\n\t.fixed-size.lg-outer .lg-toolbar .lg-icon {\n\t\tcolor: #FFF;\n\t}\n\n\t.fixed-size.lg-outer .lg-img-wrap {\n\t\tpadding: 12px;\n\t}\n<\/style>\n<script>\n\tjQuery(document).ready(function () {\n\t\t\/\/ isotope effect function\n\t\t\/\/ Method 1 - Initialize Isotope, then trigger layout after each image loads.\n\t\tvar $grid = jQuery('.all-images-612').isotope({\n\t\t\t\/\/ options...\n\t\t\titemSelector: '.single-image-612',\n\t\t});\n\t\t\/\/ layout Isotope after each image loads\n\t\t$grid.imagesLoaded().progress(function () {\n\t\t\t$grid.isotope('layout');\n\t\t});\n\t});\n<\/script>\n","protected":false},"excerpt":{"rendered":"<p>Realizarea de calendare personalizate \u00een tiraje mari, de \u00eenalt\u0103 calitate. Echipa Center-Print ofer\u0103 solu\u021bii profesionale pentru realizarea de calendare. Cantit\u0103\u021bile mari nu reprezint\u0103 o problem\u0103 \u2013 calitatea r\u0103m\u00e2ne la cel mai \u00eenalt nivel pe tot parcursul procesului. Lua\u021bi leg\u0103tura cu noi! Realizarea de calendare cu echipa Center-Print \u2013 de ce s\u0103 ne alege\u021bi pe noi? [&hellip;]<\/p>\n","protected":false},"author":1,"featured_media":0,"parent":71,"menu_order":8,"comment_status":"closed","ping_status":"closed","template":"","meta":{"_acf_changed":false,"footnotes":""},"class_list":["post-133","page","type-page","status-publish","hentry"],"acf":[],"_links":{"self":[{"href":"https:\/\/centerprint.hu\/ro\/wp-json\/wp\/v2\/pages\/133","targetHints":{"allow":["GET"]}}],"collection":[{"href":"https:\/\/centerprint.hu\/ro\/wp-json\/wp\/v2\/pages"}],"about":[{"href":"https:\/\/centerprint.hu\/ro\/wp-json\/wp\/v2\/types\/page"}],"author":[{"embeddable":true,"href":"https:\/\/centerprint.hu\/ro\/wp-json\/wp\/v2\/users\/1"}],"replies":[{"embeddable":true,"href":"https:\/\/centerprint.hu\/ro\/wp-json\/wp\/v2\/comments?post=133"}],"version-history":[{"count":2,"href":"https:\/\/centerprint.hu\/ro\/wp-json\/wp\/v2\/pages\/133\/revisions"}],"predecessor-version":[{"id":714,"href":"https:\/\/centerprint.hu\/ro\/wp-json\/wp\/v2\/pages\/133\/revisions\/714"}],"up":[{"embeddable":true,"href":"https:\/\/centerprint.hu\/ro\/wp-json\/wp\/v2\/pages\/71"}],"wp:attachment":[{"href":"https:\/\/centerprint.hu\/ro\/wp-json\/wp\/v2\/media?parent=133"}],"curies":[{"name":"wp","href":"https:\/\/api.w.org\/{rel}","templated":true}]}}