{"id":123,"date":"2018-04-08T18:58:39","date_gmt":"2018-04-08T18:58:39","guid":{"rendered":"http:\/\/centerprint.hu\/?page_id=123"},"modified":"2024-12-04T07:15:43","modified_gmt":"2024-12-04T07:15:43","slug":"szorolapok-brossurak","status":"publish","type":"page","link":"https:\/\/centerprint.hu\/ro\/termekek\/szorolapok-brossurak\/","title":{"rendered":"Bro\u0219uri pliante"},"content":{"rendered":"<p>Dac\u0103 oferim publicului \u021bint\u0103 ceva unic, captivant \u0219i atr\u0103g\u0103tor, putem ajunge la marile mase! Pentru tip\u0103rirea de pliante \u2013 contacta\u021bi echipa tipografiei Center-Print!<\/p>\n<p><img loading=\"lazy\" decoding=\"async\" width=\"1595\" height=\"803\" class=\"alignnone size-full wp-image-470\" src=\"http:\/\/centerprint.hu\/wp-content\/uploads\/2024\/07\/2406-brochure-02.webp\" alt=\"sz\u00f3r\u00f3lap nyomtat\u00e1s\" srcset=\"https:\/\/centerprint.hu\/wp-content\/uploads\/2024\/07\/2406-brochure-02.webp 1595w, https:\/\/centerprint.hu\/wp-content\/uploads\/2024\/07\/2406-brochure-02-1536x773.webp 1536w\" sizes=\"auto, (max-width: 1595px) 100vw, 1595px\" \/><\/p>\n<h3><strong>Tip\u0103rirea de pliante: 3+1 motive pentru a alege tipografia Center-Print!<\/strong><\/h3>\n<p>Center-Print este dedicat tip\u0103ririi de pliante de \u00eenalt\u0103 calitate, care reprezint\u0103 baza perfect\u0103 pentru orice campanie publicitar\u0103. De asemenea, v\u0103 putem ajuta \u0219i cu tip\u0103rirea de c\u0103r\u021bi de vizit\u0103, producerea de bannere \u0219i realizarea de postere personalizate.<br \/>\nNoi credem \u00een calitatea premium, dar \u0219tim, de asemenea, c\u0103 cheia pliantelor const\u0103 \u00een cantitate, de aceea producem la cerere \u0219i \u00een milioane de exemplare. Ca o companie modern\u0103, acord\u0103m o importan\u021b\u0103 deosebit\u0103 ideilor \u0219i cerin\u021belor partenerilor no\u0219tri. Printre valorile noastre de baz\u0103 se num\u0103r\u0103 orientarea c\u0103tre client, ceea ce \u00eenseamn\u0103 c\u0103 punem accent pe colaborarea \u00een idei \u0219i pe livrarea rapid\u0103 \u2013 nici nou\u0103 nu ne place s\u0103 st\u0103m pe loc!<br \/>\nIat\u0103 3+1 motive pentru care merit\u0103 s\u0103 alege\u021bi s\u0103 colabora\u021bi cu noi:<\/p>\n<h3><strong>1. Atitudine orientat\u0103 c\u0103tre client, adaptabilitate la cerin\u021be personalizate \u0219i flexibilitate<\/strong><\/h3>\n<p>Scopul principal al Center-Print este satisfac\u021bia clien\u021bilor. Adapt\u0103m fiecare comand\u0103 la cerin\u021bele individuale, fie c\u0103 este vorba despre dimensiuni speciale, culori sau solu\u021bii grafice. Flexibilitatea noastr\u0103 ne permite s\u0103 reac\u021bion\u0103m rapid la eventualele modific\u0103ri, astfel \u00eenc\u00e2t s\u0103 livr\u0103m \u00eentotdeauna pliantele la timp \u0219i \u00een conformitate cu a\u0219tept\u0103rile clien\u021bilor.<\/p>\n<h3><strong>2. Oferte rapide \u0219i livrare prompt\u0103<\/strong><\/h3>\n<p>Suntem m\u00e2ndri de faptul c\u0103 respect\u0103m \u00eentotdeauna termenele scurte, fie c\u0103 este vorba de oferirea unui pre\u021b, de produc\u021bie sau de livrare, astfel \u00eenc\u00e2t nu ve\u021bi a\u0219tepta s\u0103pt\u0103m\u00e2ni \u00eentregi. Datorit\u0103 livr\u0103rilor rapide, pute\u021bi fi sigur c\u0103 pliantele vor ajunge la timp chiar \u0219i pentru campanii urgente.<\/p>\n<h3><strong>3. Produc\u021bie de materiale de \u00eenalt\u0103 calitate, premium<\/strong><\/h3>\n<p>Center-Print utilizeaz\u0103 cele mai moderne tehnologii de tip\u0103rire pentru a se asigura c\u0103 fiecare pliant este realizat la calitate premium. Culorile sunt clare, grafica detaliat\u0103, iar calitatea h\u00e2rtiei este cea mai bun\u0103 posibil\u0103, astfel \u00eenc\u00e2t pliantele dvs. vor fi mereu atractive \u0219i profesionale.<\/p>\n<h3><strong>3+1.<\/strong> <strong>Realizarea comenzilor \u00een cantit\u0103\u021bi mari<\/strong><\/h3>\n<p>Suntem specializa\u021bi \u00een executarea rapid\u0103 \u0219i eficient\u0103 a comenzilor de volum mare. Pute\u021bi conta pe noi chiar \u0219i atunci c\u00e2nd ave\u021bi nevoie de milioane de pliante, deoarece le producem \u0219i le livr\u0103m la timp \u0219i \u00een cantitatea dorit\u0103.<\/p>\n<h3><strong>Costul tip\u0103ririi de pliante: c\u00e2t cost\u0103 un anumit tip de h\u00e2rtie?<\/strong><\/h3>\n<p>Costurile tip\u0103ririi de pliante depind de mai mul\u021bi factori, inclusiv tipul de h\u00e2rtie, dimensiunea \u0219i num\u0103rul de exemplare. De exemplu, pliantele de dimensiunea A5 sunt o solu\u021bie economic\u0103, \u00een timp ce h\u00e2rtiile mai groase, premium, pot fi mai scumpe, dar ofer\u0103 o apari\u021bie mai exclusivist\u0103.<br \/>\nOferim o gam\u0103 larg\u0103 de tipuri de h\u00e2rtie pentru imprimare \u0219i ne adapt\u0103m \u00eentotdeauna cerin\u021belor \u0219i preferin\u021belor clien\u021bilor no\u0219tri pentru a g\u0103si \u00eempreun\u0103 cea mai bun\u0103 solu\u021bie. Pre\u021burile exacte depind de specifica\u021biile fiec\u0103rui proiect. Pentru informa\u021bii suplimentare, contacta\u021bi-ne sau solicita\u021bi o ofert\u0103!<\/p>\n<h3><strong>De ce merit\u0103 tip\u0103rirea de pliante \u00een scopuri de marketing?<\/strong><\/h3>\n<p>Pliantele sunt unul dintre cele mai eficiente instrumente de marketing, deoarece ajung direct, \u00een format fizic, la publicul \u021bint\u0103 \u0219i atrag imediat aten\u021bia. Sunt avantajoase pentru c\u0103 pot fi produse rapid \u0219i u\u0219or, chiar \u0219i \u00een cantit\u0103\u021bi mari, ajung\u00e2nd astfel la cele mai largi mase de oameni. \u00cen plus, sunt u\u0219or de distribuit, versatile \u0219i, datorit\u0103 costurilor reduse de produc\u021bie, reprezint\u0103 o investi\u021bie excelent\u0103. Designul atractiv \u0219i personalizat al pliantelor cre\u0219te vizibilitatea brandului \u0219i contribuie la cre\u0219terea v\u00e2nz\u0103rilor.<\/p>\n<p>Pliantele ofer\u0103 astfel o oportunitate de a transmite mesaje \u0219i oferte creative care au un impact direct asupra deciziilor de cump\u0103rare. Cu toate acestea, pentru a ob\u021bine rezultate profesionale, ave\u021bi nevoie de solu\u021bii de tip\u0103rire de \u00eenalt\u0103 calitate, pe care doar o tipografie modern\u0103 din secolul 21, precum Center-Print, le poate garanta \u2013 chiar de ast\u0103zi!<\/p>\n<p style=\"text-align: center;\"><strong>Galerie<\/strong><\/p>\n\t<!-- CSS Part Start From Here-->\n\t<style>\n\t\t#animated-thumbnails-582 a {\n\t\t\ttext-decoration: none !important;\n\t\t\tbox-shadow: 0 0px 0 0 currentcolor !important;\n\t\t}\n\n\n\t\t\/* Grayscale Effect *\/\n\t\t\n\t\t\n\t\t#animated-thumbnails-582 img {\n\t\t\twidth: 100% !important;\n\t\t\theight: auto !important;\n\t\t}\n\n\t\t.lg-icon {\n\t\t\tcolor:\n\t\t\t\tgold\t\t\t\t!important;\n\t\t}\n\n\t\t.pg-title {\n\t\t\tcolor:\n\t\t\t\twhite\t\t\t\t!important;\n\t\t}\n\n\t\t\t<\/style>\n\t\t<div id=\"animated-thumbnails-582\"\n\t\tclass=\"row all-images-582\">\n\t\t\t\t\t\t\t\t\t\t\t<a href=\"https:\/\/centerprint.hu\/wp-content\/uploads\/2024\/07\/2406-brochure-01.webp\"\n\t\t\t\t\t\tclass=\"single-image-582 col-lg-4 col-md-4 col-sm-4 col-xs-12\"\n\t\t\t\t\t\tdata-sub-html=\"2406 \u2013 brochure 01\">\n\t\t\t\t\t\t<img class=\"thumbnail  \"\n\t\t\t\t\t\t\tsrc=\"https:\/\/centerprint.hu\/wp-content\/uploads\/2024\/07\/2406-brochure-01.webp\" alt=\"sz\u00f3r\u00f3lap nyomtat\u00e1s \u00e1r\" \/>\n\t\t\t\t\t<\/a>\n\t\t\t\t\n\t\t\t\t\n\t\t\t\t\t\t\t\t\t\t\t\t\t<a href=\"https:\/\/centerprint.hu\/wp-content\/uploads\/2024\/07\/2406-brochure-02.webp\"\n\t\t\t\t\t\tclass=\"single-image-582 col-lg-4 col-md-4 col-sm-4 col-xs-12\"\n\t\t\t\t\t\tdata-sub-html=\"2406 \u2013 brochure 02\">\n\t\t\t\t\t\t<img class=\"thumbnail  \"\n\t\t\t\t\t\t\tsrc=\"https:\/\/centerprint.hu\/wp-content\/uploads\/2024\/07\/2406-brochure-02.webp\" alt=\"sz\u00f3r\u00f3lap nyomtat\u00e1s\" \/>\n\t\t\t\t\t<\/a>\n\t\t\t\t\n\t\t\t\t\n\t\t\t\t\t\t\t\t\t\t\t\t\t<a href=\"https:\/\/centerprint.hu\/wp-content\/uploads\/2018\/04\/nyomda-debrecen-szorolapok-brossurak-leporellok-5.jpg\"\n\t\t\t\t\t\tclass=\"single-image-582 col-lg-4 col-md-4 col-sm-4 col-xs-12\"\n\t\t\t\t\t\tdata-sub-html=\"Sz\u00f3r\u00f3lapok, bross\u00far\u00e1k\">\n\t\t\t\t\t\t<img class=\"thumbnail  \"\n\t\t\t\t\t\t\tsrc=\"https:\/\/centerprint.hu\/wp-content\/uploads\/2018\/04\/nyomda-debrecen-szorolapok-brossurak-leporellok-5.jpg\" alt=\"Sz\u00f3r\u00f3lapok, bross\u00far\u00e1k\" \/>\n\t\t\t\t\t<\/a>\n\t\t\t\t\n\t\t\t\t\n\t\t\t\t\t\t\t\t\t\t\t\t\t<a href=\"https:\/\/centerprint.hu\/wp-content\/uploads\/2018\/04\/nyomda-debrecen-szorolapok-brossurak-leporellok-7.jpg\"\n\t\t\t\t\t\tclass=\"single-image-582 col-lg-4 col-md-4 col-sm-4 col-xs-12\"\n\t\t\t\t\t\tdata-sub-html=\"Sz\u00f3r\u00f3lapok, bross\u00far\u00e1k\">\n\t\t\t\t\t\t<img class=\"thumbnail  \"\n\t\t\t\t\t\t\tsrc=\"https:\/\/centerprint.hu\/wp-content\/uploads\/2018\/04\/nyomda-debrecen-szorolapok-brossurak-leporellok-7.jpg\" alt=\"Sz\u00f3r\u00f3lapok, bross\u00far\u00e1k\" \/>\n\t\t\t\t\t<\/a>\n\t\t\t\t\n\t\t\t\t\n\t\t\t\t\t\t\t\t\t\t\t\t\t<a href=\"https:\/\/centerprint.hu\/wp-content\/uploads\/2018\/04\/nyomda-debrecen-konyv-katalogus-kemenykotes-ragasztott-8.jpg\"\n\t\t\t\t\t\tclass=\"single-image-582 col-lg-4 col-md-4 col-sm-4 col-xs-12\"\n\t\t\t\t\t\tdata-sub-html=\"K\u00f6nyvek, term\u00e9kkatal\u00f3gusok\">\n\t\t\t\t\t\t<img class=\"thumbnail  \"\n\t\t\t\t\t\t\tsrc=\"https:\/\/centerprint.hu\/wp-content\/uploads\/2018\/04\/nyomda-debrecen-konyv-katalogus-kemenykotes-ragasztott-8.jpg\" alt=\"K\u00f6nyvek, term\u00e9kkatal\u00f3gusok\" \/>\n\t\t\t\t\t<\/a>\n\t\t\t\t\n\t\t\t\t\n\t\t\t\t\t\t\t\t\t\t\t\t\t<a href=\"https:\/\/centerprint.hu\/wp-content\/uploads\/2018\/04\/nyomda-debrecen-szorolapok-brossurak-leporellok-1.jpg\"\n\t\t\t\t\t\tclass=\"single-image-582 col-lg-4 col-md-4 col-sm-4 col-xs-12\"\n\t\t\t\t\t\tdata-sub-html=\"Sz\u00f3r\u00f3lapok, bross\u00far\u00e1k\">\n\t\t\t\t\t\t<img class=\"thumbnail  \"\n\t\t\t\t\t\t\tsrc=\"https:\/\/centerprint.hu\/wp-content\/uploads\/2018\/04\/nyomda-debrecen-szorolapok-brossurak-leporellok-1.jpg\" alt=\"Sz\u00f3r\u00f3lapok, bross\u00far\u00e1k\" \/>\n\t\t\t\t\t<\/a>\n\t\t\t\t\n\t\t\t\t\n\t\t\t\t\t<\/div>\n\t<script>\n\t\/\/thumbnail or fixed Size thumbnail\n\tjQuery(window).on('load', function () {\n\t\tjQuery('#animated-thumbnails-582').lightGallery({\n\t\t\tthumbnail: true,\n\t\t\tanimateThumb: true,\n\t\t\t\/\/show and hide thumb setting\n\t\t\tshowThumbByDefault: true,\n\t\t\tsubHtmlSelectorRelative: true,\n\t\t\t\t\t\t\t\t\t\t\t\tmode: 'lg-fade',\n\t\t\t\t\t});\n\n\t\t\t});\t\n<\/script>\n<style>\n\t.lg-backdrop.in {\n\t\topacity: 0.85;\n\t}\n\n\t.fixed-size.lg-outer .lg-inner {\n\t\tbackground-color: #FFF;\n\t}\n\n\t.fixed-size.lg-outer .lg-sub-html {\n\t\tposition: absolute;\n\t\ttext-align: left;\n\t}\n\n\t.fixed-size.lg-outer .lg-toolbar {\n\t\tbackground-color: transparent;\n\t\theight: 0;\n\t}\n\n\t.fixed-size.lg-outer .lg-toolbar .lg-icon {\n\t\tcolor: #FFF;\n\t}\n\n\t.fixed-size.lg-outer .lg-img-wrap {\n\t\tpadding: 12px;\n\t}\n<\/style>\n<script>\n\tjQuery(document).ready(function () {\n\t\t\/\/ isotope effect function\n\t\t\/\/ Method 1 - Initialize Isotope, then trigger layout after each image loads.\n\t\tvar $grid = jQuery('.all-images-582').isotope({\n\t\t\t\/\/ options...\n\t\t\titemSelector: '.single-image-582',\n\t\t});\n\t\t\/\/ layout Isotope after each image loads\n\t\t$grid.imagesLoaded().progress(function () {\n\t\t\t$grid.isotope('layout');\n\t\t});\n\t});\n<\/script>\n","protected":false},"excerpt":{"rendered":"<p>Dac\u0103 oferim publicului \u021bint\u0103 ceva unic, captivant \u0219i atr\u0103g\u0103tor, putem ajunge la marile mase! Pentru tip\u0103rirea de pliante \u2013 contacta\u021bi echipa tipografiei Center-Print! Tip\u0103rirea de pliante: 3+1 motive pentru a alege tipografia Center-Print! Center-Print este dedicat tip\u0103ririi de pliante de \u00eenalt\u0103 calitate, care reprezint\u0103 baza perfect\u0103 pentru orice campanie publicitar\u0103. De asemenea, v\u0103 putem ajuta [&hellip;]<\/p>\n","protected":false},"author":1,"featured_media":0,"parent":71,"menu_order":7,"comment_status":"closed","ping_status":"closed","template":"","meta":{"_acf_changed":false,"footnotes":""},"class_list":["post-123","page","type-page","status-publish","hentry"],"acf":[],"_links":{"self":[{"href":"https:\/\/centerprint.hu\/ro\/wp-json\/wp\/v2\/pages\/123","targetHints":{"allow":["GET"]}}],"collection":[{"href":"https:\/\/centerprint.hu\/ro\/wp-json\/wp\/v2\/pages"}],"about":[{"href":"https:\/\/centerprint.hu\/ro\/wp-json\/wp\/v2\/types\/page"}],"author":[{"embeddable":true,"href":"https:\/\/centerprint.hu\/ro\/wp-json\/wp\/v2\/users\/1"}],"replies":[{"embeddable":true,"href":"https:\/\/centerprint.hu\/ro\/wp-json\/wp\/v2\/comments?post=123"}],"version-history":[{"count":2,"href":"https:\/\/centerprint.hu\/ro\/wp-json\/wp\/v2\/pages\/123\/revisions"}],"predecessor-version":[{"id":203,"href":"https:\/\/centerprint.hu\/ro\/wp-json\/wp\/v2\/pages\/123\/revisions\/203"}],"up":[{"embeddable":true,"href":"https:\/\/centerprint.hu\/ro\/wp-json\/wp\/v2\/pages\/71"}],"wp:attachment":[{"href":"https:\/\/centerprint.hu\/ro\/wp-json\/wp\/v2\/media?parent=123"}],"curies":[{"name":"wp","href":"https:\/\/api.w.org\/{rel}","templated":true}]}}