{"id":110,"date":"2018-04-08T18:56:58","date_gmt":"2018-04-08T18:56:58","guid":{"rendered":"http:\/\/centerprint.hu\/?page_id=110"},"modified":"2024-12-04T07:25:58","modified_gmt":"2024-12-04T07:25:58","slug":"konyvek-termekkatalogusok","status":"publish","type":"page","link":"https:\/\/centerprint.hu\/ro\/termekek\/konyvek-termekkatalogusok\/","title":{"rendered":"Tip\u0103rirea de c\u0103r\u021bi personalizate"},"content":{"rendered":"<p>Tip\u0103rirea de c\u0103r\u021bi personalizate \u00een tiraje mici \u0219i mari \u0219i de \u00eenalt\u0103 calitate \u2013 aceasta este ceea ce garanteaz\u0103 echipa Center-Print!<\/p>\n<p><img loading=\"lazy\" decoding=\"async\" width=\"1595\" height=\"803\" class=\"alignnone size-full wp-image-445\" src=\"http:\/\/centerprint.hu\/wp-content\/uploads\/2024\/05\/2024.05.06-03.webp\" alt=\"k\u00f6nyvnyomtat\u00e1s \u00e1r\" srcset=\"https:\/\/centerprint.hu\/wp-content\/uploads\/2024\/05\/2024.05.06-03.webp 1595w, https:\/\/centerprint.hu\/wp-content\/uploads\/2024\/05\/2024.05.06-03-1536x773.webp 1536w\" sizes=\"auto, (max-width: 1595px) 100vw, 1595px\" \/><\/p>\n<h3><strong>Tip\u0103rirea de c\u0103r\u021bi cu Center-Print! De ce s\u0103 ne alege\u021bi pe noi?<\/strong><\/h3>\n<p>Dori\u021bi s\u0103 primi\u021bi c\u0103r\u021bile c\u00e2t mai rapid \u0219i de cea mai bun\u0103 calitate? Aici avem solu\u021bia!<br \/>\nAvem o experien\u021b\u0103 vast\u0103 \u00een tip\u0103rirea c\u0103r\u021bilor. Echipa noastr\u0103 flexibil\u0103 se adapteaz\u0103 cu u\u0219urin\u021b\u0103 la diferite tehnologii de tip\u0103rire, inclusiv tip\u0103rirea offset \u0219i digital\u0103. \u00cen fiecare proiect, lu\u0103m \u00een considerare cerin\u021bele unice, indiferent de tipul de tip\u0103rire a c\u0103r\u021bilor.<\/p>\n<h3><strong>Principiile noastre:<\/strong><\/h3>\n<ul>\n<li>Orientare c\u0103tre client \u0219i flexibilitate \u2013 \u00eendeplinim \u0219i cerin\u021bele speciale.<\/li>\n<li>Termene scurte \u0219i oferte rapide \u2013 oferim cota\u021bii \u00eentr-un timp scurt \u0219i, dup\u0103 acceptare, livr\u0103m rapid.<\/li>\n<li>Calitate superioar\u0103 \u2013 tehnologia modern\u0103 \u0219i expertiza excelent\u0103 asigur\u0103 eficien\u021ba \u00een orice moment.<\/li>\n<\/ul>\n<h3><strong>Cum lucr\u0103m?<\/strong><\/h3>\n<ul>\n<li>Tipografie modern\u0103, echipamente de ultim\u0103 genera\u021bie \u0219i cuno\u0219tin\u021be de specialitate excelente: asigur\u0103m servicii profesionale \u0219i cea mai \u00eenalt\u0103 calitate a\u0219teptat\u0103 pe pia\u021b\u0103.<\/li>\n<li>Gam\u0103 larg\u0103 de produse: oferta noastr\u0103 variat\u0103 de produse ofer\u0103 posibilit\u0103\u021bi nelimitate.<\/li>\n<li>Acces FTP: fi\u0219ierele tipografice pot fi trimise \u0219i primite cu u\u0219urin\u021b\u0103 prin FTP.<\/li>\n<li>Program de gestionare a produc\u021biei personalizat: sistemul nostru specializat transmite imediat informa\u021biile necesare, asigur\u00e2nd o derulare lin\u0103 a tuturor proceselor.<\/li>\n<\/ul>\n<p>Garan\u021bia noastr\u0103 este c\u0103 vom c\u0103uta \u00eentotdeauna cele mai bune solu\u021bii \u0219i vom executa rapid \u0219i eficient sarcinile.<\/p>\n<h3><strong>Care este costul tip\u0103ririi c\u0103r\u021bilor?<\/strong><\/h3>\n<p>Costul final al tip\u0103ririi c\u0103r\u021bilor este calculat \u00een fiecare caz pe baza unei comenzi unice, adaptate la cerin\u021bele clientului \u0219i la proiectul respectiv. \u00cen practic\u0103, acest lucru \u00eenseamn\u0103 c\u0103 nu exist\u0103 pre\u021buri generale, deoarece fiecare proiect are cerin\u021be diferite. Garan\u021bia noastr\u0103 este c\u0103 toate costurile vor fi transparente, f\u0103r\u0103 taxe ascunse.<br \/>\nPentru a primi o ofert\u0103 detaliat\u0103, v\u0103 rug\u0103m s\u0103 ne contacta\u021bi, \u0219i vom fi bucuro\u0219i s\u0103 v\u0103 ajut\u0103m s\u0103 g\u0103si\u021bi cea mai potrivit\u0103 solu\u021bie pentru dumneavoastr\u0103, \u021bin\u00e2nd cont de cerin\u021bele \u0219i a\u0219tept\u0103rile speciale.<\/p>\n<h3><strong>Care este stadiul actual al tehnologiilor de tip\u0103rire?<\/strong><\/h3>\n<p>\u201eCartea este moart\u0103, oamenii nu mai citesc, textele pe h\u00e2rtie nu au viitor\u201d \u2013 poate cele mai mari mituri ale zilelor noastre. S\u0103 ne uit\u0103m \u00een jur: num\u0103rul exemplarelor tip\u0103rite de calitate \u0219i personalizate este \u00een cre\u0219tere. Tendin\u021bele actuale favorizeaz\u0103 produsele premium.<\/p>\n<p>Tehnologia de tip\u0103rire a c\u0103r\u021bilor a evoluat foarte mult \u0219i ofer\u0103 solu\u021bii inovatoare pentru editori \u0219i autori.<br \/>\nProgresele din domeniul tip\u0103ririi digitale permit, de asemenea, tip\u0103rirea personalizat\u0103 a c\u0103r\u021bilor, ceea ce face ca tirajele mici sau comenzile unice s\u0103 fie mai flexibile. Tehnologia de tip\u0103rire offset, destinat\u0103 \u00een principal marilor companii, este \u0219i ea \u00een continu\u0103 evolu\u021bie. Noile echipamente \u0219i software-uri contribuie semnificativ la produc\u021bia de c\u0103r\u021bi de \u00eenalt\u0103 calitate \u0219i eficien\u021b\u0103, optimiz\u00e2nd procesele de produc\u021bie \u0219i reduc\u00e2nd consumul de energie.<\/p>\n<p>Progresele din domeniul tip\u0103ririi de c\u0103r\u021bi nu se reflect\u0103 doar \u00een procesele de tip\u0103rire, ci \u0219i \u00een materialele \u0219i accesoriile utilizate. De exemplu, exist\u0103 tot mai multe op\u021biuni ecologice disponibile, care protejeaz\u0103 resursele naturale \u0219i reduc impactul asupra mediului. C\u0103r\u021bile pot fi \u0219i estetic foarte atractive, ceea ce spore\u0219te \u0219i mai mult pl\u0103cerea lecturii.<br \/>\nTehnologia \u0219i cuno\u0219tin\u021bele de care dispunem se dezvolt\u0103 de la o zi la alta, iar noi \u021binem pasul \u2013 at\u00e2t cu echipamentele noastre moderne, c\u00e2t \u0219i cu cuno\u0219tin\u021bele noastre actualizate.<\/p>\n<p style=\"text-align: center;\"><strong>Galerie<\/strong><\/p>\n\t<!-- CSS Part Start From Here-->\n\t<style>\n\t\t#animated-thumbnails-586 a {\n\t\t\ttext-decoration: none !important;\n\t\t\tbox-shadow: 0 0px 0 0 currentcolor !important;\n\t\t}\n\n\n\t\t\/* Grayscale Effect *\/\n\t\t\n\t\t\n\t\t#animated-thumbnails-586 img {\n\t\t\twidth: 100% !important;\n\t\t\theight: auto !important;\n\t\t}\n\n\t\t.lg-icon {\n\t\t\tcolor:\n\t\t\t\tgold\t\t\t\t!important;\n\t\t}\n\n\t\t.pg-title {\n\t\t\tcolor:\n\t\t\t\twhite\t\t\t\t!important;\n\t\t}\n\n\t\t\t<\/style>\n\t\t<div id=\"animated-thumbnails-586\"\n\t\tclass=\"row all-images-586\">\n\t\t\t\t\t\t\t\t\t\t\t<a href=\"https:\/\/centerprint.hu\/wp-content\/uploads\/2018\/04\/nyomda-debrecen-konyv-katalogus-kemenykotes-ragasztott-1-2.jpg\"\n\t\t\t\t\t\tclass=\"single-image-586 col-lg-4 col-md-4 col-sm-4 col-xs-12\"\n\t\t\t\t\t\tdata-sub-html=\"K\u00f6nyvek, term\u00e9kkatal\u00f3gusok\">\n\t\t\t\t\t\t<img class=\"thumbnail  \"\n\t\t\t\t\t\t\tsrc=\"https:\/\/centerprint.hu\/wp-content\/uploads\/2018\/04\/nyomda-debrecen-konyv-katalogus-kemenykotes-ragasztott-1-2.jpg\" alt=\"K\u00f6nyvek, term\u00e9kkatal\u00f3gusok\" \/>\n\t\t\t\t\t<\/a>\n\t\t\t\t\n\t\t\t\t\n\t\t\t\t\t\t\t\t\t\t\t\t\t<a href=\"https:\/\/centerprint.hu\/wp-content\/uploads\/2018\/04\/nyomda-debrecen-konyv-katalogus-kemenykotes-ragasztott-9.jpg\"\n\t\t\t\t\t\tclass=\"single-image-586 col-lg-4 col-md-4 col-sm-4 col-xs-12\"\n\t\t\t\t\t\tdata-sub-html=\"K\u00f6nyvek, term\u00e9kkatal\u00f3gusok\">\n\t\t\t\t\t\t<img class=\"thumbnail  \"\n\t\t\t\t\t\t\tsrc=\"https:\/\/centerprint.hu\/wp-content\/uploads\/2018\/04\/nyomda-debrecen-konyv-katalogus-kemenykotes-ragasztott-9.jpg\" alt=\"K\u00f6nyvek, term\u00e9kkatal\u00f3gusok\" \/>\n\t\t\t\t\t<\/a>\n\t\t\t\t\n\t\t\t\t\n\t\t\t\t\t\t\t\t\t\t\t\t\t<a href=\"https:\/\/centerprint.hu\/wp-content\/uploads\/2018\/04\/nyomda-debrecen-konyv-katalogus-kemenykotes-ragasztott-0.jpg\"\n\t\t\t\t\t\tclass=\"single-image-586 col-lg-4 col-md-4 col-sm-4 col-xs-12\"\n\t\t\t\t\t\tdata-sub-html=\"K\u00f6nyvek, term\u00e9kkatal\u00f3gusok\">\n\t\t\t\t\t\t<img class=\"thumbnail  \"\n\t\t\t\t\t\t\tsrc=\"https:\/\/centerprint.hu\/wp-content\/uploads\/2018\/04\/nyomda-debrecen-konyv-katalogus-kemenykotes-ragasztott-0.jpg\" alt=\"K\u00f6nyvek, term\u00e9kkatal\u00f3gusok\" \/>\n\t\t\t\t\t<\/a>\n\t\t\t\t\n\t\t\t\t\n\t\t\t\t\t\t\t\t\t\t\t\t\t<a href=\"https:\/\/centerprint.hu\/wp-content\/uploads\/2018\/04\/nyomda-debrecen-konyv-katalogus-kemenykotes-ragasztott-4.jpg\"\n\t\t\t\t\t\tclass=\"single-image-586 col-lg-4 col-md-4 col-sm-4 col-xs-12\"\n\t\t\t\t\t\tdata-sub-html=\"K\u00f6nyvek, term\u00e9kkatal\u00f3gusok\">\n\t\t\t\t\t\t<img class=\"thumbnail  \"\n\t\t\t\t\t\t\tsrc=\"https:\/\/centerprint.hu\/wp-content\/uploads\/2018\/04\/nyomda-debrecen-konyv-katalogus-kemenykotes-ragasztott-4.jpg\" alt=\"K\u00f6nyvek, term\u00e9kkatal\u00f3gusok\" \/>\n\t\t\t\t\t<\/a>\n\t\t\t\t\n\t\t\t\t\n\t\t\t\t\t\t\t\t\t\t\t\t\t<a href=\"https:\/\/centerprint.hu\/wp-content\/uploads\/2018\/04\/nyomda-debrecen-konyv-katalogus-kemenykotes-ragasztott-6.jpg\"\n\t\t\t\t\t\tclass=\"single-image-586 col-lg-4 col-md-4 col-sm-4 col-xs-12\"\n\t\t\t\t\t\tdata-sub-html=\"K\u00f6nyvek, term\u00e9kkatal\u00f3gusok\">\n\t\t\t\t\t\t<img class=\"thumbnail  \"\n\t\t\t\t\t\t\tsrc=\"https:\/\/centerprint.hu\/wp-content\/uploads\/2018\/04\/nyomda-debrecen-konyv-katalogus-kemenykotes-ragasztott-6.jpg\" alt=\"K\u00f6nyvek, term\u00e9kkatal\u00f3gusok\" \/>\n\t\t\t\t\t<\/a>\n\t\t\t\t\n\t\t\t\t\n\t\t\t\t\t\t\t\t\t\t\t\t\t<a href=\"https:\/\/centerprint.hu\/wp-content\/uploads\/2018\/04\/nyomda-debrecen-konyv-katalogus-kemenykotes-ragasztott-8.jpg\"\n\t\t\t\t\t\tclass=\"single-image-586 col-lg-4 col-md-4 col-sm-4 col-xs-12\"\n\t\t\t\t\t\tdata-sub-html=\"K\u00f6nyvek, term\u00e9kkatal\u00f3gusok\">\n\t\t\t\t\t\t<img class=\"thumbnail  \"\n\t\t\t\t\t\t\tsrc=\"https:\/\/centerprint.hu\/wp-content\/uploads\/2018\/04\/nyomda-debrecen-konyv-katalogus-kemenykotes-ragasztott-8.jpg\" alt=\"K\u00f6nyvek, term\u00e9kkatal\u00f3gusok\" \/>\n\t\t\t\t\t<\/a>\n\t\t\t\t\n\t\t\t\t\n\t\t\t\t\t\t\t\t\t\t\t\t\t<a href=\"https:\/\/centerprint.hu\/wp-content\/uploads\/2018\/04\/nyomda-debrecen-konyv-katalogus-kemenykotes-ragasztott-1.jpg\"\n\t\t\t\t\t\tclass=\"single-image-586 col-lg-4 col-md-4 col-sm-4 col-xs-12\"\n\t\t\t\t\t\tdata-sub-html=\"K\u00f6nyvek, term\u00e9kkatal\u00f3gusok\">\n\t\t\t\t\t\t<img class=\"thumbnail  \"\n\t\t\t\t\t\t\tsrc=\"https:\/\/centerprint.hu\/wp-content\/uploads\/2018\/04\/nyomda-debrecen-konyv-katalogus-kemenykotes-ragasztott-1.jpg\" alt=\"K\u00f6nyvek, term\u00e9kkatal\u00f3gusok\" \/>\n\t\t\t\t\t<\/a>\n\t\t\t\t\n\t\t\t\t\n\t\t\t\t\t\t\t\t\t\t\t\t\t<a href=\"https:\/\/centerprint.hu\/wp-content\/uploads\/2018\/04\/nyomda-debrecen-konyv-katalogus-kemenykotes-ragasztott-2.jpg\"\n\t\t\t\t\t\tclass=\"single-image-586 col-lg-4 col-md-4 col-sm-4 col-xs-12\"\n\t\t\t\t\t\tdata-sub-html=\"K\u00f6nyvek, term\u00e9kkatal\u00f3gusok\">\n\t\t\t\t\t\t<img class=\"thumbnail  \"\n\t\t\t\t\t\t\tsrc=\"https:\/\/centerprint.hu\/wp-content\/uploads\/2018\/04\/nyomda-debrecen-konyv-katalogus-kemenykotes-ragasztott-2.jpg\" alt=\"K\u00f6nyvek, term\u00e9kkatal\u00f3gusok\" \/>\n\t\t\t\t\t<\/a>\n\t\t\t\t\n\t\t\t\t\n\t\t\t\t\t<\/div>\n\t<script>\n\t\/\/thumbnail or fixed Size thumbnail\n\tjQuery(window).on('load', function () {\n\t\tjQuery('#animated-thumbnails-586').lightGallery({\n\t\t\tthumbnail: true,\n\t\t\tanimateThumb: true,\n\t\t\t\/\/show and hide thumb setting\n\t\t\tshowThumbByDefault: true,\n\t\t\tsubHtmlSelectorRelative: true,\n\t\t\t\t\t\t\t\t\t\t\t\tmode: 'lg-fade',\n\t\t\t\t\t});\n\n\t\t\t});\t\n<\/script>\n<style>\n\t.lg-backdrop.in {\n\t\topacity: 0.85;\n\t}\n\n\t.fixed-size.lg-outer .lg-inner {\n\t\tbackground-color: #FFF;\n\t}\n\n\t.fixed-size.lg-outer .lg-sub-html {\n\t\tposition: absolute;\n\t\ttext-align: left;\n\t}\n\n\t.fixed-size.lg-outer .lg-toolbar {\n\t\tbackground-color: transparent;\n\t\theight: 0;\n\t}\n\n\t.fixed-size.lg-outer .lg-toolbar .lg-icon {\n\t\tcolor: #FFF;\n\t}\n\n\t.fixed-size.lg-outer .lg-img-wrap {\n\t\tpadding: 12px;\n\t}\n<\/style>\n<script>\n\tjQuery(document).ready(function () {\n\t\t\/\/ isotope effect function\n\t\t\/\/ Method 1 - Initialize Isotope, then trigger layout after each image loads.\n\t\tvar $grid = jQuery('.all-images-586').isotope({\n\t\t\t\/\/ options...\n\t\t\titemSelector: '.single-image-586',\n\t\t});\n\t\t\/\/ layout Isotope after each image loads\n\t\t$grid.imagesLoaded().progress(function () {\n\t\t\t$grid.isotope('layout');\n\t\t});\n\t});\n<\/script>\n","protected":false},"excerpt":{"rendered":"<p>Tip\u0103rirea de c\u0103r\u021bi personalizate \u00een tiraje mici \u0219i mari \u0219i de \u00eenalt\u0103 calitate \u2013 aceasta este ceea ce garanteaz\u0103 echipa Center-Print! Tip\u0103rirea de c\u0103r\u021bi cu Center-Print! De ce s\u0103 ne alege\u021bi pe noi? Dori\u021bi s\u0103 primi\u021bi c\u0103r\u021bile c\u00e2t mai rapid \u0219i de cea mai bun\u0103 calitate? Aici avem solu\u021bia! Avem o experien\u021b\u0103 vast\u0103 \u00een tip\u0103rirea [&hellip;]<\/p>\n","protected":false},"author":1,"featured_media":0,"parent":71,"menu_order":12,"comment_status":"closed","ping_status":"closed","template":"","meta":{"_acf_changed":false,"footnotes":""},"class_list":["post-110","page","type-page","status-publish","hentry"],"acf":[],"_links":{"self":[{"href":"https:\/\/centerprint.hu\/ro\/wp-json\/wp\/v2\/pages\/110","targetHints":{"allow":["GET"]}}],"collection":[{"href":"https:\/\/centerprint.hu\/ro\/wp-json\/wp\/v2\/pages"}],"about":[{"href":"https:\/\/centerprint.hu\/ro\/wp-json\/wp\/v2\/types\/page"}],"author":[{"embeddable":true,"href":"https:\/\/centerprint.hu\/ro\/wp-json\/wp\/v2\/users\/1"}],"replies":[{"embeddable":true,"href":"https:\/\/centerprint.hu\/ro\/wp-json\/wp\/v2\/comments?post=110"}],"version-history":[{"count":2,"href":"https:\/\/centerprint.hu\/ro\/wp-json\/wp\/v2\/pages\/110\/revisions"}],"predecessor-version":[{"id":202,"href":"https:\/\/centerprint.hu\/ro\/wp-json\/wp\/v2\/pages\/110\/revisions\/202"}],"up":[{"embeddable":true,"href":"https:\/\/centerprint.hu\/ro\/wp-json\/wp\/v2\/pages\/71"}],"wp:attachment":[{"href":"https:\/\/centerprint.hu\/ro\/wp-json\/wp\/v2\/media?parent=110"}],"curies":[{"name":"wp","href":"https:\/\/api.w.org\/{rel}","templated":true}]}}