{"id":104,"date":"2018-04-08T18:53:57","date_gmt":"2018-04-08T18:53:57","guid":{"rendered":"http:\/\/centerprint.hu\/?page_id=104"},"modified":"2024-10-28T11:25:12","modified_gmt":"2024-10-28T11:25:12","slug":"folyoiratok-magazinok","status":"publish","type":"page","link":"https:\/\/centerprint.hu\/ro\/termekek\/folyoiratok-magazinok\/","title":{"rendered":"Reviste \u0219i cataloage"},"content":{"rendered":"<p><img loading=\"lazy\" decoding=\"async\" width=\"1600\" height=\"1200\" class=\"alignnone size-large wp-image-515\" src=\"http:\/\/centerprint.hu\/wp-content\/uploads\/2024\/07\/img_1035-1600x1200.webp\" alt=\"\" srcset=\"https:\/\/centerprint.hu\/wp-content\/uploads\/2024\/07\/img_1035-1600x1200.webp 1600w, https:\/\/centerprint.hu\/wp-content\/uploads\/2024\/07\/img_1035-1536x1152.webp 1536w, https:\/\/centerprint.hu\/wp-content\/uploads\/2024\/07\/img_1035-2048x1536.webp 2048w\" sizes=\"auto, (max-width: 1600px) 100vw, 1600px\" \/><\/p>\n<h3>Tip\u0103rire de ziare, reviste \u0219i cataloage la tipografia Center Print!<\/h3>\n<p>Compania noastr\u0103 ofer\u0103 servicii de tip\u0103rire pentru publica\u021bii periodice sau ocazionale.<\/p>\n<p>\u00cen portofoliul nostru g\u0103si\u021bi ziare, reviste, periodice, cataloage \u0219i alte publica\u021bii \u00een tiraje mici \u0219i medii. Cu tehnologia pe foi, putem produce p\u00e2n\u0103 la dimensiunea maxim\u0103 B1.<\/p>\n<p>Materialele pentru publica\u021bii pot varia de la h\u00e2rtie offset la h\u00e2rtie lucioas\u0103 cu diverse finisaje. Greutatea h\u00e2rtiei utilizate variaz\u0103 \u00eentre 70 \u0219i 500 g\/m2.<\/p>\n<h3><strong>C\u00e2t cost\u0103 fiecare tip de h\u00e2rtie?<\/strong><\/h3>\n<p>Costurile de tip\u0103rire pentru ziare \u0219i reviste depind de mai mul\u021bi factori, inclusiv tipul de h\u00e2rtie, dimensiunea \u0219i num\u0103rul de exemplare. Dimensiunile standard sunt solu\u021bii economice, \u00een timp ce h\u00e2rtiile mai groase, premium, sau dimensiunile speciale pot fi mai costisitoare, dar ofer\u0103 un aspect mai exclusivist.<\/p>\n<p>Oferim o gam\u0103 larg\u0103 de tipuri de h\u00e2rtie, iar \u00eentotdeauna ne adapt\u0103m la cerin\u021bele \u0219i ideile clien\u021bilor no\u0219tri pentru a g\u0103si cea mai bun\u0103 solu\u021bie. Pre\u021burile exacte depind de caracteristicile fiec\u0103rui proiect. Pentru mai multe informa\u021bii, contacta\u021bi-ne sau cere\u021bi o ofert\u0103!<\/p>\n<h3><strong>De ce merit\u0103 s\u0103 tip\u0103ri\u021bi reviste sau ziare \u00een scopuri de marketing?<\/strong><\/h3>\n<p>Revistele sunt unele dintre cele mai eficiente instrumente de marketing, deoarece ajung direct la publicul \u021bint\u0103 \u00een form\u0103 fizic\u0103, atr\u0103g\u00e2nd imediat aten\u021bia. Ele sunt avantajoase \u0219i pentru c\u0103 pot fi produse rapid \u0219i u\u0219or \u00een cantit\u0103\u021bi mari, ajung\u00e2nd astfel la o audien\u021b\u0103 vast\u0103. \u00cen plus, sunt u\u0219or de distribuit, versatile \u0219i reprezint\u0103 o investi\u021bie excelent\u0103 datorit\u0103 costurilor reduse de produc\u021bie. Designul unic \u0219i atr\u0103g\u0103tor al acestora contribuie la cre\u0219terea notoriet\u0103\u021bii brandului \u0219i stimuleaz\u0103 v\u00e2nz\u0103rile.<\/p>\n<p>Revistele ofer\u0103 oportunitatea de a transmite mesaje \u0219i promo\u021bii creative care influen\u021beaz\u0103 direct deciziile de cump\u0103rare. Pentru a ob\u021bine aceste rezultate, este nevoie de solu\u021bii profesionale, pe care doar o tipografie modern\u0103 din secolul 21, precum Center-Print, le poate garanta \u2013 chiar de azi!<\/p>\n<p style=\"text-align: center;\"><strong>Galerie<\/strong><\/p>\n\t<!-- CSS Part Start From Here-->\n\t<style>\n\t\t#animated-thumbnails-585 a {\n\t\t\ttext-decoration: none !important;\n\t\t\tbox-shadow: 0 0px 0 0 currentcolor !important;\n\t\t}\n\n\n\t\t\/* Grayscale Effect *\/\n\t\t\n\t\t\n\t\t#animated-thumbnails-585 img {\n\t\t\twidth: 100% !important;\n\t\t\theight: auto !important;\n\t\t}\n\n\t\t.lg-icon {\n\t\t\tcolor:\n\t\t\t\tgold\t\t\t\t!important;\n\t\t}\n\n\t\t.pg-title {\n\t\t\tcolor:\n\t\t\t\twhite\t\t\t\t!important;\n\t\t}\n\n\t\t\t<\/style>\n\t\t<div id=\"animated-thumbnails-585\"\n\t\tclass=\"row all-images-585\">\n\t\t\t\t\t\t\t\t\t\t\t<a href=\"https:\/\/centerprint.hu\/wp-content\/uploads\/2024\/07\/2407-ujsag-print-04.webp\"\n\t\t\t\t\t\tclass=\"single-image-585 col-lg-4 col-md-4 col-sm-4 col-xs-12\"\n\t\t\t\t\t\tdata-sub-html=\"2407 \u2013 \u00fajs\u00e1g print \u2013 04\">\n\t\t\t\t\t\t<img class=\"thumbnail  \"\n\t\t\t\t\t\t\tsrc=\"https:\/\/centerprint.hu\/wp-content\/uploads\/2024\/07\/2407-ujsag-print-04.webp\" alt=\"\u00fajs\u00e1g k\u00e9sz\u00edt\u00e9s\" \/>\n\t\t\t\t\t<\/a>\n\t\t\t\t\n\t\t\t\t\n\t\t\t\t\t\t\t\t\t\t\t\t\t<a href=\"https:\/\/centerprint.hu\/wp-content\/uploads\/2018\/04\/nyomda-debrecen-konyv-katalogus-kemenykotes-ragasztott-1-2.jpg\"\n\t\t\t\t\t\tclass=\"single-image-585 col-lg-4 col-md-4 col-sm-4 col-xs-12\"\n\t\t\t\t\t\tdata-sub-html=\"K\u00f6nyvek, term\u00e9kkatal\u00f3gusok\">\n\t\t\t\t\t\t<img class=\"thumbnail  \"\n\t\t\t\t\t\t\tsrc=\"https:\/\/centerprint.hu\/wp-content\/uploads\/2018\/04\/nyomda-debrecen-konyv-katalogus-kemenykotes-ragasztott-1-2.jpg\" alt=\"K\u00f6nyvek, term\u00e9kkatal\u00f3gusok\" \/>\n\t\t\t\t\t<\/a>\n\t\t\t\t\n\t\t\t\t\n\t\t\t\t\t\t\t\t\t\t\t\t\t<a href=\"https:\/\/centerprint.hu\/wp-content\/uploads\/2024\/07\/2407-ujsag-print-01.webp\"\n\t\t\t\t\t\tclass=\"single-image-585 col-lg-4 col-md-4 col-sm-4 col-xs-12\"\n\t\t\t\t\t\tdata-sub-html=\"2407 \u2013 \u00fajs\u00e1g print \u2013 01\">\n\t\t\t\t\t\t<img class=\"thumbnail  \"\n\t\t\t\t\t\t\tsrc=\"https:\/\/centerprint.hu\/wp-content\/uploads\/2024\/07\/2407-ujsag-print-01.webp\" alt=\"\u00fajs\u00e1g nyomtat\u00e1s\" \/>\n\t\t\t\t\t<\/a>\n\t\t\t\t\n\t\t\t\t\n\t\t\t\t\t\t\t\t\t\t\t\t\t<a href=\"https:\/\/centerprint.hu\/wp-content\/uploads\/2018\/04\/nyomda-debrecen-ujsag-hirlap-magazin-folyoirat-4.jpg\"\n\t\t\t\t\t\tclass=\"single-image-585 col-lg-4 col-md-4 col-sm-4 col-xs-12\"\n\t\t\t\t\t\tdata-sub-html=\"Foly\u00f3iratok, magazinok\">\n\t\t\t\t\t\t<img class=\"thumbnail  \"\n\t\t\t\t\t\t\tsrc=\"https:\/\/centerprint.hu\/wp-content\/uploads\/2018\/04\/nyomda-debrecen-ujsag-hirlap-magazin-folyoirat-4.jpg\" alt=\"Foly\u00f3iratok, magazinok\" \/>\n\t\t\t\t\t<\/a>\n\t\t\t\t\n\t\t\t\t\n\t\t\t\t\t\t\t\t\t\t\t\t\t<a href=\"https:\/\/centerprint.hu\/wp-content\/uploads\/2018\/04\/nyomda-debrecen-ujsag-hirlap-magazin-folyoirat-3.jpg\"\n\t\t\t\t\t\tclass=\"single-image-585 col-lg-4 col-md-4 col-sm-4 col-xs-12\"\n\t\t\t\t\t\tdata-sub-html=\"Foly\u00f3iratok, magazinok\">\n\t\t\t\t\t\t<img class=\"thumbnail  \"\n\t\t\t\t\t\t\tsrc=\"https:\/\/centerprint.hu\/wp-content\/uploads\/2018\/04\/nyomda-debrecen-ujsag-hirlap-magazin-folyoirat-3.jpg\" alt=\"Foly\u00f3iratok, magazinok\" \/>\n\t\t\t\t\t<\/a>\n\t\t\t\t\n\t\t\t\t\n\t\t\t\t\t\t\t\t\t\t\t\t\t<a href=\"https:\/\/centerprint.hu\/wp-content\/uploads\/2018\/04\/nyomda-debrecen-ujsag-hirlap-magazin-folyoirat-2.jpg\"\n\t\t\t\t\t\tclass=\"single-image-585 col-lg-4 col-md-4 col-sm-4 col-xs-12\"\n\t\t\t\t\t\tdata-sub-html=\"Foly\u00f3iratok, magazinok\">\n\t\t\t\t\t\t<img class=\"thumbnail  \"\n\t\t\t\t\t\t\tsrc=\"https:\/\/centerprint.hu\/wp-content\/uploads\/2018\/04\/nyomda-debrecen-ujsag-hirlap-magazin-folyoirat-2.jpg\" alt=\"Foly\u00f3iratok, magazinok\" \/>\n\t\t\t\t\t<\/a>\n\t\t\t\t\n\t\t\t\t\n\t\t\t\t\t<\/div>\n\t<script>\n\t\/\/thumbnail or fixed Size thumbnail\n\tjQuery(window).on('load', function () {\n\t\tjQuery('#animated-thumbnails-585').lightGallery({\n\t\t\tthumbnail: true,\n\t\t\tanimateThumb: true,\n\t\t\t\/\/show and hide thumb setting\n\t\t\tshowThumbByDefault: true,\n\t\t\tsubHtmlSelectorRelative: true,\n\t\t\t\t\t\t\t\t\t\t\t\tmode: 'lg-fade',\n\t\t\t\t\t});\n\n\t\t\t});\t\n<\/script>\n<style>\n\t.lg-backdrop.in {\n\t\topacity: 0.85;\n\t}\n\n\t.fixed-size.lg-outer .lg-inner {\n\t\tbackground-color: #FFF;\n\t}\n\n\t.fixed-size.lg-outer .lg-sub-html {\n\t\tposition: absolute;\n\t\ttext-align: left;\n\t}\n\n\t.fixed-size.lg-outer .lg-toolbar {\n\t\tbackground-color: transparent;\n\t\theight: 0;\n\t}\n\n\t.fixed-size.lg-outer .lg-toolbar .lg-icon {\n\t\tcolor: #FFF;\n\t}\n\n\t.fixed-size.lg-outer .lg-img-wrap {\n\t\tpadding: 12px;\n\t}\n<\/style>\n<script>\n\tjQuery(document).ready(function () {\n\t\t\/\/ isotope effect function\n\t\t\/\/ Method 1 - Initialize Isotope, then trigger layout after each image loads.\n\t\tvar $grid = jQuery('.all-images-585').isotope({\n\t\t\t\/\/ options...\n\t\t\titemSelector: '.single-image-585',\n\t\t});\n\t\t\/\/ layout Isotope after each image loads\n\t\t$grid.imagesLoaded().progress(function () {\n\t\t\t$grid.isotope('layout');\n\t\t});\n\t});\n<\/script>\n","protected":false},"excerpt":{"rendered":"<p>Tip\u0103rire de ziare, reviste \u0219i cataloage la tipografia Center Print! Compania noastr\u0103 ofer\u0103 servicii de tip\u0103rire pentru publica\u021bii periodice sau ocazionale. \u00cen portofoliul nostru g\u0103si\u021bi ziare, reviste, periodice, cataloage \u0219i alte publica\u021bii \u00een tiraje mici \u0219i medii. Cu tehnologia pe foi, putem produce p\u00e2n\u0103 la dimensiunea maxim\u0103 B1. Materialele pentru publica\u021bii pot varia de la [&hellip;]<\/p>\n","protected":false},"author":1,"featured_media":0,"parent":71,"menu_order":6,"comment_status":"closed","ping_status":"closed","template":"","meta":{"_acf_changed":false,"footnotes":""},"class_list":["post-104","page","type-page","status-publish","hentry"],"acf":[],"_links":{"self":[{"href":"https:\/\/centerprint.hu\/ro\/wp-json\/wp\/v2\/pages\/104","targetHints":{"allow":["GET"]}}],"collection":[{"href":"https:\/\/centerprint.hu\/ro\/wp-json\/wp\/v2\/pages"}],"about":[{"href":"https:\/\/centerprint.hu\/ro\/wp-json\/wp\/v2\/types\/page"}],"author":[{"embeddable":true,"href":"https:\/\/centerprint.hu\/ro\/wp-json\/wp\/v2\/users\/1"}],"replies":[{"embeddable":true,"href":"https:\/\/centerprint.hu\/ro\/wp-json\/wp\/v2\/comments?post=104"}],"version-history":[{"count":1,"href":"https:\/\/centerprint.hu\/ro\/wp-json\/wp\/v2\/pages\/104\/revisions"}],"predecessor-version":[{"id":201,"href":"https:\/\/centerprint.hu\/ro\/wp-json\/wp\/v2\/pages\/104\/revisions\/201"}],"up":[{"embeddable":true,"href":"https:\/\/centerprint.hu\/ro\/wp-json\/wp\/v2\/pages\/71"}],"wp:attachment":[{"href":"https:\/\/centerprint.hu\/ro\/wp-json\/wp\/v2\/media?parent=104"}],"curies":[{"name":"wp","href":"https:\/\/api.w.org\/{rel}","templated":true}]}}