{"id":90,"date":"2018-04-08T16:03:35","date_gmt":"2018-04-08T16:03:35","guid":{"rendered":"http:\/\/centerprint.hu\/?page_id=90"},"modified":"2026-02-16T08:30:41","modified_gmt":"2026-02-16T08:30:41","slug":"karrier","status":"publish","type":"page","link":"https:\/\/centerprint.hu\/en\/karrier\/","title":{"rendered":"Career"},"content":{"rendered":"<h2><img loading=\"lazy\" decoding=\"async\" width=\"1600\" height=\"840\" class=\"alignnone size-large wp-image-367\" src=\"http:\/\/centerprint.hu\/wp-content\/uploads\/2022\/01\/Munkatarsat-keresunk-1600x840.jpg\" alt=\"Munkat\u00e1rsat keres\u00fcnk\" \/><\/h2>\n<h2><strong>LEGY\u00c9L TE IS CSAPATTAG!<\/strong><\/h2>\n<p>Dinamikusan fejl\u0151d\u0151 c\u00e9g\u00fcnk csapat\u00e1ba keres\u00fcnk \u00faj munkat\u00e1rsakat. Ha hossz\u00fat\u00e1von gondolkozol \u00e9s tudsz csapatban dolgozni, akkor n\u00e1lunk a helyed!<\/p>\n<p><strong>AKTU\u00c1LIS \u00c1LL\u00c1SAJ\u00c1NLATAINK<\/strong><\/p>\n<div id=\"box_amit-kinalunk\" class=\"box box_amit-kinalunk\">\n<div id=\"offer\"><\/div>\n<\/div>\n<p><strong>1.) OFSZET G\u00c9PMESTER<br \/>\n<\/strong><\/p>\n<p><strong>\u00a0F\u0151bb feladatok, munk\u00e1k:<\/strong><\/p>\n<ul>\n<li>ofszet nyom\u00f3g\u00e9p be\u00e1ll\u00edt\u00e1sa, kezel\u00e9se, karbantart\u00e1sa, 2 m\u0171szakos munkarendben<\/li>\n<li>\u00a0Sz\u00ednm\u00e9r\u00e9si eszk\u00f6z\u00f6k ismerete \u00e9s gyakorlati alkalmaz\u00e1sa<\/li>\n<li>A megrendelt term\u00e9kek hat\u00e1rid\u0151re t\u00f6rt\u00e9n\u0151 el\u0151\u00e1ll\u00edt\u00e1sa<\/li>\n<li>A technol\u00f3giai el\u0151\u00edr\u00e1sok \u00e9s kezel\u00e9si utas\u00edt\u00e1sok betart\u00e1sa<\/li>\n<li>Adatok megfelel\u0151 dokument\u00e1l\u00e1sa a v\u00e1llalatir\u00e1ny\u00edt\u00e1si rendszerben<\/li>\n<\/ul>\n<p><strong>Az \u00e1ll\u00e1shoz tartoz\u00f3 elv\u00e1r\u00e1sok:<\/strong><\/p>\n<ul>\n<li>G\u00e9pmesteri tapasztalat t\u00f6bb sz\u00ednes Heidelberg ofszet nyom\u00f3g\u00e9pen<\/li>\n<li>\u00d6n\u00e1ll\u00f3, dinamikus munkav\u00e9gz\u00e9s<\/li>\n<li>Egy\u00fcttm\u0171k\u00f6d\u0151, toler\u00e1ns szem\u00e9lyis\u00e9g<\/li>\n<li>Legal\u00e1bb k\u00f6z\u00e9piskolai v\u00e9gzetts\u00e9g (nyomdaipari g\u00e9pmester, vagy m\u0171szaki v\u00e9gzetts\u00e9g)<\/li>\n<li>A nyomdaipari folyamatok alapos ismerete<\/li>\n<li>Pontos, prec\u00edz munkav\u00e9gz\u00e9s<\/li>\n<\/ul>\n<p><strong>Amit k\u00edn\u00e1lunk:<\/strong><\/p>\n<ul>\n<li>stabil munk\u00e1ltat\u00f3i h\u00e1tt\u00e9r, rendezett munkak\u00f6rnyezet<\/li>\n<li>versenyk\u00e9pes b\u00e9rez\u00e9s<\/li>\n<li>dinamikusan b\u0151v\u00fcl\u0151 g\u00e9ppark<\/li>\n<li>cafeteria<\/li>\n<\/ul>\n<p><strong>Jelentkez\u00e9s szem\u00e9lyesen:<\/strong><br \/>\nCenter-Print Nyomda Kft.<br \/>\n4027 Debrecen, F\u00fcredi u. 76.<\/p>\n<p><strong>E-mailben:<\/strong> hr@centerprint.hu (\u00f6n\u00e9letrajz \u00e9s fizet\u00e9si ig\u00e9ny megad\u00e1s\u00e1val)<br \/>\n<strong>Telefonon:<\/strong> 52\/340-041<\/p>\n<p>V\u00c1RJUK JELENTKEZ\u00c9S\u00c9T!<\/p>\n<p>&nbsp;<\/p>\n<p><strong>2.) NYOMDAIPARI K\u00d6T\u00c9SZETI OPER\u00c1TOR<\/strong><\/p>\n<p><strong>F\u0151bb feladatok:<\/strong><\/p>\n<ul>\n<li>betan\u00edt\u00e1s ut\u00e1n k\u00f6t\u00e9szeti g\u00e9pek \u00f6n\u00e1ll\u00f3 kezel\u00e9se (f\u00f3li\u00e1z\u00f3 g\u00e9p, v\u00e1g\u00f3g\u00e9p, \u00f6sszehord\u00f3 g\u00e9p, hajtogat\u00f3 g\u00e9p, stb.)<\/li>\n<li>termel\u00e9si program szerinti munkav\u00e9gz\u00e9s<\/li>\n<li>munkafolyamatok adminisztr\u00e1l\u00e1sa<\/li>\n<li>nyomdai ut\u00f3munk\u00e1k<\/li>\n<li>csomagol\u00e1s<\/li>\n<\/ul>\n<p><strong>\u00a0Az \u00e1ll\u00e1shoz tartoz\u00f3 elv\u00e1r\u00e1sok:<\/strong><\/p>\n<ul>\n<li>pontos, prec\u00edz munkav\u00e9gz\u00e9s<\/li>\n<li>megb\u00edzhat\u00f3s\u00e1g, dolgozni akar\u00e1s \u00e9s tud\u00e1s<\/li>\n<li>j\u00f3 k\u00e9z\u00fcgyess\u00e9g, gyorsas\u00e1g<\/li>\n<li>monot\u00f3niat\u0171r\u00e9s<\/li>\n<li>megb\u00edzhat\u00f3, stabil munkav\u00e9gz\u00e9s<\/li>\n<\/ul>\n<p><strong>\u00a0Az \u00e1ll\u00e1s bet\u00f6lt\u00e9s\u00e9hez el\u0151nyt jelent:<\/strong><\/p>\n<ul>\n<li>dobozragaszt\u00f3 g\u00e9pen szerzett tapasztalat<\/li>\n<li>k\u00f6t\u00e9szeti \u00e9s feldolgoz\u00e1s-technol\u00f3giai ismeretek<\/li>\n<li>g\u00e9p\u00e9szeti \u00e9s\/vagy k\u00f6t\u00e9szeti g\u00e9pek ismerete<\/li>\n<li>nyomdaiparban szerzett tapasztalat<\/li>\n<li>Scroll program ismeret<\/li>\n<\/ul>\n<p><strong>Amit k\u00edn\u00e1lunk:<\/strong><\/p>\n<ul>\n<li>stabil munk\u00e1ltat\u00f3i h\u00e1tt\u00e9r, rendezett munkak\u00f6rnyezet<\/li>\n<li>versenyk\u00e9pes b\u00e9rez\u00e9s<\/li>\n<li>dinamikusan b\u0151v\u00fcl\u0151 g\u00e9ppark<\/li>\n<li>cafeteria<\/li>\n<\/ul>\n<p><strong>Jelentkez\u00e9s szem\u00e9lyesen:<\/strong><br \/>\nCenter-Print Nyomda Kft.<br \/>\n4027 Debrecen, F\u00fcredi u. 76.<\/p>\n<p><strong>E-mailben:<\/strong> hr@centerprint.hu (\u00f6n\u00e9letrajz \u00e9s fizet\u00e9si ig\u00e9ny megad\u00e1s\u00e1val)<br \/>\n<strong>Telefonon:<\/strong> 52\/340-041<\/p>\n<p>V\u00c1RJUK JELENTKEZ\u00c9S\u00c9T!<\/p>\n<p>&nbsp;<\/p>\n<p>&nbsp;<\/p>\n<p>&nbsp;<\/p>\n<div>\n<div id=\"xd40a0dae1def4f6\">\n<div>\n<p>&nbsp;<\/p>\n<\/div>\n<div id=\"x5bcb22de70b24e0fa8f78a762bec21ca\">\n<div id=\"xd40a0dae1def4f6\">\n<div id=\"x8235b7302f63473592c953d67634a7cf\">\n<div id=\"xd40a0dae1def4f6\">\n<p>&nbsp;<\/p>\n<p>&nbsp;<\/p>\n<\/div>\n<\/div>\n<div>\n<div id=\"x03268306ddb242d\">\n<div>\n<div id=\"xe54c6fc91288477082d34b9d988f2f62\">\n<p>&nbsp;<\/p>\n<\/div>\n<p>&nbsp;<\/p>\n<\/div>\n<p>&nbsp;<\/p>\n<\/div>\n<\/div>\n<\/div>\n<\/div>\n<\/div>\n<\/div>\n","protected":false},"excerpt":{"rendered":"<p>LEGY\u00c9L TE IS CSAPATTAG! Dinamikusan fejl\u0151d\u0151 c\u00e9g\u00fcnk csapat\u00e1ba keres\u00fcnk \u00faj munkat\u00e1rsakat. Ha hossz\u00fat\u00e1von gondolkozol \u00e9s tudsz csapatban dolgozni, akkor n\u00e1lunk a helyed! AKTU\u00c1LIS \u00c1LL\u00c1SAJ\u00c1NLATAINK 1.) OFSZET G\u00c9PMESTER \u00a0F\u0151bb feladatok, munk\u00e1k: ofszet nyom\u00f3g\u00e9p be\u00e1ll\u00edt\u00e1sa, kezel\u00e9se, karbantart\u00e1sa, 2 m\u0171szakos munkarendben \u00a0Sz\u00ednm\u00e9r\u00e9si eszk\u00f6z\u00f6k ismerete \u00e9s gyakorlati alkalmaz\u00e1sa A megrendelt term\u00e9kek hat\u00e1rid\u0151re t\u00f6rt\u00e9n\u0151 el\u0151\u00e1ll\u00edt\u00e1sa A technol\u00f3giai el\u0151\u00edr\u00e1sok \u00e9s kezel\u00e9si [&hellip;]<\/p>\n","protected":false},"author":1,"featured_media":0,"parent":0,"menu_order":5,"comment_status":"closed","ping_status":"closed","template":"","meta":{"_acf_changed":false,"footnotes":""},"class_list":["post-90","page","type-page","status-publish","hentry"],"acf":[],"_links":{"self":[{"href":"https:\/\/centerprint.hu\/en\/wp-json\/wp\/v2\/pages\/90","targetHints":{"allow":["GET"]}}],"collection":[{"href":"https:\/\/centerprint.hu\/en\/wp-json\/wp\/v2\/pages"}],"about":[{"href":"https:\/\/centerprint.hu\/en\/wp-json\/wp\/v2\/types\/page"}],"author":[{"embeddable":true,"href":"https:\/\/centerprint.hu\/en\/wp-json\/wp\/v2\/users\/1"}],"replies":[{"embeddable":true,"href":"https:\/\/centerprint.hu\/en\/wp-json\/wp\/v2\/comments?post=90"}],"version-history":[{"count":4,"href":"https:\/\/centerprint.hu\/en\/wp-json\/wp\/v2\/pages\/90\/revisions"}],"predecessor-version":[{"id":1014,"href":"https:\/\/centerprint.hu\/en\/wp-json\/wp\/v2\/pages\/90\/revisions\/1014"}],"wp:attachment":[{"href":"https:\/\/centerprint.hu\/en\/wp-json\/wp\/v2\/media?parent=90"}],"curies":[{"name":"wp","href":"https:\/\/api.w.org\/{rel}","templated":true}]}}