{"id":89,"date":"2018-04-08T15:55:34","date_gmt":"2018-04-08T15:55:34","guid":{"rendered":"http:\/\/centerprint.hu\/?page_id=89"},"modified":"2025-01-27T11:28:36","modified_gmt":"2025-01-27T11:28:36","slug":"csomagolastechnika","status":"publish","type":"page","link":"https:\/\/centerprint.hu\/en\/szolgaltatasok\/csomagolastechnika\/","title":{"rendered":"Packaging solutions"},"content":{"rendered":"<p><span style=\"font-weight: 400;\">Discover the modern packaging solutions technology thanks to Center-Print and raise the appearance of your products to a new level! Request an offer today!<\/span><\/p>\n<p><img loading=\"lazy\" decoding=\"async\" width=\"1600\" height=\"773\" class=\"alignnone size-large wp-image-565\" src=\"http:\/\/centerprint.hu\/wp-content\/uploads\/2024\/08\/doboz-scaled-e1722848056430-1600x773.jpg\" alt=\"\" srcset=\"https:\/\/centerprint.hu\/wp-content\/uploads\/2024\/08\/doboz-scaled-e1722848056430-1600x773.jpg 1600w, https:\/\/centerprint.hu\/wp-content\/uploads\/2024\/08\/doboz-scaled-e1722848056430-1536x742.jpg 1536w, https:\/\/centerprint.hu\/wp-content\/uploads\/2024\/08\/doboz-scaled-e1722848056430-2048x990.jpg 2048w\" sizes=\"auto, (max-width: 1600px) 100vw, 1600px\" \/><\/p>\n<h3><strong>Packaging solutions &#8211; 21st century, innovativation by Center-Print<\/strong><\/h3>\n<p><span style=\"font-weight: 400;\">In the field of packaging technology, our team offers the most modern and innovative solutions possible, so that your products are guaranteed to stand out on the market. By combining aesthetics and functionality, we create packaging that is not only attractive, but also practical, meeting expectations in every aspect.<\/span><\/p>\n<h3>Safe printing (food safe) solutions and sustainability<\/h3>\n<p>In the case of food packaging, it is essential to use food safe printing technology. With our dedicated offset printing machine, we only print and surface treat products for the food industry, ensuring the highest level of safety and quality. In this way, we guarantee that our packaging complies with all food safety regulations, while also offering sustainable solutions as a 21st century company.<\/p>\n<h3>Wide range of production and implementation services<\/h3>\n<p>We offer a wide range of food packaging, including street food, cake, popcorn, takeaway, chips and sauce boxes, salad and muesli boxes, as well as boxes for other food packaging.<\/p>\n<p>We produce bonbon, chocolate and biscuit boxes for sweets, while our cosmetic and dietary supplement boxes provide elegant and functional solutions.<\/p>\n<p>Our exclusive drawstring paper bags and beverage cartons are also available to our customers, meeting the highest quality requirements.<\/p>\n<h3>Flexibility, quality and fast management<\/h3>\n<p>Center-Print&#8217;s professional team prides itself on providing fast and flexible service. Our customer-focused approach ensures that every project meets the highest quality standards and that our customers are fully satisfied with the solutions we provide.<\/p>\n<p><img loading=\"lazy\" decoding=\"async\" width=\"1600\" height=\"914\" class=\"alignnone size-large wp-image-566\" src=\"http:\/\/centerprint.hu\/wp-content\/uploads\/2024\/08\/product-packaging-1600x914.jpeg\" alt=\"\" srcset=\"https:\/\/centerprint.hu\/wp-content\/uploads\/2024\/08\/product-packaging-1600x914.jpeg 1600w, https:\/\/centerprint.hu\/wp-content\/uploads\/2024\/08\/product-packaging-1536x878.jpeg 1536w, https:\/\/centerprint.hu\/wp-content\/uploads\/2024\/08\/product-packaging.jpeg 1792w\" sizes=\"auto, (max-width: 1600px) 100vw, 1600px\" \/><\/p>\n<h3>What do we mean by packaging technology?<\/h3>\n<p><span style=\"font-weight: 400;\">Packaging technology is a complex field where many aspects must be taken into account when designing boxes and packaging materials. Important questions include what type or nature of food will be in the package, whether it will come into contact with fatty or oily food, whether the product will be frozen, and whether a logo or design is needed to be printed on the surface. Each of these influences the choice of packaging material and design.<\/span><\/p>\n<p><span style=\"font-weight: 400;\">One of the most dynamically developing sectors of modern industry, it plays a key role in the protection, storage and sale of products. Appropriate packaging not only adds aesthetic value to the product, but also ensures its integrity during transport and storage. Its innovations, such as smart packaging and the use of sustainable materials, contribute significantly to reducing environmental impact and meeting consumer needs. It includes a wide range of materials and technologies that allow products to have a unique and creative appearance while providing maximum functionality and safety.<\/span><\/p>\n<h3>The written and unwritten rules of packaging technology<\/h3>\n<p>Packaging technology has now developed into a diversified business field. Our wide range has been designed to meet all market needs, and the boxes are combined with printing and surface finishing processes that allow us to fully customize the products to our customers&#8217; needs.<\/p>\n<p>Our current offer covers a wide range of techniques and product types used in box production. Our machinery allows up to 6-point gluing, which is also suitable for the production of more specialized boxes, thus ensuring that all our orders represent the highest possible level of quality.<\/p>\n<p>&nbsp;<\/p>\n<p><b>We provide a wide range of design and manufacturing services for the following product types:<br \/>\n<\/b><\/p>\n<p>Food packaging (food safe):<\/p>\n<ul>\n<li>street food boxes<\/li>\n<li>cookie boxes<\/li>\n<li>popcorn boxes<\/li>\n<li>takeaway boxes<\/li>\n<li>chips and sauce funnel<\/li>\n<li>salad boxes<\/li>\n<li>muesli boxes<\/li>\n<li>boxes for packaging other food<\/li>\n<li>beverage cartons<\/li>\n<\/ul>\n<p>Candy packaging (food safe):<\/p>\n<ul>\n<li>candy boxes<\/li>\n<li>chocolate boxes<\/li>\n<li>biscuit boxes<\/li>\n<li>other types of boxes<\/li>\n<\/ul>\n<p>Cosmetic and dietary supplement boxes<\/p>\n<p>Individual boxes &#8211; gift boxes<\/p>\n<p>Packaging for technical articles &#8211; boxes<\/p>\n<p>Packaging for IT devices<\/p>\n<p>Individual boxes for parts<\/p>\n<p>General purpose boxes<\/p>\n<p>Postal delivery box<\/p>\n<p>Gift packaging<\/p>\n<p>Promotional packaging<\/p>\n<p>Exclusive paper bags with drawstrings<\/p>\n<p>&nbsp;<\/p>\n<p style=\"text-align: center;\"><strong>Gallery<\/strong><\/p>\n\t<!-- CSS Part Start From Here-->\n\t<style>\n\t\t#animated-thumbnails-510 a {\n\t\t\ttext-decoration: none !important;\n\t\t\tbox-shadow: 0 0px 0 0 currentcolor !important;\n\t\t}\n\n\n\t\t\/* Grayscale Effect *\/\n\t\t\n\t\t\n\t\t#animated-thumbnails-510 img {\n\t\t\twidth: 100% !important;\n\t\t\theight: auto !important;\n\t\t}\n\n\t\t.lg-icon {\n\t\t\tcolor:\n\t\t\t\tgold\t\t\t\t!important;\n\t\t}\n\n\t\t.pg-title {\n\t\t\tcolor:\n\t\t\t\twhite\t\t\t\t!important;\n\t\t}\n\n\t\t\t<\/style>\n\t\t<div id=\"animated-thumbnails-510\"\n\t\tclass=\"row all-images-510\">\n\t\t\t\t\t\t\t\t\t\t\t<a href=\"https:\/\/centerprint.hu\/wp-content\/uploads\/2024\/07\/img_1046-scaled.webp\"\n\t\t\t\t\t\tclass=\"single-image-510 col-lg-4 col-md-4 col-sm-4 col-xs-12\"\n\t\t\t\t\t\tdata-sub-html=\"egyedi d\u00edszdobozok\">\n\t\t\t\t\t\t<img class=\"thumbnail  \"\n\t\t\t\t\t\t\tsrc=\"https:\/\/centerprint.hu\/wp-content\/uploads\/2024\/07\/img_1046-scaled.webp\" alt=\"egyedi d\u00edszdobozok\" \/>\n\t\t\t\t\t<\/a>\n\t\t\t\t\n\t\t\t\t\n\t\t\t\t\t\t\t\t\t\t\t\t\t<a href=\"https:\/\/centerprint.hu\/wp-content\/uploads\/2024\/07\/img_1038-scaled.webp\"\n\t\t\t\t\t\tclass=\"single-image-510 col-lg-4 col-md-4 col-sm-4 col-xs-12\"\n\t\t\t\t\t\tdata-sub-html=\"egyedi d\u00edsz\u00e9ts\u0171 csomagol\u00e1s\">\n\t\t\t\t\t\t<img class=\"thumbnail  \"\n\t\t\t\t\t\t\tsrc=\"https:\/\/centerprint.hu\/wp-content\/uploads\/2024\/07\/img_1038-scaled.webp\" alt=\"egyedi d\u00edsz\u00e9ts\u0171 csomagol\u00e1s\" \/>\n\t\t\t\t\t<\/a>\n\t\t\t\t\n\t\t\t\t\n\t\t\t\t\t\t\t\t\t\t\t\t\t<a href=\"https:\/\/centerprint.hu\/wp-content\/uploads\/2024\/07\/img_1052-scaled.webp\"\n\t\t\t\t\t\tclass=\"single-image-510 col-lg-4 col-md-4 col-sm-4 col-xs-12\"\n\t\t\t\t\t\tdata-sub-html=\"egyedi d\u00edszdoboz\">\n\t\t\t\t\t\t<img class=\"thumbnail  \"\n\t\t\t\t\t\t\tsrc=\"https:\/\/centerprint.hu\/wp-content\/uploads\/2024\/07\/img_1052-scaled.webp\" alt=\"egyedi d\u00edszdoboz\" \/>\n\t\t\t\t\t<\/a>\n\t\t\t\t\n\t\t\t\t\n\t\t\t\t\t\t\t\t\t\t\t\t\t<a href=\"https:\/\/centerprint.hu\/wp-content\/uploads\/2023\/04\/dsc_0572.jpg\"\n\t\t\t\t\t\tclass=\"single-image-510 col-lg-4 col-md-4 col-sm-4 col-xs-12\"\n\t\t\t\t\t\tdata-sub-html=\"kozmetikai \u2013 sz\u00e9ps\u00e9g\u00e1pol\u00e1si egyedi csomagol\u00e1s\">\n\t\t\t\t\t\t<img class=\"thumbnail  \"\n\t\t\t\t\t\t\tsrc=\"https:\/\/centerprint.hu\/wp-content\/uploads\/2023\/04\/dsc_0572.jpg\" alt=\"kozmetikai \u2013 sz\u00e9ps\u00e9g\u00e1pol\u00e1si egyedi csomagol\u00e1s\" \/>\n\t\t\t\t\t<\/a>\n\t\t\t\t\n\t\t\t\t\n\t\t\t\t\t\t\t\t\t\t\t\t\t<a href=\"https:\/\/centerprint.hu\/wp-content\/uploads\/2024\/07\/img_1055-scaled.webp\"\n\t\t\t\t\t\tclass=\"single-image-510 col-lg-4 col-md-4 col-sm-4 col-xs-12\"\n\t\t\t\t\t\tdata-sub-html=\"eg\u00e9szs\u00e9g\u00fcgyi csomagol\u00e1s\">\n\t\t\t\t\t\t<img class=\"thumbnail  \"\n\t\t\t\t\t\t\tsrc=\"https:\/\/centerprint.hu\/wp-content\/uploads\/2024\/07\/img_1055-scaled.webp\" alt=\"eg\u00e9szs\u00e9g\u00fcgyi csomagol\u00e1s\" \/>\n\t\t\t\t\t<\/a>\n\t\t\t\t\n\t\t\t\t\n\t\t\t\t\t\t\t\t\t\t\t\t\t<a href=\"https:\/\/centerprint.hu\/wp-content\/uploads\/2024\/07\/doboz.jpg\"\n\t\t\t\t\t\tclass=\"single-image-510 col-lg-4 col-md-4 col-sm-4 col-xs-12\"\n\t\t\t\t\t\tdata-sub-html=\"d\u00edszdoboz\">\n\t\t\t\t\t\t<img class=\"thumbnail  \"\n\t\t\t\t\t\t\tsrc=\"https:\/\/centerprint.hu\/wp-content\/uploads\/2024\/07\/doboz.jpg\" alt=\"d\u00edszdoboz\" \/>\n\t\t\t\t\t<\/a>\n\t\t\t\t\n\t\t\t\t\n\t\t\t\t\t\t\t\t\t\t\t\t\t<a href=\"https:\/\/centerprint.hu\/wp-content\/uploads\/2024\/07\/img_1030-scaled.webp\"\n\t\t\t\t\t\tclass=\"single-image-510 col-lg-4 col-md-4 col-sm-4 col-xs-12\"\n\t\t\t\t\t\tdata-sub-html=\"d\u00edszdoboz\">\n\t\t\t\t\t\t<img class=\"thumbnail  \"\n\t\t\t\t\t\t\tsrc=\"https:\/\/centerprint.hu\/wp-content\/uploads\/2024\/07\/img_1030-scaled.webp\" alt=\"d\u00edszdoboz\" \/>\n\t\t\t\t\t<\/a>\n\t\t\t\t\n\t\t\t\t\n\t\t\t\t\t\t\t\t\t\t\t\t\t<a href=\"https:\/\/centerprint.hu\/wp-content\/uploads\/2024\/07\/img_1256-scaled.webp\"\n\t\t\t\t\t\tclass=\"single-image-510 col-lg-4 col-md-4 col-sm-4 col-xs-12\"\n\t\t\t\t\t\tdata-sub-html=\"nasi csomagol\u00e1s\">\n\t\t\t\t\t\t<img class=\"thumbnail  \"\n\t\t\t\t\t\t\tsrc=\"https:\/\/centerprint.hu\/wp-content\/uploads\/2024\/07\/img_1256-scaled.webp\" alt=\"nasi csomagol\u00e1s\" \/>\n\t\t\t\t\t<\/a>\n\t\t\t\t\n\t\t\t\t\n\t\t\t\t\t\t\t\t\t\t\t\t\t<a href=\"https:\/\/centerprint.hu\/wp-content\/uploads\/2024\/07\/img_1079-scaled.webp\"\n\t\t\t\t\t\tclass=\"single-image-510 col-lg-4 col-md-4 col-sm-4 col-xs-12\"\n\t\t\t\t\t\tdata-sub-html=\"\u00e9trendkieg\u00e9sz\u00edt\u0151 doboz\">\n\t\t\t\t\t\t<img class=\"thumbnail  \"\n\t\t\t\t\t\t\tsrc=\"https:\/\/centerprint.hu\/wp-content\/uploads\/2024\/07\/img_1079-scaled.webp\" alt=\"\u00e9trendkieg\u00e9sz\u00edt\u0151 doboz\" \/>\n\t\t\t\t\t<\/a>\n\t\t\t\t\n\t\t\t\t\n\t\t\t\t\t\t\t\t\t\t\t\t\t<a href=\"https:\/\/centerprint.hu\/wp-content\/uploads\/2024\/01\/papirdobozok-.webp\"\n\t\t\t\t\t\tclass=\"single-image-510 col-lg-4 col-md-4 col-sm-4 col-xs-12\"\n\t\t\t\t\t\tdata-sub-html=\"csokis doboz\">\n\t\t\t\t\t\t<img class=\"thumbnail  \"\n\t\t\t\t\t\t\tsrc=\"https:\/\/centerprint.hu\/wp-content\/uploads\/2024\/01\/papirdobozok-.webp\" alt=\"pap\u00edrdobozok\" \/>\n\t\t\t\t\t<\/a>\n\t\t\t\t\n\t\t\t\t\n\t\t\t\t\t\t\t\t\t\t\t\t\t<a href=\"https:\/\/centerprint.hu\/wp-content\/uploads\/2024\/01\/egyedi-kartondoboz.webp\"\n\t\t\t\t\t\tclass=\"single-image-510 col-lg-4 col-md-4 col-sm-4 col-xs-12\"\n\t\t\t\t\t\tdata-sub-html=\"egyedi kartondoboz\">\n\t\t\t\t\t\t<img class=\"thumbnail  \"\n\t\t\t\t\t\t\tsrc=\"https:\/\/centerprint.hu\/wp-content\/uploads\/2024\/01\/egyedi-kartondoboz.webp\" alt=\"egyedi kartondoboz\" \/>\n\t\t\t\t\t<\/a>\n\t\t\t\t\n\t\t\t\t\n\t\t\t\t\t\t\t\t\t\t\t\t\t<a href=\"https:\/\/centerprint.hu\/wp-content\/uploads\/2024\/01\/kartondoboz-rendeles02.webp\"\n\t\t\t\t\t\tclass=\"single-image-510 col-lg-4 col-md-4 col-sm-4 col-xs-12\"\n\t\t\t\t\t\tdata-sub-html=\"egyedi karton dobozok\">\n\t\t\t\t\t\t<img class=\"thumbnail  \"\n\t\t\t\t\t\t\tsrc=\"https:\/\/centerprint.hu\/wp-content\/uploads\/2024\/01\/kartondoboz-rendeles02.webp\" alt=\"kartondoboz rendel\u00e9s\" \/>\n\t\t\t\t\t<\/a>\n\t\t\t\t\n\t\t\t\t\n\t\t\t\t\t\t\t\t\t\t\t\t\t<a href=\"https:\/\/centerprint.hu\/wp-content\/uploads\/2024\/07\/img_1065-scaled.webp\"\n\t\t\t\t\t\tclass=\"single-image-510 col-lg-4 col-md-4 col-sm-4 col-xs-12\"\n\t\t\t\t\t\tdata-sub-html=\"sz\u00e9ps\u00e9g\u00e1pol\u00e1si csomagol\u00e1s\">\n\t\t\t\t\t\t<img class=\"thumbnail  \"\n\t\t\t\t\t\t\tsrc=\"https:\/\/centerprint.hu\/wp-content\/uploads\/2024\/07\/img_1065-scaled.webp\" alt=\"sz\u00e9ps\u00e9g\u00e1pol\u00e1si csomagol\u00e1s\" \/>\n\t\t\t\t\t<\/a>\n\t\t\t\t\n\t\t\t\t\n\t\t\t\t\t\t\t\t\t\t\t\t\t<a href=\"https:\/\/centerprint.hu\/wp-content\/uploads\/2024\/04\/artboard-5.jpg\"\n\t\t\t\t\t\tclass=\"single-image-510 col-lg-4 col-md-4 col-sm-4 col-xs-12\"\n\t\t\t\t\t\tdata-sub-html=\"zsinorf\u00fcles pap\u00edrt\u00e1ska\">\n\t\t\t\t\t\t<img class=\"thumbnail  \"\n\t\t\t\t\t\t\tsrc=\"https:\/\/centerprint.hu\/wp-content\/uploads\/2024\/04\/artboard-5.jpg\" alt=\"zsin\u00f3rf\u00fcles pap\u00edrt\u00e1ska\" \/>\n\t\t\t\t\t<\/a>\n\t\t\t\t\n\t\t\t\t\n\t\t\t\t\t\t\t\t\t\t\t\t\t<a href=\"https:\/\/centerprint.hu\/wp-content\/uploads\/2024\/07\/img_1044-scaled.webp\"\n\t\t\t\t\t\tclass=\"single-image-510 col-lg-4 col-md-4 col-sm-4 col-xs-12\"\n\t\t\t\t\t\tdata-sub-html=\"zsinorf\u00fcles pap\u00edrt\u00e1ska\">\n\t\t\t\t\t\t<img class=\"thumbnail  \"\n\t\t\t\t\t\t\tsrc=\"https:\/\/centerprint.hu\/wp-content\/uploads\/2024\/07\/img_1044-scaled.webp\" alt=\"zsinorf\u00fcles pap\u00edrt\u00e1ska\" \/>\n\t\t\t\t\t<\/a>\n\t\t\t\t\n\t\t\t\t\n\t\t\t\t\t<\/div>\n\t<script>\n\t\/\/thumbnail or fixed Size thumbnail\n\tjQuery(window).on('load', function () {\n\t\tjQuery('#animated-thumbnails-510').lightGallery({\n\t\t\tthumbnail: true,\n\t\t\tanimateThumb: true,\n\t\t\t\/\/show and hide thumb setting\n\t\t\tshowThumbByDefault: true,\n\t\t\tsubHtmlSelectorRelative: true,\n\t\t\t\t\t\t\t\t\t\t\t\tmode: 'lg-fade',\n\t\t\t\t\t});\n\n\t\t\t});\t\n<\/script>\n<style>\n\t.lg-backdrop.in {\n\t\topacity: 0.85;\n\t}\n\n\t.fixed-size.lg-outer .lg-inner {\n\t\tbackground-color: #FFF;\n\t}\n\n\t.fixed-size.lg-outer .lg-sub-html {\n\t\tposition: absolute;\n\t\ttext-align: left;\n\t}\n\n\t.fixed-size.lg-outer .lg-toolbar {\n\t\tbackground-color: transparent;\n\t\theight: 0;\n\t}\n\n\t.fixed-size.lg-outer .lg-toolbar .lg-icon {\n\t\tcolor: #FFF;\n\t}\n\n\t.fixed-size.lg-outer .lg-img-wrap {\n\t\tpadding: 12px;\n\t}\n<\/style>\n<script>\n\tjQuery(document).ready(function () {\n\t\t\/\/ isotope effect function\n\t\t\/\/ Method 1 - Initialize Isotope, then trigger layout after each image loads.\n\t\tvar $grid = jQuery('.all-images-510').isotope({\n\t\t\t\/\/ options...\n\t\t\titemSelector: '.single-image-510',\n\t\t});\n\t\t\/\/ layout Isotope after each image loads\n\t\t$grid.imagesLoaded().progress(function () {\n\t\t\t$grid.isotope('layout');\n\t\t});\n\t});\n<\/script>\n","protected":false},"excerpt":{"rendered":"<p>Discover the modern packaging solutions technology thanks to Center-Print and raise the appearance of your products to a new level! Request an offer today! Packaging solutions &#8211; 21st century, innovativation by Center-Print In the field of packaging technology, our team offers the most modern and innovative solutions possible, so that your products are guaranteed to [&hellip;]<\/p>\n","protected":false},"author":1,"featured_media":0,"parent":57,"menu_order":0,"comment_status":"closed","ping_status":"closed","template":"","meta":{"_acf_changed":false,"footnotes":""},"class_list":["post-89","page","type-page","status-publish","hentry"],"acf":[],"_links":{"self":[{"href":"https:\/\/centerprint.hu\/en\/wp-json\/wp\/v2\/pages\/89","targetHints":{"allow":["GET"]}}],"collection":[{"href":"https:\/\/centerprint.hu\/en\/wp-json\/wp\/v2\/pages"}],"about":[{"href":"https:\/\/centerprint.hu\/en\/wp-json\/wp\/v2\/types\/page"}],"author":[{"embeddable":true,"href":"https:\/\/centerprint.hu\/en\/wp-json\/wp\/v2\/users\/1"}],"replies":[{"embeddable":true,"href":"https:\/\/centerprint.hu\/en\/wp-json\/wp\/v2\/comments?post=89"}],"version-history":[{"count":2,"href":"https:\/\/centerprint.hu\/en\/wp-json\/wp\/v2\/pages\/89\/revisions"}],"predecessor-version":[{"id":452,"href":"https:\/\/centerprint.hu\/en\/wp-json\/wp\/v2\/pages\/89\/revisions\/452"}],"up":[{"embeddable":true,"href":"https:\/\/centerprint.hu\/en\/wp-json\/wp\/v2\/pages\/57"}],"wp:attachment":[{"href":"https:\/\/centerprint.hu\/en\/wp-json\/wp\/v2\/media?parent=89"}],"curies":[{"name":"wp","href":"https:\/\/api.w.org\/{rel}","templated":true}]}}