{"id":64,"date":"2018-04-07T19:47:17","date_gmt":"2018-04-07T19:47:17","guid":{"rendered":"http:\/\/centerprint.hu\/?page_id=64"},"modified":"2024-10-28T10:45:01","modified_gmt":"2024-10-28T10:45:01","slug":"teljes-koru-koteszeti-kivitelezes","status":"publish","type":"page","link":"https:\/\/centerprint.hu\/en\/szolgaltatasok\/teljes-koru-koteszeti-kivitelezes\/","title":{"rendered":"Comprehensive bookbinding"},"content":{"rendered":"<p><img loading=\"lazy\" decoding=\"async\" width=\"1200\" height=\"547\" class=\"aligncenter size-full wp-image-163\" src=\"http:\/\/centerprint.hu\/wp-content\/uploads\/2018\/04\/centerprint_koteszet_05.jpg\" alt=\"Teljes k\u00f6r\u0171 k\u00f6t\u00e9szeti kivitelez\u00e9s\" \/><\/p>\n<h3>Comprehensive bookbinding services at Center-Print Nyomda!<\/h3>\n<p>Our experts and our excellent technical equipment ensure that our customers receive the finished product in the expected quality and on time.<br \/>\nWe undertake the production of cardboard &#8211; hardboard &#8211; glue-bound (PUR) books, bound, folded, perforated or serially numbered publications.<br \/>\nComplete binding execution in small, medium and larger quantities.<\/p>\n<p><strong>Bookbinding workflows:<br \/>\n<\/strong><\/p>\n<ul>\n<li style=\"text-align: left;\">cutting<\/li>\n<li style=\"text-align: left;\">kiss-cut<\/li>\n<li style=\"text-align: left;\">folding<\/li>\n<li style=\"text-align: left;\">perforation<\/li>\n<li style=\"text-align: left;\">lamination<\/li>\n<li style=\"text-align: left;\">foiling<\/li>\n<li style=\"text-align: left;\">document burning<\/li>\n<li style=\"text-align: left;\">die-cutting<\/li>\n<li style=\"text-align: left;\">adhesive bond<\/li>\n<li style=\"text-align: left;\">spiraling<\/li>\n<li style=\"text-align: left;\">mechanical assembly<\/li>\n<li style=\"text-align: left;\">burr punching<\/li>\n<\/ul>\n<p>Our books are usually produced in the standard <strong>A5, B5 and A4<\/strong> sizes, but we can also produce different sizes based on individual requirements up to a <strong>maximum of 300 x 300mm<\/strong>.<\/p>\n<p>We also make special covers, such as: <strong>leather, velvet, plush, canvas or foiled paper<\/strong>.<\/p>\n<p>&nbsp;<\/p>\n<p><strong>Our typical bookbindig products:<\/strong><\/p>\n<ul>\n<li style=\"text-align: left;\">books<\/li>\n<li style=\"text-align: left;\">newspapers, magazines<\/li>\n<li style=\"text-align: left;\">stapled booklets, publications<\/li>\n<li style=\"text-align: left;\">catalogs, magazines<\/li>\n<li style=\"text-align: left;\">technical descriptions and user guides<\/li>\n<li style=\"text-align: left;\">certificates, yearbooks<\/li>\n<li style=\"text-align: left;\">folders<\/li>\n<\/ul>\n<p>&nbsp;<\/p>\n<h3>Complete bookbinding solutions of Center-Print! That&#8217;s why choose us!<\/h3>\n<p>Would you like to receive your publications as quickly as possible and in excellent quality? Here is the solution!<\/p>\n<p>We have an outstanding experience in creating publications. Our flexible team easily adapts to different printing technologies, including offset and digital printing. During each project, we take into account the unique requirements, regardless of the type of publication.<\/p>\n<p><strong>Our principles:<\/strong><\/p>\n<ul>\n<li>Customer focus and flexibility &#8211; we also fulfill special requests.<\/li>\n<li>Short deadlines and quick quotations &#8211; We make quotations within a short time and deliver your products.<\/li>\n<li>High quality &#8211; modern technology and excellent expertise ensure efficiency at all times.<\/li>\n<\/ul>\n<p><strong>How do we work?<\/strong><\/p>\n<ul>\n<li>Modern <strong>state-of-the-art machines<\/strong> and <strong>excellent<\/strong> <strong>expert knowledge<\/strong>: we ensure professional service and the highest possible quality expected on the market.<\/li>\n<li><strong>Our wide range of products<\/strong> offers endless possibilities.<\/li>\n<li><strong>FTP access<\/strong>: print materials can be easily sent and received using FTP.<\/li>\n<li><strong>Unique printing production management program<\/strong>: our special system immediately transmits the necessary information so that all processes run smoothly.<\/li>\n<\/ul>\n<p>We guarantee that we only offer for the best solutions and carry out the tasks quickly and efficiently.<\/p>\n<h3 style=\"text-align: center;\"><strong>Gallery<\/strong><\/h3>\n\t<!-- CSS Part Start From Here-->\n\t<style>\n\t\t#animated-thumbnails-554 a {\n\t\t\ttext-decoration: none !important;\n\t\t\tbox-shadow: 0 0px 0 0 currentcolor !important;\n\t\t}\n\n\n\t\t\/* Grayscale Effect *\/\n\t\t\n\t\t\n\t\t#animated-thumbnails-554 img {\n\t\t\twidth: 100% !important;\n\t\t\theight: auto !important;\n\t\t}\n\n\t\t.lg-icon {\n\t\t\tcolor:\n\t\t\t\tgold\t\t\t\t!important;\n\t\t}\n\n\t\t.pg-title {\n\t\t\tcolor:\n\t\t\t\twhite\t\t\t\t!important;\n\t\t}\n\n\t\t\t<\/style>\n\t\t<div id=\"animated-thumbnails-554\"\n\t\tclass=\"row all-images-554\">\n\t\t\t\t\t\t\t\t\t\t\t<a href=\"https:\/\/centerprint.hu\/wp-content\/uploads\/2018\/04\/nyomda-debrecen-fuzetek-naptarak-sajat-termekek-3.jpg\"\n\t\t\t\t\t\tclass=\"single-image-554 col-lg-4 col-md-4 col-sm-4 col-xs-12\"\n\t\t\t\t\t\tdata-sub-html=\"F\u00fczetek, napt\u00e1rak\">\n\t\t\t\t\t\t<img class=\"thumbnail  \"\n\t\t\t\t\t\t\tsrc=\"https:\/\/centerprint.hu\/wp-content\/uploads\/2018\/04\/nyomda-debrecen-fuzetek-naptarak-sajat-termekek-3.jpg\" alt=\"F\u00fczetek, napt\u00e1rak\" \/>\n\t\t\t\t\t<\/a>\n\t\t\t\t\n\t\t\t\t\n\t\t\t\t\t\t\t\t\t\t\t\t\t<a href=\"https:\/\/centerprint.hu\/wp-content\/uploads\/2024\/07\/img_1282-scaled.webp\"\n\t\t\t\t\t\tclass=\"single-image-554 col-lg-4 col-md-4 col-sm-4 col-xs-12\"\n\t\t\t\t\t\tdata-sub-html=\"k\u00f6nyvek\">\n\t\t\t\t\t\t<img class=\"thumbnail  \"\n\t\t\t\t\t\t\tsrc=\"https:\/\/centerprint.hu\/wp-content\/uploads\/2024\/07\/img_1282-scaled.webp\" alt=\"k\u00f6nyvek\" \/>\n\t\t\t\t\t<\/a>\n\t\t\t\t\n\t\t\t\t\n\t\t\t\t\t\t\t\t\t\t\t\t\t<a href=\"https:\/\/centerprint.hu\/wp-content\/uploads\/2018\/04\/nyomda-debrecen-konyv-katalogus-kemenykotes-ragasztott-1-2.jpg\"\n\t\t\t\t\t\tclass=\"single-image-554 col-lg-4 col-md-4 col-sm-4 col-xs-12\"\n\t\t\t\t\t\tdata-sub-html=\"K\u00f6nyvek, term\u00e9kkatal\u00f3gusok\">\n\t\t\t\t\t\t<img class=\"thumbnail  \"\n\t\t\t\t\t\t\tsrc=\"https:\/\/centerprint.hu\/wp-content\/uploads\/2018\/04\/nyomda-debrecen-konyv-katalogus-kemenykotes-ragasztott-1-2.jpg\" alt=\"K\u00f6nyvek, term\u00e9kkatal\u00f3gusok\" \/>\n\t\t\t\t\t<\/a>\n\t\t\t\t\n\t\t\t\t\n\t\t\t\t\t\t\t\t\t\t\t\t\t<a href=\"https:\/\/centerprint.hu\/wp-content\/uploads\/2024\/07\/img_1072-scaled.webp\"\n\t\t\t\t\t\tclass=\"single-image-554 col-lg-4 col-md-4 col-sm-4 col-xs-12\"\n\t\t\t\t\t\tdata-sub-html=\"IMG_1072\">\n\t\t\t\t\t\t<img class=\"thumbnail  \"\n\t\t\t\t\t\t\tsrc=\"https:\/\/centerprint.hu\/wp-content\/uploads\/2024\/07\/img_1072-scaled.webp\" alt=\"IMG_1072\" \/>\n\t\t\t\t\t<\/a>\n\t\t\t\t\n\t\t\t\t\n\t\t\t\t\t\t\t\t\t\t\t\t\t<a href=\"https:\/\/centerprint.hu\/wp-content\/uploads\/2024\/07\/img_1037-scaled.webp\"\n\t\t\t\t\t\tclass=\"single-image-554 col-lg-4 col-md-4 col-sm-4 col-xs-12\"\n\t\t\t\t\t\tdata-sub-html=\"katal\u00f3gus\">\n\t\t\t\t\t\t<img class=\"thumbnail  \"\n\t\t\t\t\t\t\tsrc=\"https:\/\/centerprint.hu\/wp-content\/uploads\/2024\/07\/img_1037-scaled.webp\" alt=\"katal\u00f3gus\" \/>\n\t\t\t\t\t<\/a>\n\t\t\t\t\n\t\t\t\t\n\t\t\t\t\t\t\t\t\t\t\t\t\t<a href=\"https:\/\/centerprint.hu\/wp-content\/uploads\/2024\/07\/2406-brochure-01.webp\"\n\t\t\t\t\t\tclass=\"single-image-554 col-lg-4 col-md-4 col-sm-4 col-xs-12\"\n\t\t\t\t\t\tdata-sub-html=\"2406 \u2013 brochure 01\">\n\t\t\t\t\t\t<img class=\"thumbnail  \"\n\t\t\t\t\t\t\tsrc=\"https:\/\/centerprint.hu\/wp-content\/uploads\/2024\/07\/2406-brochure-01.webp\" alt=\"sz\u00f3r\u00f3lap nyomtat\u00e1s \u00e1r\" \/>\n\t\t\t\t\t<\/a>\n\t\t\t\t\n\t\t\t\t\n\t\t\t\t\t\t\t\t\t\t\t\t\t<a href=\"https:\/\/centerprint.hu\/wp-content\/uploads\/2018\/04\/nyomda-debrecen-fuzetek-naptarak-sajat-termekek-4.jpg\"\n\t\t\t\t\t\tclass=\"single-image-554 col-lg-4 col-md-4 col-sm-4 col-xs-12\"\n\t\t\t\t\t\tdata-sub-html=\"F\u00fczetek, napt\u00e1rak\">\n\t\t\t\t\t\t<img class=\"thumbnail  \"\n\t\t\t\t\t\t\tsrc=\"https:\/\/centerprint.hu\/wp-content\/uploads\/2018\/04\/nyomda-debrecen-fuzetek-naptarak-sajat-termekek-4.jpg\" alt=\"F\u00fczetek, napt\u00e1rak\" \/>\n\t\t\t\t\t<\/a>\n\t\t\t\t\n\t\t\t\t\n\t\t\t\t\t\t\t\t\t\t\t\t\t<a href=\"https:\/\/centerprint.hu\/wp-content\/uploads\/2018\/04\/nyomda-debrecen-szorolapok-brossurak-leporellok-5.jpg\"\n\t\t\t\t\t\tclass=\"single-image-554 col-lg-4 col-md-4 col-sm-4 col-xs-12\"\n\t\t\t\t\t\tdata-sub-html=\"Sz\u00f3r\u00f3lapok, bross\u00far\u00e1k\">\n\t\t\t\t\t\t<img class=\"thumbnail  \"\n\t\t\t\t\t\t\tsrc=\"https:\/\/centerprint.hu\/wp-content\/uploads\/2018\/04\/nyomda-debrecen-szorolapok-brossurak-leporellok-5.jpg\" alt=\"Sz\u00f3r\u00f3lapok, bross\u00far\u00e1k\" \/>\n\t\t\t\t\t<\/a>\n\t\t\t\t\n\t\t\t\t\n\t\t\t\t\t\t\t\t\t\t\t\t\t<a href=\"https:\/\/centerprint.hu\/wp-content\/uploads\/2024\/04\/artboard-l.jpg\"\n\t\t\t\t\t\tclass=\"single-image-554 col-lg-4 col-md-4 col-sm-4 col-xs-12\"\n\t\t\t\t\t\tdata-sub-html=\"napt\u00e1r\">\n\t\t\t\t\t\t<img class=\"thumbnail  \"\n\t\t\t\t\t\t\tsrc=\"https:\/\/centerprint.hu\/wp-content\/uploads\/2024\/04\/artboard-l.jpg\" alt=\"egyedi napt\u00e1r nyomtat\u00e1s\" \/>\n\t\t\t\t\t<\/a>\n\t\t\t\t\n\t\t\t\t\n\t\t\t\t\t\t\t\t\t\t\t\t\t<a href=\"https:\/\/centerprint.hu\/wp-content\/uploads\/2024\/07\/img_1044-scaled.webp\"\n\t\t\t\t\t\tclass=\"single-image-554 col-lg-4 col-md-4 col-sm-4 col-xs-12\"\n\t\t\t\t\t\tdata-sub-html=\"zsinorf\u00fcles pap\u00edrt\u00e1ska\">\n\t\t\t\t\t\t<img class=\"thumbnail  \"\n\t\t\t\t\t\t\tsrc=\"https:\/\/centerprint.hu\/wp-content\/uploads\/2024\/07\/img_1044-scaled.webp\" alt=\"zsinorf\u00fcles pap\u00edrt\u00e1ska\" \/>\n\t\t\t\t\t<\/a>\n\t\t\t\t\n\t\t\t\t\n\t\t\t\t\t\t\t\t\t\t\t\t\t<a href=\"https:\/\/centerprint.hu\/wp-content\/uploads\/2024\/04\/artboard-5-1.jpg\"\n\t\t\t\t\t\tclass=\"single-image-554 col-lg-4 col-md-4 col-sm-4 col-xs-12\"\n\t\t\t\t\t\tdata-sub-html=\"Artboard 5\">\n\t\t\t\t\t\t<img class=\"thumbnail  \"\n\t\t\t\t\t\t\tsrc=\"https:\/\/centerprint.hu\/wp-content\/uploads\/2024\/04\/artboard-5-1.jpg\" alt=\"zsin\u00f3rf\u00fcles pap\u00edrt\u00e1ska\" \/>\n\t\t\t\t\t<\/a>\n\t\t\t\t\n\t\t\t\t\n\t\t\t\t\t\t\t\t\t\t\t\t\t<a href=\"https:\/\/centerprint.hu\/wp-content\/uploads\/2024\/04\/artboard-44.jpg\"\n\t\t\t\t\t\tclass=\"single-image-554 col-lg-4 col-md-4 col-sm-4 col-xs-12\"\n\t\t\t\t\t\tdata-sub-html=\"zsinorf\u00fcles pap\u00edrt\u00e1ska\">\n\t\t\t\t\t\t<img class=\"thumbnail  \"\n\t\t\t\t\t\t\tsrc=\"https:\/\/centerprint.hu\/wp-content\/uploads\/2024\/04\/artboard-44.jpg\" alt=\"pap\u00edrt\u00e1ska rendel\u00e9s\" \/>\n\t\t\t\t\t<\/a>\n\t\t\t\t\n\t\t\t\t\n\t\t\t\t\t\t\t\t\t\t\t\t\t<a href=\"https:\/\/centerprint.hu\/wp-content\/uploads\/2018\/04\/nyomda-debrecen-csomagoloanyagok-dobozok-papirtaskak-6.jpg\"\n\t\t\t\t\t\tclass=\"single-image-554 col-lg-4 col-md-4 col-sm-4 col-xs-12\"\n\t\t\t\t\t\tdata-sub-html=\"zsinorf\u00fcles pap\u00edrt\u00e1ska\">\n\t\t\t\t\t\t<img class=\"thumbnail  \"\n\t\t\t\t\t\t\tsrc=\"https:\/\/centerprint.hu\/wp-content\/uploads\/2018\/04\/nyomda-debrecen-csomagoloanyagok-dobozok-papirtaskak-6.jpg\" alt=\"Csomagol\u00e1stechnika\" \/>\n\t\t\t\t\t<\/a>\n\t\t\t\t\n\t\t\t\t\n\t\t\t\t\t\t\t\t\t\t\t\t\t<a href=\"https:\/\/centerprint.hu\/wp-content\/uploads\/2018\/04\/nyomda-debrecen-csomagoloanyagok-dobozok-papirtaskak-7.jpg\"\n\t\t\t\t\t\tclass=\"single-image-554 col-lg-4 col-md-4 col-sm-4 col-xs-12\"\n\t\t\t\t\t\tdata-sub-html=\"zsinorf\u00fcles pap\u00edrt\u00e1ska\">\n\t\t\t\t\t\t<img class=\"thumbnail  \"\n\t\t\t\t\t\t\tsrc=\"https:\/\/centerprint.hu\/wp-content\/uploads\/2018\/04\/nyomda-debrecen-csomagoloanyagok-dobozok-papirtaskak-7.jpg\" alt=\"Csomagol\u00e1stechnika\" \/>\n\t\t\t\t\t<\/a>\n\t\t\t\t\n\t\t\t\t\n\t\t\t\t\t<\/div>\n\t<script>\n\t\/\/thumbnail or fixed Size thumbnail\n\tjQuery(window).on('load', function () {\n\t\tjQuery('#animated-thumbnails-554').lightGallery({\n\t\t\tthumbnail: true,\n\t\t\tanimateThumb: true,\n\t\t\t\/\/show and hide thumb setting\n\t\t\tshowThumbByDefault: true,\n\t\t\tsubHtmlSelectorRelative: true,\n\t\t\t\t\t\t\t\t\t\t\t\tmode: 'lg-fade',\n\t\t\t\t\t});\n\n\t\t\t});\t\n<\/script>\n<style>\n\t.lg-backdrop.in {\n\t\topacity: 0.85;\n\t}\n\n\t.fixed-size.lg-outer .lg-inner {\n\t\tbackground-color: #FFF;\n\t}\n\n\t.fixed-size.lg-outer .lg-sub-html {\n\t\tposition: absolute;\n\t\ttext-align: left;\n\t}\n\n\t.fixed-size.lg-outer .lg-toolbar {\n\t\tbackground-color: transparent;\n\t\theight: 0;\n\t}\n\n\t.fixed-size.lg-outer .lg-toolbar .lg-icon {\n\t\tcolor: #FFF;\n\t}\n\n\t.fixed-size.lg-outer .lg-img-wrap {\n\t\tpadding: 12px;\n\t}\n<\/style>\n<script>\n\tjQuery(document).ready(function () {\n\t\t\/\/ isotope effect function\n\t\t\/\/ Method 1 - Initialize Isotope, then trigger layout after each image loads.\n\t\tvar $grid = jQuery('.all-images-554').isotope({\n\t\t\t\/\/ options...\n\t\t\titemSelector: '.single-image-554',\n\t\t});\n\t\t\/\/ layout Isotope after each image loads\n\t\t$grid.imagesLoaded().progress(function () {\n\t\t\t$grid.isotope('layout');\n\t\t});\n\t});\n<\/script>\n","protected":false},"excerpt":{"rendered":"<p>Comprehensive bookbinding services at Center-Print Nyomda! Our experts and our excellent technical equipment ensure that our customers receive the finished product in the expected quality and on time. We undertake the production of cardboard &#8211; hardboard &#8211; glue-bound (PUR) books, bound, folded, perforated or serially numbered publications. Complete binding execution in small, medium and larger [&hellip;]<\/p>\n","protected":false},"author":1,"featured_media":0,"parent":57,"menu_order":5,"comment_status":"closed","ping_status":"closed","template":"","meta":{"_acf_changed":false,"footnotes":""},"class_list":["post-64","page","type-page","status-publish","hentry"],"acf":[],"_links":{"self":[{"href":"https:\/\/centerprint.hu\/en\/wp-json\/wp\/v2\/pages\/64","targetHints":{"allow":["GET"]}}],"collection":[{"href":"https:\/\/centerprint.hu\/en\/wp-json\/wp\/v2\/pages"}],"about":[{"href":"https:\/\/centerprint.hu\/en\/wp-json\/wp\/v2\/types\/page"}],"author":[{"embeddable":true,"href":"https:\/\/centerprint.hu\/en\/wp-json\/wp\/v2\/users\/1"}],"replies":[{"embeddable":true,"href":"https:\/\/centerprint.hu\/en\/wp-json\/wp\/v2\/comments?post=64"}],"version-history":[{"count":2,"href":"https:\/\/centerprint.hu\/en\/wp-json\/wp\/v2\/pages\/64\/revisions"}],"predecessor-version":[{"id":192,"href":"https:\/\/centerprint.hu\/en\/wp-json\/wp\/v2\/pages\/64\/revisions\/192"}],"up":[{"embeddable":true,"href":"https:\/\/centerprint.hu\/en\/wp-json\/wp\/v2\/pages\/57"}],"wp:attachment":[{"href":"https:\/\/centerprint.hu\/en\/wp-json\/wp\/v2\/media?parent=64"}],"curies":[{"name":"wp","href":"https:\/\/api.w.org\/{rel}","templated":true}]}}