{"id":63,"date":"2018-04-07T19:47:00","date_gmt":"2018-04-07T19:47:00","guid":{"rendered":"http:\/\/centerprint.hu\/?page_id=63"},"modified":"2024-06-25T13:17:50","modified_gmt":"2024-06-25T13:17:50","slug":"szerkesszuk-meg-kozosen","status":"publish","type":"page","link":"https:\/\/centerprint.hu\/en\/szolgaltatasok\/szerkesszuk-meg-kozosen\/","title":{"rendered":"Szerkessz\u00fck meg k\u00f6z\u00f6sen"},"content":{"rendered":"<p>Ha \u00d6n <strong>szakszer\u0171<\/strong>, tipogr\u00e1fiailag is minden krit\u00e9riumnak megfelel\u0151 <strong>kiadv\u00e1nyt<\/strong> k\u00edv\u00e1n el\u0151\u00e1ll\u00edtani, k\u00e9rje szakembereink seg\u00edts\u00e9g\u00e9t, hiszen a <strong>szakszer\u0171en szerkesztett tipogr\u00e1fia<\/strong> olyan, mint egy ruha az emberen. Ha egy c\u00e9g kiadv\u00e1nyain, log\u00f3j\u00e1n, megjelen\u00e9s\u00e9n az l\u00e1tszik, hogy ez szakemberrel lett elk\u00e9sz\u00edttetve, az egyb\u0151l <strong>bizalmat sug\u00e1roz<\/strong>, nagyon sokat jelent a c\u00e9g meg\u00edt\u00e9l\u00e9s\u00e9vel kapcsolatban.<\/p>\n<p>Emellett minden nyomtat\u00e1si form\u00e1n\u00e1l haszn\u00e1lt forr\u00e1sanyag eset\u00e9n fontos felt\u00e9tel, hogy <strong>a tervezett anyag legy\u00e1rthat\u00f3 legyen<\/strong>, megfeleljen a gy\u00e1rt\u00e1stechnol\u00f3giai param\u00e9tereknek. K\u00fcl\u00f6n\u00f6sen fontos ez ofszet nyomtat\u00e1sn\u00e1l, plotterez\u00e9sn\u00e9l, direkt sz\u00ednes-, lakozott \u00e9s dombornyomott kivitelez\u00e9sn\u00e9l.<\/p>\n<p><img loading=\"lazy\" decoding=\"async\" width=\"980\" height=\"310\" class=\"aligncenter size-full wp-image-156\" src=\"http:\/\/centerprint.hu\/wp-content\/uploads\/2018\/04\/dtp_tervezes01.jpg\" alt=\"\" \/><\/p>\n<h3>Szerkessz\u00fck meg k\u00f6z\u00f6sen!<\/h3>\n<p>K\u00f6nyvek, foly\u00f3iratok, \u00fajs\u00e1gok, marketing- \u00e9s rekl\u00e1manyagok, ismertet\u0151k, sz\u00f3r\u00f3lapok, n\u00e9vjegyk\u00e1rty\u00e1k, term\u00e9kcsomagol\u00e1sok, arculattervek tervez\u00e9se szerkeszt\u00e9se, nyomdai el\u0151k\u00e9sz\u00edt\u00e9se\u00a0<strong>a Center-Print Nyomda kreat\u00edv m\u0171hely\u00e9ben<\/strong>.<\/p>\n<p><strong>Professzion\u00e1lis h\u00e1tt\u00e9r, felk\u00e9sz\u00fclts\u00e9g, t\u00f6bb \u00e9vtizedes tapasztalat, szakemberg\u00e1rda.<\/strong><\/p>\n<p>Grafikai szolg\u00e1ltat\u00e1sunk ig\u00e9nybev\u00e9tele egy\u00e9rtelm\u0171 d\u00f6nt\u00e9s lehet azon partnereink sz\u00e1m\u00e1ra, akiknek ez a ter\u00fclet idegen, de azon megrendel\u0151inknek is tudunk seg\u00edteni, akik profi szinten m\u0171velik az alkalmazott grafika ter\u00fclet\u00e9t, mert <strong>ahhoz, hogy egy grafika gy\u00e1rthat\u00f3 legyen, rengeteg gy\u00e1rt\u00e1stechnol\u00f3giai param\u00e9ternek kell megfelelnie<\/strong>. Ezeket m\u00e9g sok szakavatott profi sem tudja, illetve jelent\u0151sen f\u00fcgg a megrendel\u00e9s param\u00e9tereit\u0151l is.<\/p>\n<p>Javasoljuk, hogy a <strong>&#8220;b\u00edzza szakemberre&#8221;<\/strong> szlogent k\u00f6vesse, amikor megb\u00edz benn\u00fcnket \u00faj grafik\u00e1ja elk\u00e9sz\u00edt\u00e9s\u00e9vel. <strong>Megtervezz\u00fck<\/strong>, javaslatokat tesz\u00fcnk, sz\u00e1mtalan olyan <strong>megold\u00e1st k\u00edn\u00e1lunk<\/strong>, amelynek k\u00f6sz\u00f6nhet\u0151en <strong>a v\u00e9geredm\u00e9ny<\/strong> funkci\u00f3j\u00e1ban \u00e9s kivitel\u00e9ben is <strong>a legjobb eredm\u00e9nnyel teljes\u00edt<\/strong>.<\/p>\n<p>Ennek k\u00f6vetkezm\u00e9nyek\u00e9pp a v\u00e9gterm\u00e9k <strong>egyedi lesz, \u00f6tletes \u00e9s t\u00f6k\u00e9letesen meg fog felelni a c\u00e9lnak<\/strong>. Ezen fel\u00fcl <strong>olcs\u00f3bb is lesz<\/strong>, mint ha egy olyan helyen k\u00e9sz\u00edtteti el, ahol nem tudnak nyomdak\u00e9sz, azaz gy\u00e1rt\u00e1stechnol\u00f3giailag megfelel\u0151 anyagot \u00e1tadni, hiszen egy ilyen forr\u00e1sanyaggal nek\u00fcnk legal\u00e1bb annyi munk\u00e1nk van m\u00e9g, mint amennyit a tervez\u00e9s ig\u00e9nybe vett. <strong>Ha vel\u00fcnk k\u00e9sz\u00edtetti el a designt, ezt a plusz k\u00f6lts\u00e9get elker\u00fclheti.<\/strong><\/p>\n<h3>Mindennek az alapja \u2013 b\u00edzza szakemberre!<\/h3>\n<p><strong>Hogyan is zajlik<\/strong> a grafikai munka? Els\u0151 l\u00e9p\u00e9sk\u00e9nt a megrendel\u0151vel <strong>szem\u00e9lyesen egyeztetj\u00fck<\/strong> az elk\u00e9pzel\u00e9seket \u00e9s a feladatot. <strong>Elmondja elk\u00e9pzel\u00e9seit<\/strong>, leadja a k\u00e9ziratot, fot\u00f3kat, embl\u00e9m\u00e1t, log\u00f3t \u00e9s az esetleges tov\u00e1bbi forr\u00e1sanyagokat, majd a grafikust mag\u00e1ra hagyva <strong>elkezd\u0151dik a tervez\u00e9s folyamata<\/strong>.<\/p>\n<p>Grafikusunk a megbesz\u00e9ltek alapj\u00e1n <strong>elk\u00e9sz\u00edti a l\u00e1tv\u00e1nyterveket<\/strong>, melyeket e-mailben elk\u00fcld a megrendel\u0151nek v\u00e9lem\u00e9nyez\u00e9sre, ellen\u0151rz\u00e9sre, jav\u00edt\u00e1sra. Amennyiben sz\u00fcks\u00e9g van r\u00e1, akkor <strong>az e-mailben t\u00f6rt\u00e9n\u0151 jav\u00edt\u00e1s, ellen\u0151rz\u00e9s ak\u00e1r t\u00f6bb k\u00f6rben is t\u00f6rt\u00e9nhet<\/strong>.<\/p>\n<p>A grafika elfogad\u00e1s\u00e1t a megrendel\u0151 e-mailben igazolja vissza \u00e9s csak ezut\u00e1n ker\u00fcl a gy\u00e1rt\u00e1sel\u0151k\u00e9sz\u00edt\u0151kh\u00f6z a tervezett anyag, teh\u00e1t <strong>az aj\u00e1nlatk\u00e9r\u00e9s\/megrendel\u00e9s ut\u00e1n mindenk\u00e9pp ez az els\u0151 munkafolyamat<\/strong>.<\/p>\n<p><img loading=\"lazy\" decoding=\"async\" width=\"980\" height=\"310\" class=\"aligncenter size-full wp-image-157\" src=\"http:\/\/centerprint.hu\/wp-content\/uploads\/2018\/04\/dtp_tervezes02.jpg\" alt=\"\" \/><\/p>\n","protected":false},"excerpt":{"rendered":"<p>Ha \u00d6n szakszer\u0171, tipogr\u00e1fiailag is minden krit\u00e9riumnak megfelel\u0151 kiadv\u00e1nyt k\u00edv\u00e1n el\u0151\u00e1ll\u00edtani, k\u00e9rje szakembereink seg\u00edts\u00e9g\u00e9t, hiszen a szakszer\u0171en szerkesztett tipogr\u00e1fia olyan, mint egy ruha az emberen. Ha egy c\u00e9g kiadv\u00e1nyain, log\u00f3j\u00e1n, megjelen\u00e9s\u00e9n az l\u00e1tszik, hogy ez szakemberrel lett elk\u00e9sz\u00edttetve, az egyb\u0151l bizalmat sug\u00e1roz, nagyon sokat jelent a c\u00e9g meg\u00edt\u00e9l\u00e9s\u00e9vel kapcsolatban. Emellett minden nyomtat\u00e1si form\u00e1n\u00e1l haszn\u00e1lt forr\u00e1sanyag [&hellip;]<\/p>\n","protected":false},"author":1,"featured_media":0,"parent":57,"menu_order":6,"comment_status":"closed","ping_status":"closed","template":"","meta":{"_acf_changed":false,"footnotes":""},"class_list":["post-63","page","type-page","status-publish","hentry"],"acf":[],"_links":{"self":[{"href":"https:\/\/centerprint.hu\/en\/wp-json\/wp\/v2\/pages\/63","targetHints":{"allow":["GET"]}}],"collection":[{"href":"https:\/\/centerprint.hu\/en\/wp-json\/wp\/v2\/pages"}],"about":[{"href":"https:\/\/centerprint.hu\/en\/wp-json\/wp\/v2\/types\/page"}],"author":[{"embeddable":true,"href":"https:\/\/centerprint.hu\/en\/wp-json\/wp\/v2\/users\/1"}],"replies":[{"embeddable":true,"href":"https:\/\/centerprint.hu\/en\/wp-json\/wp\/v2\/comments?post=63"}],"version-history":[{"count":2,"href":"https:\/\/centerprint.hu\/en\/wp-json\/wp\/v2\/pages\/63\/revisions"}],"predecessor-version":[{"id":191,"href":"https:\/\/centerprint.hu\/en\/wp-json\/wp\/v2\/pages\/63\/revisions\/191"}],"up":[{"embeddable":true,"href":"https:\/\/centerprint.hu\/en\/wp-json\/wp\/v2\/pages\/57"}],"wp:attachment":[{"href":"https:\/\/centerprint.hu\/en\/wp-json\/wp\/v2\/media?parent=63"}],"curies":[{"name":"wp","href":"https:\/\/api.w.org\/{rel}","templated":true}]}}