{"id":62,"date":"2018-04-07T19:46:44","date_gmt":"2018-04-07T19:46:44","guid":{"rendered":"http:\/\/centerprint.hu\/?page_id=62"},"modified":"2026-02-18T17:12:06","modified_gmt":"2026-02-18T17:12:06","slug":"nagy-formatumu-nyomtatas","status":"publish","type":"page","link":"https:\/\/centerprint.hu\/en\/szolgaltatasok\/nagy-formatumu-nyomtatas\/","title":{"rendered":"Large format printing"},"content":{"rendered":"<p><img loading=\"lazy\" decoding=\"async\" width=\"1600\" height=\"682\" class=\"alignnone size-large wp-image-328\" src=\"http:\/\/centerprint.hu\/wp-content\/uploads\/2019\/02\/H1P_6866-1-e1721815490276-1600x682.jpg\" alt=\"\" srcset=\"https:\/\/centerprint.hu\/wp-content\/uploads\/2019\/02\/H1P_6866-1-e1721815490276-1600x682.jpg 1600w, https:\/\/centerprint.hu\/wp-content\/uploads\/2019\/02\/H1P_6866-1-e1721815490276-1536x655.jpg 1536w, https:\/\/centerprint.hu\/wp-content\/uploads\/2019\/02\/H1P_6866-1-e1721815490276.jpg 2000w\" sizes=\"auto, (max-width: 1600px) 100vw, 1600px\" \/><\/p>\n<h3>Demanding printing solutions &#8211; Large format!<\/h3>\n<p>With large-format printers, it is possible to print relatively any length with a certain roll width, so even your biggest ideas can certainly be realized with the Center-Print printing house!<br \/>\nWe work with high-quality and long-lasting materials that can be used both indoors and outdoors.<br \/>\nThanks to our modern machine park, we can print in a width of 160 cm.<br \/>\nWe provide short production times, fair prices and high quality products to our customers.<\/p>\n<p><strong>Additional operations:<\/strong><\/p>\n<ul>\n<li>protective foiling<\/li>\n<li>lamination<\/li>\n<li>circling<\/li>\n<li>gluing<\/li>\n<li>cutting (with cutting plotter)<\/li>\n<\/ul>\n<p><strong>Materials for large format printing:<\/strong><\/p>\n<ul>\n<li>poster paper<\/li>\n<li>self-adhesive PVC foil<\/li>\n<li>foamed PVC<\/li>\n<li>MESH net<\/li>\n<li>One way vision film (perforated window film)<\/li>\n<li>magnetic foil<\/li>\n<li>textured paper wallpapers<\/li>\n<\/ul>\n<p><strong>Large-format printing is a widely applicable technology that which the following types of products can be made:<\/strong><\/p>\n<ul>\n<li>self-adhesive film printing<\/li>\n<li>unique premium wallpapers<\/li>\n<li>molinos<\/li>\n<li>giant posters<\/li>\n<li>posters<\/li>\n<li>building nets<\/li>\n<li>Roll-UP<\/li>\n<li>outdoor and indoor decoration materials<\/li>\n<li>floor stickers<\/li>\n<li>vehicle decoration<\/li>\n<li>stickers<\/li>\n<li>multi-posters<\/li>\n<li>citylight posters<\/li>\n<li>stop signs<\/li>\n<\/ul>\n<p><strong>About our services<\/strong><\/p>\n<ul>\n<li>A modern production plant, machines equipped with the latest technology and highly qualified professionals form the basis of our business.<br \/>\nFor us, providing professional service and high-quality products is a routine task.<\/li>\n<li>In addition to our wide range of products, we also provide FTP access, so printing files can be sent and received quickly and efficiently.<\/li>\n<li>And the diversity of our products offers our customers almost endless possibilities.<\/li>\n<li>Our customized printing production management program ensures that all necessary information is transmitted immediately and accurately.<\/li>\n<\/ul>\n<p><strong>Other reasons why you should choose us:<\/strong><\/p>\n<ul>\n<li>Flexibility &#8211; meeting individual requests<\/li>\n<li>Short deadlines<\/li>\n<li>High quality<\/li>\n<\/ul>\n<p>In all cases, we strive for the best possible solutions, performing the work entrusted to us as quickly and efficiently as possible.<\/p>\n<h3 style=\"text-align: center;\"><strong>Gallery<\/strong><\/h3>\n\t<!-- CSS Part Start From Here-->\n\t<style>\n\t\t#animated-thumbnails-553 a {\n\t\t\ttext-decoration: none !important;\n\t\t\tbox-shadow: 0 0px 0 0 currentcolor !important;\n\t\t}\n\n\n\t\t\/* Grayscale Effect *\/\n\t\t\n\t\t\n\t\t#animated-thumbnails-553 img {\n\t\t\twidth: 100% !important;\n\t\t\theight: auto !important;\n\t\t}\n\n\t\t.lg-icon {\n\t\t\tcolor:\n\t\t\t\tgold\t\t\t\t!important;\n\t\t}\n\n\t\t.pg-title {\n\t\t\tcolor:\n\t\t\t\twhite\t\t\t\t!important;\n\t\t}\n\n\t\t\t<\/style>\n\t\t<div id=\"animated-thumbnails-553\"\n\t\tclass=\"row all-images-553\">\n\t\t\t\t\t\t\t\t\t\t\t<a href=\"https:\/\/centerprint.hu\/wp-content\/uploads\/2024\/07\/img_1284-scaled-e1722864189650.webp\"\n\t\t\t\t\t\tclass=\"single-image-553 col-lg-4 col-md-4 col-sm-4 col-xs-12\"\n\t\t\t\t\t\tdata-sub-html=\"\u00f3ri\u00e1s molin\u00f3\">\n\t\t\t\t\t\t<img class=\"thumbnail  \"\n\t\t\t\t\t\t\tsrc=\"https:\/\/centerprint.hu\/wp-content\/uploads\/2024\/07\/img_1284-scaled-e1722864189650.webp\" alt=\"\u00f3ri\u00e1s molin\u00f3\" \/>\n\t\t\t\t\t<\/a>\n\t\t\t\t\n\t\t\t\t\n\t\t\t\t\t\t\t\t\t\t\t\t\t<a href=\"https:\/\/centerprint.hu\/wp-content\/uploads\/2024\/07\/2406-plakat-02.webp\"\n\t\t\t\t\t\tclass=\"single-image-553 col-lg-4 col-md-4 col-sm-4 col-xs-12\"\n\t\t\t\t\t\tdata-sub-html=\"Plak\u00e1t 01\">\n\t\t\t\t\t\t<img class=\"thumbnail  \"\n\t\t\t\t\t\t\tsrc=\"https:\/\/centerprint.hu\/wp-content\/uploads\/2024\/07\/2406-plakat-02.webp\" alt=\"plak\u00e1t nyomtat\u00e1s\" \/>\n\t\t\t\t\t<\/a>\n\t\t\t\t\n\t\t\t\t\n\t\t\t\t\t\t\t\t\t\t\t\t\t<a href=\"https:\/\/centerprint.hu\/wp-content\/uploads\/2024\/07\/img_1202-scaled.webp\"\n\t\t\t\t\t\tclass=\"single-image-553 col-lg-4 col-md-4 col-sm-4 col-xs-12\"\n\t\t\t\t\t\tdata-sub-html=\"rollup\">\n\t\t\t\t\t\t<img class=\"thumbnail  \"\n\t\t\t\t\t\t\tsrc=\"https:\/\/centerprint.hu\/wp-content\/uploads\/2024\/07\/img_1202-scaled.webp\" alt=\"rollup\" \/>\n\t\t\t\t\t<\/a>\n\t\t\t\t\n\t\t\t\t\n\t\t\t\t\t\t\t\t\t\t\t\t\t<a href=\"https:\/\/centerprint.hu\/wp-content\/uploads\/2024\/07\/img_1120-scaled-e1721976403458.webp\"\n\t\t\t\t\t\tclass=\"single-image-553 col-lg-4 col-md-4 col-sm-4 col-xs-12\"\n\t\t\t\t\t\tdata-sub-html=\"v\u00e1szonk\u00e9p\">\n\t\t\t\t\t\t<img class=\"thumbnail  \"\n\t\t\t\t\t\t\tsrc=\"https:\/\/centerprint.hu\/wp-content\/uploads\/2024\/07\/img_1120-scaled-e1721976403458.webp\" alt=\"v\u00e1szonk\u00e9p\" \/>\n\t\t\t\t\t<\/a>\n\t\t\t\t\n\t\t\t\t\n\t\t\t\t\t\t\t\t\t\t\t\t\t<a href=\"https:\/\/centerprint.hu\/wp-content\/uploads\/2024\/07\/2406-plakat-01.webp\"\n\t\t\t\t\t\tclass=\"single-image-553 col-lg-4 col-md-4 col-sm-4 col-xs-12\"\n\t\t\t\t\t\tdata-sub-html=\"Plak\u00e1t 02\">\n\t\t\t\t\t\t<img class=\"thumbnail  \"\n\t\t\t\t\t\t\tsrc=\"https:\/\/centerprint.hu\/wp-content\/uploads\/2024\/07\/2406-plakat-01.webp\" alt=\"plak\u00e1t nyomtat\u00e1s\" \/>\n\t\t\t\t\t<\/a>\n\t\t\t\t\n\t\t\t\t\n\t\t\t\t\t<\/div>\n\t<script>\n\t\/\/thumbnail or fixed Size thumbnail\n\tjQuery(window).on('load', function () {\n\t\tjQuery('#animated-thumbnails-553').lightGallery({\n\t\t\tthumbnail: true,\n\t\t\tanimateThumb: true,\n\t\t\t\/\/show and hide thumb setting\n\t\t\tshowThumbByDefault: true,\n\t\t\tsubHtmlSelectorRelative: true,\n\t\t\t\t\t\t\t\t\t\t\t\tmode: 'lg-fade',\n\t\t\t\t\t});\n\n\t\t\t});\t\n<\/script>\n<style>\n\t.lg-backdrop.in {\n\t\topacity: 0.85;\n\t}\n\n\t.fixed-size.lg-outer .lg-inner {\n\t\tbackground-color: #FFF;\n\t}\n\n\t.fixed-size.lg-outer .lg-sub-html {\n\t\tposition: absolute;\n\t\ttext-align: left;\n\t}\n\n\t.fixed-size.lg-outer .lg-toolbar {\n\t\tbackground-color: transparent;\n\t\theight: 0;\n\t}\n\n\t.fixed-size.lg-outer .lg-toolbar .lg-icon {\n\t\tcolor: #FFF;\n\t}\n\n\t.fixed-size.lg-outer .lg-img-wrap {\n\t\tpadding: 12px;\n\t}\n<\/style>\n<script>\n\tjQuery(document).ready(function () {\n\t\t\/\/ isotope effect function\n\t\t\/\/ Method 1 - Initialize Isotope, then trigger layout after each image loads.\n\t\tvar $grid = jQuery('.all-images-553').isotope({\n\t\t\t\/\/ options...\n\t\t\titemSelector: '.single-image-553',\n\t\t});\n\t\t\/\/ layout Isotope after each image loads\n\t\t$grid.imagesLoaded().progress(function () {\n\t\t\t$grid.isotope('layout');\n\t\t});\n\t});\n<\/script>\n<p>&nbsp;<\/p>\n<p>&nbsp;<\/p>\n<p>&nbsp;<\/p>\n","protected":false},"excerpt":{"rendered":"<p>Demanding printing solutions &#8211; Large format! With large-format printers, it is possible to print relatively any length with a certain roll width, so even your biggest ideas can certainly be realized with the Center-Print printing house! We work with high-quality and long-lasting materials that can be used both indoors and outdoors. Thanks to our modern [&hellip;]<\/p>\n","protected":false},"author":1,"featured_media":0,"parent":57,"menu_order":4,"comment_status":"closed","ping_status":"closed","template":"","meta":{"_acf_changed":false,"footnotes":""},"class_list":["post-62","page","type-page","status-publish","hentry"],"acf":[],"_links":{"self":[{"href":"https:\/\/centerprint.hu\/en\/wp-json\/wp\/v2\/pages\/62","targetHints":{"allow":["GET"]}}],"collection":[{"href":"https:\/\/centerprint.hu\/en\/wp-json\/wp\/v2\/pages"}],"about":[{"href":"https:\/\/centerprint.hu\/en\/wp-json\/wp\/v2\/types\/page"}],"author":[{"embeddable":true,"href":"https:\/\/centerprint.hu\/en\/wp-json\/wp\/v2\/users\/1"}],"replies":[{"embeddable":true,"href":"https:\/\/centerprint.hu\/en\/wp-json\/wp\/v2\/comments?post=62"}],"version-history":[{"count":4,"href":"https:\/\/centerprint.hu\/en\/wp-json\/wp\/v2\/pages\/62\/revisions"}],"predecessor-version":[{"id":1067,"href":"https:\/\/centerprint.hu\/en\/wp-json\/wp\/v2\/pages\/62\/revisions\/1067"}],"up":[{"embeddable":true,"href":"https:\/\/centerprint.hu\/en\/wp-json\/wp\/v2\/pages\/57"}],"wp:attachment":[{"href":"https:\/\/centerprint.hu\/en\/wp-json\/wp\/v2\/media?parent=62"}],"curies":[{"name":"wp","href":"https:\/\/api.w.org\/{rel}","templated":true}]}}