{"id":568,"date":"2024-08-05T10:31:26","date_gmt":"2024-08-05T10:31:26","guid":{"rendered":"https:\/\/centerprint.hu\/?page_id=568"},"modified":"2024-12-04T07:03:51","modified_gmt":"2024-12-04T07:03:51","slug":"feluletnemesites","status":"publish","type":"page","link":"https:\/\/centerprint.hu\/en\/szolgaltatasok\/feluletnemesites\/","title":{"rendered":"Surface treatment"},"content":{"rendered":"<h2><img loading=\"lazy\" decoding=\"async\" width=\"1600\" height=\"1200\" class=\"alignnone size-large wp-image-515\" src=\"http:\/\/centerprint.hu\/wp-content\/uploads\/2024\/07\/img_1035-1600x1200.webp\" alt=\"\" srcset=\"https:\/\/centerprint.hu\/wp-content\/uploads\/2024\/07\/img_1035-1600x1200.webp 1600w, https:\/\/centerprint.hu\/wp-content\/uploads\/2024\/07\/img_1035-1536x1152.webp 1536w, https:\/\/centerprint.hu\/wp-content\/uploads\/2024\/07\/img_1035-2048x1536.webp 2048w\" sizes=\"auto, (max-width: 1600px) 100vw, 1600px\" \/><\/h2>\n<h2><strong>Surface treatment, 3D UV varnishing and 3D preg foiling<\/strong><\/h2>\n<p>Make your products stand out from the crowd, choose Center-Print surface finishing and UV varnishing solutions! Contact us today, we will find the best possible solution for you together!<\/p>\n<h3><strong>UV varnishing, surface finishing with the Center-Print team &#8211; that&#8217;s why you choose us!<\/strong><\/h3>\n<p>The key to standing out in today&#8217;s saturated market is quality and uniqueness. You are guaranteed a premium service from our professional printing team, which gives you a competitive advantage. Let&#8217;s see how we really differ!<\/p>\n<h3><strong>Unique, creative and effective surface finishing solutions<\/strong><\/h3>\n<p>Our latest investment is an <strong>MGI JETVARNISH 3D ONE<\/strong> type machine, which opens completely new perspectives in the world of varnishing and stamping!<br \/>\n<strong>3D UV varnishing<\/strong> and preg foiling is an innovative technology that gives a beautiful 3D effect and makes your products unique!<br \/>\nWe still use traditional surface finishing processes in our work today, but our MGI Jetvarnish machine has raised the potential of surface finishing to a new level.<br \/>\nAnother great advantage of this digital technology is the time and cost efficiency, as this process can replace traditional embossing and there is no need for clich\u00e9s or sieves during production. Its use is profitable even in the case of a small number of copies.<br \/>\nLet you have any kind of need, we are at your disposal with customized solutions.<\/p>\n<h3><strong>Flexible, customer-oriented business model<\/strong><\/h3>\n<p>Quick quotation, maximum flexibility and customer focus &#8211; these are the basic principles of Center-Print.<br \/>\nOur goal is to make the customer&#8217;s satisfaction &#8211; and the efficiency of the work &#8211; the priority during every project.<\/p>\n<h3><strong>Quality above all else<\/strong><\/h3>\n<p>We demand the highest quality expectations from ourselves in each and every one of our jobs.<\/p>\n<h3><strong>Quantity is no obstacle either<\/strong><\/h3>\n<p>If you would like to order in large batches, this is not an obstacle for us either, in fact, we are specially prepared to handle larger volume projects as well. Of course, this is not impact the quality, quick quotation and creativity.<\/p>\n<h3><strong>Meaning of UV varnishing and surface treatment<\/strong><\/h3>\n<p>UV varnishing and surface finishing are processes that improve printed materials not only aesthetically, but also in terms of their durability. During UV varnishing, a special varnish is applied to the surface, which dries under the influence of UV light. As a result, the surface becomes brighter and more resistant to scratches and wear.<\/p>\n<p>Surface finishing includes various techniques such as embossing and lamination, all of which contribute to making the final product unique and durable. These processes raise the printed materials to a higher level not only in their appearance, but also in their functionality, ensuring their longevity and outstanding quality.<\/p>\n<h3><strong>Other surface treatment processes, 3D UV varnishing<\/strong><\/h3>\n<p>We offer a wide range of surface finishing processes, which include the aforementioned embossing, various varnishing and laminating techniques, such as 3D UV technology, which is implemented with our latest machine, the MGI JET Varnish 3D.<\/p>\n<p>Embossing is an elegant solution when the printed surface is embossed, so that the pattern or text stands out from the paper, providing a special tactile and visual experience.<br \/>\nWith the help of <strong>3D embossing<\/strong>, we can achieve a <strong>3D effect<\/strong> on the products, and it is even perfectly suitable for emphasizing one area.<br \/>\nEmbossing can be done in gold, silver or red.<br \/>\n<strong>3D UV varnishing<\/strong> is available in many forms, including matt, glossy or even structured varnishes, all of which provide a unique look. During lamination, a protective layer is placed on the printed surface, which increases its lifespan and provides protection against moisture, dirt and other harmful effects.<\/p>\n<p>With the 3D UV varnishing technology, we can achieve even more brilliant film effects in both digital and offset printing. With our MGI JETvarnish 3D machine, we give prints a new and unique look. With this special surface treatment technique, you can become unique on the market, because the products will be immediately noticeable with their spectacular, bright colors and tactility.<\/p>\n<p>Since UV and 3D UV varnishing is an extremely versatile technology, it can be used for both offset and digital printing.<\/p>\n<p>It is also a popular alternative for offset printing because it can be used perfectly for high-quality printed materials with a large number of copies. The varnish dries quickly under the influence of UV light, so the printed products are immediately ready for further processing or shipping. With the 3D foiling process, you can offer creative printed products to your customers, thus ensuring market competitiveness.<\/p>\n<p>In the case of digital printing, UV varnishing offers the opportunity to create smaller, unique prints that are just as durable and aesthetically attractive as products made with offset printing. Whether it&#8217;s brochures, business cards, book covers or any other printed material, 3D UV digital varnishing is guaranteed to increase visual impact and durability. With this method, ordinary prints instantly become brilliant and revolutionary.<\/p>\n<p>&nbsp;<\/p>\n<h3>Advantages<\/h3>\n<ul>\n<li>It is also a good solution for small quantities. Graphics can be easily modified or enhanced thanks to digital technology.<\/li>\n<\/ul>\n<h3>Disatvantages<\/h3>\n<ul>\n<li>Open-structured, offset-type paper cannot be used to create a 3D effect and for UV form varnishing, as the varnish can easily penetrate the paper.<\/li>\n<li>The surface of the preg foil can be damaged more easily, as it protrudes minimally from the surface.<\/li>\n<\/ul>\n<p>If you need unique, creative solutions, or if you want to order a larger quantity, you&#8217;ve come to the right place. Our goal is to provide our customers with the highest quality service, helping them to stand out from their competitors.<\/p>\n<p><strong>Which products for do we recommend the surface treatment technology?<\/strong><\/p>\n<ul>\n<li>exclusive packaging<\/li>\n<li>beverage and food packaging<\/li>\n<li>cosmetic packaging<\/li>\n<li>accident forms<\/li>\n<li>business card<\/li>\n<li>for rendering special material patterns, textures and effects<\/li>\n<li>for highlighting and contouring any graphic element<\/li>\n<\/ul>\n<p><strong>\u00a0<\/strong><\/p>\n<h3 style=\"text-align: center;\"><strong>Gallery<\/strong><\/h3>\n\t<!-- CSS Part Start From Here-->\n\t<style>\n\t\t#animated-thumbnails-570 a {\n\t\t\ttext-decoration: none !important;\n\t\t\tbox-shadow: 0 0px 0 0 currentcolor !important;\n\t\t}\n\n\n\t\t\/* Grayscale Effect *\/\n\t\t\n\t\t\n\t\t#animated-thumbnails-570 img {\n\t\t\twidth: 100% !important;\n\t\t\theight: auto !important;\n\t\t}\n\n\t\t.lg-icon {\n\t\t\tcolor:\n\t\t\t\tgold\t\t\t\t!important;\n\t\t}\n\n\t\t.pg-title {\n\t\t\tcolor:\n\t\t\t\twhite\t\t\t\t!important;\n\t\t}\n\n\t\t\t<\/style>\n\t\t<div id=\"animated-thumbnails-570\"\n\t\tclass=\"row all-images-570\">\n\t\t\t\t\t\t\t\t\t\t\t<a href=\"https:\/\/centerprint.hu\/wp-content\/uploads\/2024\/07\/img_1163crop-scaled-e1721976386292.webp\"\n\t\t\t\t\t\tclass=\"single-image-570 col-lg-4 col-md-4 col-sm-4 col-xs-12\"\n\t\t\t\t\t\tdata-sub-html=\"3D uv lakk \u2013 fel\u00fcletnemes\u00edt\u00e9s\">\n\t\t\t\t\t\t<img class=\"thumbnail  \"\n\t\t\t\t\t\t\tsrc=\"https:\/\/centerprint.hu\/wp-content\/uploads\/2024\/07\/img_1163crop-scaled-e1721976386292.webp\" alt=\"3D uv lakk \u2013 fel\u00fcletnemes\u00edt\u00e9s\" \/>\n\t\t\t\t\t<\/a>\n\t\t\t\t\n\t\t\t\t\n\t\t\t\t\t\t\t\t\t\t\t\t\t<a href=\"https:\/\/centerprint.hu\/wp-content\/uploads\/2024\/07\/img_1022-scaled.webp\"\n\t\t\t\t\t\tclass=\"single-image-570 col-lg-4 col-md-4 col-sm-4 col-xs-12\"\n\t\t\t\t\t\tdata-sub-html=\"3D uv lakk - fel\u00fcletnemes\u00edt\u00e9s\">\n\t\t\t\t\t\t<img class=\"thumbnail  \"\n\t\t\t\t\t\t\tsrc=\"https:\/\/centerprint.hu\/wp-content\/uploads\/2024\/07\/img_1022-scaled.webp\" alt=\"3D uv lakk - fel\u00fcletnemes\u00edt\u00e9s\" \/>\n\t\t\t\t\t<\/a>\n\t\t\t\t\n\t\t\t\t\n\t\t\t\t\t\t\t\t\t\t\t\t\t<a href=\"https:\/\/centerprint.hu\/wp-content\/uploads\/2024\/07\/img_1162-scaled.webp\"\n\t\t\t\t\t\tclass=\"single-image-570 col-lg-4 col-md-4 col-sm-4 col-xs-12\"\n\t\t\t\t\t\tdata-sub-html=\"n\u00e9vjegyk\u00e1rtya \u2013 fel\u00fcletnemes\u00edtett\">\n\t\t\t\t\t\t<img class=\"thumbnail  \"\n\t\t\t\t\t\t\tsrc=\"https:\/\/centerprint.hu\/wp-content\/uploads\/2024\/07\/img_1162-scaled.webp\" alt=\"n\u00e9vjegyk\u00e1rtya \u2013 fel\u00fcletnemes\u00edtett\" \/>\n\t\t\t\t\t<\/a>\n\t\t\t\t\n\t\t\t\t\n\t\t\t\t\t\t\t\t\t\t\t\t\t<a href=\"https:\/\/centerprint.hu\/wp-content\/uploads\/2024\/07\/img_1160-scaled.webp\"\n\t\t\t\t\t\tclass=\"single-image-570 col-lg-4 col-md-4 col-sm-4 col-xs-12\"\n\t\t\t\t\t\tdata-sub-html=\"n\u00e9vjegyk\u00e1rtya \u2013 b\u00e1rson f\u00f3lia + 3D uv lakk\">\n\t\t\t\t\t\t<img class=\"thumbnail  \"\n\t\t\t\t\t\t\tsrc=\"https:\/\/centerprint.hu\/wp-content\/uploads\/2024\/07\/img_1160-scaled.webp\" alt=\"n\u00e9vjegyk\u00e1rtya \u2013 b\u00e1rson f\u00f3lia + 3D uv lakk\" \/>\n\t\t\t\t\t<\/a>\n\t\t\t\t\n\t\t\t\t\n\t\t\t\t\t\t\t\t\t\t\t\t\t<a href=\"https:\/\/centerprint.hu\/wp-content\/uploads\/2024\/07\/img_1154-scaled.webp\"\n\t\t\t\t\t\tclass=\"single-image-570 col-lg-4 col-md-4 col-sm-4 col-xs-12\"\n\t\t\t\t\t\tdata-sub-html=\"megh\u00edv\u00f3 \u2013 fel\u00fcletnemes\u00edt\u00e9s\">\n\t\t\t\t\t\t<img class=\"thumbnail  \"\n\t\t\t\t\t\t\tsrc=\"https:\/\/centerprint.hu\/wp-content\/uploads\/2024\/07\/img_1154-scaled.webp\" alt=\"megh\u00edv\u00f3 \u2013 fel\u00fcletnemes\u00edt\u00e9s\" \/>\n\t\t\t\t\t<\/a>\n\t\t\t\t\n\t\t\t\t\n\t\t\t\t\t\t\t\t\t\t\t\t\t<a href=\"https:\/\/centerprint.hu\/wp-content\/uploads\/2024\/07\/img_1052-scaled.webp\"\n\t\t\t\t\t\tclass=\"single-image-570 col-lg-4 col-md-4 col-sm-4 col-xs-12\"\n\t\t\t\t\t\tdata-sub-html=\"egyedi d\u00edszdoboz\">\n\t\t\t\t\t\t<img class=\"thumbnail  \"\n\t\t\t\t\t\t\tsrc=\"https:\/\/centerprint.hu\/wp-content\/uploads\/2024\/07\/img_1052-scaled.webp\" alt=\"egyedi d\u00edszdoboz\" \/>\n\t\t\t\t\t<\/a>\n\t\t\t\t\n\t\t\t\t\n\t\t\t\t\t\t\t\t\t\t\t\t\t<a href=\"https:\/\/centerprint.hu\/wp-content\/uploads\/2024\/07\/img_1038-scaled.webp\"\n\t\t\t\t\t\tclass=\"single-image-570 col-lg-4 col-md-4 col-sm-4 col-xs-12\"\n\t\t\t\t\t\tdata-sub-html=\"egyedi d\u00edsz\u00e9ts\u0171 csomagol\u00e1s\">\n\t\t\t\t\t\t<img class=\"thumbnail  \"\n\t\t\t\t\t\t\tsrc=\"https:\/\/centerprint.hu\/wp-content\/uploads\/2024\/07\/img_1038-scaled.webp\" alt=\"egyedi d\u00edsz\u00e9ts\u0171 csomagol\u00e1s\" \/>\n\t\t\t\t\t<\/a>\n\t\t\t\t\n\t\t\t\t\n\t\t\t\t\t\t\t\t\t\t\t\t\t<a href=\"https:\/\/centerprint.hu\/wp-content\/uploads\/2024\/07\/img_1046-scaled.webp\"\n\t\t\t\t\t\tclass=\"single-image-570 col-lg-4 col-md-4 col-sm-4 col-xs-12\"\n\t\t\t\t\t\tdata-sub-html=\"egyedi d\u00edszdobozok\">\n\t\t\t\t\t\t<img class=\"thumbnail  \"\n\t\t\t\t\t\t\tsrc=\"https:\/\/centerprint.hu\/wp-content\/uploads\/2024\/07\/img_1046-scaled.webp\" alt=\"egyedi d\u00edszdobozok\" \/>\n\t\t\t\t\t<\/a>\n\t\t\t\t\n\t\t\t\t\n\t\t\t\t\t\t\t\t\t\t\t\t\t<a href=\"https:\/\/centerprint.hu\/wp-content\/uploads\/2024\/07\/img_1058-scaled.webp\"\n\t\t\t\t\t\tclass=\"single-image-570 col-lg-4 col-md-4 col-sm-4 col-xs-12\"\n\t\t\t\t\t\tdata-sub-html=\"m\u0171sorf\u00fczet\">\n\t\t\t\t\t\t<img class=\"thumbnail  \"\n\t\t\t\t\t\t\tsrc=\"https:\/\/centerprint.hu\/wp-content\/uploads\/2024\/07\/img_1058-scaled.webp\" alt=\"m\u0171sorf\u00fczet\" \/>\n\t\t\t\t\t<\/a>\n\t\t\t\t\n\t\t\t\t\n\t\t\t\t\t\t\t\t\t\t\t\t\t<a href=\"https:\/\/centerprint.hu\/wp-content\/uploads\/2024\/07\/img_1062-scaled.webp\"\n\t\t\t\t\t\tclass=\"single-image-570 col-lg-4 col-md-4 col-sm-4 col-xs-12\"\n\t\t\t\t\t\tdata-sub-html=\"m\u0171sorf\u00fczet\">\n\t\t\t\t\t\t<img class=\"thumbnail  \"\n\t\t\t\t\t\t\tsrc=\"https:\/\/centerprint.hu\/wp-content\/uploads\/2024\/07\/img_1062-scaled.webp\" alt=\"m\u0171sorf\u00fczet\" \/>\n\t\t\t\t\t<\/a>\n\t\t\t\t\n\t\t\t\t\n\t\t\t\t\t\t\t\t\t\t\t\t\t<a href=\"https:\/\/centerprint.hu\/wp-content\/uploads\/2024\/07\/img_1037-scaled.webp\"\n\t\t\t\t\t\tclass=\"single-image-570 col-lg-4 col-md-4 col-sm-4 col-xs-12\"\n\t\t\t\t\t\tdata-sub-html=\"katal\u00f3gus\">\n\t\t\t\t\t\t<img class=\"thumbnail  \"\n\t\t\t\t\t\t\tsrc=\"https:\/\/centerprint.hu\/wp-content\/uploads\/2024\/07\/img_1037-scaled.webp\" alt=\"katal\u00f3gus\" \/>\n\t\t\t\t\t<\/a>\n\t\t\t\t\n\t\t\t\t\n\t\t\t\t\t\t\t\t\t\t\t\t\t<a href=\"https:\/\/centerprint.hu\/wp-content\/uploads\/2024\/07\/img_1044-scaled.webp\"\n\t\t\t\t\t\tclass=\"single-image-570 col-lg-4 col-md-4 col-sm-4 col-xs-12\"\n\t\t\t\t\t\tdata-sub-html=\"zsinorf\u00fcles pap\u00edrt\u00e1ska\">\n\t\t\t\t\t\t<img class=\"thumbnail  \"\n\t\t\t\t\t\t\tsrc=\"https:\/\/centerprint.hu\/wp-content\/uploads\/2024\/07\/img_1044-scaled.webp\" alt=\"zsinorf\u00fcles pap\u00edrt\u00e1ska\" \/>\n\t\t\t\t\t<\/a>\n\t\t\t\t\n\t\t\t\t\n\t\t\t\t\t<\/div>\n\t<script>\n\t\/\/thumbnail or fixed Size thumbnail\n\tjQuery(window).on('load', function () {\n\t\tjQuery('#animated-thumbnails-570').lightGallery({\n\t\t\tthumbnail: true,\n\t\t\tanimateThumb: true,\n\t\t\t\/\/show and hide thumb setting\n\t\t\tshowThumbByDefault: true,\n\t\t\tsubHtmlSelectorRelative: true,\n\t\t\t\t\t\t\t\t\t\t\t\tmode: 'lg-fade',\n\t\t\t\t\t});\n\n\t\t\t});\t\n<\/script>\n<style>\n\t.lg-backdrop.in {\n\t\topacity: 0.85;\n\t}\n\n\t.fixed-size.lg-outer .lg-inner {\n\t\tbackground-color: #FFF;\n\t}\n\n\t.fixed-size.lg-outer .lg-sub-html {\n\t\tposition: absolute;\n\t\ttext-align: left;\n\t}\n\n\t.fixed-size.lg-outer .lg-toolbar {\n\t\tbackground-color: transparent;\n\t\theight: 0;\n\t}\n\n\t.fixed-size.lg-outer .lg-toolbar .lg-icon {\n\t\tcolor: #FFF;\n\t}\n\n\t.fixed-size.lg-outer .lg-img-wrap {\n\t\tpadding: 12px;\n\t}\n<\/style>\n<script>\n\tjQuery(document).ready(function () {\n\t\t\/\/ isotope effect function\n\t\t\/\/ Method 1 - Initialize Isotope, then trigger layout after each image loads.\n\t\tvar $grid = jQuery('.all-images-570').isotope({\n\t\t\t\/\/ options...\n\t\t\titemSelector: '.single-image-570',\n\t\t});\n\t\t\/\/ layout Isotope after each image loads\n\t\t$grid.imagesLoaded().progress(function () {\n\t\t\t$grid.isotope('layout');\n\t\t});\n\t});\n<\/script>\n","protected":false},"excerpt":{"rendered":"<p>Surface treatment, 3D UV varnishing and 3D preg foiling Make your products stand out from the crowd, choose Center-Print surface finishing and UV varnishing solutions! Contact us today, we will find the best possible solution for you together! UV varnishing, surface finishing with the Center-Print team &#8211; that&#8217;s why you choose us! The key to [&hellip;]<\/p>\n","protected":false},"author":3,"featured_media":0,"parent":57,"menu_order":3,"comment_status":"closed","ping_status":"closed","template":"","meta":{"_acf_changed":false,"footnotes":""},"class_list":["post-568","page","type-page","status-publish","hentry"],"acf":[],"_links":{"self":[{"href":"https:\/\/centerprint.hu\/en\/wp-json\/wp\/v2\/pages\/568","targetHints":{"allow":["GET"]}}],"collection":[{"href":"https:\/\/centerprint.hu\/en\/wp-json\/wp\/v2\/pages"}],"about":[{"href":"https:\/\/centerprint.hu\/en\/wp-json\/wp\/v2\/types\/page"}],"author":[{"embeddable":true,"href":"https:\/\/centerprint.hu\/en\/wp-json\/wp\/v2\/users\/3"}],"replies":[{"embeddable":true,"href":"https:\/\/centerprint.hu\/en\/wp-json\/wp\/v2\/comments?post=568"}],"version-history":[{"count":1,"href":"https:\/\/centerprint.hu\/en\/wp-json\/wp\/v2\/pages\/568\/revisions"}],"predecessor-version":[{"id":573,"href":"https:\/\/centerprint.hu\/en\/wp-json\/wp\/v2\/pages\/568\/revisions\/573"}],"up":[{"embeddable":true,"href":"https:\/\/centerprint.hu\/en\/wp-json\/wp\/v2\/pages\/57"}],"wp:attachment":[{"href":"https:\/\/centerprint.hu\/en\/wp-json\/wp\/v2\/media?parent=568"}],"curies":[{"name":"wp","href":"https:\/\/api.w.org\/{rel}","templated":true}]}}