{"id":446,"date":"2024-05-06T07:39:22","date_gmt":"2024-05-06T07:39:22","guid":{"rendered":"https:\/\/centerprint.hu\/?page_id=446"},"modified":"2024-12-04T07:20:42","modified_gmt":"2024-12-04T07:20:42","slug":"nevjegykartya-nyomtatas","status":"publish","type":"page","link":"https:\/\/centerprint.hu\/en\/termekek\/nevjegykartya-nyomtatas\/","title":{"rendered":"Business card printing"},"content":{"rendered":"<p><span style=\"font-weight: 400;\">Business card printing in small and large quantities from Center-Print &#8211; contact us!<\/span><\/p>\n<p><img loading=\"lazy\" decoding=\"async\" width=\"1595\" height=\"803\" class=\"alignnone size-full wp-image-448\" src=\"http:\/\/centerprint.hu\/wp-content\/uploads\/2024\/05\/2024.05.06-01.webp\" alt=\"n\u00e9vjegyk\u00e1rtya nyomtat\u00e1s\" srcset=\"https:\/\/centerprint.hu\/wp-content\/uploads\/2024\/05\/2024.05.06-01.webp 1595w, https:\/\/centerprint.hu\/wp-content\/uploads\/2024\/05\/2024.05.06-01-1536x773.webp 1536w\" sizes=\"auto, (max-width: 1595px) 100vw, 1595px\" \/><\/p>\n<h2><strong>Business card printing from Center-Print &#8211; order from us!<\/strong><\/h2>\n<p>Even today, a business card is a key tool for building relationships and business communication. Unique, attention-grabbing pieces are guaranteed to help you stand out from the crowd. This is exactly what we offer &#8211; with other extras! You can count on these benefits when you create your business card with us.<\/p>\n<h3>Customized, unique production<\/h3>\n<p><span style=\"font-weight: 400;\">Your unique appearance is primarily what sets you apart from others. With a unique logo and design, your business card becomes immediately recognizable and strengthens the brand of your business. At Center-Print, it is possible to create fully customized business cards to perfectly reflect your individuality and style.<\/span><\/p>\n<h3>Large volume printing capacity<\/h3>\n<p>Whether it&#8217;s a small or large quantity, our team has the capacity to print business cards quickly and efficiently. For this reason, we are able to produce your order in excellent quality, even with a short deadline.<\/p>\n<h3>Modern, state-of-the-art and special machines<\/h3>\n<p><span style=\"font-weight: 400;\">With the most modern technology and printing machines, we guarantee that your business cards will be produced in outstanding quality. And thanks to our special techniques, we can give your business cards an even more exclusive look, for example with embossing, foiling or 3D UV varnish.<\/span><\/p>\n<h3>Short deadlines and fast delivery<\/h3>\n<p><span style=\"font-weight: 400;\">We are always on time, but not because we would not be occupied, but because we work with short deadlines and provide fast delivery all around the country. We will prepare and deliver your orders to you within a few working days.<\/span><\/p>\n<h3><b>Expert team<br \/>\n<\/b><\/h3>\n<p><span style=\"font-weight: 400;\">In the background, there is a team of experienced experts who pay attention to every single detail so that the end result will be perfect. Our colleagues will help you with planning and execution so that you are fully satisfied with the end result.<\/span><\/p>\n<p><img loading=\"lazy\" decoding=\"async\" width=\"1595\" height=\"803\" class=\"alignnone size-full wp-image-447\" src=\"http:\/\/centerprint.hu\/wp-content\/uploads\/2024\/05\/2024.05.06-02.webp\" alt=\"\" srcset=\"https:\/\/centerprint.hu\/wp-content\/uploads\/2024\/05\/2024.05.06-02.webp 1595w, https:\/\/centerprint.hu\/wp-content\/uploads\/2024\/05\/2024.05.06-02-1536x773.webp 1536w\" sizes=\"auto, (max-width: 1595px) 100vw, 1595px\" \/><\/p>\n<h2><strong>Quality business card printing<\/strong><\/h2>\n<p>Business card printing is not just about quality materials and professional workmanship. Unique design also plays a key role, and it is also important to be able to convey the desired message.<\/p>\n<p>It is important that the card properly reflects the style and values \u200b\u200bof the business or individual and conveys a clear message to the recipient. This makes the business card almost a marketing tool, which helps in selling the given business or service and convinces the customers that the cooperation will pay off.<\/p>\n<h2><strong>Business card printing in the 21st century<\/strong><\/h2>\n<p>A business card never goes out of style. Entrepreneurs, lawyers, journalists &#8211; we&#8217;ve probably received many during the past. If, on the other hand, we want to give our business cards to new and existing partners, we will need a unique piece that will definitely attract attention.<\/p>\n<p>Despite the digital age, the physical business card still plays an extremely important role in business life. It not only enables the exchange of information, but also indicates the professionalism and commitment of the individual or company. That is why it is in our own business interest that the card is made with the most modern technology and meets today&#8217;s needs and expectations.<\/p>\n<p>At <strong>Center-Print<\/strong>, we know that a business card is not just a piece of paper with some contact information on it, but a relationship-building tool that helps our partners achieve their business success. Thus, we can also look at these small pieces of paper as a key to progress, as a tool that in itself has countless clear and hidden messages. This is also why we guarantee that your cards will be made of excellent quality in every respect, and will immediately attract interest and be memorable.<\/p>\n<p>Contact us and entrust us with the production of your business card &#8211; but you can also rely on us for digital printing or one of our other services!<\/p>\n<p>&nbsp;<\/p>\n<p style=\"text-align: center;\"><strong>Gallery<\/strong><\/p>\n\t<!-- CSS Part Start From Here-->\n\t<style>\n\t\t#animated-thumbnails-581 a {\n\t\t\ttext-decoration: none !important;\n\t\t\tbox-shadow: 0 0px 0 0 currentcolor !important;\n\t\t}\n\n\n\t\t\/* Grayscale Effect *\/\n\t\t\n\t\t\n\t\t#animated-thumbnails-581 img {\n\t\t\twidth: 100% !important;\n\t\t\theight: auto !important;\n\t\t}\n\n\t\t.lg-icon {\n\t\t\tcolor:\n\t\t\t\tgold\t\t\t\t!important;\n\t\t}\n\n\t\t.pg-title {\n\t\t\tcolor:\n\t\t\t\twhite\t\t\t\t!important;\n\t\t}\n\n\t\t\t<\/style>\n\t\t<div id=\"animated-thumbnails-581\"\n\t\tclass=\"row all-images-581\">\n\t\t\t\t\t\t\t\t\t\t\t<a href=\"https:\/\/centerprint.hu\/wp-content\/uploads\/2024\/07\/img_1162-scaled.webp\"\n\t\t\t\t\t\tclass=\"single-image-581 col-lg-4 col-md-4 col-sm-4 col-xs-12\"\n\t\t\t\t\t\tdata-sub-html=\"n\u00e9vjegyk\u00e1rtya \u2013 fel\u00fcletnemes\u00edtett\">\n\t\t\t\t\t\t<img class=\"thumbnail  \"\n\t\t\t\t\t\t\tsrc=\"https:\/\/centerprint.hu\/wp-content\/uploads\/2024\/07\/img_1162-scaled.webp\" alt=\"n\u00e9vjegyk\u00e1rtya \u2013 fel\u00fcletnemes\u00edtett\" \/>\n\t\t\t\t\t<\/a>\n\t\t\t\t\n\t\t\t\t\n\t\t\t\t\t\t\t\t\t\t\t\t\t<a href=\"https:\/\/centerprint.hu\/wp-content\/uploads\/2024\/07\/img_1154-scaled.webp\"\n\t\t\t\t\t\tclass=\"single-image-581 col-lg-4 col-md-4 col-sm-4 col-xs-12\"\n\t\t\t\t\t\tdata-sub-html=\"megh\u00edv\u00f3 \u2013 fel\u00fcletnemes\u00edt\u00e9s\">\n\t\t\t\t\t\t<img class=\"thumbnail  \"\n\t\t\t\t\t\t\tsrc=\"https:\/\/centerprint.hu\/wp-content\/uploads\/2024\/07\/img_1154-scaled.webp\" alt=\"megh\u00edv\u00f3 \u2013 fel\u00fcletnemes\u00edt\u00e9s\" \/>\n\t\t\t\t\t<\/a>\n\t\t\t\t\n\t\t\t\t\n\t\t\t\t\t\t\t\t\t\t\t\t\t<a href=\"https:\/\/centerprint.hu\/wp-content\/uploads\/2024\/07\/img_1160-scaled.webp\"\n\t\t\t\t\t\tclass=\"single-image-581 col-lg-4 col-md-4 col-sm-4 col-xs-12\"\n\t\t\t\t\t\tdata-sub-html=\"n\u00e9vjegyk\u00e1rtya \u2013 b\u00e1rson f\u00f3lia + 3D uv lakk\">\n\t\t\t\t\t\t<img class=\"thumbnail  \"\n\t\t\t\t\t\t\tsrc=\"https:\/\/centerprint.hu\/wp-content\/uploads\/2024\/07\/img_1160-scaled.webp\" alt=\"n\u00e9vjegyk\u00e1rtya \u2013 b\u00e1rson f\u00f3lia + 3D uv lakk\" \/>\n\t\t\t\t\t<\/a>\n\t\t\t\t\n\t\t\t\t\n\t\t\t\t\t<\/div>\n\t<script>\n\t\/\/thumbnail or fixed Size thumbnail\n\tjQuery(window).on('load', function () {\n\t\tjQuery('#animated-thumbnails-581').lightGallery({\n\t\t\tthumbnail: true,\n\t\t\tanimateThumb: true,\n\t\t\t\/\/show and hide thumb setting\n\t\t\tshowThumbByDefault: true,\n\t\t\tsubHtmlSelectorRelative: true,\n\t\t\t\t\t\t\t\t\t\t\t\tmode: 'lg-fade',\n\t\t\t\t\t});\n\n\t\t\t});\t\n<\/script>\n<style>\n\t.lg-backdrop.in {\n\t\topacity: 0.85;\n\t}\n\n\t.fixed-size.lg-outer .lg-inner {\n\t\tbackground-color: #FFF;\n\t}\n\n\t.fixed-size.lg-outer .lg-sub-html {\n\t\tposition: absolute;\n\t\ttext-align: left;\n\t}\n\n\t.fixed-size.lg-outer .lg-toolbar {\n\t\tbackground-color: transparent;\n\t\theight: 0;\n\t}\n\n\t.fixed-size.lg-outer .lg-toolbar .lg-icon {\n\t\tcolor: #FFF;\n\t}\n\n\t.fixed-size.lg-outer .lg-img-wrap {\n\t\tpadding: 12px;\n\t}\n<\/style>\n<script>\n\tjQuery(document).ready(function () {\n\t\t\/\/ isotope effect function\n\t\t\/\/ Method 1 - Initialize Isotope, then trigger layout after each image loads.\n\t\tvar $grid = jQuery('.all-images-581').isotope({\n\t\t\t\/\/ options...\n\t\t\titemSelector: '.single-image-581',\n\t\t});\n\t\t\/\/ layout Isotope after each image loads\n\t\t$grid.imagesLoaded().progress(function () {\n\t\t\t$grid.isotope('layout');\n\t\t});\n\t});\n<\/script>\n","protected":false},"excerpt":{"rendered":"<p>Business card printing in small and large quantities from Center-Print &#8211; contact us! Business card printing from Center-Print &#8211; order from us! Even today, a business card is a key tool for building relationships and business communication. Unique, attention-grabbing pieces are guaranteed to help you stand out from the crowd. This is exactly what we [&hellip;]<\/p>\n","protected":false},"author":4,"featured_media":0,"parent":71,"menu_order":9,"comment_status":"closed","ping_status":"closed","template":"","meta":{"_acf_changed":false,"footnotes":""},"class_list":["post-446","page","type-page","status-publish","hentry"],"acf":[],"_links":{"self":[{"href":"https:\/\/centerprint.hu\/en\/wp-json\/wp\/v2\/pages\/446","targetHints":{"allow":["GET"]}}],"collection":[{"href":"https:\/\/centerprint.hu\/en\/wp-json\/wp\/v2\/pages"}],"about":[{"href":"https:\/\/centerprint.hu\/en\/wp-json\/wp\/v2\/types\/page"}],"author":[{"embeddable":true,"href":"https:\/\/centerprint.hu\/en\/wp-json\/wp\/v2\/users\/4"}],"replies":[{"embeddable":true,"href":"https:\/\/centerprint.hu\/en\/wp-json\/wp\/v2\/comments?post=446"}],"version-history":[{"count":1,"href":"https:\/\/centerprint.hu\/en\/wp-json\/wp\/v2\/pages\/446\/revisions"}],"predecessor-version":[{"id":580,"href":"https:\/\/centerprint.hu\/en\/wp-json\/wp\/v2\/pages\/446\/revisions\/580"}],"up":[{"embeddable":true,"href":"https:\/\/centerprint.hu\/en\/wp-json\/wp\/v2\/pages\/71"}],"wp:attachment":[{"href":"https:\/\/centerprint.hu\/en\/wp-json\/wp\/v2\/media?parent=446"}],"curies":[{"name":"wp","href":"https:\/\/api.w.org\/{rel}","templated":true}]}}