{"id":392,"date":"2024-01-12T07:45:21","date_gmt":"2024-01-12T07:45:21","guid":{"rendered":"https:\/\/centerprint.hu\/?page_id=392"},"modified":"2024-12-04T07:06:03","modified_gmt":"2024-12-04T07:06:03","slug":"papirdoboz","status":"publish","type":"page","link":"https:\/\/centerprint.hu\/en\/termekek\/papirdoboz\/","title":{"rendered":"Paper box"},"content":{"rendered":"<p><span style=\"font-weight: 400;\">The paper box is one of the most popular packaging techniques, and not by chance. Unique, logoed boxes are also good for distinguishing your company from your competitors. Uniquely logoed products in bulk from Center-Print! Place your order today!<\/span><\/p>\n<p><img loading=\"lazy\" decoding=\"async\" width=\"1200\" height=\"634\" class=\"size-full wp-image-476 aligncenter\" src=\"http:\/\/centerprint.hu\/wp-content\/uploads\/2024\/07\/doboz.jpg\" alt=\"\" \/><b><\/b><\/p>\n<h2><strong>What paper boxes are available from us?<\/strong><\/h2>\n<p>Our company produce paper boxes in many types and sizes with individual printing.<\/p>\n<p>Paper box with a roof &#8211; the built-in lid provides excellent protection for the contents of the package. Paper boxes with roofs are particularly suitable for situations where the packaging must fulfill not only an aesthetic but also a protective role.<\/p>\n<p>Rectangular paper boxes &#8211; available in a variety of sizes and depths. Thanks to their flexible design, they easily adapt to different product sizes and shapes. Due to their versatility and simplicity, rectangular paper boxes are often the most common in various industries.<\/p>\n<p>Uniquely shaped paper boxes &#8211; they come in different shapes, such as triangular or round, and their uniqueness helps products stand out from the competition. There are also other types of paper boxes made for special purposes, which are designed for food safety aspects, making them ideal for storing and transporting food.<\/p>\n<h2><strong>Paper box order from Center-Print<\/strong><\/h2>\n<p>Today, the order can be easily implemented with individual printing, even in large batches. You can count on our team throughout the EU.<\/p>\n<p>Center-Print specializes in large-volume, unique, logoed orders, whether it is the purchase of paper boxes, cardboard boxes or other products. You can also count on us for digital printing, offset printing and large format printing. You can also order a takeaway box or a gift box from us.<\/p>\n<h2><strong>Why should you order from us?<\/strong><\/h2>\n<p>With us, ordering paper boxes &#8211; in bulk &#8211; has many advantages. We specialize in high volume orders, making it an ideal choice if you are ordering dozens or even millions of items. For any type of product, we fulfill large-volume orders, guaranteeing full compliance with the specific needs of the project.<\/p>\n<p>Drawstring bag, box and cup category, our team always follows the line of advertising marketing.<\/p>\n<p>However, our main focus is on customized and unique graphic solutions, ensuring that all their products are unique and eye-catching.<\/p>\n<p>We guarantee that the ordered paper boxes &#8211; or other products &#8211; will be made flexibly, with a short deadline, and with high quality. If you also want a unique solution that sets you apart on the market, feel free to contact us!<\/p>\n<h2><strong>Advantages of the practical paper box<\/strong><\/h2>\n<p>One of the main advantages of paper boxes is that the so-called are environmentally friendly. During the production of the product, less energy and resources are required than in the case of other packaging materials, and the paper can be easily recycled. They are easily biodegradable, which reduces the environmental impact. Easy customization is also a big advantage.<\/p>\n<p>Paper boxes are easy to work with when it comes to logos, labels or custom printed designs. Individual printing strengthens the brand image and the personalized appearance of the products. This offers businesses an excellent opportunity to express their image. They protect the products from damage and dirt.<\/p>\n<p>&nbsp;<\/p>\n<p style=\"text-align: center;\"><strong>Gallery<\/strong><\/p>\n\t<!-- CSS Part Start From Here-->\n\t<style>\n\t\t#animated-thumbnails-613 a {\n\t\t\ttext-decoration: none !important;\n\t\t\tbox-shadow: 0 0px 0 0 currentcolor !important;\n\t\t}\n\n\n\t\t\/* Grayscale Effect *\/\n\t\t\n\t\t\n\t\t#animated-thumbnails-613 img {\n\t\t\twidth: 100% !important;\n\t\t\theight: auto !important;\n\t\t}\n\n\t\t.lg-icon {\n\t\t\tcolor:\n\t\t\t\tgold\t\t\t\t!important;\n\t\t}\n\n\t\t.pg-title {\n\t\t\tcolor:\n\t\t\t\twhite\t\t\t\t!important;\n\t\t}\n\n\t\t\t<\/style>\n\t\t<div id=\"animated-thumbnails-613\"\n\t\tclass=\"row all-images-613\">\n\t\t\t\t\t\t\t\t\t\t\t<a href=\"https:\/\/centerprint.hu\/wp-content\/uploads\/2024\/08\/elviteles-papir-doboz.jpeg\"\n\t\t\t\t\t\tclass=\"single-image-613 col-lg-4 col-md-4 col-sm-4 col-xs-12\"\n\t\t\t\t\t\tdata-sub-html=\"elviteles papir doboz\">\n\t\t\t\t\t\t<img class=\"thumbnail  \"\n\t\t\t\t\t\t\tsrc=\"https:\/\/centerprint.hu\/wp-content\/uploads\/2024\/08\/elviteles-papir-doboz.jpeg\" alt=\"elviteles papir doboz\" \/>\n\t\t\t\t\t<\/a>\n\t\t\t\t\n\t\t\t\t\n\t\t\t\t\t\t\t\t\t\t\t\t\t<a href=\"https:\/\/centerprint.hu\/wp-content\/uploads\/2024\/08\/doboz-scaled-e1722848056430.jpg\"\n\t\t\t\t\t\tclass=\"single-image-613 col-lg-4 col-md-4 col-sm-4 col-xs-12\"\n\t\t\t\t\t\tdata-sub-html=\"doboz\">\n\t\t\t\t\t\t<img class=\"thumbnail  \"\n\t\t\t\t\t\t\tsrc=\"https:\/\/centerprint.hu\/wp-content\/uploads\/2024\/08\/doboz-scaled-e1722848056430.jpg\" alt=\"doboz\" \/>\n\t\t\t\t\t<\/a>\n\t\t\t\t\n\t\t\t\t\n\t\t\t\t\t\t\t\t\t\t\t\t\t<a href=\"https:\/\/centerprint.hu\/wp-content\/uploads\/2024\/07\/img_1256-scaled.webp\"\n\t\t\t\t\t\tclass=\"single-image-613 col-lg-4 col-md-4 col-sm-4 col-xs-12\"\n\t\t\t\t\t\tdata-sub-html=\"nasi csomagol\u00e1s\">\n\t\t\t\t\t\t<img class=\"thumbnail  \"\n\t\t\t\t\t\t\tsrc=\"https:\/\/centerprint.hu\/wp-content\/uploads\/2024\/07\/img_1256-scaled.webp\" alt=\"nasi csomagol\u00e1s\" \/>\n\t\t\t\t\t<\/a>\n\t\t\t\t\n\t\t\t\t\n\t\t\t\t\t\t\t\t\t\t\t\t\t<a href=\"https:\/\/centerprint.hu\/wp-content\/uploads\/2024\/07\/img_1046-scaled.webp\"\n\t\t\t\t\t\tclass=\"single-image-613 col-lg-4 col-md-4 col-sm-4 col-xs-12\"\n\t\t\t\t\t\tdata-sub-html=\"egyedi d\u00edszdobozok\">\n\t\t\t\t\t\t<img class=\"thumbnail  \"\n\t\t\t\t\t\t\tsrc=\"https:\/\/centerprint.hu\/wp-content\/uploads\/2024\/07\/img_1046-scaled.webp\" alt=\"egyedi d\u00edszdobozok\" \/>\n\t\t\t\t\t<\/a>\n\t\t\t\t\n\t\t\t\t\n\t\t\t\t\t\t\t\t\t\t\t\t\t<a href=\"https:\/\/centerprint.hu\/wp-content\/uploads\/2024\/07\/img_1052-scaled.webp\"\n\t\t\t\t\t\tclass=\"single-image-613 col-lg-4 col-md-4 col-sm-4 col-xs-12\"\n\t\t\t\t\t\tdata-sub-html=\"egyedi d\u00edszdoboz\">\n\t\t\t\t\t\t<img class=\"thumbnail  \"\n\t\t\t\t\t\t\tsrc=\"https:\/\/centerprint.hu\/wp-content\/uploads\/2024\/07\/img_1052-scaled.webp\" alt=\"egyedi d\u00edszdoboz\" \/>\n\t\t\t\t\t<\/a>\n\t\t\t\t\n\t\t\t\t\n\t\t\t\t\t\t\t\t\t\t\t\t\t<a href=\"https:\/\/centerprint.hu\/wp-content\/uploads\/2024\/08\/product-packaging.jpeg\"\n\t\t\t\t\t\tclass=\"single-image-613 col-lg-4 col-md-4 col-sm-4 col-xs-12\"\n\t\t\t\t\t\tdata-sub-html=\"product packaging\">\n\t\t\t\t\t\t<img class=\"thumbnail  \"\n\t\t\t\t\t\t\tsrc=\"https:\/\/centerprint.hu\/wp-content\/uploads\/2024\/08\/product-packaging.jpeg\" alt=\"product packaging\" \/>\n\t\t\t\t\t<\/a>\n\t\t\t\t\n\t\t\t\t\n\t\t\t\t\t\t\t\t\t\t\t\t\t<a href=\"https:\/\/centerprint.hu\/wp-content\/uploads\/2024\/07\/img_1038-scaled.webp\"\n\t\t\t\t\t\tclass=\"single-image-613 col-lg-4 col-md-4 col-sm-4 col-xs-12\"\n\t\t\t\t\t\tdata-sub-html=\"egyedi d\u00edsz\u00e9ts\u0171 csomagol\u00e1s\">\n\t\t\t\t\t\t<img class=\"thumbnail  \"\n\t\t\t\t\t\t\tsrc=\"https:\/\/centerprint.hu\/wp-content\/uploads\/2024\/07\/img_1038-scaled.webp\" alt=\"egyedi d\u00edsz\u00e9ts\u0171 csomagol\u00e1s\" \/>\n\t\t\t\t\t<\/a>\n\t\t\t\t\n\t\t\t\t\n\t\t\t\t\t\t\t\t\t\t\t\t\t<a href=\"https:\/\/centerprint.hu\/wp-content\/uploads\/2024\/07\/img_1053-scaled.webp\"\n\t\t\t\t\t\tclass=\"single-image-613 col-lg-4 col-md-4 col-sm-4 col-xs-12\"\n\t\t\t\t\t\tdata-sub-html=\"\u00e9lelmiszer csomagol\u00e1s p\u00e1nt\">\n\t\t\t\t\t\t<img class=\"thumbnail  \"\n\t\t\t\t\t\t\tsrc=\"https:\/\/centerprint.hu\/wp-content\/uploads\/2024\/07\/img_1053-scaled.webp\" alt=\"\u00e9lelmiszer csomagol\u00e1s p\u00e1nt\" \/>\n\t\t\t\t\t<\/a>\n\t\t\t\t\n\t\t\t\t\n\t\t\t\t\t\t\t\t\t\t\t\t\t<a href=\"https:\/\/centerprint.hu\/wp-content\/uploads\/2024\/07\/img_1030-scaled.webp\"\n\t\t\t\t\t\tclass=\"single-image-613 col-lg-4 col-md-4 col-sm-4 col-xs-12\"\n\t\t\t\t\t\tdata-sub-html=\"d\u00edszdoboz\">\n\t\t\t\t\t\t<img class=\"thumbnail  \"\n\t\t\t\t\t\t\tsrc=\"https:\/\/centerprint.hu\/wp-content\/uploads\/2024\/07\/img_1030-scaled.webp\" alt=\"d\u00edszdoboz\" \/>\n\t\t\t\t\t<\/a>\n\t\t\t\t\n\t\t\t\t\n\t\t\t\t\t\t\t\t\t\t\t\t\t<a href=\"https:\/\/centerprint.hu\/wp-content\/uploads\/2024\/07\/img_1055-scaled.webp\"\n\t\t\t\t\t\tclass=\"single-image-613 col-lg-4 col-md-4 col-sm-4 col-xs-12\"\n\t\t\t\t\t\tdata-sub-html=\"eg\u00e9szs\u00e9g\u00fcgyi csomagol\u00e1s\">\n\t\t\t\t\t\t<img class=\"thumbnail  \"\n\t\t\t\t\t\t\tsrc=\"https:\/\/centerprint.hu\/wp-content\/uploads\/2024\/07\/img_1055-scaled.webp\" alt=\"eg\u00e9szs\u00e9g\u00fcgyi csomagol\u00e1s\" \/>\n\t\t\t\t\t<\/a>\n\t\t\t\t\n\t\t\t\t\n\t\t\t\t\t\t\t\t\t\t\t\t\t<a href=\"https:\/\/centerprint.hu\/wp-content\/uploads\/2024\/07\/img_1065-scaled.webp\"\n\t\t\t\t\t\tclass=\"single-image-613 col-lg-4 col-md-4 col-sm-4 col-xs-12\"\n\t\t\t\t\t\tdata-sub-html=\"sz\u00e9ps\u00e9g\u00e1pol\u00e1si csomagol\u00e1s\">\n\t\t\t\t\t\t<img class=\"thumbnail  \"\n\t\t\t\t\t\t\tsrc=\"https:\/\/centerprint.hu\/wp-content\/uploads\/2024\/07\/img_1065-scaled.webp\" alt=\"sz\u00e9ps\u00e9g\u00e1pol\u00e1si csomagol\u00e1s\" \/>\n\t\t\t\t\t<\/a>\n\t\t\t\t\n\t\t\t\t\n\t\t\t\t\t<\/div>\n\t<script>\n\t\/\/thumbnail or fixed Size thumbnail\n\tjQuery(window).on('load', function () {\n\t\tjQuery('#animated-thumbnails-613').lightGallery({\n\t\t\tthumbnail: true,\n\t\t\tanimateThumb: true,\n\t\t\t\/\/show and hide thumb setting\n\t\t\tshowThumbByDefault: true,\n\t\t\tsubHtmlSelectorRelative: true,\n\t\t\t\t\t\t\t\t\t\t\t\tmode: 'lg-fade',\n\t\t\t\t\t});\n\n\t\t\t});\t\n<\/script>\n<style>\n\t.lg-backdrop.in {\n\t\topacity: 0.85;\n\t}\n\n\t.fixed-size.lg-outer .lg-inner {\n\t\tbackground-color: #FFF;\n\t}\n\n\t.fixed-size.lg-outer .lg-sub-html {\n\t\tposition: absolute;\n\t\ttext-align: left;\n\t}\n\n\t.fixed-size.lg-outer .lg-toolbar {\n\t\tbackground-color: transparent;\n\t\theight: 0;\n\t}\n\n\t.fixed-size.lg-outer .lg-toolbar .lg-icon {\n\t\tcolor: #FFF;\n\t}\n\n\t.fixed-size.lg-outer .lg-img-wrap {\n\t\tpadding: 12px;\n\t}\n<\/style>\n<script>\n\tjQuery(document).ready(function () {\n\t\t\/\/ isotope effect function\n\t\t\/\/ Method 1 - Initialize Isotope, then trigger layout after each image loads.\n\t\tvar $grid = jQuery('.all-images-613').isotope({\n\t\t\t\/\/ options...\n\t\t\titemSelector: '.single-image-613',\n\t\t});\n\t\t\/\/ layout Isotope after each image loads\n\t\t$grid.imagesLoaded().progress(function () {\n\t\t\t$grid.isotope('layout');\n\t\t});\n\t});\n<\/script>\n","protected":false},"excerpt":{"rendered":"<p>The paper box is one of the most popular packaging techniques, and not by chance. Unique, logoed boxes are also good for distinguishing your company from your competitors. Uniquely logoed products in bulk from Center-Print! Place your order today! What paper boxes are available from us? Our company produce paper boxes in many types and [&hellip;]<\/p>\n","protected":false},"author":4,"featured_media":0,"parent":71,"menu_order":2,"comment_status":"closed","ping_status":"closed","template":"","meta":{"_acf_changed":false,"footnotes":""},"class_list":["post-392","page","type-page","status-publish","hentry"],"acf":[],"_links":{"self":[{"href":"https:\/\/centerprint.hu\/en\/wp-json\/wp\/v2\/pages\/392","targetHints":{"allow":["GET"]}}],"collection":[{"href":"https:\/\/centerprint.hu\/en\/wp-json\/wp\/v2\/pages"}],"about":[{"href":"https:\/\/centerprint.hu\/en\/wp-json\/wp\/v2\/types\/page"}],"author":[{"embeddable":true,"href":"https:\/\/centerprint.hu\/en\/wp-json\/wp\/v2\/users\/4"}],"replies":[{"embeddable":true,"href":"https:\/\/centerprint.hu\/en\/wp-json\/wp\/v2\/comments?post=392"}],"version-history":[{"count":2,"href":"https:\/\/centerprint.hu\/en\/wp-json\/wp\/v2\/pages\/392\/revisions"}],"predecessor-version":[{"id":614,"href":"https:\/\/centerprint.hu\/en\/wp-json\/wp\/v2\/pages\/392\/revisions\/614"}],"up":[{"embeddable":true,"href":"https:\/\/centerprint.hu\/en\/wp-json\/wp\/v2\/pages\/71"}],"wp:attachment":[{"href":"https:\/\/centerprint.hu\/en\/wp-json\/wp\/v2\/media?parent=392"}],"curies":[{"name":"wp","href":"https:\/\/api.w.org\/{rel}","templated":true}]}}