{"id":387,"date":"2024-01-12T07:33:24","date_gmt":"2024-01-12T07:33:24","guid":{"rendered":"https:\/\/centerprint.hu\/?page_id=387"},"modified":"2024-12-04T07:08:31","modified_gmt":"2024-12-04T07:08:31","slug":"kartondoboz-rendeles-egyedi-nyomtatassal","status":"publish","type":"page","link":"https:\/\/centerprint.hu\/en\/termekek\/kartondoboz-rendeles-egyedi-nyomtatassal\/","title":{"rendered":"Cardboard box order with individual printing"},"content":{"rendered":"<p><img loading=\"lazy\" decoding=\"async\" width=\"960\" height=\"480\" class=\"aligncenter wp-image-389 size-full\" src=\"http:\/\/centerprint.hu\/wp-content\/uploads\/2024\/01\/egyedi-kartondoboz.webp\" alt=\"egyedi kartondoboz\" \/><\/p>\n<h2><strong>Cardboard box order with individual printing<\/strong><\/h2>\n<p>Cardboard box order with custom printing &#8211; we guarantee that you will find everything you need here, from creative packaging to customized products.<\/p>\n<h3><strong>Cardboard box order<\/strong><\/h3>\n<p>Center-Print undertakes orders for individually printed cardboard boxes in large batches throughout the country and even abroad. Individually designed and mass-produced cardboard boxes offer a wide range of uses. You can find the perfect solution for their production with us.<\/p>\n<p>Center-Print flexibly adapts to different needs and offers an ideal solution for different situations. We always make our cardboard boxes based on the needs of our customers. In this way, companies can acquire the best quality products in batches even up to millions, according to their unique needs, thereby ensuring efficient and reliable packaging solutions.<\/p>\n<h2><strong>Individual cardboard box production &#8211; that&#8217;s why it&#8217;s worth ordering from us!<\/strong><\/h2>\n<p>We specifically specialize in fulfilling larger quantities of orders, so we can be an ideal choice if you want to order dozens or even millions of pieces.<\/p>\n<p>Our team also flexibly handles other orders using different technologies, such as digital printing, offset printing or large-format printing, guaranteeing full compliance with the unique needs of the project. Our focus is on the customer himself, since he\/she &#8211; you &#8211; is the one who knows the given company and brand best. We know that we are experts in our field, but you can best determine the parameters and design of each product. Therefore, we pay special attention to the customer: we give advice as needed, we even help in the planning process, but ultimately we make the products according to the specified data.<\/p>\n<p>Why should you order from us?<\/p>\n<ul>\n<li>Flexibility<\/li>\n<li>Short deadlines<\/li>\n<li>High quality products<\/li>\n<\/ul>\n<p>Our team follows the line of advertising marketing. This means that we specifically accept orders that include logos and printing. We focus on customized and unique graphic solutions, ensuring that all our products are unique and eye-catching. However, if you don&#8217;t have the final design yet, our experts will be happy to help you create it.<\/p>\n<p><img loading=\"lazy\" decoding=\"async\" width=\"800\" height=\"400\" class=\"size-full wp-image-395 aligncenter\" src=\"http:\/\/centerprint.hu\/wp-content\/uploads\/2024\/01\/kartondoboz-rendeles02.webp\" alt=\"kartondoboz rendel\u00e9s\" \/><\/p>\n<h3><\/h3>\n<h3><strong>What role does the cardboard box play in our everyday life?<\/strong><\/h3>\n<p>With their universal presence, cardboard boxes play a decisive role in our everyday lives. These versatile packaging tools are not only used for the safe transport of goods, but also for storage, display and home use. Thanks to the combination of lightness and strength, they are ideal for packaging products, and their different sizes allow them to adapt to the most diverse product groups.<\/p>\n<p>Thanks to their environmentally friendly properties, they are increasingly coming to the fore as part of recycling and sustainable packaging solutions. Thus, not only through their function, but also through their sustainability, they have become outstanding players in our everyday lives.<\/p>\n<p>What&#8217;s more, we can even use specifically unique pieces tailored to a person &#8211; or our business. In addition to the advantages and functions mentioned above, these can also play a role in the advertising of your own brand, i.e. in the marketing activity itself.<\/p>\n<p>If you are looking for a cardboard box manufacturing company from which you can order large quantities of unique cardboard boxes on the market, feel free to contact us!<\/p>\n<p>&nbsp;<\/p>\n<p style=\"text-align: center;\"><strong>Gallery<\/strong><\/p>\n\t<!-- CSS Part Start From Here-->\n\t<style>\n\t\t#animated-thumbnails-575 a {\n\t\t\ttext-decoration: none !important;\n\t\t\tbox-shadow: 0 0px 0 0 currentcolor !important;\n\t\t}\n\n\n\t\t\/* Grayscale Effect *\/\n\t\t\n\t\t\n\t\t#animated-thumbnails-575 img {\n\t\t\twidth: 100% !important;\n\t\t\theight: auto !important;\n\t\t}\n\n\t\t.lg-icon {\n\t\t\tcolor:\n\t\t\t\tgold\t\t\t\t!important;\n\t\t}\n\n\t\t.pg-title {\n\t\t\tcolor:\n\t\t\t\twhite\t\t\t\t!important;\n\t\t}\n\n\t\t\t<\/style>\n\t\t<div id=\"animated-thumbnails-575\"\n\t\tclass=\"row all-images-575\">\n\t\t\t\t\t\t\t\t\t\t\t<a href=\"https:\/\/centerprint.hu\/wp-content\/uploads\/2024\/07\/img_1256-scaled.webp\"\n\t\t\t\t\t\tclass=\"single-image-575 col-lg-4 col-md-4 col-sm-4 col-xs-12\"\n\t\t\t\t\t\tdata-sub-html=\"nasi csomagol\u00e1s\">\n\t\t\t\t\t\t<img class=\"thumbnail  \"\n\t\t\t\t\t\t\tsrc=\"https:\/\/centerprint.hu\/wp-content\/uploads\/2024\/07\/img_1256-scaled.webp\" alt=\"nasi csomagol\u00e1s\" \/>\n\t\t\t\t\t<\/a>\n\t\t\t\t\n\t\t\t\t\n\t\t\t\t\t\t\t\t\t\t\t\t\t<a href=\"https:\/\/centerprint.hu\/wp-content\/uploads\/2024\/07\/img_1055-scaled.webp\"\n\t\t\t\t\t\tclass=\"single-image-575 col-lg-4 col-md-4 col-sm-4 col-xs-12\"\n\t\t\t\t\t\tdata-sub-html=\"eg\u00e9szs\u00e9g\u00fcgyi csomagol\u00e1s\">\n\t\t\t\t\t\t<img class=\"thumbnail  \"\n\t\t\t\t\t\t\tsrc=\"https:\/\/centerprint.hu\/wp-content\/uploads\/2024\/07\/img_1055-scaled.webp\" alt=\"eg\u00e9szs\u00e9g\u00fcgyi csomagol\u00e1s\" \/>\n\t\t\t\t\t<\/a>\n\t\t\t\t\n\t\t\t\t\n\t\t\t\t\t\t\t\t\t\t\t\t\t<a href=\"https:\/\/centerprint.hu\/wp-content\/uploads\/2024\/01\/papirdobozok-.webp\"\n\t\t\t\t\t\tclass=\"single-image-575 col-lg-4 col-md-4 col-sm-4 col-xs-12\"\n\t\t\t\t\t\tdata-sub-html=\"csokis doboz\">\n\t\t\t\t\t\t<img class=\"thumbnail  \"\n\t\t\t\t\t\t\tsrc=\"https:\/\/centerprint.hu\/wp-content\/uploads\/2024\/01\/papirdobozok-.webp\" alt=\"pap\u00edrdobozok\" \/>\n\t\t\t\t\t<\/a>\n\t\t\t\t\n\t\t\t\t\n\t\t\t\t\t\t\t\t\t\t\t\t\t<a href=\"https:\/\/centerprint.hu\/wp-content\/uploads\/2024\/07\/img_1046-scaled.webp\"\n\t\t\t\t\t\tclass=\"single-image-575 col-lg-4 col-md-4 col-sm-4 col-xs-12\"\n\t\t\t\t\t\tdata-sub-html=\"egyedi d\u00edszdobozok\">\n\t\t\t\t\t\t<img class=\"thumbnail  \"\n\t\t\t\t\t\t\tsrc=\"https:\/\/centerprint.hu\/wp-content\/uploads\/2024\/07\/img_1046-scaled.webp\" alt=\"egyedi d\u00edszdobozok\" \/>\n\t\t\t\t\t<\/a>\n\t\t\t\t\n\t\t\t\t\n\t\t\t\t\t\t\t\t\t\t\t\t\t<a href=\"https:\/\/centerprint.hu\/wp-content\/uploads\/2024\/07\/img_1038-scaled.webp\"\n\t\t\t\t\t\tclass=\"single-image-575 col-lg-4 col-md-4 col-sm-4 col-xs-12\"\n\t\t\t\t\t\tdata-sub-html=\"egyedi d\u00edsz\u00e9ts\u0171 csomagol\u00e1s\">\n\t\t\t\t\t\t<img class=\"thumbnail  \"\n\t\t\t\t\t\t\tsrc=\"https:\/\/centerprint.hu\/wp-content\/uploads\/2024\/07\/img_1038-scaled.webp\" alt=\"egyedi d\u00edsz\u00e9ts\u0171 csomagol\u00e1s\" \/>\n\t\t\t\t\t<\/a>\n\t\t\t\t\n\t\t\t\t\n\t\t\t\t\t\t\t\t\t\t\t\t\t<a href=\"https:\/\/centerprint.hu\/wp-content\/uploads\/2024\/07\/img_1052-scaled.webp\"\n\t\t\t\t\t\tclass=\"single-image-575 col-lg-4 col-md-4 col-sm-4 col-xs-12\"\n\t\t\t\t\t\tdata-sub-html=\"egyedi d\u00edszdoboz\">\n\t\t\t\t\t\t<img class=\"thumbnail  \"\n\t\t\t\t\t\t\tsrc=\"https:\/\/centerprint.hu\/wp-content\/uploads\/2024\/07\/img_1052-scaled.webp\" alt=\"egyedi d\u00edszdoboz\" \/>\n\t\t\t\t\t<\/a>\n\t\t\t\t\n\t\t\t\t\n\t\t\t\t\t<\/div>\n\t<script>\n\t\/\/thumbnail or fixed Size thumbnail\n\tjQuery(window).on('load', function () {\n\t\tjQuery('#animated-thumbnails-575').lightGallery({\n\t\t\tthumbnail: true,\n\t\t\tanimateThumb: true,\n\t\t\t\/\/show and hide thumb setting\n\t\t\tshowThumbByDefault: true,\n\t\t\tsubHtmlSelectorRelative: true,\n\t\t\t\t\t\t\t\t\t\t\t\tmode: 'lg-fade',\n\t\t\t\t\t});\n\n\t\t\t});\t\n<\/script>\n<style>\n\t.lg-backdrop.in {\n\t\topacity: 0.85;\n\t}\n\n\t.fixed-size.lg-outer .lg-inner {\n\t\tbackground-color: #FFF;\n\t}\n\n\t.fixed-size.lg-outer .lg-sub-html {\n\t\tposition: absolute;\n\t\ttext-align: left;\n\t}\n\n\t.fixed-size.lg-outer .lg-toolbar {\n\t\tbackground-color: transparent;\n\t\theight: 0;\n\t}\n\n\t.fixed-size.lg-outer .lg-toolbar .lg-icon {\n\t\tcolor: #FFF;\n\t}\n\n\t.fixed-size.lg-outer .lg-img-wrap {\n\t\tpadding: 12px;\n\t}\n<\/style>\n<script>\n\tjQuery(document).ready(function () {\n\t\t\/\/ isotope effect function\n\t\t\/\/ Method 1 - Initialize Isotope, then trigger layout after each image loads.\n\t\tvar $grid = jQuery('.all-images-575').isotope({\n\t\t\t\/\/ options...\n\t\t\titemSelector: '.single-image-575',\n\t\t});\n\t\t\/\/ layout Isotope after each image loads\n\t\t$grid.imagesLoaded().progress(function () {\n\t\t\t$grid.isotope('layout');\n\t\t});\n\t});\n<\/script>\n","protected":false},"excerpt":{"rendered":"<p>Cardboard box order with individual printing Cardboard box order with custom printing &#8211; we guarantee that you will find everything you need here, from creative packaging to customized products. Cardboard box order Center-Print undertakes orders for individually printed cardboard boxes in large batches throughout the country and even abroad. Individually designed and mass-produced cardboard boxes [&hellip;]<\/p>\n","protected":false},"author":4,"featured_media":0,"parent":71,"menu_order":3,"comment_status":"closed","ping_status":"closed","template":"","meta":{"_acf_changed":false,"footnotes":""},"class_list":["post-387","page","type-page","status-publish","hentry"],"acf":[],"_links":{"self":[{"href":"https:\/\/centerprint.hu\/en\/wp-json\/wp\/v2\/pages\/387","targetHints":{"allow":["GET"]}}],"collection":[{"href":"https:\/\/centerprint.hu\/en\/wp-json\/wp\/v2\/pages"}],"about":[{"href":"https:\/\/centerprint.hu\/en\/wp-json\/wp\/v2\/types\/page"}],"author":[{"embeddable":true,"href":"https:\/\/centerprint.hu\/en\/wp-json\/wp\/v2\/users\/4"}],"replies":[{"embeddable":true,"href":"https:\/\/centerprint.hu\/en\/wp-json\/wp\/v2\/comments?post=387"}],"version-history":[{"count":2,"href":"https:\/\/centerprint.hu\/en\/wp-json\/wp\/v2\/pages\/387\/revisions"}],"predecessor-version":[{"id":574,"href":"https:\/\/centerprint.hu\/en\/wp-json\/wp\/v2\/pages\/387\/revisions\/574"}],"up":[{"embeddable":true,"href":"https:\/\/centerprint.hu\/en\/wp-json\/wp\/v2\/pages\/71"}],"wp:attachment":[{"href":"https:\/\/centerprint.hu\/en\/wp-json\/wp\/v2\/media?parent=387"}],"curies":[{"name":"wp","href":"https:\/\/api.w.org\/{rel}","templated":true}]}}