{"id":368,"date":"2023-04-06T11:55:50","date_gmt":"2023-04-06T11:55:50","guid":{"rendered":"http:\/\/centerprint.hu\/?page_id=368"},"modified":"2024-12-04T07:00:05","modified_gmt":"2024-12-04T07:00:05","slug":"digitalis-nyomtatas","status":"publish","type":"page","link":"https:\/\/centerprint.hu\/en\/szolgaltatasok\/digitalis-nyomtatas\/","title":{"rendered":"Digital printing"},"content":{"rendered":"<p><span style=\"font-weight: 400;\">Center-Print digital printing department &#8211; order printed products and use our graphic design service!<\/span><\/p>\n<h2><strong>Center-Print, the innovative, 21st century printing company!<\/strong><\/h2>\n<p><span style=\"font-weight: 400;\">Digitization is now a basic concept. The world of printing is also changing. It is not surprising that digital printing also appeared in the new millennium. Everyone benefits from the use of innovative, sustainable printing technologies, and completely new perspectives regarding the possibilities of companies are opened up.<\/span><\/p>\n<p><span style=\"font-weight: 400;\">Our 21st century, innovative digital printing department uses the most modern technologies.<br \/>\n<\/span><\/p>\n<ul>\n<li style=\"font-weight: 400;\" aria-level=\"1\">We produce <strong>high-quality and high-resolution<\/strong> digital prints on almost any surface and material.<\/li>\n<li style=\"font-weight: 400;\" aria-level=\"1\">We work with <strong>automated processes<\/strong>, which even more enable quick transitions between different jobs, minimizing the time and costs involved.<\/li>\n<\/ul>\n<p><span style=\"font-weight: 400;\">We don&#8217;t just produce and manufacture, we also provide a service, helping our partners in designing and creating of their final product.<\/span><\/p>\n<h3>Our offer is unique in the market<\/h3>\n<p><span style=\"font-weight: 400;\">Center-Print&#8217;s digital printing department offers excellent quality, fast delivery and flexibility.<\/span><\/p>\n<ul>\n<li style=\"font-weight: 400;\" aria-level=\"1\">As a novelty, we offer <strong>3D UV varnish technology<\/strong>, which gives your products a truly special appearance.<\/li>\n<li style=\"font-weight: 400;\" aria-level=\"1\">With our <strong>modern machinery and complex binding solutions<\/strong>, we meet the most diverse printing needs, let it be books, posters, marketing publications or business cards.<\/li>\n<li style=\"font-weight: 400;\" aria-level=\"1\">We expanded our portfolio with <strong>white and gold colors<\/strong> in order to provide even more spectacular solutions.<\/li>\n<li style=\"font-weight: 400;\" aria-level=\"1\">We undertake the production of a wide variety of products with a short lead time.<\/li>\n<\/ul>\n<p><span style=\"font-weight: 400;\">Request an offer, our staff will help you choose the most optimal technology so that you can get a guaranteed high-quality product.<\/span><\/p>\n<div id=\"attachment_377\" style=\"width: 560px\"  class=\"wp-caption aligncenter\"><img loading=\"lazy\" decoding=\"async\" width=\"1000\" height=\"678\" class=\"wp-image-377\" src=\"http:\/\/centerprint.hu\/wp-content\/uploads\/2023\/04\/dsc_0572.jpg\" alt=\"digit\u00e1lis nyomda\" \/><p class=\"wp-caption-text\">Exclusive packaging with 3D UV varnish (Photo: Ol\u00e1h Tibor)<\/p><\/div>\n<h3><strong>Advantages of digital printing<\/strong><\/h3>\n<p>Digital printing offers a cost-effective solution for small and medium-sized orders. Whether you need black-and-white or color, one- or two-sided printing, we guarantee excellent quality with our modern machinery and complex binding solutions.<\/p>\n<p><span style=\"font-weight: 400;\">It is also possible to print name-specific, personalized products and variable data content. You can easily send the materials to be printed online in parallel with the order by e-mail or by other method, e.g. via FTP or a file sharing service. Unsure about file formats? Contact us with confidence!<\/span><\/p>\n<p><span style=\"font-weight: 400;\">If you need graphic design, our qualified graphic designers will implement your ideas, whether it is image design or logo creation. But special surface treatment options, such as 3D UV varnish and metal foil, are also available.<\/span><\/p>\n<h3><strong>The rise of digital printing in the new millennium<\/strong><\/h3>\n<p><span style=\"font-weight: 400;\">In recent decades, customization, short deadlines and cost-effectiveness have become more and more important. Digital printing presses offer this flexibility: whether it is necessary to produce branded products or forms with variable data content, modern digital machines can adapt quickly and efficiently. The use of special surface treatment techniques, such as 3D UV varnish or metal foil, is also increasingly common, giving businesses the opportunity to stand out from the competition with their uniqueness and premium appearance.<\/span><\/p>\n<p><span style=\"font-weight: 400;\">Th<\/span>e development of digital printing is not only due to technological innovations, but also to sustainability efforts. Digital printing presses produce less waste, as there is no need for printing plates and the use of materials is minimal.<br \/>\nThis also reduces the environmental load, which is increasingly important for businesses, companies and individuals on a global level.<\/p>\n<p><span style=\"font-weight: 400;\">Center-Print is committed to environmental awareness. We actively contribute to the achievement of global sustainability goals and strive to ensure that our printing services operate with minimal negative environmental impact.<\/span><\/p>\n<p><span style=\"font-weight: 400;\">Overall, the rise of digital printing in the new millennium is due to the advantages of speed, flexibility, cost-effectiveness and sustainability.<\/span><\/p>\n<h3 style=\"text-align: center;\"><strong>Gallery<\/strong><\/h3>\n\t<!-- CSS Part Start From Here-->\n\t<style>\n\t\t#animated-thumbnails-511 a {\n\t\t\ttext-decoration: none !important;\n\t\t\tbox-shadow: 0 0px 0 0 currentcolor !important;\n\t\t}\n\n\n\t\t\/* Grayscale Effect *\/\n\t\t\n\t\t\n\t\t#animated-thumbnails-511 img {\n\t\t\twidth: 100% !important;\n\t\t\theight: auto !important;\n\t\t}\n\n\t\t.lg-icon {\n\t\t\tcolor:\n\t\t\t\tgold\t\t\t\t!important;\n\t\t}\n\n\t\t.pg-title {\n\t\t\tcolor:\n\t\t\t\twhite\t\t\t\t!important;\n\t\t}\n\n\t\t\t<\/style>\n\t\t<div id=\"animated-thumbnails-511\"\n\t\tclass=\"row all-images-511\">\n\t\t\t\t\t\t\t\t\t\t\t<a href=\"https:\/\/centerprint.hu\/wp-content\/uploads\/2024\/07\/img_1037-scaled.webp\"\n\t\t\t\t\t\tclass=\"single-image-511 col-lg-4 col-md-4 col-sm-4 col-xs-12\"\n\t\t\t\t\t\tdata-sub-html=\"katal\u00f3gus\">\n\t\t\t\t\t\t<img class=\"thumbnail  \"\n\t\t\t\t\t\t\tsrc=\"https:\/\/centerprint.hu\/wp-content\/uploads\/2024\/07\/img_1037-scaled.webp\" alt=\"katal\u00f3gus\" \/>\n\t\t\t\t\t<\/a>\n\t\t\t\t\n\t\t\t\t\n\t\t\t\t\t\t\t\t\t\t\t\t\t<a href=\"https:\/\/centerprint.hu\/wp-content\/uploads\/2024\/07\/img_1035-scaled.webp\"\n\t\t\t\t\t\tclass=\"single-image-511 col-lg-4 col-md-4 col-sm-4 col-xs-12\"\n\t\t\t\t\t\tdata-sub-html=\"katal\u00f3gus\">\n\t\t\t\t\t\t<img class=\"thumbnail  \"\n\t\t\t\t\t\t\tsrc=\"https:\/\/centerprint.hu\/wp-content\/uploads\/2024\/07\/img_1035-scaled.webp\" alt=\"katal\u00f3gus\" \/>\n\t\t\t\t\t<\/a>\n\t\t\t\t\n\t\t\t\t\n\t\t\t\t\t\t\t\t\t\t\t\t\t<a href=\"https:\/\/centerprint.hu\/wp-content\/uploads\/2024\/07\/img_1058-scaled.webp\"\n\t\t\t\t\t\tclass=\"single-image-511 col-lg-4 col-md-4 col-sm-4 col-xs-12\"\n\t\t\t\t\t\tdata-sub-html=\"m\u0171sorf\u00fczet\">\n\t\t\t\t\t\t<img class=\"thumbnail  \"\n\t\t\t\t\t\t\tsrc=\"https:\/\/centerprint.hu\/wp-content\/uploads\/2024\/07\/img_1058-scaled.webp\" alt=\"m\u0171sorf\u00fczet\" \/>\n\t\t\t\t\t<\/a>\n\t\t\t\t\n\t\t\t\t\n\t\t\t\t\t\t\t\t\t\t\t\t\t<a href=\"https:\/\/centerprint.hu\/wp-content\/uploads\/2024\/07\/img_1062-scaled.webp\"\n\t\t\t\t\t\tclass=\"single-image-511 col-lg-4 col-md-4 col-sm-4 col-xs-12\"\n\t\t\t\t\t\tdata-sub-html=\"m\u0171sorf\u00fczet\">\n\t\t\t\t\t\t<img class=\"thumbnail  \"\n\t\t\t\t\t\t\tsrc=\"https:\/\/centerprint.hu\/wp-content\/uploads\/2024\/07\/img_1062-scaled.webp\" alt=\"m\u0171sorf\u00fczet\" \/>\n\t\t\t\t\t<\/a>\n\t\t\t\t\n\t\t\t\t\n\t\t\t\t\t\t\t\t\t\t\t\t\t<a href=\"https:\/\/centerprint.hu\/wp-content\/uploads\/2024\/07\/img_1163crop-scaled-e1721976386292.webp\"\n\t\t\t\t\t\tclass=\"single-image-511 col-lg-4 col-md-4 col-sm-4 col-xs-12\"\n\t\t\t\t\t\tdata-sub-html=\"3D uv lakk \u2013 fel\u00fcletnemes\u00edt\u00e9s\">\n\t\t\t\t\t\t<img class=\"thumbnail  \"\n\t\t\t\t\t\t\tsrc=\"https:\/\/centerprint.hu\/wp-content\/uploads\/2024\/07\/img_1163crop-scaled-e1721976386292.webp\" alt=\"3D uv lakk \u2013 fel\u00fcletnemes\u00edt\u00e9s\" \/>\n\t\t\t\t\t<\/a>\n\t\t\t\t\n\t\t\t\t\n\t\t\t\t\t\t\t\t\t\t\t\t\t<a href=\"https:\/\/centerprint.hu\/wp-content\/uploads\/2024\/07\/img_1154-scaled.webp\"\n\t\t\t\t\t\tclass=\"single-image-511 col-lg-4 col-md-4 col-sm-4 col-xs-12\"\n\t\t\t\t\t\tdata-sub-html=\"megh\u00edv\u00f3 \u2013 fel\u00fcletnemes\u00edt\u00e9s\">\n\t\t\t\t\t\t<img class=\"thumbnail  \"\n\t\t\t\t\t\t\tsrc=\"https:\/\/centerprint.hu\/wp-content\/uploads\/2024\/07\/img_1154-scaled.webp\" alt=\"megh\u00edv\u00f3 \u2013 fel\u00fcletnemes\u00edt\u00e9s\" \/>\n\t\t\t\t\t<\/a>\n\t\t\t\t\n\t\t\t\t\n\t\t\t\t\t\t\t\t\t\t\t\t\t<a href=\"https:\/\/centerprint.hu\/wp-content\/uploads\/2024\/07\/img_1162-scaled.webp\"\n\t\t\t\t\t\tclass=\"single-image-511 col-lg-4 col-md-4 col-sm-4 col-xs-12\"\n\t\t\t\t\t\tdata-sub-html=\"n\u00e9vjegyk\u00e1rtya \u2013 fel\u00fcletnemes\u00edtett\">\n\t\t\t\t\t\t<img class=\"thumbnail  \"\n\t\t\t\t\t\t\tsrc=\"https:\/\/centerprint.hu\/wp-content\/uploads\/2024\/07\/img_1162-scaled.webp\" alt=\"n\u00e9vjegyk\u00e1rtya \u2013 fel\u00fcletnemes\u00edtett\" \/>\n\t\t\t\t\t<\/a>\n\t\t\t\t\n\t\t\t\t\n\t\t\t\t\t\t\t\t\t\t\t\t\t<a href=\"https:\/\/centerprint.hu\/wp-content\/uploads\/2024\/07\/img_1160-scaled.webp\"\n\t\t\t\t\t\tclass=\"single-image-511 col-lg-4 col-md-4 col-sm-4 col-xs-12\"\n\t\t\t\t\t\tdata-sub-html=\"n\u00e9vjegyk\u00e1rtya \u2013 b\u00e1rson f\u00f3lia + 3D uv lakk\">\n\t\t\t\t\t\t<img class=\"thumbnail  \"\n\t\t\t\t\t\t\tsrc=\"https:\/\/centerprint.hu\/wp-content\/uploads\/2024\/07\/img_1160-scaled.webp\" alt=\"n\u00e9vjegyk\u00e1rtya \u2013 b\u00e1rson f\u00f3lia + 3D uv lakk\" \/>\n\t\t\t\t\t<\/a>\n\t\t\t\t\n\t\t\t\t\n\t\t\t\t\t<\/div>\n\t<script>\n\t\/\/thumbnail or fixed Size thumbnail\n\tjQuery(window).on('load', function () {\n\t\tjQuery('#animated-thumbnails-511').lightGallery({\n\t\t\tthumbnail: true,\n\t\t\tanimateThumb: true,\n\t\t\t\/\/show and hide thumb setting\n\t\t\tshowThumbByDefault: true,\n\t\t\tsubHtmlSelectorRelative: true,\n\t\t\t\t\t\t\t\t\t\t\t\tmode: 'lg-fade',\n\t\t\t\t\t});\n\n\t\t\t});\t\n<\/script>\n<style>\n\t.lg-backdrop.in {\n\t\topacity: 0.85;\n\t}\n\n\t.fixed-size.lg-outer .lg-inner {\n\t\tbackground-color: #FFF;\n\t}\n\n\t.fixed-size.lg-outer .lg-sub-html {\n\t\tposition: absolute;\n\t\ttext-align: left;\n\t}\n\n\t.fixed-size.lg-outer .lg-toolbar {\n\t\tbackground-color: transparent;\n\t\theight: 0;\n\t}\n\n\t.fixed-size.lg-outer .lg-toolbar .lg-icon {\n\t\tcolor: #FFF;\n\t}\n\n\t.fixed-size.lg-outer .lg-img-wrap {\n\t\tpadding: 12px;\n\t}\n<\/style>\n<script>\n\tjQuery(document).ready(function () {\n\t\t\/\/ isotope effect function\n\t\t\/\/ Method 1 - Initialize Isotope, then trigger layout after each image loads.\n\t\tvar $grid = jQuery('.all-images-511').isotope({\n\t\t\t\/\/ options...\n\t\t\titemSelector: '.single-image-511',\n\t\t});\n\t\t\/\/ layout Isotope after each image loads\n\t\t$grid.imagesLoaded().progress(function () {\n\t\t\t$grid.isotope('layout');\n\t\t});\n\t});\n<\/script>\n","protected":false},"excerpt":{"rendered":"<p>Center-Print digital printing department &#8211; order printed products and use our graphic design service! Center-Print, the innovative, 21st century printing company! Digitization is now a basic concept. The world of printing is also changing. It is not surprising that digital printing also appeared in the new millennium. Everyone benefits from the use of innovative, sustainable [&hellip;]<\/p>\n","protected":false},"author":3,"featured_media":0,"parent":57,"menu_order":1,"comment_status":"closed","ping_status":"closed","template":"","meta":{"_acf_changed":false,"footnotes":""},"class_list":["post-368","page","type-page","status-publish","hentry"],"acf":[],"_links":{"self":[{"href":"https:\/\/centerprint.hu\/en\/wp-json\/wp\/v2\/pages\/368","targetHints":{"allow":["GET"]}}],"collection":[{"href":"https:\/\/centerprint.hu\/en\/wp-json\/wp\/v2\/pages"}],"about":[{"href":"https:\/\/centerprint.hu\/en\/wp-json\/wp\/v2\/types\/page"}],"author":[{"embeddable":true,"href":"https:\/\/centerprint.hu\/en\/wp-json\/wp\/v2\/users\/3"}],"replies":[{"embeddable":true,"href":"https:\/\/centerprint.hu\/en\/wp-json\/wp\/v2\/comments?post=368"}],"version-history":[{"count":2,"href":"https:\/\/centerprint.hu\/en\/wp-json\/wp\/v2\/pages\/368\/revisions"}],"predecessor-version":[{"id":379,"href":"https:\/\/centerprint.hu\/en\/wp-json\/wp\/v2\/pages\/368\/revisions\/379"}],"up":[{"embeddable":true,"href":"https:\/\/centerprint.hu\/en\/wp-json\/wp\/v2\/pages\/57"}],"wp:attachment":[{"href":"https:\/\/centerprint.hu\/en\/wp-json\/wp\/v2\/media?parent=368"}],"curies":[{"name":"wp","href":"https:\/\/api.w.org\/{rel}","templated":true}]}}