{"id":164,"date":"2018-04-10T19:42:30","date_gmt":"2018-04-10T19:42:30","guid":{"rendered":"http:\/\/centerprint.hu\/?page_id=164"},"modified":"2026-02-18T15:04:41","modified_gmt":"2026-02-18T15:04:41","slug":"ajanlatkeres","status":"publish","type":"page","link":"https:\/\/centerprint.hu\/en\/ajanlatkeres\/","title":{"rendered":"Offer request"},"content":{"rendered":"<p>Keress fel minket az ajanlatkeres@centerprint.hu e-mail c\u00edmen vagy az 52\/340-041 telefonsz\u00e1mon, ha egyedi \u00e1raj\u00e1nlatot szeretn\u00e9l kapni t\u0151l\u00fcnk. Amennyiben tiszt\u00e1ban vagy rendel\u00e9sed pontos adataival, t\u00f6ltsd ki az al\u00e1bbi \u0171rlapot \u00e9s k\u00fcldd el r\u00e9sz\u00fcnkre. K\u00f6sz\u00f6nj\u00fck!<\/p>\n","protected":false},"excerpt":{"rendered":"<p>Keress fel minket az ajanlatkeres@centerprint.hu e-mail c\u00edmen vagy az 52\/340-041 telefonsz\u00e1mon, ha egyedi \u00e1raj\u00e1nlatot szeretn\u00e9l kapni t\u0151l\u00fcnk. Amennyiben tiszt\u00e1ban vagy rendel\u00e9sed pontos adataival, t\u00f6ltsd ki az al\u00e1bbi \u0171rlapot \u00e9s k\u00fcldd el r\u00e9sz\u00fcnkre. K\u00f6sz\u00f6nj\u00fck!<\/p>\n","protected":false},"author":1,"featured_media":0,"parent":0,"menu_order":100,"comment_status":"closed","ping_status":"closed","template":"templates\/make-offer.php","meta":{"_acf_changed":false,"footnotes":""},"class_list":["post-164","page","type-page","status-publish","hentry"],"acf":[],"_links":{"self":[{"href":"https:\/\/centerprint.hu\/en\/wp-json\/wp\/v2\/pages\/164","targetHints":{"allow":["GET"]}}],"collection":[{"href":"https:\/\/centerprint.hu\/en\/wp-json\/wp\/v2\/pages"}],"about":[{"href":"https:\/\/centerprint.hu\/en\/wp-json\/wp\/v2\/types\/page"}],"author":[{"embeddable":true,"href":"https:\/\/centerprint.hu\/en\/wp-json\/wp\/v2\/users\/1"}],"replies":[{"embeddable":true,"href":"https:\/\/centerprint.hu\/en\/wp-json\/wp\/v2\/comments?post=164"}],"version-history":[{"count":3,"href":"https:\/\/centerprint.hu\/en\/wp-json\/wp\/v2\/pages\/164\/revisions"}],"predecessor-version":[{"id":1048,"href":"https:\/\/centerprint.hu\/en\/wp-json\/wp\/v2\/pages\/164\/revisions\/1048"}],"wp:attachment":[{"href":"https:\/\/centerprint.hu\/en\/wp-json\/wp\/v2\/media?parent=164"}],"curies":[{"name":"wp","href":"https:\/\/api.w.org\/{rel}","templated":true}]}}